{"id":1677,"date":"2014-01-18T15:35:53","date_gmt":"2014-01-18T13:35:53","guid":{"rendered":"https:\/\/bio4you.eu\/retseptid\/?page_id=1677"},"modified":"2025-03-18T19:20:43","modified_gmt":"2025-03-18T17:20:43","slug":"meist","status":"publish","type":"page","link":"https:\/\/bio4you.eu\/retseptid\/meist\/","title":{"rendered":"Meist"},"content":{"rendered":"<p>Bioretsept.eu on retseptilehek\u00fclg k\u00f5ikidele, kes armastavad tervislikke eluviise.<\/p>\n<p><strong>Bioretsept.eu pakub retsepte:<br \/>\n<\/strong><\/p>\n<ul>\n<li>k\u00f6\u00f6gis katsetamiseks<\/li>\n<li>tervise turgutamiseks<\/li>\n<li>kodusteks iluhooldusteks<\/li>\n<li>kodu ja aia korrashoiuks<\/li>\n<\/ul>\n<p>K\u00f5iki ained, mida retseptides on kasutatud, on v\u00f5imalik leida meie e-poest:<strong>\u00a0<span style=\"color: #99cc00;\"><a style=\"line-height: 1.5;\" title=\"Bio4you netipood\" href=\"http:\/\/www.bio4you.eu\/et\/\"><span style=\"color: #99cc00;\">www.bio4you.eu<br \/>\n<\/span><\/a><\/span><\/strong><br \/>\n<strong>Lisaks e-poele leiate meie kaupu Bio4you esinduskauplustes \u00fcle Eesti:<\/strong><\/p>\n<p><strong> J\u00c4RVE KESKUS<\/strong> (II korrus) \/ \u00a0tel: (+372) 6 778 211 \u00a0\/ e-mail: info@bio4you.eu<br \/>\n<span style=\"line-height: 1.5;\">Avatud E-L 10-21, P 10-19<\/span><\/p>\n<p><strong>KVARTALI KESKUSES<\/strong> \u00a0\/ tel: (+372) 680 7787 \/ e-mail: tartu@bio4you.eu<br \/>\nAvatud E-L 10-21, P 10-19<\/p>\n<p><strong>P\u00c4RNU KAUBAMAJAKAS<\/strong> \/ tel: (+372) 442 9390 \u00a0\/ e-mail: kaubamajakas@bio4you.eu<br \/>\nAvatud E-L 10-20, P 10-18<\/p>\n<p><strong>RAKVERE P\u00d5HJAKESKUS \/<\/strong> tel: (+372) 325 1833 \/ e-mail: rakvere@bio4you.eu<br \/>\nAvatud E-L 10-20, P 10-19<\/p>\n<p>Bio4you kauplused, bioretsept.eu ja bioblogi.eu on eesti kapitalil p\u00f5hineva firma Albero Verde O\u00dc kaubam\u00e4rgid.<br \/>\nAlbero Verde O\u00dc ( it.keeles &#8220;Roheline Puu&#8221;) on \u00f6kokaupade maaletooja ja turustaja.<\/p>\n<p><strong>MEIE MISSIOON ja TEGEVUSED:<\/strong><\/p>\n<ul>\n<li>\u00f6kokaupade turu rikastamine huvitavate kaupadega<\/li>\n<li>suurep\u00e4rase ja laia valiku pakkumine igast kaubagrupist<\/li>\n<li>inimeste teadlikkuse t\u00f5stmine tervislikest eluviisidest<\/li>\n<li>p\u00f5hjalikud uuringud toodete koostisosadest ja kasutamisest<\/li>\n<li>tervislike \u00f6koretseptide katsetamine, leidmine ja jagamine<\/li>\n<li>pidev arenemine ja juurde\u00f5ppimine koos meie klientidega<\/li>\n<\/ul>\n<p><em>&#8220;Looduslik on hea, orgaaniline veelgi parem!&#8221;<\/em><br \/>\nSinu Bio4you!<\/p>\n","protected":false},"excerpt":{"rendered":"<p>Bioretsept.eu on retseptilehek\u00fclg k\u00f5ikidele, kes armastavad tervislikke eluviise. Bioretsept.eu pakub retsepte: k\u00f6\u00f6gis katsetamiseks tervise turgutamiseks kodusteks iluhooldusteks kodu ja aia korrashoiuks K\u00f5iki ained, mida retseptides on kasutatud, on v\u00f5imalik leida meie e-poest:\u00a0www.bio4you.eu Lisaks e-poele leiate meie kaupu Bio4you esinduskauplustes \u00fcle Eesti: J\u00c4RVE KESKUS (II korrus) \/ \u00a0tel: (+372) 6 778 211 \u00a0\/ e-mail: info@bio4you.eu Avatud E-L 10-21, P 10-19 KVARTALI KESKUSES \u00a0\/ tel: (+372) 680 7787 \/ e-mail: tartu@bio4you.eu Avatud E-L 10-21, P 10-19 P\u00c4RNU KAUBAMAJAKAS \/ tel: (+372) 442 9390 \u00a0\/ e-mail: kaubamajakas@bio4you.eu Avatud E-L 10-20, P 10-18 RAKVERE P\u00d5HJAKESKUS \/ tel: (+372) 325 1833 \/ e-mail: rakvere@bio4you.eu Avatud E-L 10-20, P 10-19 Bio4you kauplused, bioretsept.eu ja bioblogi.eu on eesti kapitalil p\u00f5hineva firma Albero Verde O\u00dc kaubam\u00e4rgid. Albero Verde O\u00dc ( it.keeles &#8220;Roheline Puu&#8221;) on \u00f6kokaupade maaletooja ja turustaja. MEIE MISSIOON ja TEGEVUSED: \u00f6kokaupade turu rikastamine huvitavate kaupadega suurep\u00e4rase ja laia valiku pakkumine igast kaubagrupist inimeste teadlikkuse t\u00f5stmine tervislikest eluviisidest p\u00f5hjalikud uuringud toodete koostisosadest ja kasutamisest tervislike \u00f6koretseptide katsetamine, leidmine ja jagamine pidev arenemine ja juurde\u00f5ppimine koos meie klientidega &#8220;Looduslik on hea, orgaaniline veelgi parem!&#8221; Sinu Bio4you!<\/p>\n","protected":false},"author":1,"featured_media":0,"parent":0,"menu_order":0,"comment_status":"open","ping_status":"open","template":"","meta":{"_exactmetrics_skip_tracking":false,"_exactmetrics_sitenote_active":false,"_exactmetrics_sitenote_note":"","_exactmetrics_sitenote_category":0,"footnotes":""},"class_list":["post-1677","page","type-page","status-publish","hentry"],"yoast_head":"<!-- This site is optimized with the Yoast SEO plugin v23.3 - https:\/\/yoast.com\/wordpress\/plugins\/seo\/ -->\n<title>Meist - bio4you.eu\/retseptid<\/title>\n<meta name=\"robots\" content=\"index, follow, max-snippet:-1, max-image-preview:large, max-video-preview:-1\" \/>\n<link rel=\"canonical\" href=\"https:\/\/bio4you.eu\/retseptid\/meist\/\" \/>\n<meta property=\"og:locale\" content=\"et_EE\" \/>\n<meta property=\"og:type\" content=\"article\" \/>\n<meta property=\"og:title\" content=\"Meist - bio4you.eu\/retseptid\" \/>\n<meta property=\"og:description\" content=\"Bioretsept.eu on retseptilehek\u00fclg k\u00f5ikidele, kes armastavad tervislikke eluviise. Bioretsept.eu pakub retsepte: k\u00f6\u00f6gis katsetamiseks tervise turgutamiseks kodusteks iluhooldusteks kodu ja aia korrashoiuks K\u00f5iki ained, mida retseptides on kasutatud, on v\u00f5imalik leida meie e-poest:\u00a0www.bio4you.eu Lisaks e-poele leiate meie kaupu Bio4you esinduskauplustes \u00fcle Eesti: J\u00c4RVE KESKUS (II korrus) \/ \u00a0tel: (+372) 6 778 211 \u00a0\/ e-mail: info@bio4you.eu Avatud E-L 10-21, P 10-19 KVARTALI KESKUSES \u00a0\/ tel: (+372) 680 7787 \/ e-mail: tartu@bio4you.eu Avatud E-L 10-21, P 10-19 P\u00c4RNU KAUBAMAJAKAS \/ tel: (+372) 442 9390 \u00a0\/ e-mail: kaubamajakas@bio4you.eu Avatud E-L 10-20, P 10-18 RAKVERE P\u00d5HJAKESKUS \/ tel: (+372) 325 1833 \/ e-mail: rakvere@bio4you.eu Avatud E-L 10-20, P 10-19 Bio4you kauplused, bioretsept.eu ja bioblogi.eu on eesti kapitalil p\u00f5hineva firma Albero Verde O\u00dc kaubam\u00e4rgid. Albero Verde O\u00dc ( it.keeles &#8220;Roheline Puu&#8221;) on \u00f6kokaupade maaletooja ja turustaja. MEIE MISSIOON ja TEGEVUSED: \u00f6kokaupade turu rikastamine huvitavate kaupadega suurep\u00e4rase ja laia valiku pakkumine igast kaubagrupist inimeste teadlikkuse t\u00f5stmine tervislikest eluviisidest p\u00f5hjalikud uuringud toodete koostisosadest ja kasutamisest tervislike \u00f6koretseptide katsetamine, leidmine ja jagamine pidev arenemine ja juurde\u00f5ppimine koos meie klientidega &#8220;Looduslik on hea, orgaaniline veelgi parem!&#8221; Sinu Bio4you!\" \/>\n<meta property=\"og:url\" content=\"https:\/\/bio4you.eu\/retseptid\/meist\/\" \/>\n<meta property=\"og:site_name\" content=\"bio4you.eu\/retseptid\" \/>\n<meta property=\"article:modified_time\" content=\"2025-03-18T17:20:43+00:00\" \/>\n<meta name=\"twitter:label1\" content=\"Est. reading time\" \/>\n\t<meta name=\"twitter:data1\" content=\"1 minut\" \/>\n<script type=\"application\/ld+json\" class=\"yoast-schema-graph\">{\"@context\":\"https:\/\/schema.org\",\"@graph\":[{\"@type\":\"WebPage\",\"@id\":\"https:\/\/bio4you.eu\/retseptid\/meist\/\",\"url\":\"https:\/\/bio4you.eu\/retseptid\/meist\/\",\"name\":\"Meist - bio4you.eu\/retseptid\",\"isPartOf\":{\"@id\":\"https:\/\/bio4you.eu\/retseptid\/#website\"},\"datePublished\":\"2014-01-18T13:35:53+00:00\",\"dateModified\":\"2025-03-18T17:20:43+00:00\",\"breadcrumb\":{\"@id\":\"https:\/\/bio4you.eu\/retseptid\/meist\/#breadcrumb\"},\"inLanguage\":\"et\",\"potentialAction\":[{\"@type\":\"ReadAction\",\"target\":[\"https:\/\/bio4you.eu\/retseptid\/meist\/\"]}]},{\"@type\":\"BreadcrumbList\",\"@id\":\"https:\/\/bio4you.eu\/retseptid\/meist\/#breadcrumb\",\"itemListElement\":[{\"@type\":\"ListItem\",\"position\":1,\"name\":\"Home\",\"item\":\"https:\/\/bio4you.eu\/retseptid\/\"},{\"@type\":\"ListItem\",\"position\":2,\"name\":\"Meist\"}]},{\"@type\":\"WebSite\",\"@id\":\"https:\/\/bio4you.eu\/retseptid\/#website\",\"url\":\"https:\/\/bio4you.eu\/retseptid\/\",\"name\":\"bio4you.eu\/retseptid\",\"description\":\"\u00d6ko retseptid ise tegemiseks, looduslikest koostisainetest. Maitsev toit, iluhooldus, kodupuhastus ja aiandus.\",\"potentialAction\":[{\"@type\":\"SearchAction\",\"target\":{\"@type\":\"EntryPoint\",\"urlTemplate\":\"https:\/\/bio4you.eu\/retseptid\/?s={search_term_string}\"},\"query-input\":\"required name=search_term_string\"}],\"inLanguage\":\"et\"}]}<\/script>\n<!-- \/ Yoast SEO plugin. -->","yoast_head_json":{"title":"Meist - bio4you.eu\/retseptid","robots":{"index":"index","follow":"follow","max-snippet":"max-snippet:-1","max-image-preview":"max-image-preview:large","max-video-preview":"max-video-preview:-1"},"canonical":"https:\/\/bio4you.eu\/retseptid\/meist\/","og_locale":"et_EE","og_type":"article","og_title":"Meist - bio4you.eu\/retseptid","og_description":"Bioretsept.eu on retseptilehek\u00fclg k\u00f5ikidele, kes armastavad tervislikke eluviise. Bioretsept.eu pakub retsepte: k\u00f6\u00f6gis katsetamiseks tervise turgutamiseks kodusteks iluhooldusteks kodu ja aia korrashoiuks K\u00f5iki ained, mida retseptides on kasutatud, on v\u00f5imalik leida meie e-poest:\u00a0www.bio4you.eu Lisaks e-poele leiate meie kaupu Bio4you esinduskauplustes \u00fcle Eesti: J\u00c4RVE KESKUS (II korrus) \/ \u00a0tel: (+372) 6 778 211 \u00a0\/ e-mail: info@bio4you.eu Avatud E-L 10-21, P 10-19 KVARTALI KESKUSES \u00a0\/ tel: (+372) 680 7787 \/ e-mail: tartu@bio4you.eu Avatud E-L 10-21, P 10-19 P\u00c4RNU KAUBAMAJAKAS \/ tel: (+372) 442 9390 \u00a0\/ e-mail: kaubamajakas@bio4you.eu Avatud E-L 10-20, P 10-18 RAKVERE P\u00d5HJAKESKUS \/ tel: (+372) 325 1833 \/ e-mail: rakvere@bio4you.eu Avatud E-L 10-20, P 10-19 Bio4you kauplused, bioretsept.eu ja bioblogi.eu on eesti kapitalil p\u00f5hineva firma Albero Verde O\u00dc kaubam\u00e4rgid. Albero Verde O\u00dc ( it.keeles &#8220;Roheline Puu&#8221;) on \u00f6kokaupade maaletooja ja turustaja. MEIE MISSIOON ja TEGEVUSED: \u00f6kokaupade turu rikastamine huvitavate kaupadega suurep\u00e4rase ja laia valiku pakkumine igast kaubagrupist inimeste teadlikkuse t\u00f5stmine tervislikest eluviisidest p\u00f5hjalikud uuringud toodete koostisosadest ja kasutamisest tervislike \u00f6koretseptide katsetamine, leidmine ja jagamine pidev arenemine ja juurde\u00f5ppimine koos meie klientidega &#8220;Looduslik on hea, orgaaniline veelgi parem!&#8221; Sinu Bio4you!","og_url":"https:\/\/bio4you.eu\/retseptid\/meist\/","og_site_name":"bio4you.eu\/retseptid","article_modified_time":"2025-03-18T17:20:43+00:00","twitter_misc":{"Est. reading time":"1 minut"},"schema":{"@context":"https:\/\/schema.org","@graph":[{"@type":"WebPage","@id":"https:\/\/bio4you.eu\/retseptid\/meist\/","url":"https:\/\/bio4you.eu\/retseptid\/meist\/","name":"Meist - bio4you.eu\/retseptid","isPartOf":{"@id":"https:\/\/bio4you.eu\/retseptid\/#website"},"datePublished":"2014-01-18T13:35:53+00:00","dateModified":"2025-03-18T17:20:43+00:00","breadcrumb":{"@id":"https:\/\/bio4you.eu\/retseptid\/meist\/#breadcrumb"},"inLanguage":"et","potentialAction":[{"@type":"ReadAction","target":["https:\/\/bio4you.eu\/retseptid\/meist\/"]}]},{"@type":"BreadcrumbList","@id":"https:\/\/bio4you.eu\/retseptid\/meist\/#breadcrumb","itemListElement":[{"@type":"ListItem","position":1,"name":"Home","item":"https:\/\/bio4you.eu\/retseptid\/"},{"@type":"ListItem","position":2,"name":"Meist"}]},{"@type":"WebSite","@id":"https:\/\/bio4you.eu\/retseptid\/#website","url":"https:\/\/bio4you.eu\/retseptid\/","name":"bio4you.eu\/retseptid","description":"\u00d6ko retseptid ise tegemiseks, looduslikest koostisainetest. Maitsev toit, iluhooldus, kodupuhastus ja aiandus.","potentialAction":[{"@type":"SearchAction","target":{"@type":"EntryPoint","urlTemplate":"https:\/\/bio4you.eu\/retseptid\/?s={search_term_string}"},"query-input":"required name=search_term_string"}],"inLanguage":"et"}]}},"_links":{"self":[{"href":"https:\/\/bio4you.eu\/retseptid\/wp-json\/wp\/v2\/pages\/1677"}],"collection":[{"href":"https:\/\/bio4you.eu\/retseptid\/wp-json\/wp\/v2\/pages"}],"about":[{"href":"https:\/\/bio4you.eu\/retseptid\/wp-json\/wp\/v2\/types\/page"}],"author":[{"embeddable":true,"href":"https:\/\/bio4you.eu\/retseptid\/wp-json\/wp\/v2\/users\/1"}],"replies":[{"embeddable":true,"href":"https:\/\/bio4you.eu\/retseptid\/wp-json\/wp\/v2\/comments?post=1677"}],"version-history":[{"count":23,"href":"https:\/\/bio4you.eu\/retseptid\/wp-json\/wp\/v2\/pages\/1677\/revisions"}],"predecessor-version":[{"id":4327,"href":"https:\/\/bio4you.eu\/retseptid\/wp-json\/wp\/v2\/pages\/1677\/revisions\/4327"}],"wp:attachment":[{"href":"https:\/\/bio4you.eu\/retseptid\/wp-json\/wp\/v2\/media?parent=1677"}],"curies":[{"name":"wp","href":"https:\/\/api.w.org\/{rel}","templated":true}]}}