{"id":1725,"date":"2014-01-23T10:47:53","date_gmt":"2014-01-23T08:47:53","guid":{"rendered":"https:\/\/bio4you.eu\/retseptid\/?post_type=product&#038;p=1725"},"modified":"2022-05-17T12:35:53","modified_gmt":"2022-05-17T09:35:53","slug":"viinamarjakuur-elututele-juustele","status":"publish","type":"product","link":"https:\/\/bio4you.eu\/retseptid\/toode\/viinamarjakuur-elututele-juustele\/","title":{"rendered":"Juuksevedelik viinamarjadega (elututele juustele)"},"content":{"rendered":"<p>Taastav viinamarjavedelik parandab elutuid ja tuhme juukseid, rikastades neid oomega rasvhapete ja vitamiinidega. V\u00e4rske viinamarjamahl on\u00a0pol\u00fcfenoolirikas ja kaitseb juukseid ka UV kiirguse vastu.<\/p>\n<p><b>VALMISTAMINE:\u00a0<\/b><\/p>\n<p>P\u00fcreeri viinamarjad. Pressi l\u00e4bi s\u00f5ela, \u00a0et eemaldada kivi- ja koorte t\u00fckid.\u00a0Kanna juustele, masseeri ja hoia 30 minutit.<\/p>\n<p>Pese nagu tavaliselt.<\/p>\n","protected":false},"excerpt":{"rendered":"<p>VAJA L\u00c4HEB:<\/p>\n<ul>\n<li>kobar viinamarju<\/li>\n<li>s\u00f5ela<\/li>\n<\/ul>\n","protected":false},"featured_media":3752,"comment_status":"closed","ping_status":"closed","template":"","meta":{"_exactmetrics_skip_tracking":false,"_exactmetrics_sitenote_active":false,"_exactmetrics_sitenote_note":"","_exactmetrics_sitenote_category":0},"product_cat":[61,92,96],"product_tag":[125,128,99,127],"class_list":{"0":"post-1725","1":"product","2":"type-product","3":"status-publish","4":"has-post-thumbnail","6":"product_cat-ilu-retseptid","7":"product_cat-juuksehooldus","8":"product_cat-juuksevedelikud","9":"product_tag-isetehtud","10":"product_tag-juuksehooldus-2","11":"product_tag-juuksemask","12":"product_tag-viinamarja","14":"first","15":"instock","16":"shipping-taxable","17":"product-type-simple"},"yoast_head":"<!-- This site is optimized with the Yoast SEO plugin v23.3 - https:\/\/yoast.com\/wordpress\/plugins\/seo\/ -->\n<title>Juuksevedelik viinamarjadega (elututele juustele) - bio4you.eu\/retseptid<\/title>\n<meta name=\"description\" content=\"TAASTUSVEDELIK VIINAMARJADEGA. Elututele juustele.\" \/>\n<meta name=\"robots\" content=\"index, follow, max-snippet:-1, max-image-preview:large, max-video-preview:-1\" \/>\n<link rel=\"canonical\" href=\"https:\/\/bio4you.eu\/retseptid\/toode\/viinamarjakuur-elututele-juustele\/\" \/>\n<meta property=\"og:locale\" content=\"et_EE\" \/>\n<meta property=\"og:type\" content=\"article\" \/>\n<meta property=\"og:title\" content=\"Juuksevedelik viinamarjadega (elututele juustele) - bio4you.eu\/retseptid\" \/>\n<meta property=\"og:description\" content=\"TAASTUSVEDELIK VIINAMARJADEGA. Elututele juustele.\" \/>\n<meta property=\"og:url\" content=\"https:\/\/bio4you.eu\/retseptid\/toode\/viinamarjakuur-elututele-juustele\/\" \/>\n<meta property=\"og:site_name\" content=\"bio4you.eu\/retseptid\" \/>\n<meta property=\"article:modified_time\" content=\"2022-05-17T09:35:53+00:00\" \/>\n<meta property=\"og:image\" content=\"https:\/\/bio4you.eu\/retseptid\/wp-content\/uploads\/2014\/01\/bill-williams-3302-scaled.jpg\" \/>\n\t<meta property=\"og:image:width\" content=\"2560\" \/>\n\t<meta property=\"og:image:height\" content=\"1440\" \/>\n\t<meta property=\"og:image:type\" content=\"image\/jpeg\" \/>\n<script type=\"application\/ld+json\" class=\"yoast-schema-graph\">{\"@context\":\"https:\/\/schema.org\",\"@graph\":[{\"@type\":\"WebPage\",\"@id\":\"https:\/\/bio4you.eu\/retseptid\/toode\/viinamarjakuur-elututele-juustele\/\",\"url\":\"https:\/\/bio4you.eu\/retseptid\/toode\/viinamarjakuur-elututele-juustele\/\",\"name\":\"Juuksevedelik viinamarjadega (elututele juustele) - bio4you.eu\/retseptid\",\"isPartOf\":{\"@id\":\"https:\/\/bio4you.eu\/retseptid\/#website\"},\"primaryImageOfPage\":{\"@id\":\"https:\/\/bio4you.eu\/retseptid\/toode\/viinamarjakuur-elututele-juustele\/#primaryimage\"},\"image\":{\"@id\":\"https:\/\/bio4you.eu\/retseptid\/toode\/viinamarjakuur-elututele-juustele\/#primaryimage\"},\"thumbnailUrl\":\"https:\/\/bio4you.eu\/retseptid\/wp-content\/uploads\/2014\/01\/bill-williams-3302-scaled.jpg\",\"datePublished\":\"2014-01-23T08:47:53+00:00\",\"dateModified\":\"2022-05-17T09:35:53+00:00\",\"description\":\"TAASTUSVEDELIK VIINAMARJADEGA. Elututele juustele.\",\"breadcrumb\":{\"@id\":\"https:\/\/bio4you.eu\/retseptid\/toode\/viinamarjakuur-elututele-juustele\/#breadcrumb\"},\"inLanguage\":\"et\",\"potentialAction\":[{\"@type\":\"ReadAction\",\"target\":[\"https:\/\/bio4you.eu\/retseptid\/toode\/viinamarjakuur-elututele-juustele\/\"]}]},{\"@type\":\"ImageObject\",\"inLanguage\":\"et\",\"@id\":\"https:\/\/bio4you.eu\/retseptid\/toode\/viinamarjakuur-elututele-juustele\/#primaryimage\",\"url\":\"https:\/\/bio4you.eu\/retseptid\/wp-content\/uploads\/2014\/01\/bill-williams-3302-scaled.jpg\",\"contentUrl\":\"https:\/\/bio4you.eu\/retseptid\/wp-content\/uploads\/2014\/01\/bill-williams-3302-scaled.jpg\",\"width\":2560,\"height\":1440},{\"@type\":\"BreadcrumbList\",\"@id\":\"https:\/\/bio4you.eu\/retseptid\/toode\/viinamarjakuur-elututele-juustele\/#breadcrumb\",\"itemListElement\":[{\"@type\":\"ListItem\",\"position\":1,\"name\":\"Home\",\"item\":\"https:\/\/bio4you.eu\/retseptid\/\"},{\"@type\":\"ListItem\",\"position\":2,\"name\":\"Juuksevedelik viinamarjadega (elututele juustele)\"}]},{\"@type\":\"WebSite\",\"@id\":\"https:\/\/bio4you.eu\/retseptid\/#website\",\"url\":\"https:\/\/bio4you.eu\/retseptid\/\",\"name\":\"bio4you.eu\/retseptid\",\"description\":\"\u00d6ko retseptid ise tegemiseks, looduslikest koostisainetest. Maitsev toit, iluhooldus, kodupuhastus ja aiandus.\",\"potentialAction\":[{\"@type\":\"SearchAction\",\"target\":{\"@type\":\"EntryPoint\",\"urlTemplate\":\"https:\/\/bio4you.eu\/retseptid\/?s={search_term_string}\"},\"query-input\":\"required name=search_term_string\"}],\"inLanguage\":\"et\"}]}<\/script>\n<!-- \/ Yoast SEO plugin. -->","yoast_head_json":{"title":"Juuksevedelik viinamarjadega (elututele juustele) - bio4you.eu\/retseptid","description":"TAASTUSVEDELIK VIINAMARJADEGA. Elututele juustele.","robots":{"index":"index","follow":"follow","max-snippet":"max-snippet:-1","max-image-preview":"max-image-preview:large","max-video-preview":"max-video-preview:-1"},"canonical":"https:\/\/bio4you.eu\/retseptid\/toode\/viinamarjakuur-elututele-juustele\/","og_locale":"et_EE","og_type":"article","og_title":"Juuksevedelik viinamarjadega (elututele juustele) - bio4you.eu\/retseptid","og_description":"TAASTUSVEDELIK VIINAMARJADEGA. Elututele juustele.","og_url":"https:\/\/bio4you.eu\/retseptid\/toode\/viinamarjakuur-elututele-juustele\/","og_site_name":"bio4you.eu\/retseptid","article_modified_time":"2022-05-17T09:35:53+00:00","og_image":[{"width":2560,"height":1440,"url":"https:\/\/bio4you.eu\/retseptid\/wp-content\/uploads\/2014\/01\/bill-williams-3302-scaled.jpg","type":"image\/jpeg"}],"schema":{"@context":"https:\/\/schema.org","@graph":[{"@type":"WebPage","@id":"https:\/\/bio4you.eu\/retseptid\/toode\/viinamarjakuur-elututele-juustele\/","url":"https:\/\/bio4you.eu\/retseptid\/toode\/viinamarjakuur-elututele-juustele\/","name":"Juuksevedelik viinamarjadega (elututele juustele) - bio4you.eu\/retseptid","isPartOf":{"@id":"https:\/\/bio4you.eu\/retseptid\/#website"},"primaryImageOfPage":{"@id":"https:\/\/bio4you.eu\/retseptid\/toode\/viinamarjakuur-elututele-juustele\/#primaryimage"},"image":{"@id":"https:\/\/bio4you.eu\/retseptid\/toode\/viinamarjakuur-elututele-juustele\/#primaryimage"},"thumbnailUrl":"https:\/\/bio4you.eu\/retseptid\/wp-content\/uploads\/2014\/01\/bill-williams-3302-scaled.jpg","datePublished":"2014-01-23T08:47:53+00:00","dateModified":"2022-05-17T09:35:53+00:00","description":"TAASTUSVEDELIK VIINAMARJADEGA. Elututele juustele.","breadcrumb":{"@id":"https:\/\/bio4you.eu\/retseptid\/toode\/viinamarjakuur-elututele-juustele\/#breadcrumb"},"inLanguage":"et","potentialAction":[{"@type":"ReadAction","target":["https:\/\/bio4you.eu\/retseptid\/toode\/viinamarjakuur-elututele-juustele\/"]}]},{"@type":"ImageObject","inLanguage":"et","@id":"https:\/\/bio4you.eu\/retseptid\/toode\/viinamarjakuur-elututele-juustele\/#primaryimage","url":"https:\/\/bio4you.eu\/retseptid\/wp-content\/uploads\/2014\/01\/bill-williams-3302-scaled.jpg","contentUrl":"https:\/\/bio4you.eu\/retseptid\/wp-content\/uploads\/2014\/01\/bill-williams-3302-scaled.jpg","width":2560,"height":1440},{"@type":"BreadcrumbList","@id":"https:\/\/bio4you.eu\/retseptid\/toode\/viinamarjakuur-elututele-juustele\/#breadcrumb","itemListElement":[{"@type":"ListItem","position":1,"name":"Home","item":"https:\/\/bio4you.eu\/retseptid\/"},{"@type":"ListItem","position":2,"name":"Juuksevedelik viinamarjadega (elututele juustele)"}]},{"@type":"WebSite","@id":"https:\/\/bio4you.eu\/retseptid\/#website","url":"https:\/\/bio4you.eu\/retseptid\/","name":"bio4you.eu\/retseptid","description":"\u00d6ko retseptid ise tegemiseks, looduslikest koostisainetest. Maitsev toit, iluhooldus, kodupuhastus ja aiandus.","potentialAction":[{"@type":"SearchAction","target":{"@type":"EntryPoint","urlTemplate":"https:\/\/bio4you.eu\/retseptid\/?s={search_term_string}"},"query-input":"required name=search_term_string"}],"inLanguage":"et"}]}},"_links":{"self":[{"href":"https:\/\/bio4you.eu\/retseptid\/wp-json\/wp\/v2\/product\/1725"}],"collection":[{"href":"https:\/\/bio4you.eu\/retseptid\/wp-json\/wp\/v2\/product"}],"about":[{"href":"https:\/\/bio4you.eu\/retseptid\/wp-json\/wp\/v2\/types\/product"}],"replies":[{"embeddable":true,"href":"https:\/\/bio4you.eu\/retseptid\/wp-json\/wp\/v2\/comments?post=1725"}],"wp:featuredmedia":[{"embeddable":true,"href":"https:\/\/bio4you.eu\/retseptid\/wp-json\/wp\/v2\/media\/3752"}],"wp:attachment":[{"href":"https:\/\/bio4you.eu\/retseptid\/wp-json\/wp\/v2\/media?parent=1725"}],"wp:term":[{"taxonomy":"product_cat","embeddable":true,"href":"https:\/\/bio4you.eu\/retseptid\/wp-json\/wp\/v2\/product_cat?post=1725"},{"taxonomy":"product_tag","embeddable":true,"href":"https:\/\/bio4you.eu\/retseptid\/wp-json\/wp\/v2\/product_tag?post=1725"}],"curies":[{"name":"wp","href":"https:\/\/api.w.org\/{rel}","templated":true}]}}