{"id":1739,"date":"2014-01-26T11:50:22","date_gmt":"2014-01-26T09:50:22","guid":{"rendered":"https:\/\/bio4you.eu\/retseptid\/?post_type=product&#038;p=1739"},"modified":"2022-05-17T11:19:11","modified_gmt":"2022-05-17T08:19:11","slug":"mee-ja-oliivioli-juuksemask","status":"publish","type":"product","link":"https:\/\/bio4you.eu\/retseptid\/toode\/mee-ja-oliivioli-juuksemask\/","title":{"rendered":"Juuksemask mee ja oliivi\u00f5liga (tuhmunud juustele)"},"content":{"rendered":"<p>VALMISTAMINE:<br \/>\nSega mesi ja oliivi\u00f5li ja kanna juustele, keskendudes eriti juukseotstele. Kata pea vannim\u00fctsi v\u00f5i kilega, hoia 30 minutit. Pese nagu tavaliselt.<\/p>\n<p>Annab juustele l\u00e4iget.<\/p>\n","protected":false},"excerpt":{"rendered":"<p>Vaja l\u00e4heb:<\/p>\n<ul>\n<li>3 spl mett<\/li>\n<li>2-3 spl <a href=\"https:\/\/bio4you.eu\/et\/otsi?controller=search&amp;order=product.position.desc&amp;s=oliivi%C3%B5li&amp;utm_source=bioretsept&amp;utm_medium=retsept&amp;utm_campaign=retsept\" target=\"_blank\" rel=\"noopener noreferrer\"><span style=\"color: #99cc00;\">extra virgin oliivi\u00f5li<\/span><\/a><\/li>\n<\/ul>\n","protected":false},"featured_media":3949,"comment_status":"closed","ping_status":"closed","template":"","meta":{"_exactmetrics_skip_tracking":false,"_exactmetrics_sitenote_active":false,"_exactmetrics_sitenote_note":"","_exactmetrics_sitenote_category":0},"product_cat":[61,92,95],"product_tag":[98,99,107,105,106,108],"class_list":{"0":"post-1739","1":"product","2":"type-product","3":"status-publish","4":"has-post-thumbnail","6":"product_cat-ilu-retseptid","7":"product_cat-juuksehooldus","8":"product_cat-juuksemaskid","9":"product_tag-juuksed","10":"product_tag-juuksemask","11":"product_tag-meemask","12":"product_tag-mesi","13":"product_tag-oliivioli","14":"product_tag-oliivioli-mask","16":"first","17":"instock","18":"shipping-taxable","19":"product-type-simple"},"yoast_head":"<!-- This site is optimized with the Yoast SEO plugin v23.3 - https:\/\/yoast.com\/wordpress\/plugins\/seo\/ -->\n<title>Juuksemask mee ja oliivi\u00f5liga (tuhmunud juustele) - bio4you.eu\/retseptid<\/title>\n<meta name=\"description\" content=\"JUUKSEMASK MEE JA OLIIVI\u00d5LIGA. L\u00e4ike andmiseks.\" \/>\n<meta name=\"robots\" content=\"index, follow, max-snippet:-1, max-image-preview:large, max-video-preview:-1\" \/>\n<link rel=\"canonical\" href=\"https:\/\/bio4you.eu\/retseptid\/toode\/mee-ja-oliivioli-juuksemask\/\" \/>\n<meta property=\"og:locale\" content=\"et_EE\" \/>\n<meta property=\"og:type\" content=\"article\" \/>\n<meta property=\"og:title\" content=\"Juuksemask mee ja oliivi\u00f5liga (tuhmunud juustele) - bio4you.eu\/retseptid\" \/>\n<meta property=\"og:description\" content=\"JUUKSEMASK MEE JA OLIIVI\u00d5LIGA. L\u00e4ike andmiseks.\" \/>\n<meta property=\"og:url\" content=\"https:\/\/bio4you.eu\/retseptid\/toode\/mee-ja-oliivioli-juuksemask\/\" \/>\n<meta property=\"og:site_name\" content=\"bio4you.eu\/retseptid\" \/>\n<meta property=\"article:modified_time\" content=\"2022-05-17T08:19:11+00:00\" \/>\n<meta property=\"og:image\" content=\"https:\/\/bio4you.eu\/retseptid\/wp-content\/uploads\/2014\/01\/danika-perkinson-ZhA9vZQPTeE-unsplash-scaled.jpg\" \/>\n\t<meta property=\"og:image:width\" content=\"1707\" \/>\n\t<meta property=\"og:image:height\" content=\"2560\" \/>\n\t<meta property=\"og:image:type\" content=\"image\/jpeg\" \/>\n<meta name=\"twitter:label1\" content=\"Est. reading time\" \/>\n\t<meta name=\"twitter:data1\" content=\"1 minut\" \/>\n<script type=\"application\/ld+json\" class=\"yoast-schema-graph\">{\"@context\":\"https:\/\/schema.org\",\"@graph\":[{\"@type\":\"WebPage\",\"@id\":\"https:\/\/bio4you.eu\/retseptid\/toode\/mee-ja-oliivioli-juuksemask\/\",\"url\":\"https:\/\/bio4you.eu\/retseptid\/toode\/mee-ja-oliivioli-juuksemask\/\",\"name\":\"Juuksemask mee ja oliivi\u00f5liga (tuhmunud juustele) - bio4you.eu\/retseptid\",\"isPartOf\":{\"@id\":\"https:\/\/bio4you.eu\/retseptid\/#website\"},\"primaryImageOfPage\":{\"@id\":\"https:\/\/bio4you.eu\/retseptid\/toode\/mee-ja-oliivioli-juuksemask\/#primaryimage\"},\"image\":{\"@id\":\"https:\/\/bio4you.eu\/retseptid\/toode\/mee-ja-oliivioli-juuksemask\/#primaryimage\"},\"thumbnailUrl\":\"https:\/\/bio4you.eu\/retseptid\/wp-content\/uploads\/2014\/01\/danika-perkinson-ZhA9vZQPTeE-unsplash-scaled.jpg\",\"datePublished\":\"2014-01-26T09:50:22+00:00\",\"dateModified\":\"2022-05-17T08:19:11+00:00\",\"description\":\"JUUKSEMASK MEE JA OLIIVI\u00d5LIGA. L\u00e4ike andmiseks.\",\"breadcrumb\":{\"@id\":\"https:\/\/bio4you.eu\/retseptid\/toode\/mee-ja-oliivioli-juuksemask\/#breadcrumb\"},\"inLanguage\":\"et\",\"potentialAction\":[{\"@type\":\"ReadAction\",\"target\":[\"https:\/\/bio4you.eu\/retseptid\/toode\/mee-ja-oliivioli-juuksemask\/\"]}]},{\"@type\":\"ImageObject\",\"inLanguage\":\"et\",\"@id\":\"https:\/\/bio4you.eu\/retseptid\/toode\/mee-ja-oliivioli-juuksemask\/#primaryimage\",\"url\":\"https:\/\/bio4you.eu\/retseptid\/wp-content\/uploads\/2014\/01\/danika-perkinson-ZhA9vZQPTeE-unsplash-scaled.jpg\",\"contentUrl\":\"https:\/\/bio4you.eu\/retseptid\/wp-content\/uploads\/2014\/01\/danika-perkinson-ZhA9vZQPTeE-unsplash-scaled.jpg\",\"width\":1707,\"height\":2560},{\"@type\":\"BreadcrumbList\",\"@id\":\"https:\/\/bio4you.eu\/retseptid\/toode\/mee-ja-oliivioli-juuksemask\/#breadcrumb\",\"itemListElement\":[{\"@type\":\"ListItem\",\"position\":1,\"name\":\"Home\",\"item\":\"https:\/\/bio4you.eu\/retseptid\/\"},{\"@type\":\"ListItem\",\"position\":2,\"name\":\"Juuksemask mee ja oliivi\u00f5liga (tuhmunud juustele)\"}]},{\"@type\":\"WebSite\",\"@id\":\"https:\/\/bio4you.eu\/retseptid\/#website\",\"url\":\"https:\/\/bio4you.eu\/retseptid\/\",\"name\":\"bio4you.eu\/retseptid\",\"description\":\"\u00d6ko retseptid ise tegemiseks, looduslikest koostisainetest. Maitsev toit, iluhooldus, kodupuhastus ja aiandus.\",\"potentialAction\":[{\"@type\":\"SearchAction\",\"target\":{\"@type\":\"EntryPoint\",\"urlTemplate\":\"https:\/\/bio4you.eu\/retseptid\/?s={search_term_string}\"},\"query-input\":\"required name=search_term_string\"}],\"inLanguage\":\"et\"}]}<\/script>\n<!-- \/ Yoast SEO plugin. -->","yoast_head_json":{"title":"Juuksemask mee ja oliivi\u00f5liga (tuhmunud juustele) - bio4you.eu\/retseptid","description":"JUUKSEMASK MEE JA OLIIVI\u00d5LIGA. L\u00e4ike andmiseks.","robots":{"index":"index","follow":"follow","max-snippet":"max-snippet:-1","max-image-preview":"max-image-preview:large","max-video-preview":"max-video-preview:-1"},"canonical":"https:\/\/bio4you.eu\/retseptid\/toode\/mee-ja-oliivioli-juuksemask\/","og_locale":"et_EE","og_type":"article","og_title":"Juuksemask mee ja oliivi\u00f5liga (tuhmunud juustele) - bio4you.eu\/retseptid","og_description":"JUUKSEMASK MEE JA OLIIVI\u00d5LIGA. L\u00e4ike andmiseks.","og_url":"https:\/\/bio4you.eu\/retseptid\/toode\/mee-ja-oliivioli-juuksemask\/","og_site_name":"bio4you.eu\/retseptid","article_modified_time":"2022-05-17T08:19:11+00:00","og_image":[{"width":1707,"height":2560,"url":"https:\/\/bio4you.eu\/retseptid\/wp-content\/uploads\/2014\/01\/danika-perkinson-ZhA9vZQPTeE-unsplash-scaled.jpg","type":"image\/jpeg"}],"twitter_misc":{"Est. reading time":"1 minut"},"schema":{"@context":"https:\/\/schema.org","@graph":[{"@type":"WebPage","@id":"https:\/\/bio4you.eu\/retseptid\/toode\/mee-ja-oliivioli-juuksemask\/","url":"https:\/\/bio4you.eu\/retseptid\/toode\/mee-ja-oliivioli-juuksemask\/","name":"Juuksemask mee ja oliivi\u00f5liga (tuhmunud juustele) - bio4you.eu\/retseptid","isPartOf":{"@id":"https:\/\/bio4you.eu\/retseptid\/#website"},"primaryImageOfPage":{"@id":"https:\/\/bio4you.eu\/retseptid\/toode\/mee-ja-oliivioli-juuksemask\/#primaryimage"},"image":{"@id":"https:\/\/bio4you.eu\/retseptid\/toode\/mee-ja-oliivioli-juuksemask\/#primaryimage"},"thumbnailUrl":"https:\/\/bio4you.eu\/retseptid\/wp-content\/uploads\/2014\/01\/danika-perkinson-ZhA9vZQPTeE-unsplash-scaled.jpg","datePublished":"2014-01-26T09:50:22+00:00","dateModified":"2022-05-17T08:19:11+00:00","description":"JUUKSEMASK MEE JA OLIIVI\u00d5LIGA. L\u00e4ike andmiseks.","breadcrumb":{"@id":"https:\/\/bio4you.eu\/retseptid\/toode\/mee-ja-oliivioli-juuksemask\/#breadcrumb"},"inLanguage":"et","potentialAction":[{"@type":"ReadAction","target":["https:\/\/bio4you.eu\/retseptid\/toode\/mee-ja-oliivioli-juuksemask\/"]}]},{"@type":"ImageObject","inLanguage":"et","@id":"https:\/\/bio4you.eu\/retseptid\/toode\/mee-ja-oliivioli-juuksemask\/#primaryimage","url":"https:\/\/bio4you.eu\/retseptid\/wp-content\/uploads\/2014\/01\/danika-perkinson-ZhA9vZQPTeE-unsplash-scaled.jpg","contentUrl":"https:\/\/bio4you.eu\/retseptid\/wp-content\/uploads\/2014\/01\/danika-perkinson-ZhA9vZQPTeE-unsplash-scaled.jpg","width":1707,"height":2560},{"@type":"BreadcrumbList","@id":"https:\/\/bio4you.eu\/retseptid\/toode\/mee-ja-oliivioli-juuksemask\/#breadcrumb","itemListElement":[{"@type":"ListItem","position":1,"name":"Home","item":"https:\/\/bio4you.eu\/retseptid\/"},{"@type":"ListItem","position":2,"name":"Juuksemask mee ja oliivi\u00f5liga (tuhmunud juustele)"}]},{"@type":"WebSite","@id":"https:\/\/bio4you.eu\/retseptid\/#website","url":"https:\/\/bio4you.eu\/retseptid\/","name":"bio4you.eu\/retseptid","description":"\u00d6ko retseptid ise tegemiseks, looduslikest koostisainetest. Maitsev toit, iluhooldus, kodupuhastus ja aiandus.","potentialAction":[{"@type":"SearchAction","target":{"@type":"EntryPoint","urlTemplate":"https:\/\/bio4you.eu\/retseptid\/?s={search_term_string}"},"query-input":"required name=search_term_string"}],"inLanguage":"et"}]}},"_links":{"self":[{"href":"https:\/\/bio4you.eu\/retseptid\/wp-json\/wp\/v2\/product\/1739"}],"collection":[{"href":"https:\/\/bio4you.eu\/retseptid\/wp-json\/wp\/v2\/product"}],"about":[{"href":"https:\/\/bio4you.eu\/retseptid\/wp-json\/wp\/v2\/types\/product"}],"replies":[{"embeddable":true,"href":"https:\/\/bio4you.eu\/retseptid\/wp-json\/wp\/v2\/comments?post=1739"}],"wp:featuredmedia":[{"embeddable":true,"href":"https:\/\/bio4you.eu\/retseptid\/wp-json\/wp\/v2\/media\/3949"}],"wp:attachment":[{"href":"https:\/\/bio4you.eu\/retseptid\/wp-json\/wp\/v2\/media?parent=1739"}],"wp:term":[{"taxonomy":"product_cat","embeddable":true,"href":"https:\/\/bio4you.eu\/retseptid\/wp-json\/wp\/v2\/product_cat?post=1739"},{"taxonomy":"product_tag","embeddable":true,"href":"https:\/\/bio4you.eu\/retseptid\/wp-json\/wp\/v2\/product_tag?post=1739"}],"curies":[{"name":"wp","href":"https:\/\/api.w.org\/{rel}","templated":true}]}}