{"id":1750,"date":"2014-01-26T14:27:21","date_gmt":"2014-01-26T12:27:21","guid":{"rendered":"https:\/\/bio4you.eu\/retseptid\/?post_type=product&#038;p=1750"},"modified":"2022-05-19T13:43:36","modified_gmt":"2022-05-19T10:43:36","slug":"habemeajamisvaht","status":"publish","type":"product","link":"https:\/\/bio4you.eu\/retseptid\/toode\/habemeajamisvaht\/","title":{"rendered":"Habemeajamisvaht Marseille seebiga"},"content":{"rendered":"<p><strong>Isetehtud raseerimisvaht on suurep\u00e4rane kingi-idee kallimale v\u00f5i s\u00f5brale!<\/strong><\/p>\n<p><strong>VALMISTAMINE:<\/strong><br \/>\nPane seebilaastud k\u00fcpsetuspaberile ja lase neil paar p\u00e4eva kuivada.\u00a0Kuivanud seep jahvata kohvimasinaga pulbriks.\u00a0Sega pulber teiste ainetega.<br \/>\nPane saadud pasta madalasse ja laia topsi.\u00a0J\u00e4ta peale natukene ruumi-enne igat kasutamist h\u00f5\u00f5rutakse seep pintsliga vahule. Suru pasta tihkelt topsi ja silu pealispind.<\/p>\n<p><strong>KASUTAMINE:<\/strong><br \/>\nHabemeajamisvaht on kasutamiseks tavalise ziletiga ( mitte elektrilise aparaadiga )<\/p>\n<p><strong>S\u00c4ILITAMINE: <\/strong><br \/>\nSeep s\u00e4ilib toatemperatuuril 4-5 kuud. Kuude m\u00f6\u00f6dudes muutub tekkiv vaht j\u00e4rjest kreemjamaks ja pehmemaks. Kogusest jagub 6 kuuks kui raseeritakse 2x n\u00e4dalas.<\/p>\n<p><strong>OMADUSED:\u00a0<\/strong><br \/>\nOliivi\u00f5li avaldab vananemisvastast, kaitsvat, toitvat, pehmendavat ja niisutavat m\u00f5ju.<br \/>\nLavendli essentsi\u00f5li annab seebile\u00a0meheliku l\u00f5hna ja antibakteriaalsed omadused.<br \/>\nMarseille seep puhastab kaitseb nahka, hoiab selle pH taset.<\/p>\n","protected":false},"excerpt":{"rendered":"<p>Vaja l\u00e4heb:<\/p>\n<ul>\n<li>30 g Marseille seebilaaste (originaali! Koostisaineid vaid 3 tk: oliivi\u00f5li, sooda, essensti\u00f5li)<\/li>\n<li>1 spl <a href=\"https:\/\/bio4you.eu\/et\/otsi?controller=search&amp;order=product.position.desc&amp;s=oliivi%C3%B5li&amp;utm_source=bioretsept&amp;utm_medium=retsept&amp;utm_campaign=retsept\" target=\"_blank\" rel=\"noopener noreferrer\"><span style=\"color: #99cc00;\">ekstra neitsioliivi\u00f5li<\/span><\/a><\/li>\n<li>1 tl mineraalvett<\/li>\n<li>15 tilka <a href=\"http:\/\/bio4you.eu\/et\/eeterlikud-olid\/2273-lavendli-eeterlik-oli-15ml-sapone-di-un-tempo.html?search_query=lavendli&amp;results=67\" target=\"_blank\" rel=\"noopener noreferrer\"><span style=\"color: #99cc00;\">lavendli essents\u00f5li<\/span><\/a><\/li>\n<\/ul>\n","protected":false},"featured_media":3741,"comment_status":"closed","ping_status":"closed","template":"","meta":{"_exactmetrics_skip_tracking":false,"_exactmetrics_sitenote_active":false,"_exactmetrics_sitenote_note":"","_exactmetrics_sitenote_category":0},"product_cat":[93],"product_tag":[167,110,166,111,168,112,114,113],"class_list":{"0":"post-1750","1":"product","2":"type-product","3":"status-publish","4":"has-post-thumbnail","6":"product_cat-meeste-ilu","7":"product_tag-bio-kosmeetika","8":"product_tag-habemeajamisvaht","9":"product_tag-isetehtud-habemeajamisvaht","10":"product_tag-marseille-seep","11":"product_tag-meeste-kosmeetika","12":"product_tag-meestele-2","13":"product_tag-raseerimine","14":"product_tag-raseerimisvaht","16":"first","17":"instock","18":"shipping-taxable","19":"product-type-simple"},"yoast_head":"<!-- This site is optimized with the Yoast SEO plugin v23.3 - https:\/\/yoast.com\/wordpress\/plugins\/seo\/ -->\n<title>Habemeajamisvaht Marseille seebiga - bio4you.eu\/retseptid<\/title>\n<meta name=\"description\" content=\"HABEMEAJAMISVAHT. Marseille seebist.\" \/>\n<meta name=\"robots\" content=\"index, follow, max-snippet:-1, max-image-preview:large, max-video-preview:-1\" \/>\n<link rel=\"canonical\" href=\"https:\/\/bio4you.eu\/retseptid\/toode\/habemeajamisvaht\/\" \/>\n<meta property=\"og:locale\" content=\"et_EE\" \/>\n<meta property=\"og:type\" content=\"article\" \/>\n<meta property=\"og:title\" content=\"Habemeajamisvaht Marseille seebiga - bio4you.eu\/retseptid\" \/>\n<meta property=\"og:description\" content=\"HABEMEAJAMISVAHT. Marseille seebist.\" \/>\n<meta property=\"og:url\" content=\"https:\/\/bio4you.eu\/retseptid\/toode\/habemeajamisvaht\/\" \/>\n<meta property=\"og:site_name\" content=\"bio4you.eu\/retseptid\" \/>\n<meta property=\"article:modified_time\" content=\"2022-05-19T10:43:36+00:00\" \/>\n<meta property=\"og:image\" content=\"https:\/\/bio4you.eu\/retseptid\/wp-content\/uploads\/2014\/01\/patrick-coddou-386904-scaled.jpg\" \/>\n\t<meta property=\"og:image:width\" content=\"2560\" \/>\n\t<meta property=\"og:image:height\" content=\"1707\" \/>\n\t<meta property=\"og:image:type\" content=\"image\/jpeg\" \/>\n<meta name=\"twitter:label1\" content=\"Est. reading time\" \/>\n\t<meta name=\"twitter:data1\" content=\"1 minut\" \/>\n<script type=\"application\/ld+json\" class=\"yoast-schema-graph\">{\"@context\":\"https:\/\/schema.org\",\"@graph\":[{\"@type\":\"WebPage\",\"@id\":\"https:\/\/bio4you.eu\/retseptid\/toode\/habemeajamisvaht\/\",\"url\":\"https:\/\/bio4you.eu\/retseptid\/toode\/habemeajamisvaht\/\",\"name\":\"Habemeajamisvaht Marseille seebiga - bio4you.eu\/retseptid\",\"isPartOf\":{\"@id\":\"https:\/\/bio4you.eu\/retseptid\/#website\"},\"primaryImageOfPage\":{\"@id\":\"https:\/\/bio4you.eu\/retseptid\/toode\/habemeajamisvaht\/#primaryimage\"},\"image\":{\"@id\":\"https:\/\/bio4you.eu\/retseptid\/toode\/habemeajamisvaht\/#primaryimage\"},\"thumbnailUrl\":\"https:\/\/bio4you.eu\/retseptid\/wp-content\/uploads\/2014\/01\/patrick-coddou-386904-scaled.jpg\",\"datePublished\":\"2014-01-26T12:27:21+00:00\",\"dateModified\":\"2022-05-19T10:43:36+00:00\",\"description\":\"HABEMEAJAMISVAHT. Marseille seebist.\",\"breadcrumb\":{\"@id\":\"https:\/\/bio4you.eu\/retseptid\/toode\/habemeajamisvaht\/#breadcrumb\"},\"inLanguage\":\"et\",\"potentialAction\":[{\"@type\":\"ReadAction\",\"target\":[\"https:\/\/bio4you.eu\/retseptid\/toode\/habemeajamisvaht\/\"]}]},{\"@type\":\"ImageObject\",\"inLanguage\":\"et\",\"@id\":\"https:\/\/bio4you.eu\/retseptid\/toode\/habemeajamisvaht\/#primaryimage\",\"url\":\"https:\/\/bio4you.eu\/retseptid\/wp-content\/uploads\/2014\/01\/patrick-coddou-386904-scaled.jpg\",\"contentUrl\":\"https:\/\/bio4you.eu\/retseptid\/wp-content\/uploads\/2014\/01\/patrick-coddou-386904-scaled.jpg\",\"width\":2560,\"height\":1707},{\"@type\":\"BreadcrumbList\",\"@id\":\"https:\/\/bio4you.eu\/retseptid\/toode\/habemeajamisvaht\/#breadcrumb\",\"itemListElement\":[{\"@type\":\"ListItem\",\"position\":1,\"name\":\"Home\",\"item\":\"https:\/\/bio4you.eu\/retseptid\/\"},{\"@type\":\"ListItem\",\"position\":2,\"name\":\"Habemeajamisvaht Marseille seebiga\"}]},{\"@type\":\"WebSite\",\"@id\":\"https:\/\/bio4you.eu\/retseptid\/#website\",\"url\":\"https:\/\/bio4you.eu\/retseptid\/\",\"name\":\"bio4you.eu\/retseptid\",\"description\":\"\u00d6ko retseptid ise tegemiseks, looduslikest koostisainetest. Maitsev toit, iluhooldus, kodupuhastus ja aiandus.\",\"potentialAction\":[{\"@type\":\"SearchAction\",\"target\":{\"@type\":\"EntryPoint\",\"urlTemplate\":\"https:\/\/bio4you.eu\/retseptid\/?s={search_term_string}\"},\"query-input\":\"required name=search_term_string\"}],\"inLanguage\":\"et\"}]}<\/script>\n<!-- \/ Yoast SEO plugin. -->","yoast_head_json":{"title":"Habemeajamisvaht Marseille seebiga - bio4you.eu\/retseptid","description":"HABEMEAJAMISVAHT. Marseille seebist.","robots":{"index":"index","follow":"follow","max-snippet":"max-snippet:-1","max-image-preview":"max-image-preview:large","max-video-preview":"max-video-preview:-1"},"canonical":"https:\/\/bio4you.eu\/retseptid\/toode\/habemeajamisvaht\/","og_locale":"et_EE","og_type":"article","og_title":"Habemeajamisvaht Marseille seebiga - bio4you.eu\/retseptid","og_description":"HABEMEAJAMISVAHT. Marseille seebist.","og_url":"https:\/\/bio4you.eu\/retseptid\/toode\/habemeajamisvaht\/","og_site_name":"bio4you.eu\/retseptid","article_modified_time":"2022-05-19T10:43:36+00:00","og_image":[{"width":2560,"height":1707,"url":"https:\/\/bio4you.eu\/retseptid\/wp-content\/uploads\/2014\/01\/patrick-coddou-386904-scaled.jpg","type":"image\/jpeg"}],"twitter_misc":{"Est. reading time":"1 minut"},"schema":{"@context":"https:\/\/schema.org","@graph":[{"@type":"WebPage","@id":"https:\/\/bio4you.eu\/retseptid\/toode\/habemeajamisvaht\/","url":"https:\/\/bio4you.eu\/retseptid\/toode\/habemeajamisvaht\/","name":"Habemeajamisvaht Marseille seebiga - bio4you.eu\/retseptid","isPartOf":{"@id":"https:\/\/bio4you.eu\/retseptid\/#website"},"primaryImageOfPage":{"@id":"https:\/\/bio4you.eu\/retseptid\/toode\/habemeajamisvaht\/#primaryimage"},"image":{"@id":"https:\/\/bio4you.eu\/retseptid\/toode\/habemeajamisvaht\/#primaryimage"},"thumbnailUrl":"https:\/\/bio4you.eu\/retseptid\/wp-content\/uploads\/2014\/01\/patrick-coddou-386904-scaled.jpg","datePublished":"2014-01-26T12:27:21+00:00","dateModified":"2022-05-19T10:43:36+00:00","description":"HABEMEAJAMISVAHT. Marseille seebist.","breadcrumb":{"@id":"https:\/\/bio4you.eu\/retseptid\/toode\/habemeajamisvaht\/#breadcrumb"},"inLanguage":"et","potentialAction":[{"@type":"ReadAction","target":["https:\/\/bio4you.eu\/retseptid\/toode\/habemeajamisvaht\/"]}]},{"@type":"ImageObject","inLanguage":"et","@id":"https:\/\/bio4you.eu\/retseptid\/toode\/habemeajamisvaht\/#primaryimage","url":"https:\/\/bio4you.eu\/retseptid\/wp-content\/uploads\/2014\/01\/patrick-coddou-386904-scaled.jpg","contentUrl":"https:\/\/bio4you.eu\/retseptid\/wp-content\/uploads\/2014\/01\/patrick-coddou-386904-scaled.jpg","width":2560,"height":1707},{"@type":"BreadcrumbList","@id":"https:\/\/bio4you.eu\/retseptid\/toode\/habemeajamisvaht\/#breadcrumb","itemListElement":[{"@type":"ListItem","position":1,"name":"Home","item":"https:\/\/bio4you.eu\/retseptid\/"},{"@type":"ListItem","position":2,"name":"Habemeajamisvaht Marseille seebiga"}]},{"@type":"WebSite","@id":"https:\/\/bio4you.eu\/retseptid\/#website","url":"https:\/\/bio4you.eu\/retseptid\/","name":"bio4you.eu\/retseptid","description":"\u00d6ko retseptid ise tegemiseks, looduslikest koostisainetest. Maitsev toit, iluhooldus, kodupuhastus ja aiandus.","potentialAction":[{"@type":"SearchAction","target":{"@type":"EntryPoint","urlTemplate":"https:\/\/bio4you.eu\/retseptid\/?s={search_term_string}"},"query-input":"required name=search_term_string"}],"inLanguage":"et"}]}},"_links":{"self":[{"href":"https:\/\/bio4you.eu\/retseptid\/wp-json\/wp\/v2\/product\/1750"}],"collection":[{"href":"https:\/\/bio4you.eu\/retseptid\/wp-json\/wp\/v2\/product"}],"about":[{"href":"https:\/\/bio4you.eu\/retseptid\/wp-json\/wp\/v2\/types\/product"}],"replies":[{"embeddable":true,"href":"https:\/\/bio4you.eu\/retseptid\/wp-json\/wp\/v2\/comments?post=1750"}],"wp:featuredmedia":[{"embeddable":true,"href":"https:\/\/bio4you.eu\/retseptid\/wp-json\/wp\/v2\/media\/3741"}],"wp:attachment":[{"href":"https:\/\/bio4you.eu\/retseptid\/wp-json\/wp\/v2\/media?parent=1750"}],"wp:term":[{"taxonomy":"product_cat","embeddable":true,"href":"https:\/\/bio4you.eu\/retseptid\/wp-json\/wp\/v2\/product_cat?post=1750"},{"taxonomy":"product_tag","embeddable":true,"href":"https:\/\/bio4you.eu\/retseptid\/wp-json\/wp\/v2\/product_tag?post=1750"}],"curies":[{"name":"wp","href":"https:\/\/api.w.org\/{rel}","templated":true}]}}