{"id":1753,"date":"2014-01-26T14:43:07","date_gmt":"2014-01-26T12:43:07","guid":{"rendered":"https:\/\/bio4you.eu\/retseptid\/?post_type=product&#038;p=1753"},"modified":"2016-10-13T13:03:26","modified_gmt":"2016-10-13T10:03:26","slug":"katlakivi-eemaldaja-kahhelkividelt-kraanikaussidelt","status":"publish","type":"product","link":"https:\/\/bio4you.eu\/retseptid\/toode\/katlakivi-eemaldaja-kahhelkividelt-kraanikaussidelt\/","title":{"rendered":"Katlakivi eemaldaja kahhelkividelt, kraanikaussidelt"},"content":{"rendered":"<p>VALMISTAMINE:<\/p>\n<p>V\u00f5ta 350-400 g sidrunhapet 1 liitri vee kohta. Lahusta graanulid vees ja pane pritsiga pudelisse.<\/p>\n<p>Sobib katlakivi eemaldamiseks. Pritsi san-tehnikale, kraanikaussidele, kahhelkividele. Lase m\u00f5juda 2 minutit ja puhasta lapiga.<\/p>\n<p><strong>Katlakivi eemaldamine triikrauast:\u00a0<\/strong>Vala katlakivi eemaldamise vedelik triikraua veehoidikusse. Kuumuta triikraud ja k\u00e4ivita aurureziim. L\u00fclita peale auru v\u00e4ljumist triikraud v\u00e4lja, lase jahtuda, loputa veega ja lase kuivada. Vajadusel v\u00f5id enne aurutamist lasta segul natukene m\u00f5juda.<\/p>\n<p><strong>Veekeetjale:<\/strong> T\u00e4ida veekeetja veega. Lisa paar supilusikat\u00e4it sidrunhapet. Lase vesi keema. Lase keenud veel veekeetjas jahtuda ja siis veel veidi seista. T\u00fchjenda, eemalda viimased katlakivi j\u00e4\u00e4gid lapiga.<\/p>\n","protected":false},"excerpt":{"rendered":"<p>Vaja l\u00e4heb:<\/p>\n<ul>\n<li><a href=\"http:\/\/bio4you.eu\/et\/puhas-kodu\/1448-sidrunhape-500g-greenatural.html?search_query=sidrun&amp;results=176\" target=\"_blank\"><span style=\"color: #99cc00;\">sidrunhapet<\/span><\/a><\/li>\n<li>vett<\/li>\n<\/ul>\n","protected":false},"featured_media":3372,"comment_status":"closed","ping_status":"closed","template":"","meta":{"_exactmetrics_skip_tracking":false,"_exactmetrics_sitenote_active":false,"_exactmetrics_sitenote_note":"","_exactmetrics_sitenote_category":0},"product_cat":[62],"product_tag":[161,162,163],"class_list":{"0":"post-1753","1":"product","2":"type-product","3":"status-publish","4":"has-post-thumbnail","6":"product_cat-kodu-ja-aiandus","7":"product_tag-katlakivi","8":"product_tag-katlakivi-eemaldamine","9":"product_tag-sidrunhape","11":"first","12":"instock","13":"shipping-taxable","14":"product-type-simple"},"yoast_head":"<!-- This site is optimized with the Yoast SEO plugin v23.3 - https:\/\/yoast.com\/wordpress\/plugins\/seo\/ -->\n<title>Katlakivi eemaldaja kahhelkividelt, kraanikaussidelt - bio4you.eu\/retseptid<\/title>\n<meta name=\"description\" content=\"Katlakivi eemaldaja kahhelkividelt, kraanikaussidelt\" \/>\n<meta name=\"robots\" content=\"index, follow, max-snippet:-1, max-image-preview:large, max-video-preview:-1\" \/>\n<link rel=\"canonical\" href=\"https:\/\/bio4you.eu\/retseptid\/toode\/katlakivi-eemaldaja-kahhelkividelt-kraanikaussidelt\/\" \/>\n<meta property=\"og:locale\" content=\"et_EE\" \/>\n<meta property=\"og:type\" content=\"article\" \/>\n<meta property=\"og:title\" content=\"Katlakivi eemaldaja kahhelkividelt, kraanikaussidelt - bio4you.eu\/retseptid\" \/>\n<meta property=\"og:description\" content=\"Katlakivi eemaldaja kahhelkividelt, kraanikaussidelt\" \/>\n<meta property=\"og:url\" content=\"https:\/\/bio4you.eu\/retseptid\/toode\/katlakivi-eemaldaja-kahhelkividelt-kraanikaussidelt\/\" \/>\n<meta property=\"og:site_name\" content=\"bio4you.eu\/retseptid\" \/>\n<meta property=\"article:modified_time\" content=\"2016-10-13T10:03:26+00:00\" \/>\n<meta property=\"og:image\" content=\"https:\/\/bio4you.eu\/retseptid\/wp-content\/uploads\/2014\/01\/handshower_quick-clean_730x411.jpg\" \/>\n\t<meta property=\"og:image:width\" content=\"730\" \/>\n\t<meta property=\"og:image:height\" content=\"411\" \/>\n\t<meta property=\"og:image:type\" content=\"image\/jpeg\" \/>\n<meta name=\"twitter:label1\" content=\"Est. reading time\" \/>\n\t<meta name=\"twitter:data1\" content=\"1 minut\" \/>\n<script type=\"application\/ld+json\" class=\"yoast-schema-graph\">{\"@context\":\"https:\/\/schema.org\",\"@graph\":[{\"@type\":\"WebPage\",\"@id\":\"https:\/\/bio4you.eu\/retseptid\/toode\/katlakivi-eemaldaja-kahhelkividelt-kraanikaussidelt\/\",\"url\":\"https:\/\/bio4you.eu\/retseptid\/toode\/katlakivi-eemaldaja-kahhelkividelt-kraanikaussidelt\/\",\"name\":\"Katlakivi eemaldaja kahhelkividelt, kraanikaussidelt - bio4you.eu\/retseptid\",\"isPartOf\":{\"@id\":\"https:\/\/bio4you.eu\/retseptid\/#website\"},\"primaryImageOfPage\":{\"@id\":\"https:\/\/bio4you.eu\/retseptid\/toode\/katlakivi-eemaldaja-kahhelkividelt-kraanikaussidelt\/#primaryimage\"},\"image\":{\"@id\":\"https:\/\/bio4you.eu\/retseptid\/toode\/katlakivi-eemaldaja-kahhelkividelt-kraanikaussidelt\/#primaryimage\"},\"thumbnailUrl\":\"https:\/\/bio4you.eu\/retseptid\/wp-content\/uploads\/2014\/01\/handshower_quick-clean_730x411.jpg\",\"datePublished\":\"2014-01-26T12:43:07+00:00\",\"dateModified\":\"2016-10-13T10:03:26+00:00\",\"description\":\"Katlakivi eemaldaja kahhelkividelt, kraanikaussidelt\",\"breadcrumb\":{\"@id\":\"https:\/\/bio4you.eu\/retseptid\/toode\/katlakivi-eemaldaja-kahhelkividelt-kraanikaussidelt\/#breadcrumb\"},\"inLanguage\":\"et\",\"potentialAction\":[{\"@type\":\"ReadAction\",\"target\":[\"https:\/\/bio4you.eu\/retseptid\/toode\/katlakivi-eemaldaja-kahhelkividelt-kraanikaussidelt\/\"]}]},{\"@type\":\"ImageObject\",\"inLanguage\":\"et\",\"@id\":\"https:\/\/bio4you.eu\/retseptid\/toode\/katlakivi-eemaldaja-kahhelkividelt-kraanikaussidelt\/#primaryimage\",\"url\":\"https:\/\/bio4you.eu\/retseptid\/wp-content\/uploads\/2014\/01\/handshower_quick-clean_730x411.jpg\",\"contentUrl\":\"https:\/\/bio4you.eu\/retseptid\/wp-content\/uploads\/2014\/01\/handshower_quick-clean_730x411.jpg\",\"width\":730,\"height\":411},{\"@type\":\"BreadcrumbList\",\"@id\":\"https:\/\/bio4you.eu\/retseptid\/toode\/katlakivi-eemaldaja-kahhelkividelt-kraanikaussidelt\/#breadcrumb\",\"itemListElement\":[{\"@type\":\"ListItem\",\"position\":1,\"name\":\"Home\",\"item\":\"https:\/\/bio4you.eu\/retseptid\/\"},{\"@type\":\"ListItem\",\"position\":2,\"name\":\"Katlakivi eemaldaja kahhelkividelt, kraanikaussidelt\"}]},{\"@type\":\"WebSite\",\"@id\":\"https:\/\/bio4you.eu\/retseptid\/#website\",\"url\":\"https:\/\/bio4you.eu\/retseptid\/\",\"name\":\"bio4you.eu\/retseptid\",\"description\":\"\u00d6ko retseptid ise tegemiseks, looduslikest koostisainetest. Maitsev toit, iluhooldus, kodupuhastus ja aiandus.\",\"potentialAction\":[{\"@type\":\"SearchAction\",\"target\":{\"@type\":\"EntryPoint\",\"urlTemplate\":\"https:\/\/bio4you.eu\/retseptid\/?s={search_term_string}\"},\"query-input\":\"required name=search_term_string\"}],\"inLanguage\":\"et\"}]}<\/script>\n<!-- \/ Yoast SEO plugin. -->","yoast_head_json":{"title":"Katlakivi eemaldaja kahhelkividelt, kraanikaussidelt - bio4you.eu\/retseptid","description":"Katlakivi eemaldaja kahhelkividelt, kraanikaussidelt","robots":{"index":"index","follow":"follow","max-snippet":"max-snippet:-1","max-image-preview":"max-image-preview:large","max-video-preview":"max-video-preview:-1"},"canonical":"https:\/\/bio4you.eu\/retseptid\/toode\/katlakivi-eemaldaja-kahhelkividelt-kraanikaussidelt\/","og_locale":"et_EE","og_type":"article","og_title":"Katlakivi eemaldaja kahhelkividelt, kraanikaussidelt - bio4you.eu\/retseptid","og_description":"Katlakivi eemaldaja kahhelkividelt, kraanikaussidelt","og_url":"https:\/\/bio4you.eu\/retseptid\/toode\/katlakivi-eemaldaja-kahhelkividelt-kraanikaussidelt\/","og_site_name":"bio4you.eu\/retseptid","article_modified_time":"2016-10-13T10:03:26+00:00","og_image":[{"width":730,"height":411,"url":"https:\/\/bio4you.eu\/retseptid\/wp-content\/uploads\/2014\/01\/handshower_quick-clean_730x411.jpg","type":"image\/jpeg"}],"twitter_misc":{"Est. reading time":"1 minut"},"schema":{"@context":"https:\/\/schema.org","@graph":[{"@type":"WebPage","@id":"https:\/\/bio4you.eu\/retseptid\/toode\/katlakivi-eemaldaja-kahhelkividelt-kraanikaussidelt\/","url":"https:\/\/bio4you.eu\/retseptid\/toode\/katlakivi-eemaldaja-kahhelkividelt-kraanikaussidelt\/","name":"Katlakivi eemaldaja kahhelkividelt, kraanikaussidelt - bio4you.eu\/retseptid","isPartOf":{"@id":"https:\/\/bio4you.eu\/retseptid\/#website"},"primaryImageOfPage":{"@id":"https:\/\/bio4you.eu\/retseptid\/toode\/katlakivi-eemaldaja-kahhelkividelt-kraanikaussidelt\/#primaryimage"},"image":{"@id":"https:\/\/bio4you.eu\/retseptid\/toode\/katlakivi-eemaldaja-kahhelkividelt-kraanikaussidelt\/#primaryimage"},"thumbnailUrl":"https:\/\/bio4you.eu\/retseptid\/wp-content\/uploads\/2014\/01\/handshower_quick-clean_730x411.jpg","datePublished":"2014-01-26T12:43:07+00:00","dateModified":"2016-10-13T10:03:26+00:00","description":"Katlakivi eemaldaja kahhelkividelt, kraanikaussidelt","breadcrumb":{"@id":"https:\/\/bio4you.eu\/retseptid\/toode\/katlakivi-eemaldaja-kahhelkividelt-kraanikaussidelt\/#breadcrumb"},"inLanguage":"et","potentialAction":[{"@type":"ReadAction","target":["https:\/\/bio4you.eu\/retseptid\/toode\/katlakivi-eemaldaja-kahhelkividelt-kraanikaussidelt\/"]}]},{"@type":"ImageObject","inLanguage":"et","@id":"https:\/\/bio4you.eu\/retseptid\/toode\/katlakivi-eemaldaja-kahhelkividelt-kraanikaussidelt\/#primaryimage","url":"https:\/\/bio4you.eu\/retseptid\/wp-content\/uploads\/2014\/01\/handshower_quick-clean_730x411.jpg","contentUrl":"https:\/\/bio4you.eu\/retseptid\/wp-content\/uploads\/2014\/01\/handshower_quick-clean_730x411.jpg","width":730,"height":411},{"@type":"BreadcrumbList","@id":"https:\/\/bio4you.eu\/retseptid\/toode\/katlakivi-eemaldaja-kahhelkividelt-kraanikaussidelt\/#breadcrumb","itemListElement":[{"@type":"ListItem","position":1,"name":"Home","item":"https:\/\/bio4you.eu\/retseptid\/"},{"@type":"ListItem","position":2,"name":"Katlakivi eemaldaja kahhelkividelt, kraanikaussidelt"}]},{"@type":"WebSite","@id":"https:\/\/bio4you.eu\/retseptid\/#website","url":"https:\/\/bio4you.eu\/retseptid\/","name":"bio4you.eu\/retseptid","description":"\u00d6ko retseptid ise tegemiseks, looduslikest koostisainetest. Maitsev toit, iluhooldus, kodupuhastus ja aiandus.","potentialAction":[{"@type":"SearchAction","target":{"@type":"EntryPoint","urlTemplate":"https:\/\/bio4you.eu\/retseptid\/?s={search_term_string}"},"query-input":"required name=search_term_string"}],"inLanguage":"et"}]}},"_links":{"self":[{"href":"https:\/\/bio4you.eu\/retseptid\/wp-json\/wp\/v2\/product\/1753"}],"collection":[{"href":"https:\/\/bio4you.eu\/retseptid\/wp-json\/wp\/v2\/product"}],"about":[{"href":"https:\/\/bio4you.eu\/retseptid\/wp-json\/wp\/v2\/types\/product"}],"replies":[{"embeddable":true,"href":"https:\/\/bio4you.eu\/retseptid\/wp-json\/wp\/v2\/comments?post=1753"}],"wp:featuredmedia":[{"embeddable":true,"href":"https:\/\/bio4you.eu\/retseptid\/wp-json\/wp\/v2\/media\/3372"}],"wp:attachment":[{"href":"https:\/\/bio4you.eu\/retseptid\/wp-json\/wp\/v2\/media?parent=1753"}],"wp:term":[{"taxonomy":"product_cat","embeddable":true,"href":"https:\/\/bio4you.eu\/retseptid\/wp-json\/wp\/v2\/product_cat?post=1753"},{"taxonomy":"product_tag","embeddable":true,"href":"https:\/\/bio4you.eu\/retseptid\/wp-json\/wp\/v2\/product_tag?post=1753"}],"curies":[{"name":"wp","href":"https:\/\/api.w.org\/{rel}","templated":true}]}}