{"id":1757,"date":"2014-01-26T15:17:34","date_gmt":"2014-01-26T13:17:34","guid":{"rendered":"https:\/\/bio4you.eu\/retseptid\/?post_type=product&#038;p=1757"},"modified":"2018-03-12T14:38:51","modified_gmt":"2018-03-12T12:38:51","slug":"pesu-ja-noudepesumasina-puhastamine","status":"publish","type":"product","link":"https:\/\/bio4you.eu\/retseptid\/toode\/pesu-ja-noudepesumasina-puhastamine\/","title":{"rendered":"Pesu- ja n\u00f5udepesumasina puhastamine"},"content":{"rendered":"<p>&nbsp;<\/p>\n<p>Kasuta 75-100 g sidrunhappe graanuleid pesumasina ja n\u00f5udepesumasina perioodiliseks puhastamiseks. Vala puhtad graanulid pesuvahendi sahtlisse ja lase masinal t\u00f6\u00f6tada ilma pesu\/n\u00f5udeta 60-90 kraadi juures.<\/p>\n<p>&nbsp;<\/p>\n","protected":false},"excerpt":{"rendered":"<p>Vaja l\u00e4heb:<\/p>\n<ul>\n<li><a href=\"http:\/\/www.bio4you.eu\/et\/isetehtud-kosmeetika\/1448-sidrunhape-500g-greenatural.html\" target=\"_blank\" rel=\"noopener\"><span style=\"color: #99cc00;\">Sidrunhapet<\/span><\/a><\/li>\n<\/ul>\n","protected":false},"featured_media":3378,"comment_status":"closed","ping_status":"closed","template":"","meta":{"_exactmetrics_skip_tracking":false,"_exactmetrics_sitenote_active":false,"_exactmetrics_sitenote_note":"","_exactmetrics_sitenote_category":0},"product_cat":[62,64],"product_tag":[164,163],"class_list":{"0":"post-1757","1":"product","2":"type-product","3":"status-publish","4":"has-post-thumbnail","6":"product_cat-kodu-ja-aiandus","7":"product_cat-kodupuhastus","8":"product_tag-bio-kodupuhastus","9":"product_tag-sidrunhape","11":"first","12":"instock","13":"shipping-taxable","14":"product-type-simple"},"yoast_head":"<!-- This site is optimized with the Yoast SEO plugin v23.3 - https:\/\/yoast.com\/wordpress\/plugins\/seo\/ -->\n<title>Pesu- ja n\u00f5udepesumasina puhastamine - bio4you.eu\/retseptid<\/title>\n<meta name=\"description\" content=\"pesu-ja n\u00f5udepesumasina puhastamine\" \/>\n<meta name=\"robots\" content=\"index, follow, max-snippet:-1, max-image-preview:large, max-video-preview:-1\" \/>\n<link rel=\"canonical\" href=\"https:\/\/bio4you.eu\/retseptid\/toode\/pesu-ja-noudepesumasina-puhastamine\/\" \/>\n<meta property=\"og:locale\" content=\"et_EE\" \/>\n<meta property=\"og:type\" content=\"article\" \/>\n<meta property=\"og:title\" content=\"Pesu- ja n\u00f5udepesumasina puhastamine - bio4you.eu\/retseptid\" \/>\n<meta property=\"og:description\" content=\"pesu-ja n\u00f5udepesumasina puhastamine\" \/>\n<meta property=\"og:url\" content=\"https:\/\/bio4you.eu\/retseptid\/toode\/pesu-ja-noudepesumasina-puhastamine\/\" \/>\n<meta property=\"og:site_name\" content=\"bio4you.eu\/retseptid\" \/>\n<meta property=\"article:modified_time\" content=\"2018-03-12T12:38:51+00:00\" \/>\n<meta property=\"og:image\" content=\"https:\/\/bio4you.eu\/retseptid\/wp-content\/uploads\/2014\/01\/W020150202397926766703.png\" \/>\n\t<meta property=\"og:image:width\" content=\"1200\" \/>\n\t<meta property=\"og:image:height\" content=\"1200\" \/>\n\t<meta property=\"og:image:type\" content=\"image\/png\" \/>\n<script type=\"application\/ld+json\" class=\"yoast-schema-graph\">{\"@context\":\"https:\/\/schema.org\",\"@graph\":[{\"@type\":\"WebPage\",\"@id\":\"https:\/\/bio4you.eu\/retseptid\/toode\/pesu-ja-noudepesumasina-puhastamine\/\",\"url\":\"https:\/\/bio4you.eu\/retseptid\/toode\/pesu-ja-noudepesumasina-puhastamine\/\",\"name\":\"Pesu- ja n\u00f5udepesumasina puhastamine - bio4you.eu\/retseptid\",\"isPartOf\":{\"@id\":\"https:\/\/bio4you.eu\/retseptid\/#website\"},\"primaryImageOfPage\":{\"@id\":\"https:\/\/bio4you.eu\/retseptid\/toode\/pesu-ja-noudepesumasina-puhastamine\/#primaryimage\"},\"image\":{\"@id\":\"https:\/\/bio4you.eu\/retseptid\/toode\/pesu-ja-noudepesumasina-puhastamine\/#primaryimage\"},\"thumbnailUrl\":\"https:\/\/bio4you.eu\/retseptid\/wp-content\/uploads\/2014\/01\/W020150202397926766703.png\",\"datePublished\":\"2014-01-26T13:17:34+00:00\",\"dateModified\":\"2018-03-12T12:38:51+00:00\",\"description\":\"pesu-ja n\u00f5udepesumasina puhastamine\",\"breadcrumb\":{\"@id\":\"https:\/\/bio4you.eu\/retseptid\/toode\/pesu-ja-noudepesumasina-puhastamine\/#breadcrumb\"},\"inLanguage\":\"et\",\"potentialAction\":[{\"@type\":\"ReadAction\",\"target\":[\"https:\/\/bio4you.eu\/retseptid\/toode\/pesu-ja-noudepesumasina-puhastamine\/\"]}]},{\"@type\":\"ImageObject\",\"inLanguage\":\"et\",\"@id\":\"https:\/\/bio4you.eu\/retseptid\/toode\/pesu-ja-noudepesumasina-puhastamine\/#primaryimage\",\"url\":\"https:\/\/bio4you.eu\/retseptid\/wp-content\/uploads\/2014\/01\/W020150202397926766703.png\",\"contentUrl\":\"https:\/\/bio4you.eu\/retseptid\/wp-content\/uploads\/2014\/01\/W020150202397926766703.png\",\"width\":1200,\"height\":1200},{\"@type\":\"BreadcrumbList\",\"@id\":\"https:\/\/bio4you.eu\/retseptid\/toode\/pesu-ja-noudepesumasina-puhastamine\/#breadcrumb\",\"itemListElement\":[{\"@type\":\"ListItem\",\"position\":1,\"name\":\"Home\",\"item\":\"https:\/\/bio4you.eu\/retseptid\/\"},{\"@type\":\"ListItem\",\"position\":2,\"name\":\"Pesu- ja n\u00f5udepesumasina puhastamine\"}]},{\"@type\":\"WebSite\",\"@id\":\"https:\/\/bio4you.eu\/retseptid\/#website\",\"url\":\"https:\/\/bio4you.eu\/retseptid\/\",\"name\":\"bio4you.eu\/retseptid\",\"description\":\"\u00d6ko retseptid ise tegemiseks, looduslikest koostisainetest. Maitsev toit, iluhooldus, kodupuhastus ja aiandus.\",\"potentialAction\":[{\"@type\":\"SearchAction\",\"target\":{\"@type\":\"EntryPoint\",\"urlTemplate\":\"https:\/\/bio4you.eu\/retseptid\/?s={search_term_string}\"},\"query-input\":\"required name=search_term_string\"}],\"inLanguage\":\"et\"}]}<\/script>\n<!-- \/ Yoast SEO plugin. -->","yoast_head_json":{"title":"Pesu- ja n\u00f5udepesumasina puhastamine - bio4you.eu\/retseptid","description":"pesu-ja n\u00f5udepesumasina puhastamine","robots":{"index":"index","follow":"follow","max-snippet":"max-snippet:-1","max-image-preview":"max-image-preview:large","max-video-preview":"max-video-preview:-1"},"canonical":"https:\/\/bio4you.eu\/retseptid\/toode\/pesu-ja-noudepesumasina-puhastamine\/","og_locale":"et_EE","og_type":"article","og_title":"Pesu- ja n\u00f5udepesumasina puhastamine - bio4you.eu\/retseptid","og_description":"pesu-ja n\u00f5udepesumasina puhastamine","og_url":"https:\/\/bio4you.eu\/retseptid\/toode\/pesu-ja-noudepesumasina-puhastamine\/","og_site_name":"bio4you.eu\/retseptid","article_modified_time":"2018-03-12T12:38:51+00:00","og_image":[{"width":1200,"height":1200,"url":"https:\/\/bio4you.eu\/retseptid\/wp-content\/uploads\/2014\/01\/W020150202397926766703.png","type":"image\/png"}],"schema":{"@context":"https:\/\/schema.org","@graph":[{"@type":"WebPage","@id":"https:\/\/bio4you.eu\/retseptid\/toode\/pesu-ja-noudepesumasina-puhastamine\/","url":"https:\/\/bio4you.eu\/retseptid\/toode\/pesu-ja-noudepesumasina-puhastamine\/","name":"Pesu- ja n\u00f5udepesumasina puhastamine - bio4you.eu\/retseptid","isPartOf":{"@id":"https:\/\/bio4you.eu\/retseptid\/#website"},"primaryImageOfPage":{"@id":"https:\/\/bio4you.eu\/retseptid\/toode\/pesu-ja-noudepesumasina-puhastamine\/#primaryimage"},"image":{"@id":"https:\/\/bio4you.eu\/retseptid\/toode\/pesu-ja-noudepesumasina-puhastamine\/#primaryimage"},"thumbnailUrl":"https:\/\/bio4you.eu\/retseptid\/wp-content\/uploads\/2014\/01\/W020150202397926766703.png","datePublished":"2014-01-26T13:17:34+00:00","dateModified":"2018-03-12T12:38:51+00:00","description":"pesu-ja n\u00f5udepesumasina puhastamine","breadcrumb":{"@id":"https:\/\/bio4you.eu\/retseptid\/toode\/pesu-ja-noudepesumasina-puhastamine\/#breadcrumb"},"inLanguage":"et","potentialAction":[{"@type":"ReadAction","target":["https:\/\/bio4you.eu\/retseptid\/toode\/pesu-ja-noudepesumasina-puhastamine\/"]}]},{"@type":"ImageObject","inLanguage":"et","@id":"https:\/\/bio4you.eu\/retseptid\/toode\/pesu-ja-noudepesumasina-puhastamine\/#primaryimage","url":"https:\/\/bio4you.eu\/retseptid\/wp-content\/uploads\/2014\/01\/W020150202397926766703.png","contentUrl":"https:\/\/bio4you.eu\/retseptid\/wp-content\/uploads\/2014\/01\/W020150202397926766703.png","width":1200,"height":1200},{"@type":"BreadcrumbList","@id":"https:\/\/bio4you.eu\/retseptid\/toode\/pesu-ja-noudepesumasina-puhastamine\/#breadcrumb","itemListElement":[{"@type":"ListItem","position":1,"name":"Home","item":"https:\/\/bio4you.eu\/retseptid\/"},{"@type":"ListItem","position":2,"name":"Pesu- ja n\u00f5udepesumasina puhastamine"}]},{"@type":"WebSite","@id":"https:\/\/bio4you.eu\/retseptid\/#website","url":"https:\/\/bio4you.eu\/retseptid\/","name":"bio4you.eu\/retseptid","description":"\u00d6ko retseptid ise tegemiseks, looduslikest koostisainetest. Maitsev toit, iluhooldus, kodupuhastus ja aiandus.","potentialAction":[{"@type":"SearchAction","target":{"@type":"EntryPoint","urlTemplate":"https:\/\/bio4you.eu\/retseptid\/?s={search_term_string}"},"query-input":"required name=search_term_string"}],"inLanguage":"et"}]}},"_links":{"self":[{"href":"https:\/\/bio4you.eu\/retseptid\/wp-json\/wp\/v2\/product\/1757"}],"collection":[{"href":"https:\/\/bio4you.eu\/retseptid\/wp-json\/wp\/v2\/product"}],"about":[{"href":"https:\/\/bio4you.eu\/retseptid\/wp-json\/wp\/v2\/types\/product"}],"replies":[{"embeddable":true,"href":"https:\/\/bio4you.eu\/retseptid\/wp-json\/wp\/v2\/comments?post=1757"}],"wp:featuredmedia":[{"embeddable":true,"href":"https:\/\/bio4you.eu\/retseptid\/wp-json\/wp\/v2\/media\/3378"}],"wp:attachment":[{"href":"https:\/\/bio4you.eu\/retseptid\/wp-json\/wp\/v2\/media?parent=1757"}],"wp:term":[{"taxonomy":"product_cat","embeddable":true,"href":"https:\/\/bio4you.eu\/retseptid\/wp-json\/wp\/v2\/product_cat?post=1757"},{"taxonomy":"product_tag","embeddable":true,"href":"https:\/\/bio4you.eu\/retseptid\/wp-json\/wp\/v2\/product_tag?post=1757"}],"curies":[{"name":"wp","href":"https:\/\/api.w.org\/{rel}","templated":true}]}}