{"id":1760,"date":"2014-01-26T15:24:53","date_gmt":"2014-01-26T13:24:53","guid":{"rendered":"https:\/\/bio4you.eu\/retseptid\/?post_type=product&#038;p=1760"},"modified":"2016-10-17T12:27:01","modified_gmt":"2016-10-17T09:27:01","slug":"tualeti-puhastamine","status":"publish","type":"product","link":"https:\/\/bio4you.eu\/retseptid\/toode\/tualeti-puhastamine\/","title":{"rendered":"Tualeti puhastamine"},"content":{"rendered":"<p>VALMISTAMINE:<\/p>\n<p>Vala potti segu 50-75 g sidrunhappe ja 1 liitri veega. J\u00e4ta seisma kogu \u00f6\u00f6ks.<\/p>\n<p>&nbsp;<\/p>\n","protected":false},"excerpt":{"rendered":"<p>Vaja l\u00e4heb:<\/p>\n<ul>\n<li><a href=\"http:\/\/www.bio4you.eu\/et\/isetehtud-kosmeetika\/1448-sidrunhape-500g-greenatural.html\" target=\"_blank\"><span style=\"color: #99cc00;\">Sidrunhapet<\/span><\/a><\/li>\n<li>Vett<\/li>\n<\/ul>\n","protected":false},"featured_media":3386,"comment_status":"closed","ping_status":"closed","template":"","meta":{"_exactmetrics_skip_tracking":false,"_exactmetrics_sitenote_active":false,"_exactmetrics_sitenote_note":"","_exactmetrics_sitenote_category":0},"product_cat":[62],"product_tag":[164,163],"class_list":{"0":"post-1760","1":"product","2":"type-product","3":"status-publish","4":"has-post-thumbnail","6":"product_cat-kodu-ja-aiandus","7":"product_tag-bio-kodupuhastus","8":"product_tag-sidrunhape","10":"first","11":"instock","12":"shipping-taxable","13":"product-type-simple"},"yoast_head":"<!-- This site is optimized with the Yoast SEO plugin v23.3 - https:\/\/yoast.com\/wordpress\/plugins\/seo\/ -->\n<title>Tualeti puhastamine - bio4you.eu\/retseptid<\/title>\n<meta name=\"description\" content=\"tualeti puhastamine\" \/>\n<meta name=\"robots\" content=\"index, follow, max-snippet:-1, max-image-preview:large, max-video-preview:-1\" \/>\n<link rel=\"canonical\" href=\"https:\/\/bio4you.eu\/retseptid\/toode\/tualeti-puhastamine\/\" \/>\n<meta property=\"og:locale\" content=\"et_EE\" \/>\n<meta property=\"og:type\" content=\"article\" \/>\n<meta property=\"og:title\" content=\"Tualeti puhastamine - bio4you.eu\/retseptid\" \/>\n<meta property=\"og:description\" content=\"tualeti puhastamine\" \/>\n<meta property=\"og:url\" content=\"https:\/\/bio4you.eu\/retseptid\/toode\/tualeti-puhastamine\/\" \/>\n<meta property=\"og:site_name\" content=\"bio4you.eu\/retseptid\" \/>\n<meta property=\"article:modified_time\" content=\"2016-10-17T09:27:01+00:00\" \/>\n<meta property=\"og:image\" content=\"https:\/\/bio4you.eu\/retseptid\/wp-content\/uploads\/2014\/01\/rs_vitra_s70-alto_toilets_toilet-suites_bottom-inlet-toilet-suite_117114_1.jpg\" \/>\n\t<meta property=\"og:image:width\" content=\"1300\" \/>\n\t<meta property=\"og:image:height\" content=\"1300\" \/>\n\t<meta property=\"og:image:type\" content=\"image\/jpeg\" \/>\n<script type=\"application\/ld+json\" class=\"yoast-schema-graph\">{\"@context\":\"https:\/\/schema.org\",\"@graph\":[{\"@type\":\"WebPage\",\"@id\":\"https:\/\/bio4you.eu\/retseptid\/toode\/tualeti-puhastamine\/\",\"url\":\"https:\/\/bio4you.eu\/retseptid\/toode\/tualeti-puhastamine\/\",\"name\":\"Tualeti puhastamine - bio4you.eu\/retseptid\",\"isPartOf\":{\"@id\":\"https:\/\/bio4you.eu\/retseptid\/#website\"},\"primaryImageOfPage\":{\"@id\":\"https:\/\/bio4you.eu\/retseptid\/toode\/tualeti-puhastamine\/#primaryimage\"},\"image\":{\"@id\":\"https:\/\/bio4you.eu\/retseptid\/toode\/tualeti-puhastamine\/#primaryimage\"},\"thumbnailUrl\":\"https:\/\/bio4you.eu\/retseptid\/wp-content\/uploads\/2014\/01\/rs_vitra_s70-alto_toilets_toilet-suites_bottom-inlet-toilet-suite_117114_1.jpg\",\"datePublished\":\"2014-01-26T13:24:53+00:00\",\"dateModified\":\"2016-10-17T09:27:01+00:00\",\"description\":\"tualeti puhastamine\",\"breadcrumb\":{\"@id\":\"https:\/\/bio4you.eu\/retseptid\/toode\/tualeti-puhastamine\/#breadcrumb\"},\"inLanguage\":\"et\",\"potentialAction\":[{\"@type\":\"ReadAction\",\"target\":[\"https:\/\/bio4you.eu\/retseptid\/toode\/tualeti-puhastamine\/\"]}]},{\"@type\":\"ImageObject\",\"inLanguage\":\"et\",\"@id\":\"https:\/\/bio4you.eu\/retseptid\/toode\/tualeti-puhastamine\/#primaryimage\",\"url\":\"https:\/\/bio4you.eu\/retseptid\/wp-content\/uploads\/2014\/01\/rs_vitra_s70-alto_toilets_toilet-suites_bottom-inlet-toilet-suite_117114_1.jpg\",\"contentUrl\":\"https:\/\/bio4you.eu\/retseptid\/wp-content\/uploads\/2014\/01\/rs_vitra_s70-alto_toilets_toilet-suites_bottom-inlet-toilet-suite_117114_1.jpg\",\"width\":1300,\"height\":1300},{\"@type\":\"BreadcrumbList\",\"@id\":\"https:\/\/bio4you.eu\/retseptid\/toode\/tualeti-puhastamine\/#breadcrumb\",\"itemListElement\":[{\"@type\":\"ListItem\",\"position\":1,\"name\":\"Home\",\"item\":\"https:\/\/bio4you.eu\/retseptid\/\"},{\"@type\":\"ListItem\",\"position\":2,\"name\":\"Tualeti puhastamine\"}]},{\"@type\":\"WebSite\",\"@id\":\"https:\/\/bio4you.eu\/retseptid\/#website\",\"url\":\"https:\/\/bio4you.eu\/retseptid\/\",\"name\":\"bio4you.eu\/retseptid\",\"description\":\"\u00d6ko retseptid ise tegemiseks, looduslikest koostisainetest. Maitsev toit, iluhooldus, kodupuhastus ja aiandus.\",\"potentialAction\":[{\"@type\":\"SearchAction\",\"target\":{\"@type\":\"EntryPoint\",\"urlTemplate\":\"https:\/\/bio4you.eu\/retseptid\/?s={search_term_string}\"},\"query-input\":\"required name=search_term_string\"}],\"inLanguage\":\"et\"}]}<\/script>\n<!-- \/ Yoast SEO plugin. -->","yoast_head_json":{"title":"Tualeti puhastamine - bio4you.eu\/retseptid","description":"tualeti puhastamine","robots":{"index":"index","follow":"follow","max-snippet":"max-snippet:-1","max-image-preview":"max-image-preview:large","max-video-preview":"max-video-preview:-1"},"canonical":"https:\/\/bio4you.eu\/retseptid\/toode\/tualeti-puhastamine\/","og_locale":"et_EE","og_type":"article","og_title":"Tualeti puhastamine - bio4you.eu\/retseptid","og_description":"tualeti puhastamine","og_url":"https:\/\/bio4you.eu\/retseptid\/toode\/tualeti-puhastamine\/","og_site_name":"bio4you.eu\/retseptid","article_modified_time":"2016-10-17T09:27:01+00:00","og_image":[{"width":1300,"height":1300,"url":"https:\/\/bio4you.eu\/retseptid\/wp-content\/uploads\/2014\/01\/rs_vitra_s70-alto_toilets_toilet-suites_bottom-inlet-toilet-suite_117114_1.jpg","type":"image\/jpeg"}],"schema":{"@context":"https:\/\/schema.org","@graph":[{"@type":"WebPage","@id":"https:\/\/bio4you.eu\/retseptid\/toode\/tualeti-puhastamine\/","url":"https:\/\/bio4you.eu\/retseptid\/toode\/tualeti-puhastamine\/","name":"Tualeti puhastamine - bio4you.eu\/retseptid","isPartOf":{"@id":"https:\/\/bio4you.eu\/retseptid\/#website"},"primaryImageOfPage":{"@id":"https:\/\/bio4you.eu\/retseptid\/toode\/tualeti-puhastamine\/#primaryimage"},"image":{"@id":"https:\/\/bio4you.eu\/retseptid\/toode\/tualeti-puhastamine\/#primaryimage"},"thumbnailUrl":"https:\/\/bio4you.eu\/retseptid\/wp-content\/uploads\/2014\/01\/rs_vitra_s70-alto_toilets_toilet-suites_bottom-inlet-toilet-suite_117114_1.jpg","datePublished":"2014-01-26T13:24:53+00:00","dateModified":"2016-10-17T09:27:01+00:00","description":"tualeti puhastamine","breadcrumb":{"@id":"https:\/\/bio4you.eu\/retseptid\/toode\/tualeti-puhastamine\/#breadcrumb"},"inLanguage":"et","potentialAction":[{"@type":"ReadAction","target":["https:\/\/bio4you.eu\/retseptid\/toode\/tualeti-puhastamine\/"]}]},{"@type":"ImageObject","inLanguage":"et","@id":"https:\/\/bio4you.eu\/retseptid\/toode\/tualeti-puhastamine\/#primaryimage","url":"https:\/\/bio4you.eu\/retseptid\/wp-content\/uploads\/2014\/01\/rs_vitra_s70-alto_toilets_toilet-suites_bottom-inlet-toilet-suite_117114_1.jpg","contentUrl":"https:\/\/bio4you.eu\/retseptid\/wp-content\/uploads\/2014\/01\/rs_vitra_s70-alto_toilets_toilet-suites_bottom-inlet-toilet-suite_117114_1.jpg","width":1300,"height":1300},{"@type":"BreadcrumbList","@id":"https:\/\/bio4you.eu\/retseptid\/toode\/tualeti-puhastamine\/#breadcrumb","itemListElement":[{"@type":"ListItem","position":1,"name":"Home","item":"https:\/\/bio4you.eu\/retseptid\/"},{"@type":"ListItem","position":2,"name":"Tualeti puhastamine"}]},{"@type":"WebSite","@id":"https:\/\/bio4you.eu\/retseptid\/#website","url":"https:\/\/bio4you.eu\/retseptid\/","name":"bio4you.eu\/retseptid","description":"\u00d6ko retseptid ise tegemiseks, looduslikest koostisainetest. Maitsev toit, iluhooldus, kodupuhastus ja aiandus.","potentialAction":[{"@type":"SearchAction","target":{"@type":"EntryPoint","urlTemplate":"https:\/\/bio4you.eu\/retseptid\/?s={search_term_string}"},"query-input":"required name=search_term_string"}],"inLanguage":"et"}]}},"_links":{"self":[{"href":"https:\/\/bio4you.eu\/retseptid\/wp-json\/wp\/v2\/product\/1760"}],"collection":[{"href":"https:\/\/bio4you.eu\/retseptid\/wp-json\/wp\/v2\/product"}],"about":[{"href":"https:\/\/bio4you.eu\/retseptid\/wp-json\/wp\/v2\/types\/product"}],"replies":[{"embeddable":true,"href":"https:\/\/bio4you.eu\/retseptid\/wp-json\/wp\/v2\/comments?post=1760"}],"wp:featuredmedia":[{"embeddable":true,"href":"https:\/\/bio4you.eu\/retseptid\/wp-json\/wp\/v2\/media\/3386"}],"wp:attachment":[{"href":"https:\/\/bio4you.eu\/retseptid\/wp-json\/wp\/v2\/media?parent=1760"}],"wp:term":[{"taxonomy":"product_cat","embeddable":true,"href":"https:\/\/bio4you.eu\/retseptid\/wp-json\/wp\/v2\/product_cat?post=1760"},{"taxonomy":"product_tag","embeddable":true,"href":"https:\/\/bio4you.eu\/retseptid\/wp-json\/wp\/v2\/product_tag?post=1760"}],"curies":[{"name":"wp","href":"https:\/\/api.w.org\/{rel}","templated":true}]}}