{"id":1762,"date":"2014-01-26T15:31:32","date_gmt":"2014-01-26T13:31:32","guid":{"rendered":"https:\/\/bio4you.eu\/retseptid\/?post_type=product&#038;p=1762"},"modified":"2022-05-17T19:55:26","modified_gmt":"2022-05-17T16:55:26","slug":"juusteloputusvahend","status":"publish","type":"product","link":"https:\/\/bio4you.eu\/retseptid\/toode\/juusteloputusvahend\/","title":{"rendered":"Loputusvedelik (karedatele juustele)"},"content":{"rendered":"<p>Kui olete alles alustanud bio-shampoonide kasutamist, siis esialgu kipuvad juuksed peale pesu olema tavap\u00e4raselt kuivemad ja kr\u00e4sus. Seda p\u00f5hjustab silikoonide puudumine bio-shampoonides. Silikoonid, mida tavashampoonid sisaldavad, kinnituvad juuksekarvale ning j\u00e4tavad sellele libeda kihi. Tegelikkuses ei lase silikoon juustel hingata ja juuksed n\u00f5rgenevad ajapikku.<\/p>\n<p>Bio-shampooni kasutamisel silikoonikihti ei teki. Seet\u00f5ttu on juuksed alguses nagu &#8220;alasti&#8221;. Tegelikult nad hakkavad n\u00fc\u00fcd vaikselt kosuma ja eluj\u00f5udu saama, kuid esialgu saate neid siidisemaks muuta isetehtud loputusvedelikuga:<\/p>\n<p><strong>ISETEHTUD LOPUTUSVESI JUUSTELE:\u00a0<\/strong><br \/>\nLahusta 1 liitris jahedas vees n\u00e4puotsat\u00e4is sidrunhapet v\u00f5i\u00a0 2 spl \u00f5una\u00e4\u00e4dikat.<\/p>\n<p><strong>\u00d5una\u00e4\u00e4dikaga\u00a0<\/strong>&#8211;\u00a0Kuigi enamasti hoitakse segu juustel 3-5 minutit ja loputatakse seej\u00e4rel leige veega maha, siis rasuse peanaha puhul v\u00f5ib j\u00e4tta loputusvee juustesse ja masseerida ka peanahka.<\/p>\n<p><strong>Sidruniga<\/strong> &#8211; Lisaks pehmusele, teeb sidrunhape juukseid natuke heledamaks. Kui heledad v\u00f5i hallid juuksed on v\u00f5tnud endasse soovimatuid toone, v\u00f5ib katsetada natukese v\u00f5rra suurema sidrunhappe kogusega ja hoida peas kuni 15 min. Kui teha kangem segu, peab olema ettevaatlik, et segu ei satuks peanahale. Kergemaks pealekandmiseks kasutada n\u00e4iteks vatitupsu v\u00f5i svammi.<\/p>\n<p>&nbsp;<\/p>\n","protected":false},"excerpt":{"rendered":"<p>Vaja l\u00e4heb:<\/p>\n<ul>\n<li><a href=\"http:\/\/bio4you.eu\/et\/puhas-kodu\/1448-sidrunhape-500g-greenatural.html\" target=\"_blank\" rel=\"noopener noreferrer\"><span style=\"color: #99cc00;\">sidrunhape<\/span><\/a><\/li>\n<li><a href=\"https:\/\/bio4you.eu\/et\/otsi?controller=search&amp;order=product.position.desc&amp;s=%C3%B5una%C3%A4%C3%A4dikas&amp;utm_source=bioretsept&amp;utm_medium=retsept&amp;utm_campaign=retsept\" target=\"_blank\" rel=\"noopener noreferrer\"><span style=\"color: #99cc00;\">\u00f5una\u00e4\u00e4dikas<\/span><\/a><\/li>\n<\/ul>\n","protected":false},"featured_media":3958,"comment_status":"closed","ping_status":"closed","template":"","meta":{"_exactmetrics_skip_tracking":false,"_exactmetrics_sitenote_active":false,"_exactmetrics_sitenote_note":"","_exactmetrics_sitenote_category":0},"product_cat":[61,92,96],"product_tag":[],"class_list":{"0":"post-1762","1":"product","2":"type-product","3":"status-publish","4":"has-post-thumbnail","6":"product_cat-ilu-retseptid","7":"product_cat-juuksehooldus","8":"product_cat-juuksevedelikud","10":"first","11":"instock","12":"shipping-taxable","13":"product-type-simple"},"yoast_head":"<!-- This site is optimized with the Yoast SEO plugin v23.3 - https:\/\/yoast.com\/wordpress\/plugins\/seo\/ -->\n<title>Loputusvedelik (karedatele juustele) - bio4you.eu\/retseptid<\/title>\n<meta name=\"description\" content=\"Loputusvahend karedatele juustele. Bio-juuksehooldus\" \/>\n<meta name=\"robots\" content=\"index, follow, max-snippet:-1, max-image-preview:large, max-video-preview:-1\" \/>\n<link rel=\"canonical\" href=\"https:\/\/bio4you.eu\/retseptid\/toode\/juusteloputusvahend\/\" \/>\n<meta property=\"og:locale\" content=\"et_EE\" \/>\n<meta property=\"og:type\" content=\"article\" \/>\n<meta property=\"og:title\" content=\"Loputusvedelik (karedatele juustele) - bio4you.eu\/retseptid\" \/>\n<meta property=\"og:description\" content=\"Loputusvahend karedatele juustele. Bio-juuksehooldus\" \/>\n<meta property=\"og:url\" content=\"https:\/\/bio4you.eu\/retseptid\/toode\/juusteloputusvahend\/\" \/>\n<meta property=\"og:site_name\" content=\"bio4you.eu\/retseptid\" \/>\n<meta property=\"article:modified_time\" content=\"2022-05-17T16:55:26+00:00\" \/>\n<meta property=\"og:image\" content=\"https:\/\/bio4you.eu\/retseptid\/wp-content\/uploads\/2014\/01\/rachel-mcdermott-mEKhOVkOcKE-unsplash-scaled.jpg\" \/>\n\t<meta property=\"og:image:width\" content=\"1707\" \/>\n\t<meta property=\"og:image:height\" content=\"2560\" \/>\n\t<meta property=\"og:image:type\" content=\"image\/jpeg\" \/>\n<meta name=\"twitter:label1\" content=\"Est. reading time\" \/>\n\t<meta name=\"twitter:data1\" content=\"1 minut\" \/>\n<script type=\"application\/ld+json\" class=\"yoast-schema-graph\">{\"@context\":\"https:\/\/schema.org\",\"@graph\":[{\"@type\":\"WebPage\",\"@id\":\"https:\/\/bio4you.eu\/retseptid\/toode\/juusteloputusvahend\/\",\"url\":\"https:\/\/bio4you.eu\/retseptid\/toode\/juusteloputusvahend\/\",\"name\":\"Loputusvedelik (karedatele juustele) - bio4you.eu\/retseptid\",\"isPartOf\":{\"@id\":\"https:\/\/bio4you.eu\/retseptid\/#website\"},\"primaryImageOfPage\":{\"@id\":\"https:\/\/bio4you.eu\/retseptid\/toode\/juusteloputusvahend\/#primaryimage\"},\"image\":{\"@id\":\"https:\/\/bio4you.eu\/retseptid\/toode\/juusteloputusvahend\/#primaryimage\"},\"thumbnailUrl\":\"https:\/\/bio4you.eu\/retseptid\/wp-content\/uploads\/2014\/01\/rachel-mcdermott-mEKhOVkOcKE-unsplash-scaled.jpg\",\"datePublished\":\"2014-01-26T13:31:32+00:00\",\"dateModified\":\"2022-05-17T16:55:26+00:00\",\"description\":\"Loputusvahend karedatele juustele. Bio-juuksehooldus\",\"breadcrumb\":{\"@id\":\"https:\/\/bio4you.eu\/retseptid\/toode\/juusteloputusvahend\/#breadcrumb\"},\"inLanguage\":\"et\",\"potentialAction\":[{\"@type\":\"ReadAction\",\"target\":[\"https:\/\/bio4you.eu\/retseptid\/toode\/juusteloputusvahend\/\"]}]},{\"@type\":\"ImageObject\",\"inLanguage\":\"et\",\"@id\":\"https:\/\/bio4you.eu\/retseptid\/toode\/juusteloputusvahend\/#primaryimage\",\"url\":\"https:\/\/bio4you.eu\/retseptid\/wp-content\/uploads\/2014\/01\/rachel-mcdermott-mEKhOVkOcKE-unsplash-scaled.jpg\",\"contentUrl\":\"https:\/\/bio4you.eu\/retseptid\/wp-content\/uploads\/2014\/01\/rachel-mcdermott-mEKhOVkOcKE-unsplash-scaled.jpg\",\"width\":1707,\"height\":2560},{\"@type\":\"BreadcrumbList\",\"@id\":\"https:\/\/bio4you.eu\/retseptid\/toode\/juusteloputusvahend\/#breadcrumb\",\"itemListElement\":[{\"@type\":\"ListItem\",\"position\":1,\"name\":\"Home\",\"item\":\"https:\/\/bio4you.eu\/retseptid\/\"},{\"@type\":\"ListItem\",\"position\":2,\"name\":\"Loputusvedelik (karedatele juustele)\"}]},{\"@type\":\"WebSite\",\"@id\":\"https:\/\/bio4you.eu\/retseptid\/#website\",\"url\":\"https:\/\/bio4you.eu\/retseptid\/\",\"name\":\"bio4you.eu\/retseptid\",\"description\":\"\u00d6ko retseptid ise tegemiseks, looduslikest koostisainetest. Maitsev toit, iluhooldus, kodupuhastus ja aiandus.\",\"potentialAction\":[{\"@type\":\"SearchAction\",\"target\":{\"@type\":\"EntryPoint\",\"urlTemplate\":\"https:\/\/bio4you.eu\/retseptid\/?s={search_term_string}\"},\"query-input\":\"required name=search_term_string\"}],\"inLanguage\":\"et\"}]}<\/script>\n<!-- \/ Yoast SEO plugin. -->","yoast_head_json":{"title":"Loputusvedelik (karedatele juustele) - bio4you.eu\/retseptid","description":"Loputusvahend karedatele juustele. Bio-juuksehooldus","robots":{"index":"index","follow":"follow","max-snippet":"max-snippet:-1","max-image-preview":"max-image-preview:large","max-video-preview":"max-video-preview:-1"},"canonical":"https:\/\/bio4you.eu\/retseptid\/toode\/juusteloputusvahend\/","og_locale":"et_EE","og_type":"article","og_title":"Loputusvedelik (karedatele juustele) - bio4you.eu\/retseptid","og_description":"Loputusvahend karedatele juustele. Bio-juuksehooldus","og_url":"https:\/\/bio4you.eu\/retseptid\/toode\/juusteloputusvahend\/","og_site_name":"bio4you.eu\/retseptid","article_modified_time":"2022-05-17T16:55:26+00:00","og_image":[{"width":1707,"height":2560,"url":"https:\/\/bio4you.eu\/retseptid\/wp-content\/uploads\/2014\/01\/rachel-mcdermott-mEKhOVkOcKE-unsplash-scaled.jpg","type":"image\/jpeg"}],"twitter_misc":{"Est. reading time":"1 minut"},"schema":{"@context":"https:\/\/schema.org","@graph":[{"@type":"WebPage","@id":"https:\/\/bio4you.eu\/retseptid\/toode\/juusteloputusvahend\/","url":"https:\/\/bio4you.eu\/retseptid\/toode\/juusteloputusvahend\/","name":"Loputusvedelik (karedatele juustele) - bio4you.eu\/retseptid","isPartOf":{"@id":"https:\/\/bio4you.eu\/retseptid\/#website"},"primaryImageOfPage":{"@id":"https:\/\/bio4you.eu\/retseptid\/toode\/juusteloputusvahend\/#primaryimage"},"image":{"@id":"https:\/\/bio4you.eu\/retseptid\/toode\/juusteloputusvahend\/#primaryimage"},"thumbnailUrl":"https:\/\/bio4you.eu\/retseptid\/wp-content\/uploads\/2014\/01\/rachel-mcdermott-mEKhOVkOcKE-unsplash-scaled.jpg","datePublished":"2014-01-26T13:31:32+00:00","dateModified":"2022-05-17T16:55:26+00:00","description":"Loputusvahend karedatele juustele. Bio-juuksehooldus","breadcrumb":{"@id":"https:\/\/bio4you.eu\/retseptid\/toode\/juusteloputusvahend\/#breadcrumb"},"inLanguage":"et","potentialAction":[{"@type":"ReadAction","target":["https:\/\/bio4you.eu\/retseptid\/toode\/juusteloputusvahend\/"]}]},{"@type":"ImageObject","inLanguage":"et","@id":"https:\/\/bio4you.eu\/retseptid\/toode\/juusteloputusvahend\/#primaryimage","url":"https:\/\/bio4you.eu\/retseptid\/wp-content\/uploads\/2014\/01\/rachel-mcdermott-mEKhOVkOcKE-unsplash-scaled.jpg","contentUrl":"https:\/\/bio4you.eu\/retseptid\/wp-content\/uploads\/2014\/01\/rachel-mcdermott-mEKhOVkOcKE-unsplash-scaled.jpg","width":1707,"height":2560},{"@type":"BreadcrumbList","@id":"https:\/\/bio4you.eu\/retseptid\/toode\/juusteloputusvahend\/#breadcrumb","itemListElement":[{"@type":"ListItem","position":1,"name":"Home","item":"https:\/\/bio4you.eu\/retseptid\/"},{"@type":"ListItem","position":2,"name":"Loputusvedelik (karedatele juustele)"}]},{"@type":"WebSite","@id":"https:\/\/bio4you.eu\/retseptid\/#website","url":"https:\/\/bio4you.eu\/retseptid\/","name":"bio4you.eu\/retseptid","description":"\u00d6ko retseptid ise tegemiseks, looduslikest koostisainetest. Maitsev toit, iluhooldus, kodupuhastus ja aiandus.","potentialAction":[{"@type":"SearchAction","target":{"@type":"EntryPoint","urlTemplate":"https:\/\/bio4you.eu\/retseptid\/?s={search_term_string}"},"query-input":"required name=search_term_string"}],"inLanguage":"et"}]}},"_links":{"self":[{"href":"https:\/\/bio4you.eu\/retseptid\/wp-json\/wp\/v2\/product\/1762"}],"collection":[{"href":"https:\/\/bio4you.eu\/retseptid\/wp-json\/wp\/v2\/product"}],"about":[{"href":"https:\/\/bio4you.eu\/retseptid\/wp-json\/wp\/v2\/types\/product"}],"replies":[{"embeddable":true,"href":"https:\/\/bio4you.eu\/retseptid\/wp-json\/wp\/v2\/comments?post=1762"}],"wp:featuredmedia":[{"embeddable":true,"href":"https:\/\/bio4you.eu\/retseptid\/wp-json\/wp\/v2\/media\/3958"}],"wp:attachment":[{"href":"https:\/\/bio4you.eu\/retseptid\/wp-json\/wp\/v2\/media?parent=1762"}],"wp:term":[{"taxonomy":"product_cat","embeddable":true,"href":"https:\/\/bio4you.eu\/retseptid\/wp-json\/wp\/v2\/product_cat?post=1762"},{"taxonomy":"product_tag","embeddable":true,"href":"https:\/\/bio4you.eu\/retseptid\/wp-json\/wp\/v2\/product_tag?post=1762"}],"curies":[{"name":"wp","href":"https:\/\/api.w.org\/{rel}","templated":true}]}}