{"id":1768,"date":"2014-01-30T10:49:00","date_gmt":"2014-01-30T08:49:00","guid":{"rendered":"https:\/\/bio4you.eu\/retseptid\/?post_type=product&#038;p=1768"},"modified":"2022-05-17T10:21:35","modified_gmt":"2022-05-17T07:21:35","slug":"majonees","status":"publish","type":"product","link":"https:\/\/bio4you.eu\/retseptid\/toode\/majonees\/","title":{"rendered":"Klassikaline majonees"},"content":{"rendered":"<p>Majonees on \u00fcks levinumaid kastmeid. Selle tegemine on lihtne kui kinni pidada paarist reeglist:<\/p>\n<ol>\n<li>K\u00f5ik ained peavad olema sama temperatuuriga (toatemperatuuril)<\/li>\n<li>Parim \u00f5li majoneesi tegemiseks on k\u00fclmpress p\u00e4evalille\u00f5li<\/li>\n<li>Munad olgu v\u00e4rsked mahemunad<\/li>\n<li>Vahustamine on siin \u00fcks olulisemaid aspekte. Vahustades on oluline, et anum kus ained asuvad, seisaks laual paigal, mitte ei keerleks ega loksuks<\/li>\n<\/ol>\n<p>Pane <strong>kaks munakollast<\/strong> anumasse ja vahusta korraks, lisades veidi <strong>soola<\/strong>. Vala <strong>p\u00e4evalille\u00f5li<\/strong> v\u00e4ga aeglaselt peale, samal ajal vahustades kuni \u00f5li on imendunud ja majonees on ilus kohev. K\u00f5ige l\u00f5pus lisa <strong>1 spl sidrunimahla<\/strong>. Kui majonees halvasti vahustus tegid vahustamise valesti v\u00f5i ei olnud koostisained sama temperatuuriga.<\/p>\n<p>V\u00f5id proovida majoneesi p\u00e4\u00e4sta lisades<strong> veel \u00fche munakollase<\/strong> ja vahustades veel.<\/p>\n","protected":false},"excerpt":{"rendered":"<p>Vaja l\u00e4heb<\/p>\n<ul>\n<li>250 ml k\u00fclmpress <a href=\"http:\/\/bio4you.eu\/et\/olid\/1197-paevalilleoli-praadimiseks-750ml-biologicoils.html?search_query=paevalilleoli&amp;results=133\" target=\"_blank\" rel=\"noopener\"><span style=\"color: #99cc00;\">p\u00e4evalille\u00f5li<\/span><\/a><\/li>\n<li>2 munakollast<\/li>\n<li><a href=\"http:\/\/bio4you.eu\/et\/mahlad\/1219-sidrunimahl-250ml-biologicoils.html?search_query=sidrunimahl&amp;results=13\" target=\"_blank\" rel=\"noopener\"><span style=\"color: #99cc00;\">sidrunimahl<\/span><\/a><\/li>\n<li>peensool<\/li>\n<\/ul>\n","protected":false},"featured_media":3308,"comment_status":"closed","ping_status":"closed","template":"","meta":{"_exactmetrics_skip_tracking":false,"_exactmetrics_sitenote_active":false,"_exactmetrics_sitenote_note":"","_exactmetrics_sitenote_category":0},"product_cat":[60,74],"product_tag":[],"class_list":{"0":"post-1768","1":"product","2":"type-product","3":"status-publish","4":"has-post-thumbnail","6":"product_cat-toiduretseptid","7":"product_cat-kastmed-maarded-voided","9":"first","10":"instock","11":"shipping-taxable","12":"product-type-simple"},"yoast_head":"<!-- This site is optimized with the Yoast SEO plugin v23.3 - https:\/\/yoast.com\/wordpress\/plugins\/seo\/ -->\n<title>Klassikaline majonees - bio4you.eu\/retseptid<\/title>\n<meta name=\"description\" content=\"isetehtud klassikaline majonees\" \/>\n<meta name=\"robots\" content=\"index, follow, max-snippet:-1, max-image-preview:large, max-video-preview:-1\" \/>\n<link rel=\"canonical\" href=\"https:\/\/bio4you.eu\/retseptid\/toode\/majonees\/\" \/>\n<meta property=\"og:locale\" content=\"et_EE\" \/>\n<meta property=\"og:type\" content=\"article\" \/>\n<meta property=\"og:title\" content=\"Klassikaline majonees - bio4you.eu\/retseptid\" \/>\n<meta property=\"og:description\" content=\"isetehtud klassikaline majonees\" \/>\n<meta property=\"og:url\" content=\"https:\/\/bio4you.eu\/retseptid\/toode\/majonees\/\" \/>\n<meta property=\"og:site_name\" content=\"bio4you.eu\/retseptid\" \/>\n<meta property=\"article:modified_time\" content=\"2022-05-17T07:21:35+00:00\" \/>\n<meta property=\"og:image\" content=\"https:\/\/bio4you.eu\/retseptid\/wp-content\/uploads\/2014\/01\/mayo.jpg\" \/>\n\t<meta property=\"og:image:width\" content=\"460\" \/>\n\t<meta property=\"og:image:height\" content=\"276\" \/>\n\t<meta property=\"og:image:type\" content=\"image\/jpeg\" \/>\n<meta name=\"twitter:label1\" content=\"Est. reading time\" \/>\n\t<meta name=\"twitter:data1\" content=\"1 minut\" \/>\n<script type=\"application\/ld+json\" class=\"yoast-schema-graph\">{\"@context\":\"https:\/\/schema.org\",\"@graph\":[{\"@type\":\"WebPage\",\"@id\":\"https:\/\/bio4you.eu\/retseptid\/toode\/majonees\/\",\"url\":\"https:\/\/bio4you.eu\/retseptid\/toode\/majonees\/\",\"name\":\"Klassikaline majonees - bio4you.eu\/retseptid\",\"isPartOf\":{\"@id\":\"https:\/\/bio4you.eu\/retseptid\/#website\"},\"primaryImageOfPage\":{\"@id\":\"https:\/\/bio4you.eu\/retseptid\/toode\/majonees\/#primaryimage\"},\"image\":{\"@id\":\"https:\/\/bio4you.eu\/retseptid\/toode\/majonees\/#primaryimage\"},\"thumbnailUrl\":\"https:\/\/bio4you.eu\/retseptid\/wp-content\/uploads\/2014\/01\/mayo.jpg\",\"datePublished\":\"2014-01-30T08:49:00+00:00\",\"dateModified\":\"2022-05-17T07:21:35+00:00\",\"description\":\"isetehtud klassikaline majonees\",\"breadcrumb\":{\"@id\":\"https:\/\/bio4you.eu\/retseptid\/toode\/majonees\/#breadcrumb\"},\"inLanguage\":\"et\",\"potentialAction\":[{\"@type\":\"ReadAction\",\"target\":[\"https:\/\/bio4you.eu\/retseptid\/toode\/majonees\/\"]}]},{\"@type\":\"ImageObject\",\"inLanguage\":\"et\",\"@id\":\"https:\/\/bio4you.eu\/retseptid\/toode\/majonees\/#primaryimage\",\"url\":\"https:\/\/bio4you.eu\/retseptid\/wp-content\/uploads\/2014\/01\/mayo.jpg\",\"contentUrl\":\"https:\/\/bio4you.eu\/retseptid\/wp-content\/uploads\/2014\/01\/mayo.jpg\",\"width\":460,\"height\":276},{\"@type\":\"BreadcrumbList\",\"@id\":\"https:\/\/bio4you.eu\/retseptid\/toode\/majonees\/#breadcrumb\",\"itemListElement\":[{\"@type\":\"ListItem\",\"position\":1,\"name\":\"Home\",\"item\":\"https:\/\/bio4you.eu\/retseptid\/\"},{\"@type\":\"ListItem\",\"position\":2,\"name\":\"Klassikaline majonees\"}]},{\"@type\":\"WebSite\",\"@id\":\"https:\/\/bio4you.eu\/retseptid\/#website\",\"url\":\"https:\/\/bio4you.eu\/retseptid\/\",\"name\":\"bio4you.eu\/retseptid\",\"description\":\"\u00d6ko retseptid ise tegemiseks, looduslikest koostisainetest. Maitsev toit, iluhooldus, kodupuhastus ja aiandus.\",\"potentialAction\":[{\"@type\":\"SearchAction\",\"target\":{\"@type\":\"EntryPoint\",\"urlTemplate\":\"https:\/\/bio4you.eu\/retseptid\/?s={search_term_string}\"},\"query-input\":\"required name=search_term_string\"}],\"inLanguage\":\"et\"}]}<\/script>\n<!-- \/ Yoast SEO plugin. -->","yoast_head_json":{"title":"Klassikaline majonees - bio4you.eu\/retseptid","description":"isetehtud klassikaline majonees","robots":{"index":"index","follow":"follow","max-snippet":"max-snippet:-1","max-image-preview":"max-image-preview:large","max-video-preview":"max-video-preview:-1"},"canonical":"https:\/\/bio4you.eu\/retseptid\/toode\/majonees\/","og_locale":"et_EE","og_type":"article","og_title":"Klassikaline majonees - bio4you.eu\/retseptid","og_description":"isetehtud klassikaline majonees","og_url":"https:\/\/bio4you.eu\/retseptid\/toode\/majonees\/","og_site_name":"bio4you.eu\/retseptid","article_modified_time":"2022-05-17T07:21:35+00:00","og_image":[{"width":460,"height":276,"url":"https:\/\/bio4you.eu\/retseptid\/wp-content\/uploads\/2014\/01\/mayo.jpg","type":"image\/jpeg"}],"twitter_misc":{"Est. reading time":"1 minut"},"schema":{"@context":"https:\/\/schema.org","@graph":[{"@type":"WebPage","@id":"https:\/\/bio4you.eu\/retseptid\/toode\/majonees\/","url":"https:\/\/bio4you.eu\/retseptid\/toode\/majonees\/","name":"Klassikaline majonees - bio4you.eu\/retseptid","isPartOf":{"@id":"https:\/\/bio4you.eu\/retseptid\/#website"},"primaryImageOfPage":{"@id":"https:\/\/bio4you.eu\/retseptid\/toode\/majonees\/#primaryimage"},"image":{"@id":"https:\/\/bio4you.eu\/retseptid\/toode\/majonees\/#primaryimage"},"thumbnailUrl":"https:\/\/bio4you.eu\/retseptid\/wp-content\/uploads\/2014\/01\/mayo.jpg","datePublished":"2014-01-30T08:49:00+00:00","dateModified":"2022-05-17T07:21:35+00:00","description":"isetehtud klassikaline majonees","breadcrumb":{"@id":"https:\/\/bio4you.eu\/retseptid\/toode\/majonees\/#breadcrumb"},"inLanguage":"et","potentialAction":[{"@type":"ReadAction","target":["https:\/\/bio4you.eu\/retseptid\/toode\/majonees\/"]}]},{"@type":"ImageObject","inLanguage":"et","@id":"https:\/\/bio4you.eu\/retseptid\/toode\/majonees\/#primaryimage","url":"https:\/\/bio4you.eu\/retseptid\/wp-content\/uploads\/2014\/01\/mayo.jpg","contentUrl":"https:\/\/bio4you.eu\/retseptid\/wp-content\/uploads\/2014\/01\/mayo.jpg","width":460,"height":276},{"@type":"BreadcrumbList","@id":"https:\/\/bio4you.eu\/retseptid\/toode\/majonees\/#breadcrumb","itemListElement":[{"@type":"ListItem","position":1,"name":"Home","item":"https:\/\/bio4you.eu\/retseptid\/"},{"@type":"ListItem","position":2,"name":"Klassikaline majonees"}]},{"@type":"WebSite","@id":"https:\/\/bio4you.eu\/retseptid\/#website","url":"https:\/\/bio4you.eu\/retseptid\/","name":"bio4you.eu\/retseptid","description":"\u00d6ko retseptid ise tegemiseks, looduslikest koostisainetest. Maitsev toit, iluhooldus, kodupuhastus ja aiandus.","potentialAction":[{"@type":"SearchAction","target":{"@type":"EntryPoint","urlTemplate":"https:\/\/bio4you.eu\/retseptid\/?s={search_term_string}"},"query-input":"required name=search_term_string"}],"inLanguage":"et"}]}},"_links":{"self":[{"href":"https:\/\/bio4you.eu\/retseptid\/wp-json\/wp\/v2\/product\/1768"}],"collection":[{"href":"https:\/\/bio4you.eu\/retseptid\/wp-json\/wp\/v2\/product"}],"about":[{"href":"https:\/\/bio4you.eu\/retseptid\/wp-json\/wp\/v2\/types\/product"}],"replies":[{"embeddable":true,"href":"https:\/\/bio4you.eu\/retseptid\/wp-json\/wp\/v2\/comments?post=1768"}],"wp:featuredmedia":[{"embeddable":true,"href":"https:\/\/bio4you.eu\/retseptid\/wp-json\/wp\/v2\/media\/3308"}],"wp:attachment":[{"href":"https:\/\/bio4you.eu\/retseptid\/wp-json\/wp\/v2\/media?parent=1768"}],"wp:term":[{"taxonomy":"product_cat","embeddable":true,"href":"https:\/\/bio4you.eu\/retseptid\/wp-json\/wp\/v2\/product_cat?post=1768"},{"taxonomy":"product_tag","embeddable":true,"href":"https:\/\/bio4you.eu\/retseptid\/wp-json\/wp\/v2\/product_tag?post=1768"}],"curies":[{"name":"wp","href":"https:\/\/api.w.org\/{rel}","templated":true}]}}