{"id":1769,"date":"2014-01-30T10:59:05","date_gmt":"2014-01-30T08:59:05","guid":{"rendered":"https:\/\/bio4you.eu\/retseptid\/?post_type=product&#038;p=1769"},"modified":"2022-05-12T10:32:55","modified_gmt":"2022-05-12T07:32:55","slug":"vegan-majonees","status":"publish","type":"product","link":"https:\/\/bio4you.eu\/retseptid\/toode\/vegan-majonees\/","title":{"rendered":"Vegan majonees"},"content":{"rendered":"<p>Ka k\u00f5ige skeptilisemad inimesed v\u00f5ivad veenduda, et munata majonees ei j\u00e4\u00e4 oma maitselt millegi poolest klassikalisele majoneesile alla.<\/p>\n<p>Munata majonees sobib neile, \u00a0kes soovivad kolesteroolivaba kastet, muna-allergiaga inimestele, veganitele ja lahjema majoneesi tegemiseks (sobib n\u00e4iteks kartulisalatitesse).<\/p>\n<p>Valmistamine:<br \/>\nValage anumasse <strong>sojapiim<\/strong> ja lisage otsekohe<strong> p\u00e4evalille\u00f5li, 1 spl sidrunimahla <\/strong>ja<strong> terake soola<\/strong>. N\u00fc\u00fcd vahustage. Juba paari sekundi p\u00e4rast hakkab majonees paksenema. Vahustage kuni konsistents muutub sobivaks.<\/p>\n","protected":false},"excerpt":{"rendered":"<p>Vaja l\u00e4heb:<\/p>\n<ul>\n<li>250 ml <a href=\"https:\/\/bio4you.eu\/et\/olid-kastmed-kreemid\/1197-paeevalilleseemneoli-750ml.html?utm_source=bioretsept&amp;utm_medium=retsept&amp;utm_campaign=majonees\">p\u00e4evalille\u00f5li<\/a><\/li>\n<li>80 ml <a href=\"https:\/\/bio4you.eu\/et\/outlet\/2415-sojajook-1l.html?utm_source=bioretsept&amp;utm_medium=retsept&amp;utm_campaign=majonees\">sojapiima<\/a><\/li>\n<li><a href=\"https:\/\/bio4you.eu\/et\/kuelmad-joogid\/1219-sidrunimahl-250ml.html?utm_source=bioretsept&amp;utm_medium=retsept&amp;utm_campaign=majonees\" target=\"_blank\" rel=\"noopener\"><span style=\"color: #99cc00;\">sidrunimahl<\/span><\/a><\/li>\n<li><a href=\"https:\/\/bio4you.eu\/et\/otsi?controller=search&amp;order=product.position.desc&amp;s=sool&amp;utm_source=bioretsept&amp;utm_medium=retsept&amp;utm_campaign=majonees\">peensool<\/a><\/li>\n<\/ul>\n","protected":false},"featured_media":3309,"comment_status":"closed","ping_status":"closed","template":"","meta":{"_exactmetrics_skip_tracking":false,"_exactmetrics_sitenote_active":false,"_exactmetrics_sitenote_note":"","_exactmetrics_sitenote_category":0},"product_cat":[60,382,383,74],"product_tag":[],"class_list":{"0":"post-1769","1":"product","2":"type-product","3":"status-publish","4":"has-post-thumbnail","6":"product_cat-toiduretseptid","7":"product_cat-vegan-toiduretseptid","8":"product_cat-taimetoit","9":"product_cat-kastmed-maarded-voided","11":"first","12":"instock","13":"shipping-taxable","14":"product-type-simple"},"yoast_head":"<!-- This site is optimized with the Yoast SEO plugin v23.3 - https:\/\/yoast.com\/wordpress\/plugins\/seo\/ -->\n<title>Vegan majonees - bio4you.eu\/retseptid<\/title>\n<meta name=\"description\" content=\"Isetehtud vegan majonees\" \/>\n<meta name=\"robots\" content=\"index, follow, max-snippet:-1, max-image-preview:large, max-video-preview:-1\" \/>\n<link rel=\"canonical\" href=\"https:\/\/bio4you.eu\/retseptid\/toode\/vegan-majonees\/\" \/>\n<meta property=\"og:locale\" content=\"et_EE\" \/>\n<meta property=\"og:type\" content=\"article\" \/>\n<meta property=\"og:title\" content=\"Vegan majonees - bio4you.eu\/retseptid\" \/>\n<meta property=\"og:description\" content=\"Isetehtud vegan majonees\" \/>\n<meta property=\"og:url\" content=\"https:\/\/bio4you.eu\/retseptid\/toode\/vegan-majonees\/\" \/>\n<meta property=\"og:site_name\" content=\"bio4you.eu\/retseptid\" \/>\n<meta property=\"article:modified_time\" content=\"2022-05-12T07:32:55+00:00\" \/>\n<meta property=\"og:image\" content=\"https:\/\/bio4you.eu\/retseptid\/wp-content\/uploads\/2014\/01\/2316864-diy-homemade-mayonnaise.jpg\" \/>\n\t<meta property=\"og:image:width\" content=\"550\" \/>\n\t<meta property=\"og:image:height\" content=\"550\" \/>\n\t<meta property=\"og:image:type\" content=\"image\/jpeg\" \/>\n<meta name=\"twitter:label1\" content=\"Est. reading time\" \/>\n\t<meta name=\"twitter:data1\" content=\"1 minut\" \/>\n<script type=\"application\/ld+json\" class=\"yoast-schema-graph\">{\"@context\":\"https:\/\/schema.org\",\"@graph\":[{\"@type\":\"WebPage\",\"@id\":\"https:\/\/bio4you.eu\/retseptid\/toode\/vegan-majonees\/\",\"url\":\"https:\/\/bio4you.eu\/retseptid\/toode\/vegan-majonees\/\",\"name\":\"Vegan majonees - bio4you.eu\/retseptid\",\"isPartOf\":{\"@id\":\"https:\/\/bio4you.eu\/retseptid\/#website\"},\"primaryImageOfPage\":{\"@id\":\"https:\/\/bio4you.eu\/retseptid\/toode\/vegan-majonees\/#primaryimage\"},\"image\":{\"@id\":\"https:\/\/bio4you.eu\/retseptid\/toode\/vegan-majonees\/#primaryimage\"},\"thumbnailUrl\":\"https:\/\/bio4you.eu\/retseptid\/wp-content\/uploads\/2014\/01\/2316864-diy-homemade-mayonnaise.jpg\",\"datePublished\":\"2014-01-30T08:59:05+00:00\",\"dateModified\":\"2022-05-12T07:32:55+00:00\",\"description\":\"Isetehtud vegan majonees\",\"breadcrumb\":{\"@id\":\"https:\/\/bio4you.eu\/retseptid\/toode\/vegan-majonees\/#breadcrumb\"},\"inLanguage\":\"et\",\"potentialAction\":[{\"@type\":\"ReadAction\",\"target\":[\"https:\/\/bio4you.eu\/retseptid\/toode\/vegan-majonees\/\"]}]},{\"@type\":\"ImageObject\",\"inLanguage\":\"et\",\"@id\":\"https:\/\/bio4you.eu\/retseptid\/toode\/vegan-majonees\/#primaryimage\",\"url\":\"https:\/\/bio4you.eu\/retseptid\/wp-content\/uploads\/2014\/01\/2316864-diy-homemade-mayonnaise.jpg\",\"contentUrl\":\"https:\/\/bio4you.eu\/retseptid\/wp-content\/uploads\/2014\/01\/2316864-diy-homemade-mayonnaise.jpg\",\"width\":550,\"height\":550},{\"@type\":\"BreadcrumbList\",\"@id\":\"https:\/\/bio4you.eu\/retseptid\/toode\/vegan-majonees\/#breadcrumb\",\"itemListElement\":[{\"@type\":\"ListItem\",\"position\":1,\"name\":\"Home\",\"item\":\"https:\/\/bio4you.eu\/retseptid\/\"},{\"@type\":\"ListItem\",\"position\":2,\"name\":\"Vegan majonees\"}]},{\"@type\":\"WebSite\",\"@id\":\"https:\/\/bio4you.eu\/retseptid\/#website\",\"url\":\"https:\/\/bio4you.eu\/retseptid\/\",\"name\":\"bio4you.eu\/retseptid\",\"description\":\"\u00d6ko retseptid ise tegemiseks, looduslikest koostisainetest. Maitsev toit, iluhooldus, kodupuhastus ja aiandus.\",\"potentialAction\":[{\"@type\":\"SearchAction\",\"target\":{\"@type\":\"EntryPoint\",\"urlTemplate\":\"https:\/\/bio4you.eu\/retseptid\/?s={search_term_string}\"},\"query-input\":\"required name=search_term_string\"}],\"inLanguage\":\"et\"}]}<\/script>\n<!-- \/ Yoast SEO plugin. -->","yoast_head_json":{"title":"Vegan majonees - bio4you.eu\/retseptid","description":"Isetehtud vegan majonees","robots":{"index":"index","follow":"follow","max-snippet":"max-snippet:-1","max-image-preview":"max-image-preview:large","max-video-preview":"max-video-preview:-1"},"canonical":"https:\/\/bio4you.eu\/retseptid\/toode\/vegan-majonees\/","og_locale":"et_EE","og_type":"article","og_title":"Vegan majonees - bio4you.eu\/retseptid","og_description":"Isetehtud vegan majonees","og_url":"https:\/\/bio4you.eu\/retseptid\/toode\/vegan-majonees\/","og_site_name":"bio4you.eu\/retseptid","article_modified_time":"2022-05-12T07:32:55+00:00","og_image":[{"width":550,"height":550,"url":"https:\/\/bio4you.eu\/retseptid\/wp-content\/uploads\/2014\/01\/2316864-diy-homemade-mayonnaise.jpg","type":"image\/jpeg"}],"twitter_misc":{"Est. reading time":"1 minut"},"schema":{"@context":"https:\/\/schema.org","@graph":[{"@type":"WebPage","@id":"https:\/\/bio4you.eu\/retseptid\/toode\/vegan-majonees\/","url":"https:\/\/bio4you.eu\/retseptid\/toode\/vegan-majonees\/","name":"Vegan majonees - bio4you.eu\/retseptid","isPartOf":{"@id":"https:\/\/bio4you.eu\/retseptid\/#website"},"primaryImageOfPage":{"@id":"https:\/\/bio4you.eu\/retseptid\/toode\/vegan-majonees\/#primaryimage"},"image":{"@id":"https:\/\/bio4you.eu\/retseptid\/toode\/vegan-majonees\/#primaryimage"},"thumbnailUrl":"https:\/\/bio4you.eu\/retseptid\/wp-content\/uploads\/2014\/01\/2316864-diy-homemade-mayonnaise.jpg","datePublished":"2014-01-30T08:59:05+00:00","dateModified":"2022-05-12T07:32:55+00:00","description":"Isetehtud vegan majonees","breadcrumb":{"@id":"https:\/\/bio4you.eu\/retseptid\/toode\/vegan-majonees\/#breadcrumb"},"inLanguage":"et","potentialAction":[{"@type":"ReadAction","target":["https:\/\/bio4you.eu\/retseptid\/toode\/vegan-majonees\/"]}]},{"@type":"ImageObject","inLanguage":"et","@id":"https:\/\/bio4you.eu\/retseptid\/toode\/vegan-majonees\/#primaryimage","url":"https:\/\/bio4you.eu\/retseptid\/wp-content\/uploads\/2014\/01\/2316864-diy-homemade-mayonnaise.jpg","contentUrl":"https:\/\/bio4you.eu\/retseptid\/wp-content\/uploads\/2014\/01\/2316864-diy-homemade-mayonnaise.jpg","width":550,"height":550},{"@type":"BreadcrumbList","@id":"https:\/\/bio4you.eu\/retseptid\/toode\/vegan-majonees\/#breadcrumb","itemListElement":[{"@type":"ListItem","position":1,"name":"Home","item":"https:\/\/bio4you.eu\/retseptid\/"},{"@type":"ListItem","position":2,"name":"Vegan majonees"}]},{"@type":"WebSite","@id":"https:\/\/bio4you.eu\/retseptid\/#website","url":"https:\/\/bio4you.eu\/retseptid\/","name":"bio4you.eu\/retseptid","description":"\u00d6ko retseptid ise tegemiseks, looduslikest koostisainetest. Maitsev toit, iluhooldus, kodupuhastus ja aiandus.","potentialAction":[{"@type":"SearchAction","target":{"@type":"EntryPoint","urlTemplate":"https:\/\/bio4you.eu\/retseptid\/?s={search_term_string}"},"query-input":"required name=search_term_string"}],"inLanguage":"et"}]}},"_links":{"self":[{"href":"https:\/\/bio4you.eu\/retseptid\/wp-json\/wp\/v2\/product\/1769"}],"collection":[{"href":"https:\/\/bio4you.eu\/retseptid\/wp-json\/wp\/v2\/product"}],"about":[{"href":"https:\/\/bio4you.eu\/retseptid\/wp-json\/wp\/v2\/types\/product"}],"replies":[{"embeddable":true,"href":"https:\/\/bio4you.eu\/retseptid\/wp-json\/wp\/v2\/comments?post=1769"}],"wp:featuredmedia":[{"embeddable":true,"href":"https:\/\/bio4you.eu\/retseptid\/wp-json\/wp\/v2\/media\/3309"}],"wp:attachment":[{"href":"https:\/\/bio4you.eu\/retseptid\/wp-json\/wp\/v2\/media?parent=1769"}],"wp:term":[{"taxonomy":"product_cat","embeddable":true,"href":"https:\/\/bio4you.eu\/retseptid\/wp-json\/wp\/v2\/product_cat?post=1769"},{"taxonomy":"product_tag","embeddable":true,"href":"https:\/\/bio4you.eu\/retseptid\/wp-json\/wp\/v2\/product_tag?post=1769"}],"curies":[{"name":"wp","href":"https:\/\/api.w.org\/{rel}","templated":true}]}}