{"id":1771,"date":"2014-01-30T11:25:35","date_gmt":"2014-01-30T09:25:35","guid":{"rendered":"https:\/\/bio4you.eu\/retseptid\/?post_type=product&#038;p=1771"},"modified":"2022-05-12T14:06:44","modified_gmt":"2022-05-12T11:06:44","slug":"sinep","status":"publish","type":"product","link":"https:\/\/bio4you.eu\/retseptid\/toode\/sinep\/","title":{"rendered":"Sinep"},"content":{"rendered":"<p style=\"text-align: justify;\">Sinepitaimi on olemas mitmeid liike-kollane, valge, pruun ja must. Taime kasutatakse loodusraviks. Sinep ergutab vereringet, aitab reumaatiliste valude, n\u00e4rvivalu ja lihasvalude vastu.<\/p>\n<p style=\"text-align: justify;\">Sinepikaste on suurep\u00e4rane lisand lihatoitudele. Selle valmistamiseks on vaja sinepiseemneid, mis on tegelikult maitse ja l\u00f5hnata. Vaid kokkupuutel vee ja \u00e4\u00e4dikaga vabaneb neist iseloomulik aroom. Sinep tuleb s\u00e4ilitada k\u00fclmikus, et maitseomadused ei kaoks.<\/p>\n<p style=\"text-align: justify;\"><strong>NB! Sinepi tegemiseks on vaja 3 p\u00e4eva. Esimene p\u00e4ev pannakse likku sinepiseemned, teine p\u00e4ev valmistatakse segu. Kolmandal p\u00e4eval p\u00fcreeritakse. Enne esimest kasutamist on vaja oodata veel 4 p\u00e4eva.<\/strong><\/p>\n<p>P\u00e4ev enne sinepitegemist pane <strong>sinepiseemned <\/strong>suurde anumasse.<\/p>\n<p style=\"text-align: justify;\">Valmistamine:<br \/>\nTeraskastrulisse pane madalale tulele keema <strong>vesi, \u00e4\u00e4dikas, maitseained, sool.<\/strong> Lase keeta 1 minut, siis vala keev segu sinepiseemnetele. Kata anum kinni ja lase seista j\u00e4rgmise p\u00e4evani. J\u00e4rgmisel p\u00e4eval p\u00fcreeri sinepisegu. Alguses mikserda vaid natukene ja pange 1 spl kastet eraldi. Mikserdage veel kuni kaste on parajalt paks. N\u00fc\u00fcd lisa v\u00e4hehaaval<strong> jahu, sool, \u00f5li<\/strong> ja mikserda kuni tekib kreemjas sinep. Lisage juurde 1 spl eraldi pandud kastet ja pange hoiuanumasse. S\u00e4ilitage sinepit h\u00e4sti suletuna k\u00fclmikus. Enne esimest kasutamist lase 4 p\u00e4eva seista.<\/p>\n","protected":false},"excerpt":{"rendered":"<p>Vaja l\u00e4heb:<\/p>\n<ul>\n<li>80 g kollaseid sinepiseemneid<\/li>\n<li>20 g musti sinepiseemneid<\/li>\n<li>18 cl <a href=\"http:\/\/bio4you.eu\/et\/search?controller=search&amp;orderby=position&amp;orderway=desc&amp;search_query=\u00f5una\u00e4\u00e4dikas&amp;submit_search=\" target=\"_blank\" rel=\"noopener\"><span style=\"color: #99cc00;\">\u00f5una\u00e4\u00e4dikat<\/span><\/a><\/li>\n<li>150 ml vett<\/li>\n<li>25 g jahu<\/li>\n<li>spl arahiisi v\u00f5i <a href=\"http:\/\/bio4you.eu\/et\/olid\/2190-paevalilleoli-500ml-kulmpress-biologicoils.html?search_query=paevalilleoli&amp;results=133\" target=\"_blank\" rel=\"noopener\"><span style=\"color: #99cc00;\">p\u00e4evalille\u00f5li<\/span><\/a><\/li>\n<li>Maitseained (v\u00e4ga peeneks jahvatatud):\n<ul>\n<li>6 g valget pipart<\/li>\n<li>2 nelgitera<\/li>\n<li>1 tl soola<\/li>\n<\/ul>\n<\/li>\n<\/ul>\n<p>TARVIKUD:<\/p>\n<ul>\n<li>kastrulid<\/li>\n<li>mikser<\/li>\n<li>hermeetiline anum<\/li>\n<li>puulusikas<\/li>\n<\/ul>\n","protected":false},"featured_media":3320,"comment_status":"closed","ping_status":"closed","template":"","meta":{"_exactmetrics_skip_tracking":false,"_exactmetrics_sitenote_active":false,"_exactmetrics_sitenote_note":"","_exactmetrics_sitenote_category":0},"product_cat":[60,382,383,74],"product_tag":[],"class_list":{"0":"post-1771","1":"product","2":"type-product","3":"status-publish","4":"has-post-thumbnail","6":"product_cat-toiduretseptid","7":"product_cat-vegan-toiduretseptid","8":"product_cat-taimetoit","9":"product_cat-kastmed-maarded-voided","11":"first","12":"instock","13":"shipping-taxable","14":"product-type-simple"},"yoast_head":"<!-- This site is optimized with the Yoast SEO plugin v23.3 - https:\/\/yoast.com\/wordpress\/plugins\/seo\/ -->\n<title>Sinep - bio4you.eu\/retseptid<\/title>\n<meta name=\"description\" content=\"Isetehtud sinep\" \/>\n<meta name=\"robots\" content=\"index, follow, max-snippet:-1, max-image-preview:large, max-video-preview:-1\" \/>\n<link rel=\"canonical\" href=\"https:\/\/bio4you.eu\/retseptid\/toode\/sinep\/\" \/>\n<meta property=\"og:locale\" content=\"et_EE\" \/>\n<meta property=\"og:type\" content=\"article\" \/>\n<meta property=\"og:title\" content=\"Sinep - bio4you.eu\/retseptid\" \/>\n<meta property=\"og:description\" content=\"Isetehtud sinep\" \/>\n<meta property=\"og:url\" content=\"https:\/\/bio4you.eu\/retseptid\/toode\/sinep\/\" \/>\n<meta property=\"og:site_name\" content=\"bio4you.eu\/retseptid\" \/>\n<meta property=\"article:modified_time\" content=\"2022-05-12T11:06:44+00:00\" \/>\n<meta property=\"og:image\" content=\"https:\/\/bio4you.eu\/retseptid\/wp-content\/uploads\/2014\/01\/Mustard-Bath.jpg\" \/>\n\t<meta property=\"og:image:width\" content=\"655\" \/>\n\t<meta property=\"og:image:height\" content=\"397\" \/>\n\t<meta property=\"og:image:type\" content=\"image\/jpeg\" \/>\n<meta name=\"twitter:label1\" content=\"Est. reading time\" \/>\n\t<meta name=\"twitter:data1\" content=\"1 minut\" \/>\n<script type=\"application\/ld+json\" class=\"yoast-schema-graph\">{\"@context\":\"https:\/\/schema.org\",\"@graph\":[{\"@type\":\"WebPage\",\"@id\":\"https:\/\/bio4you.eu\/retseptid\/toode\/sinep\/\",\"url\":\"https:\/\/bio4you.eu\/retseptid\/toode\/sinep\/\",\"name\":\"Sinep - bio4you.eu\/retseptid\",\"isPartOf\":{\"@id\":\"https:\/\/bio4you.eu\/retseptid\/#website\"},\"primaryImageOfPage\":{\"@id\":\"https:\/\/bio4you.eu\/retseptid\/toode\/sinep\/#primaryimage\"},\"image\":{\"@id\":\"https:\/\/bio4you.eu\/retseptid\/toode\/sinep\/#primaryimage\"},\"thumbnailUrl\":\"https:\/\/bio4you.eu\/retseptid\/wp-content\/uploads\/2014\/01\/Mustard-Bath.jpg\",\"datePublished\":\"2014-01-30T09:25:35+00:00\",\"dateModified\":\"2022-05-12T11:06:44+00:00\",\"description\":\"Isetehtud sinep\",\"breadcrumb\":{\"@id\":\"https:\/\/bio4you.eu\/retseptid\/toode\/sinep\/#breadcrumb\"},\"inLanguage\":\"et\",\"potentialAction\":[{\"@type\":\"ReadAction\",\"target\":[\"https:\/\/bio4you.eu\/retseptid\/toode\/sinep\/\"]}]},{\"@type\":\"ImageObject\",\"inLanguage\":\"et\",\"@id\":\"https:\/\/bio4you.eu\/retseptid\/toode\/sinep\/#primaryimage\",\"url\":\"https:\/\/bio4you.eu\/retseptid\/wp-content\/uploads\/2014\/01\/Mustard-Bath.jpg\",\"contentUrl\":\"https:\/\/bio4you.eu\/retseptid\/wp-content\/uploads\/2014\/01\/Mustard-Bath.jpg\",\"width\":655,\"height\":397},{\"@type\":\"BreadcrumbList\",\"@id\":\"https:\/\/bio4you.eu\/retseptid\/toode\/sinep\/#breadcrumb\",\"itemListElement\":[{\"@type\":\"ListItem\",\"position\":1,\"name\":\"Home\",\"item\":\"https:\/\/bio4you.eu\/retseptid\/\"},{\"@type\":\"ListItem\",\"position\":2,\"name\":\"Sinep\"}]},{\"@type\":\"WebSite\",\"@id\":\"https:\/\/bio4you.eu\/retseptid\/#website\",\"url\":\"https:\/\/bio4you.eu\/retseptid\/\",\"name\":\"bio4you.eu\/retseptid\",\"description\":\"\u00d6ko retseptid ise tegemiseks, looduslikest koostisainetest. Maitsev toit, iluhooldus, kodupuhastus ja aiandus.\",\"potentialAction\":[{\"@type\":\"SearchAction\",\"target\":{\"@type\":\"EntryPoint\",\"urlTemplate\":\"https:\/\/bio4you.eu\/retseptid\/?s={search_term_string}\"},\"query-input\":\"required name=search_term_string\"}],\"inLanguage\":\"et\"}]}<\/script>\n<!-- \/ Yoast SEO plugin. -->","yoast_head_json":{"title":"Sinep - bio4you.eu\/retseptid","description":"Isetehtud sinep","robots":{"index":"index","follow":"follow","max-snippet":"max-snippet:-1","max-image-preview":"max-image-preview:large","max-video-preview":"max-video-preview:-1"},"canonical":"https:\/\/bio4you.eu\/retseptid\/toode\/sinep\/","og_locale":"et_EE","og_type":"article","og_title":"Sinep - bio4you.eu\/retseptid","og_description":"Isetehtud sinep","og_url":"https:\/\/bio4you.eu\/retseptid\/toode\/sinep\/","og_site_name":"bio4you.eu\/retseptid","article_modified_time":"2022-05-12T11:06:44+00:00","og_image":[{"width":655,"height":397,"url":"https:\/\/bio4you.eu\/retseptid\/wp-content\/uploads\/2014\/01\/Mustard-Bath.jpg","type":"image\/jpeg"}],"twitter_misc":{"Est. reading time":"1 minut"},"schema":{"@context":"https:\/\/schema.org","@graph":[{"@type":"WebPage","@id":"https:\/\/bio4you.eu\/retseptid\/toode\/sinep\/","url":"https:\/\/bio4you.eu\/retseptid\/toode\/sinep\/","name":"Sinep - bio4you.eu\/retseptid","isPartOf":{"@id":"https:\/\/bio4you.eu\/retseptid\/#website"},"primaryImageOfPage":{"@id":"https:\/\/bio4you.eu\/retseptid\/toode\/sinep\/#primaryimage"},"image":{"@id":"https:\/\/bio4you.eu\/retseptid\/toode\/sinep\/#primaryimage"},"thumbnailUrl":"https:\/\/bio4you.eu\/retseptid\/wp-content\/uploads\/2014\/01\/Mustard-Bath.jpg","datePublished":"2014-01-30T09:25:35+00:00","dateModified":"2022-05-12T11:06:44+00:00","description":"Isetehtud sinep","breadcrumb":{"@id":"https:\/\/bio4you.eu\/retseptid\/toode\/sinep\/#breadcrumb"},"inLanguage":"et","potentialAction":[{"@type":"ReadAction","target":["https:\/\/bio4you.eu\/retseptid\/toode\/sinep\/"]}]},{"@type":"ImageObject","inLanguage":"et","@id":"https:\/\/bio4you.eu\/retseptid\/toode\/sinep\/#primaryimage","url":"https:\/\/bio4you.eu\/retseptid\/wp-content\/uploads\/2014\/01\/Mustard-Bath.jpg","contentUrl":"https:\/\/bio4you.eu\/retseptid\/wp-content\/uploads\/2014\/01\/Mustard-Bath.jpg","width":655,"height":397},{"@type":"BreadcrumbList","@id":"https:\/\/bio4you.eu\/retseptid\/toode\/sinep\/#breadcrumb","itemListElement":[{"@type":"ListItem","position":1,"name":"Home","item":"https:\/\/bio4you.eu\/retseptid\/"},{"@type":"ListItem","position":2,"name":"Sinep"}]},{"@type":"WebSite","@id":"https:\/\/bio4you.eu\/retseptid\/#website","url":"https:\/\/bio4you.eu\/retseptid\/","name":"bio4you.eu\/retseptid","description":"\u00d6ko retseptid ise tegemiseks, looduslikest koostisainetest. Maitsev toit, iluhooldus, kodupuhastus ja aiandus.","potentialAction":[{"@type":"SearchAction","target":{"@type":"EntryPoint","urlTemplate":"https:\/\/bio4you.eu\/retseptid\/?s={search_term_string}"},"query-input":"required name=search_term_string"}],"inLanguage":"et"}]}},"_links":{"self":[{"href":"https:\/\/bio4you.eu\/retseptid\/wp-json\/wp\/v2\/product\/1771"}],"collection":[{"href":"https:\/\/bio4you.eu\/retseptid\/wp-json\/wp\/v2\/product"}],"about":[{"href":"https:\/\/bio4you.eu\/retseptid\/wp-json\/wp\/v2\/types\/product"}],"replies":[{"embeddable":true,"href":"https:\/\/bio4you.eu\/retseptid\/wp-json\/wp\/v2\/comments?post=1771"}],"wp:featuredmedia":[{"embeddable":true,"href":"https:\/\/bio4you.eu\/retseptid\/wp-json\/wp\/v2\/media\/3320"}],"wp:attachment":[{"href":"https:\/\/bio4you.eu\/retseptid\/wp-json\/wp\/v2\/media?parent=1771"}],"wp:term":[{"taxonomy":"product_cat","embeddable":true,"href":"https:\/\/bio4you.eu\/retseptid\/wp-json\/wp\/v2\/product_cat?post=1771"},{"taxonomy":"product_tag","embeddable":true,"href":"https:\/\/bio4you.eu\/retseptid\/wp-json\/wp\/v2\/product_tag?post=1771"}],"curies":[{"name":"wp","href":"https:\/\/api.w.org\/{rel}","templated":true}]}}