{"id":1772,"date":"2014-01-30T12:00:38","date_gmt":"2014-01-30T10:00:38","guid":{"rendered":"https:\/\/bio4you.eu\/retseptid\/?post_type=product&#038;p=1772"},"modified":"2022-03-25T17:15:16","modified_gmt":"2022-03-25T15:15:16","slug":"ketshup-basiilikuga","status":"publish","type":"product","link":"https:\/\/bio4you.eu\/retseptid\/toode\/ketshup-basiilikuga\/","title":{"rendered":"Ket\u0161up basiilikuga"},"content":{"rendered":"<p>VALMISTAMINE:<br \/>\n<span style=\"text-align: justify;\">Pane <\/span><strong style=\"text-align: justify;\">basiilikulehed, tomatid, vesi<\/strong><span style=\"text-align: justify;\"> ja<\/span><strong style=\"text-align: justify;\"> tomatip\u00fcree<\/strong><span style=\"text-align: justify;\"> kastrulisse.\u00a0Keeda madalal tulel kuni vesi aurustub ja kaste muutub paksuks. Kasuta s\u00f5ela, et eemaldada segust seemned ja koored.<\/span><\/p>\n<p style=\"text-align: justify;\">Kuumuta<strong> k\u00fc\u00fcslauguk\u00fc\u00fcs<\/strong> ja<strong> sibul<\/strong> oliivi\u00f5lis. Lisa <strong>tomatikaste, 1 spl apteegitilli seemneid, soola, pipart, muskaatp\u00e4hklit, pool tl kaneeli<\/strong>\u00a0ja<strong> toor-roosuhkur<\/strong>.<\/p>\n<p style=\"text-align: justify;\">Keeda kuni soovitud paksuseni, segades sageli puulusikaga. Kui tahad eriti kreemjat ket\u0161upit siis kasuta ka saumikserit. Valmis ket\u0161up pane eelnevalt steriliseeritud purkidesse, sulge koheselt ja lase seista tagurpidi j\u00e4rgmise p\u00e4evani.<\/p>\n<p style=\"text-align: justify;\">Avatuna\u00a0k\u00fclmikus s\u00e4ilib ket\u0161up paar p\u00e4eva. Paremaks s\u00e4ilimiseks pane avatud purki, ket\u0161upi pealispinnale, paar lusikat\u00e4it ekstra neitsioliivi\u00f5li.<\/p>\n","protected":false},"excerpt":{"rendered":"<p>Vaja l\u00e4heb:<\/p>\n<ul>\n<li>250 g tomatip\u00fcreed<\/li>\n<li>250 g k\u00fcpseid tomateid<\/li>\n<li>200 ml vett<\/li>\n<li>40 gr toorsuhkrut<\/li>\n<li><span style=\"color: #99cc00;\"><a style=\"color: #99cc00;\" href=\"https:\/\/bio4you.eu\/et\/search?controller=search&amp;orderby=position&amp;orderway=desc&amp;search_query=itaalia+filtreerimata+oliivi%C3%B5li&amp;submit_search=\">ekstra neitsioliivi\u00f5li<\/a><\/span><\/li>\n<li>1 k\u00fc\u00fcslauguk\u00fc\u00fcs<\/li>\n<li>pool sibulat<\/li>\n<li>basiilikut<\/li>\n<li><a href=\"http:\/\/bio4you.eu\/et\/search?controller=search&amp;orderby=position&amp;orderway=desc&amp;search_query=kaneel&amp;submit_search=\" target=\"_blank\" rel=\"noopener\"><span style=\"color: #99cc00;\">kaneelipulbrit<\/span><\/a><\/li>\n<li>apteegitilli seemneid<\/li>\n<li><a href=\"http:\/\/bio4you.eu\/et\/maitseained\/1000-muskaatpahkel-jahvatatud-75g-cosmoveda.html?search_query=muskaatpahkel&amp;results=5\" target=\"_blank\" rel=\"noopener\"><span style=\"color: #99cc00;\">muskaatp\u00e4hklit<\/span><\/a><\/li>\n<li>soola<\/li>\n<li>pipart<\/li>\n<\/ul>\n","protected":false},"featured_media":3285,"comment_status":"closed","ping_status":"closed","template":"","meta":{"_exactmetrics_skip_tracking":false,"_exactmetrics_sitenote_active":false,"_exactmetrics_sitenote_note":"","_exactmetrics_sitenote_category":0},"product_cat":[60,382,383,74],"product_tag":[],"class_list":{"0":"post-1772","1":"product","2":"type-product","3":"status-publish","4":"has-post-thumbnail","6":"product_cat-toiduretseptid","7":"product_cat-vegan-toiduretseptid","8":"product_cat-taimetoit","9":"product_cat-kastmed-maarded-voided","11":"first","12":"instock","13":"shipping-taxable","14":"product-type-simple"},"yoast_head":"<!-- This site is optimized with the Yoast SEO plugin v23.3 - https:\/\/yoast.com\/wordpress\/plugins\/seo\/ -->\n<title>Ket\u0161up basiilikuga - bio4you.eu\/retseptid<\/title>\n<meta name=\"description\" content=\"isetehtud ketshup basiilikuga\" \/>\n<meta name=\"robots\" content=\"index, follow, max-snippet:-1, max-image-preview:large, max-video-preview:-1\" \/>\n<link rel=\"canonical\" href=\"https:\/\/bio4you.eu\/retseptid\/toode\/ketshup-basiilikuga\/\" \/>\n<meta property=\"og:locale\" content=\"et_EE\" \/>\n<meta property=\"og:type\" content=\"article\" \/>\n<meta property=\"og:title\" content=\"Ket\u0161up basiilikuga - bio4you.eu\/retseptid\" \/>\n<meta property=\"og:description\" content=\"isetehtud ketshup basiilikuga\" \/>\n<meta property=\"og:url\" content=\"https:\/\/bio4you.eu\/retseptid\/toode\/ketshup-basiilikuga\/\" \/>\n<meta property=\"og:site_name\" content=\"bio4you.eu\/retseptid\" \/>\n<meta property=\"article:modified_time\" content=\"2022-03-25T15:15:16+00:00\" \/>\n<meta property=\"og:image\" content=\"https:\/\/bio4you.eu\/retseptid\/wp-content\/uploads\/2014\/01\/burgerketchup-scaled.jpg\" \/>\n\t<meta property=\"og:image:width\" content=\"2560\" \/>\n\t<meta property=\"og:image:height\" content=\"1331\" \/>\n\t<meta property=\"og:image:type\" content=\"image\/jpeg\" \/>\n<meta name=\"twitter:label1\" content=\"Est. reading time\" \/>\n\t<meta name=\"twitter:data1\" content=\"1 minut\" \/>\n<script type=\"application\/ld+json\" class=\"yoast-schema-graph\">{\"@context\":\"https:\/\/schema.org\",\"@graph\":[{\"@type\":\"WebPage\",\"@id\":\"https:\/\/bio4you.eu\/retseptid\/toode\/ketshup-basiilikuga\/\",\"url\":\"https:\/\/bio4you.eu\/retseptid\/toode\/ketshup-basiilikuga\/\",\"name\":\"Ket\u0161up basiilikuga - bio4you.eu\/retseptid\",\"isPartOf\":{\"@id\":\"https:\/\/bio4you.eu\/retseptid\/#website\"},\"primaryImageOfPage\":{\"@id\":\"https:\/\/bio4you.eu\/retseptid\/toode\/ketshup-basiilikuga\/#primaryimage\"},\"image\":{\"@id\":\"https:\/\/bio4you.eu\/retseptid\/toode\/ketshup-basiilikuga\/#primaryimage\"},\"thumbnailUrl\":\"https:\/\/bio4you.eu\/retseptid\/wp-content\/uploads\/2014\/01\/burgerketchup-scaled.jpg\",\"datePublished\":\"2014-01-30T10:00:38+00:00\",\"dateModified\":\"2022-03-25T15:15:16+00:00\",\"description\":\"isetehtud ketshup basiilikuga\",\"breadcrumb\":{\"@id\":\"https:\/\/bio4you.eu\/retseptid\/toode\/ketshup-basiilikuga\/#breadcrumb\"},\"inLanguage\":\"et\",\"potentialAction\":[{\"@type\":\"ReadAction\",\"target\":[\"https:\/\/bio4you.eu\/retseptid\/toode\/ketshup-basiilikuga\/\"]}]},{\"@type\":\"ImageObject\",\"inLanguage\":\"et\",\"@id\":\"https:\/\/bio4you.eu\/retseptid\/toode\/ketshup-basiilikuga\/#primaryimage\",\"url\":\"https:\/\/bio4you.eu\/retseptid\/wp-content\/uploads\/2014\/01\/burgerketchup-scaled.jpg\",\"contentUrl\":\"https:\/\/bio4you.eu\/retseptid\/wp-content\/uploads\/2014\/01\/burgerketchup-scaled.jpg\",\"width\":2560,\"height\":1331},{\"@type\":\"BreadcrumbList\",\"@id\":\"https:\/\/bio4you.eu\/retseptid\/toode\/ketshup-basiilikuga\/#breadcrumb\",\"itemListElement\":[{\"@type\":\"ListItem\",\"position\":1,\"name\":\"Home\",\"item\":\"https:\/\/bio4you.eu\/retseptid\/\"},{\"@type\":\"ListItem\",\"position\":2,\"name\":\"Ket\u0161up basiilikuga\"}]},{\"@type\":\"WebSite\",\"@id\":\"https:\/\/bio4you.eu\/retseptid\/#website\",\"url\":\"https:\/\/bio4you.eu\/retseptid\/\",\"name\":\"bio4you.eu\/retseptid\",\"description\":\"\u00d6ko retseptid ise tegemiseks, looduslikest koostisainetest. Maitsev toit, iluhooldus, kodupuhastus ja aiandus.\",\"potentialAction\":[{\"@type\":\"SearchAction\",\"target\":{\"@type\":\"EntryPoint\",\"urlTemplate\":\"https:\/\/bio4you.eu\/retseptid\/?s={search_term_string}\"},\"query-input\":\"required name=search_term_string\"}],\"inLanguage\":\"et\"}]}<\/script>\n<!-- \/ Yoast SEO plugin. -->","yoast_head_json":{"title":"Ket\u0161up basiilikuga - bio4you.eu\/retseptid","description":"isetehtud ketshup basiilikuga","robots":{"index":"index","follow":"follow","max-snippet":"max-snippet:-1","max-image-preview":"max-image-preview:large","max-video-preview":"max-video-preview:-1"},"canonical":"https:\/\/bio4you.eu\/retseptid\/toode\/ketshup-basiilikuga\/","og_locale":"et_EE","og_type":"article","og_title":"Ket\u0161up basiilikuga - bio4you.eu\/retseptid","og_description":"isetehtud ketshup basiilikuga","og_url":"https:\/\/bio4you.eu\/retseptid\/toode\/ketshup-basiilikuga\/","og_site_name":"bio4you.eu\/retseptid","article_modified_time":"2022-03-25T15:15:16+00:00","og_image":[{"width":2560,"height":1331,"url":"https:\/\/bio4you.eu\/retseptid\/wp-content\/uploads\/2014\/01\/burgerketchup-scaled.jpg","type":"image\/jpeg"}],"twitter_misc":{"Est. reading time":"1 minut"},"schema":{"@context":"https:\/\/schema.org","@graph":[{"@type":"WebPage","@id":"https:\/\/bio4you.eu\/retseptid\/toode\/ketshup-basiilikuga\/","url":"https:\/\/bio4you.eu\/retseptid\/toode\/ketshup-basiilikuga\/","name":"Ket\u0161up basiilikuga - bio4you.eu\/retseptid","isPartOf":{"@id":"https:\/\/bio4you.eu\/retseptid\/#website"},"primaryImageOfPage":{"@id":"https:\/\/bio4you.eu\/retseptid\/toode\/ketshup-basiilikuga\/#primaryimage"},"image":{"@id":"https:\/\/bio4you.eu\/retseptid\/toode\/ketshup-basiilikuga\/#primaryimage"},"thumbnailUrl":"https:\/\/bio4you.eu\/retseptid\/wp-content\/uploads\/2014\/01\/burgerketchup-scaled.jpg","datePublished":"2014-01-30T10:00:38+00:00","dateModified":"2022-03-25T15:15:16+00:00","description":"isetehtud ketshup basiilikuga","breadcrumb":{"@id":"https:\/\/bio4you.eu\/retseptid\/toode\/ketshup-basiilikuga\/#breadcrumb"},"inLanguage":"et","potentialAction":[{"@type":"ReadAction","target":["https:\/\/bio4you.eu\/retseptid\/toode\/ketshup-basiilikuga\/"]}]},{"@type":"ImageObject","inLanguage":"et","@id":"https:\/\/bio4you.eu\/retseptid\/toode\/ketshup-basiilikuga\/#primaryimage","url":"https:\/\/bio4you.eu\/retseptid\/wp-content\/uploads\/2014\/01\/burgerketchup-scaled.jpg","contentUrl":"https:\/\/bio4you.eu\/retseptid\/wp-content\/uploads\/2014\/01\/burgerketchup-scaled.jpg","width":2560,"height":1331},{"@type":"BreadcrumbList","@id":"https:\/\/bio4you.eu\/retseptid\/toode\/ketshup-basiilikuga\/#breadcrumb","itemListElement":[{"@type":"ListItem","position":1,"name":"Home","item":"https:\/\/bio4you.eu\/retseptid\/"},{"@type":"ListItem","position":2,"name":"Ket\u0161up basiilikuga"}]},{"@type":"WebSite","@id":"https:\/\/bio4you.eu\/retseptid\/#website","url":"https:\/\/bio4you.eu\/retseptid\/","name":"bio4you.eu\/retseptid","description":"\u00d6ko retseptid ise tegemiseks, looduslikest koostisainetest. Maitsev toit, iluhooldus, kodupuhastus ja aiandus.","potentialAction":[{"@type":"SearchAction","target":{"@type":"EntryPoint","urlTemplate":"https:\/\/bio4you.eu\/retseptid\/?s={search_term_string}"},"query-input":"required name=search_term_string"}],"inLanguage":"et"}]}},"_links":{"self":[{"href":"https:\/\/bio4you.eu\/retseptid\/wp-json\/wp\/v2\/product\/1772"}],"collection":[{"href":"https:\/\/bio4you.eu\/retseptid\/wp-json\/wp\/v2\/product"}],"about":[{"href":"https:\/\/bio4you.eu\/retseptid\/wp-json\/wp\/v2\/types\/product"}],"replies":[{"embeddable":true,"href":"https:\/\/bio4you.eu\/retseptid\/wp-json\/wp\/v2\/comments?post=1772"}],"wp:featuredmedia":[{"embeddable":true,"href":"https:\/\/bio4you.eu\/retseptid\/wp-json\/wp\/v2\/media\/3285"}],"wp:attachment":[{"href":"https:\/\/bio4you.eu\/retseptid\/wp-json\/wp\/v2\/media?parent=1772"}],"wp:term":[{"taxonomy":"product_cat","embeddable":true,"href":"https:\/\/bio4you.eu\/retseptid\/wp-json\/wp\/v2\/product_cat?post=1772"},{"taxonomy":"product_tag","embeddable":true,"href":"https:\/\/bio4you.eu\/retseptid\/wp-json\/wp\/v2\/product_tag?post=1772"}],"curies":[{"name":"wp","href":"https:\/\/api.w.org\/{rel}","templated":true}]}}