{"id":1869,"date":"2014-02-18T12:22:30","date_gmt":"2014-02-18T10:22:30","guid":{"rendered":"https:\/\/bio4you.eu\/retseptid\/?post_type=product&#038;p=1869"},"modified":"2022-05-17T20:13:08","modified_gmt":"2022-05-17T17:13:08","slug":"aaloe-mandlioli-geel-kuivale-nahale","status":"publish","type":"product","link":"https:\/\/bio4you.eu\/retseptid\/toode\/aaloe-mandlioli-geel-kuivale-nahale\/","title":{"rendered":"Aaloe-mandli puhastusgeel lastele ja kuivale nahale"},"content":{"rendered":"<p>See n\u00e4ogeel sobib kerge suvise kreemi asemel, lastele naha\u00e4rrituse puhul ja ka p\u00e4iksej\u00e4rgselt nahka rahustava geelina. Ideaalne ka meigi ja mustuse eemaldamiseks. Aaloel on p\u00f5letust leevendavad, niisutavad ja parandavad omadused. Magusmandli\u00f5li sisaldab\u00a0vitamiine A, B1 ja B6, ta imendub kiiresti, rahustab ja silub, omab valuvaigistavat toimet. Efektiivne kuiva, tundliku, \u00f5rnaja kahjustatud naha puhul.<\/p>\n<p>VALMISTAMINE:<br \/>\nSega klaasikese sees aaloegeel ja magusmandli\u00f5li puulusikaga ca 1 minut.<\/p>\n<p>Kanna n\u00e4ole ja masseeri imendumiseni.<\/p>\n<p>&nbsp;<\/p>\n","protected":false},"excerpt":{"rendered":"<p>Vaja l\u00e4heb:<\/p>\n<ul>\n<li>1spl <a href=\"http:\/\/bio4you.eu\/et\/tervis\/2012-aaloegeel-99-200ml-medicura.html?search_query=aaloegeel&amp;results=28\" target=\"_blank\" rel=\"noopener noreferrer\"><span style=\"color: #99cc00;\">aaloegeeli<\/span><\/a><\/li>\n<li>1\/2 tl <span style=\"color: #99cc00;\"><a href=\"https:\/\/bio4you.eu\/et\/otsi?controller=search&amp;order=product.position.desc&amp;s=magusmandli%C3%B5li&amp;utm_source=bioretsept&amp;utm_medium=retsept&amp;utm_campaign=retsept\" target=\"_blank\" rel=\"noopener noreferrer\"><span style=\"color: #99cc00;\">magusmandli\u00f5li<\/span><\/a><\/span><\/li>\n<\/ul>\n","protected":false},"featured_media":3739,"comment_status":"closed","ping_status":"closed","template":"","meta":{"_exactmetrics_skip_tracking":false,"_exactmetrics_sitenote_active":false,"_exactmetrics_sitenote_note":"","_exactmetrics_sitenote_category":0},"product_cat":[61,85,94,79,81,90],"product_tag":[146,121,144,137,147,145],"class_list":{"0":"post-1869","1":"product","2":"type-product","3":"status-publish","4":"has-post-thumbnail","6":"product_cat-ilu-retseptid","7":"product_cat-kehahooldus","8":"product_cat-laste-kosmeetika","9":"product_cat-naohooldus","10":"product_cat-puhastamine-ja-toonikud","11":"product_cat-paiksekaitse","12":"product_tag-aaloe-magusmandli-geel","13":"product_tag-aaloegeel","14":"product_tag-mandlioli","15":"product_tag-paiksejargne-geel","16":"product_tag-puhastusgeel","17":"product_tag-rahustav-geel-lastele","19":"first","20":"instock","21":"shipping-taxable","22":"product-type-simple"},"yoast_head":"<!-- This site is optimized with the Yoast SEO plugin v23.3 - https:\/\/yoast.com\/wordpress\/plugins\/seo\/ -->\n<title>Aaloe-mandli puhastusgeel lastele ja kuivale nahale - bio4you.eu\/retseptid<\/title>\n<meta name=\"description\" content=\"aaloe-mandli\u00f5li geel kuivale nahale\" \/>\n<meta name=\"robots\" content=\"index, follow, max-snippet:-1, max-image-preview:large, max-video-preview:-1\" \/>\n<link rel=\"canonical\" href=\"https:\/\/bio4you.eu\/retseptid\/toode\/aaloe-mandlioli-geel-kuivale-nahale\/\" \/>\n<meta property=\"og:locale\" content=\"et_EE\" \/>\n<meta property=\"og:type\" content=\"article\" \/>\n<meta property=\"og:title\" content=\"Aaloe-mandli puhastusgeel lastele ja kuivale nahale - bio4you.eu\/retseptid\" \/>\n<meta property=\"og:description\" content=\"aaloe-mandli\u00f5li geel kuivale nahale\" \/>\n<meta property=\"og:url\" content=\"https:\/\/bio4you.eu\/retseptid\/toode\/aaloe-mandlioli-geel-kuivale-nahale\/\" \/>\n<meta property=\"og:site_name\" content=\"bio4you.eu\/retseptid\" \/>\n<meta property=\"article:modified_time\" content=\"2022-05-17T17:13:08+00:00\" \/>\n<meta property=\"og:image\" content=\"https:\/\/bio4you.eu\/retseptid\/wp-content\/uploads\/2014\/02\/pexels-photo-57042.jpeg\" \/>\n\t<meta property=\"og:image:width\" content=\"2048\" \/>\n\t<meta property=\"og:image:height\" content=\"2048\" \/>\n\t<meta property=\"og:image:type\" content=\"image\/jpeg\" \/>\n<meta name=\"twitter:label1\" content=\"Est. reading time\" \/>\n\t<meta name=\"twitter:data1\" content=\"1 minut\" \/>\n<script type=\"application\/ld+json\" class=\"yoast-schema-graph\">{\"@context\":\"https:\/\/schema.org\",\"@graph\":[{\"@type\":\"WebPage\",\"@id\":\"https:\/\/bio4you.eu\/retseptid\/toode\/aaloe-mandlioli-geel-kuivale-nahale\/\",\"url\":\"https:\/\/bio4you.eu\/retseptid\/toode\/aaloe-mandlioli-geel-kuivale-nahale\/\",\"name\":\"Aaloe-mandli puhastusgeel lastele ja kuivale nahale - bio4you.eu\/retseptid\",\"isPartOf\":{\"@id\":\"https:\/\/bio4you.eu\/retseptid\/#website\"},\"primaryImageOfPage\":{\"@id\":\"https:\/\/bio4you.eu\/retseptid\/toode\/aaloe-mandlioli-geel-kuivale-nahale\/#primaryimage\"},\"image\":{\"@id\":\"https:\/\/bio4you.eu\/retseptid\/toode\/aaloe-mandlioli-geel-kuivale-nahale\/#primaryimage\"},\"thumbnailUrl\":\"https:\/\/bio4you.eu\/retseptid\/wp-content\/uploads\/2014\/02\/pexels-photo-57042.jpeg\",\"datePublished\":\"2014-02-18T10:22:30+00:00\",\"dateModified\":\"2022-05-17T17:13:08+00:00\",\"description\":\"aaloe-mandli\u00f5li geel kuivale nahale\",\"breadcrumb\":{\"@id\":\"https:\/\/bio4you.eu\/retseptid\/toode\/aaloe-mandlioli-geel-kuivale-nahale\/#breadcrumb\"},\"inLanguage\":\"et\",\"potentialAction\":[{\"@type\":\"ReadAction\",\"target\":[\"https:\/\/bio4you.eu\/retseptid\/toode\/aaloe-mandlioli-geel-kuivale-nahale\/\"]}]},{\"@type\":\"ImageObject\",\"inLanguage\":\"et\",\"@id\":\"https:\/\/bio4you.eu\/retseptid\/toode\/aaloe-mandlioli-geel-kuivale-nahale\/#primaryimage\",\"url\":\"https:\/\/bio4you.eu\/retseptid\/wp-content\/uploads\/2014\/02\/pexels-photo-57042.jpeg\",\"contentUrl\":\"https:\/\/bio4you.eu\/retseptid\/wp-content\/uploads\/2014\/02\/pexels-photo-57042.jpeg\",\"width\":2048,\"height\":2048},{\"@type\":\"BreadcrumbList\",\"@id\":\"https:\/\/bio4you.eu\/retseptid\/toode\/aaloe-mandlioli-geel-kuivale-nahale\/#breadcrumb\",\"itemListElement\":[{\"@type\":\"ListItem\",\"position\":1,\"name\":\"Home\",\"item\":\"https:\/\/bio4you.eu\/retseptid\/\"},{\"@type\":\"ListItem\",\"position\":2,\"name\":\"Aaloe-mandli puhastusgeel lastele ja kuivale nahale\"}]},{\"@type\":\"WebSite\",\"@id\":\"https:\/\/bio4you.eu\/retseptid\/#website\",\"url\":\"https:\/\/bio4you.eu\/retseptid\/\",\"name\":\"bio4you.eu\/retseptid\",\"description\":\"\u00d6ko retseptid ise tegemiseks, looduslikest koostisainetest. Maitsev toit, iluhooldus, kodupuhastus ja aiandus.\",\"potentialAction\":[{\"@type\":\"SearchAction\",\"target\":{\"@type\":\"EntryPoint\",\"urlTemplate\":\"https:\/\/bio4you.eu\/retseptid\/?s={search_term_string}\"},\"query-input\":\"required name=search_term_string\"}],\"inLanguage\":\"et\"}]}<\/script>\n<!-- \/ Yoast SEO plugin. -->","yoast_head_json":{"title":"Aaloe-mandli puhastusgeel lastele ja kuivale nahale - bio4you.eu\/retseptid","description":"aaloe-mandli\u00f5li geel kuivale nahale","robots":{"index":"index","follow":"follow","max-snippet":"max-snippet:-1","max-image-preview":"max-image-preview:large","max-video-preview":"max-video-preview:-1"},"canonical":"https:\/\/bio4you.eu\/retseptid\/toode\/aaloe-mandlioli-geel-kuivale-nahale\/","og_locale":"et_EE","og_type":"article","og_title":"Aaloe-mandli puhastusgeel lastele ja kuivale nahale - bio4you.eu\/retseptid","og_description":"aaloe-mandli\u00f5li geel kuivale nahale","og_url":"https:\/\/bio4you.eu\/retseptid\/toode\/aaloe-mandlioli-geel-kuivale-nahale\/","og_site_name":"bio4you.eu\/retseptid","article_modified_time":"2022-05-17T17:13:08+00:00","og_image":[{"width":2048,"height":2048,"url":"https:\/\/bio4you.eu\/retseptid\/wp-content\/uploads\/2014\/02\/pexels-photo-57042.jpeg","type":"image\/jpeg"}],"twitter_misc":{"Est. reading time":"1 minut"},"schema":{"@context":"https:\/\/schema.org","@graph":[{"@type":"WebPage","@id":"https:\/\/bio4you.eu\/retseptid\/toode\/aaloe-mandlioli-geel-kuivale-nahale\/","url":"https:\/\/bio4you.eu\/retseptid\/toode\/aaloe-mandlioli-geel-kuivale-nahale\/","name":"Aaloe-mandli puhastusgeel lastele ja kuivale nahale - bio4you.eu\/retseptid","isPartOf":{"@id":"https:\/\/bio4you.eu\/retseptid\/#website"},"primaryImageOfPage":{"@id":"https:\/\/bio4you.eu\/retseptid\/toode\/aaloe-mandlioli-geel-kuivale-nahale\/#primaryimage"},"image":{"@id":"https:\/\/bio4you.eu\/retseptid\/toode\/aaloe-mandlioli-geel-kuivale-nahale\/#primaryimage"},"thumbnailUrl":"https:\/\/bio4you.eu\/retseptid\/wp-content\/uploads\/2014\/02\/pexels-photo-57042.jpeg","datePublished":"2014-02-18T10:22:30+00:00","dateModified":"2022-05-17T17:13:08+00:00","description":"aaloe-mandli\u00f5li geel kuivale nahale","breadcrumb":{"@id":"https:\/\/bio4you.eu\/retseptid\/toode\/aaloe-mandlioli-geel-kuivale-nahale\/#breadcrumb"},"inLanguage":"et","potentialAction":[{"@type":"ReadAction","target":["https:\/\/bio4you.eu\/retseptid\/toode\/aaloe-mandlioli-geel-kuivale-nahale\/"]}]},{"@type":"ImageObject","inLanguage":"et","@id":"https:\/\/bio4you.eu\/retseptid\/toode\/aaloe-mandlioli-geel-kuivale-nahale\/#primaryimage","url":"https:\/\/bio4you.eu\/retseptid\/wp-content\/uploads\/2014\/02\/pexels-photo-57042.jpeg","contentUrl":"https:\/\/bio4you.eu\/retseptid\/wp-content\/uploads\/2014\/02\/pexels-photo-57042.jpeg","width":2048,"height":2048},{"@type":"BreadcrumbList","@id":"https:\/\/bio4you.eu\/retseptid\/toode\/aaloe-mandlioli-geel-kuivale-nahale\/#breadcrumb","itemListElement":[{"@type":"ListItem","position":1,"name":"Home","item":"https:\/\/bio4you.eu\/retseptid\/"},{"@type":"ListItem","position":2,"name":"Aaloe-mandli puhastusgeel lastele ja kuivale nahale"}]},{"@type":"WebSite","@id":"https:\/\/bio4you.eu\/retseptid\/#website","url":"https:\/\/bio4you.eu\/retseptid\/","name":"bio4you.eu\/retseptid","description":"\u00d6ko retseptid ise tegemiseks, looduslikest koostisainetest. Maitsev toit, iluhooldus, kodupuhastus ja aiandus.","potentialAction":[{"@type":"SearchAction","target":{"@type":"EntryPoint","urlTemplate":"https:\/\/bio4you.eu\/retseptid\/?s={search_term_string}"},"query-input":"required name=search_term_string"}],"inLanguage":"et"}]}},"_links":{"self":[{"href":"https:\/\/bio4you.eu\/retseptid\/wp-json\/wp\/v2\/product\/1869"}],"collection":[{"href":"https:\/\/bio4you.eu\/retseptid\/wp-json\/wp\/v2\/product"}],"about":[{"href":"https:\/\/bio4you.eu\/retseptid\/wp-json\/wp\/v2\/types\/product"}],"replies":[{"embeddable":true,"href":"https:\/\/bio4you.eu\/retseptid\/wp-json\/wp\/v2\/comments?post=1869"}],"wp:featuredmedia":[{"embeddable":true,"href":"https:\/\/bio4you.eu\/retseptid\/wp-json\/wp\/v2\/media\/3739"}],"wp:attachment":[{"href":"https:\/\/bio4you.eu\/retseptid\/wp-json\/wp\/v2\/media?parent=1869"}],"wp:term":[{"taxonomy":"product_cat","embeddable":true,"href":"https:\/\/bio4you.eu\/retseptid\/wp-json\/wp\/v2\/product_cat?post=1869"},{"taxonomy":"product_tag","embeddable":true,"href":"https:\/\/bio4you.eu\/retseptid\/wp-json\/wp\/v2\/product_tag?post=1869"}],"curies":[{"name":"wp","href":"https:\/\/api.w.org\/{rel}","templated":true}]}}