{"id":1871,"date":"2014-02-18T12:27:54","date_gmt":"2014-02-18T10:27:54","guid":{"rendered":"https:\/\/bio4you.eu\/retseptid\/?post_type=product&#038;p=1871"},"modified":"2018-01-11T15:33:56","modified_gmt":"2018-01-11T13:33:56","slug":"aaloe-puhastuspiim","status":"publish","type":"product","link":"https:\/\/bio4you.eu\/retseptid\/toode\/aaloe-puhastuspiim\/","title":{"rendered":"N\u00c4O PUHASTUSPIIM, aaloe-mee-jogurti"},"content":{"rendered":"<p><strong>Aaloegeel<\/strong>\u00a0on rikas vitamiinide, mineraalide, amiinohapete ja pol\u00fcsahhariidide poolest. Aaloe niisutab, m\u00f5jub p\u00f5letikuvastaselt, v\u00e4rskendab, parandab, leevendab, taastab, kaitseb. Sobib ideaalselt akneprobleemiga nahale v\u00f5i allergilisele ja kuivale nahale. <strong>Jogurt<\/strong>\u00a0sisaldab kasulikke piimhappebaktereid, mis taastavad naha loomuliku kaitsebarj\u00e4\u00e4ri ning reguleerivad rasueritust. <strong>Magusmandli\u00f5li<\/strong> on p\u00f5letikuvastase ja rahustava toimega. <strong>Mesi<\/strong> sisaldab rohkelt vitamiine, mineraalaineid ja rikastab nahka antioks\u00fcdantidega.<\/p>\n<p><strong>VALMISTAMINE:<\/strong><\/p>\n<p>Sega ained\u00a0 puulusikaga klaasikese sees. Hoia 2 p\u00e4eva k\u00fclmikus.<br \/>\nPuhastuspiim v\u00f5tab maha meigi, toniseerib ja varustab nahka vitamiinidega.<\/p>\n<p>&nbsp;<\/p>\n","protected":false},"excerpt":{"rendered":"<p>Vaja l\u00e4heb:<\/p>\n<ul>\n<li>1 spl jogurtit<\/li>\n<li>1 spl <a href=\"https:\/\/bio4you.eu\/et\/tervis\/2012-aaloegeel-983-200ml-medicura.html\" target=\"_blank\" rel=\"noopener noreferrer\"><span style=\"color: #99cc00;\">aaloegeeli<\/span><\/a><\/li>\n<li>1 tl <a href=\"https:\/\/bio4you.eu\/et\/olid\/1026-magusmandli-oli-kulmpress-100ml-laboratorio-naturale.html?search_query=magusmandli+oli+kulmpress&amp;results=10\" target=\"_blank\" rel=\"noopener noreferrer\"><span style=\"color: #99cc00;\">magusmandli\u00f5li<\/span><\/a><\/li>\n<li>1 tl mett<\/li>\n<\/ul>\n","protected":false},"featured_media":3770,"comment_status":"closed","ping_status":"closed","template":"","meta":{"_exactmetrics_skip_tracking":false,"_exactmetrics_sitenote_active":false,"_exactmetrics_sitenote_note":"","_exactmetrics_sitenote_category":0},"product_cat":[61,79,81],"product_tag":[120,142,143,102,133,105,141,140],"class_list":{"0":"post-1871","1":"product","2":"type-product","3":"status-publish","4":"has-post-thumbnail","6":"product_cat-ilu-retseptid","7":"product_cat-naohooldus","8":"product_cat-puhastamine-ja-toonikud","9":"product_tag-aaloe","10":"product_tag-aaloega-puhastuspiim","11":"product_tag-isetehtud-puhastuspiim","12":"product_tag-jogurt","13":"product_tag-magusmandlioli","14":"product_tag-mesi","15":"product_tag-naopuhastus","16":"product_tag-puhastuspiim","18":"first","19":"instock","20":"shipping-taxable","21":"product-type-simple"},"yoast_head":"<!-- This site is optimized with the Yoast SEO plugin v23.3 - https:\/\/yoast.com\/wordpress\/plugins\/seo\/ -->\n<title>N\u00c4O PUHASTUSPIIM, aaloe-mee-jogurti - bio4you.eu\/retseptid<\/title>\n<meta name=\"description\" content=\"N\u00c4O PUHASTUSPIIM, aaloe-jogurti-mee\" \/>\n<meta name=\"robots\" content=\"index, follow, max-snippet:-1, max-image-preview:large, max-video-preview:-1\" \/>\n<link rel=\"canonical\" href=\"https:\/\/bio4you.eu\/retseptid\/toode\/aaloe-puhastuspiim\/\" \/>\n<meta property=\"og:locale\" content=\"et_EE\" \/>\n<meta property=\"og:type\" content=\"article\" \/>\n<meta property=\"og:title\" content=\"N\u00c4O PUHASTUSPIIM, aaloe-mee-jogurti - bio4you.eu\/retseptid\" \/>\n<meta property=\"og:description\" content=\"N\u00c4O PUHASTUSPIIM, aaloe-jogurti-mee\" \/>\n<meta property=\"og:url\" content=\"https:\/\/bio4you.eu\/retseptid\/toode\/aaloe-puhastuspiim\/\" \/>\n<meta property=\"og:site_name\" content=\"bio4you.eu\/retseptid\" \/>\n<meta property=\"article:modified_time\" content=\"2018-01-11T13:33:56+00:00\" \/>\n<meta property=\"og:image\" content=\"https:\/\/bio4you.eu\/retseptid\/wp-content\/uploads\/2014\/02\/pexels-photo-373882.jpeg\" \/>\n\t<meta property=\"og:image:width\" content=\"1467\" \/>\n\t<meta property=\"og:image:height\" content=\"2200\" \/>\n\t<meta property=\"og:image:type\" content=\"image\/jpeg\" \/>\n<script type=\"application\/ld+json\" class=\"yoast-schema-graph\">{\"@context\":\"https:\/\/schema.org\",\"@graph\":[{\"@type\":\"WebPage\",\"@id\":\"https:\/\/bio4you.eu\/retseptid\/toode\/aaloe-puhastuspiim\/\",\"url\":\"https:\/\/bio4you.eu\/retseptid\/toode\/aaloe-puhastuspiim\/\",\"name\":\"N\u00c4O PUHASTUSPIIM, aaloe-mee-jogurti - bio4you.eu\/retseptid\",\"isPartOf\":{\"@id\":\"https:\/\/bio4you.eu\/retseptid\/#website\"},\"primaryImageOfPage\":{\"@id\":\"https:\/\/bio4you.eu\/retseptid\/toode\/aaloe-puhastuspiim\/#primaryimage\"},\"image\":{\"@id\":\"https:\/\/bio4you.eu\/retseptid\/toode\/aaloe-puhastuspiim\/#primaryimage\"},\"thumbnailUrl\":\"https:\/\/bio4you.eu\/retseptid\/wp-content\/uploads\/2014\/02\/pexels-photo-373882.jpeg\",\"datePublished\":\"2014-02-18T10:27:54+00:00\",\"dateModified\":\"2018-01-11T13:33:56+00:00\",\"description\":\"N\u00c4O PUHASTUSPIIM, aaloe-jogurti-mee\",\"breadcrumb\":{\"@id\":\"https:\/\/bio4you.eu\/retseptid\/toode\/aaloe-puhastuspiim\/#breadcrumb\"},\"inLanguage\":\"et\",\"potentialAction\":[{\"@type\":\"ReadAction\",\"target\":[\"https:\/\/bio4you.eu\/retseptid\/toode\/aaloe-puhastuspiim\/\"]}]},{\"@type\":\"ImageObject\",\"inLanguage\":\"et\",\"@id\":\"https:\/\/bio4you.eu\/retseptid\/toode\/aaloe-puhastuspiim\/#primaryimage\",\"url\":\"https:\/\/bio4you.eu\/retseptid\/wp-content\/uploads\/2014\/02\/pexels-photo-373882.jpeg\",\"contentUrl\":\"https:\/\/bio4you.eu\/retseptid\/wp-content\/uploads\/2014\/02\/pexels-photo-373882.jpeg\",\"width\":1467,\"height\":2200},{\"@type\":\"BreadcrumbList\",\"@id\":\"https:\/\/bio4you.eu\/retseptid\/toode\/aaloe-puhastuspiim\/#breadcrumb\",\"itemListElement\":[{\"@type\":\"ListItem\",\"position\":1,\"name\":\"Home\",\"item\":\"https:\/\/bio4you.eu\/retseptid\/\"},{\"@type\":\"ListItem\",\"position\":2,\"name\":\"N\u00c4O PUHASTUSPIIM, aaloe-mee-jogurti\"}]},{\"@type\":\"WebSite\",\"@id\":\"https:\/\/bio4you.eu\/retseptid\/#website\",\"url\":\"https:\/\/bio4you.eu\/retseptid\/\",\"name\":\"bio4you.eu\/retseptid\",\"description\":\"\u00d6ko retseptid ise tegemiseks, looduslikest koostisainetest. Maitsev toit, iluhooldus, kodupuhastus ja aiandus.\",\"potentialAction\":[{\"@type\":\"SearchAction\",\"target\":{\"@type\":\"EntryPoint\",\"urlTemplate\":\"https:\/\/bio4you.eu\/retseptid\/?s={search_term_string}\"},\"query-input\":\"required name=search_term_string\"}],\"inLanguage\":\"et\"}]}<\/script>\n<!-- \/ Yoast SEO plugin. -->","yoast_head_json":{"title":"N\u00c4O PUHASTUSPIIM, aaloe-mee-jogurti - bio4you.eu\/retseptid","description":"N\u00c4O PUHASTUSPIIM, aaloe-jogurti-mee","robots":{"index":"index","follow":"follow","max-snippet":"max-snippet:-1","max-image-preview":"max-image-preview:large","max-video-preview":"max-video-preview:-1"},"canonical":"https:\/\/bio4you.eu\/retseptid\/toode\/aaloe-puhastuspiim\/","og_locale":"et_EE","og_type":"article","og_title":"N\u00c4O PUHASTUSPIIM, aaloe-mee-jogurti - bio4you.eu\/retseptid","og_description":"N\u00c4O PUHASTUSPIIM, aaloe-jogurti-mee","og_url":"https:\/\/bio4you.eu\/retseptid\/toode\/aaloe-puhastuspiim\/","og_site_name":"bio4you.eu\/retseptid","article_modified_time":"2018-01-11T13:33:56+00:00","og_image":[{"width":1467,"height":2200,"url":"https:\/\/bio4you.eu\/retseptid\/wp-content\/uploads\/2014\/02\/pexels-photo-373882.jpeg","type":"image\/jpeg"}],"schema":{"@context":"https:\/\/schema.org","@graph":[{"@type":"WebPage","@id":"https:\/\/bio4you.eu\/retseptid\/toode\/aaloe-puhastuspiim\/","url":"https:\/\/bio4you.eu\/retseptid\/toode\/aaloe-puhastuspiim\/","name":"N\u00c4O PUHASTUSPIIM, aaloe-mee-jogurti - bio4you.eu\/retseptid","isPartOf":{"@id":"https:\/\/bio4you.eu\/retseptid\/#website"},"primaryImageOfPage":{"@id":"https:\/\/bio4you.eu\/retseptid\/toode\/aaloe-puhastuspiim\/#primaryimage"},"image":{"@id":"https:\/\/bio4you.eu\/retseptid\/toode\/aaloe-puhastuspiim\/#primaryimage"},"thumbnailUrl":"https:\/\/bio4you.eu\/retseptid\/wp-content\/uploads\/2014\/02\/pexels-photo-373882.jpeg","datePublished":"2014-02-18T10:27:54+00:00","dateModified":"2018-01-11T13:33:56+00:00","description":"N\u00c4O PUHASTUSPIIM, aaloe-jogurti-mee","breadcrumb":{"@id":"https:\/\/bio4you.eu\/retseptid\/toode\/aaloe-puhastuspiim\/#breadcrumb"},"inLanguage":"et","potentialAction":[{"@type":"ReadAction","target":["https:\/\/bio4you.eu\/retseptid\/toode\/aaloe-puhastuspiim\/"]}]},{"@type":"ImageObject","inLanguage":"et","@id":"https:\/\/bio4you.eu\/retseptid\/toode\/aaloe-puhastuspiim\/#primaryimage","url":"https:\/\/bio4you.eu\/retseptid\/wp-content\/uploads\/2014\/02\/pexels-photo-373882.jpeg","contentUrl":"https:\/\/bio4you.eu\/retseptid\/wp-content\/uploads\/2014\/02\/pexels-photo-373882.jpeg","width":1467,"height":2200},{"@type":"BreadcrumbList","@id":"https:\/\/bio4you.eu\/retseptid\/toode\/aaloe-puhastuspiim\/#breadcrumb","itemListElement":[{"@type":"ListItem","position":1,"name":"Home","item":"https:\/\/bio4you.eu\/retseptid\/"},{"@type":"ListItem","position":2,"name":"N\u00c4O PUHASTUSPIIM, aaloe-mee-jogurti"}]},{"@type":"WebSite","@id":"https:\/\/bio4you.eu\/retseptid\/#website","url":"https:\/\/bio4you.eu\/retseptid\/","name":"bio4you.eu\/retseptid","description":"\u00d6ko retseptid ise tegemiseks, looduslikest koostisainetest. Maitsev toit, iluhooldus, kodupuhastus ja aiandus.","potentialAction":[{"@type":"SearchAction","target":{"@type":"EntryPoint","urlTemplate":"https:\/\/bio4you.eu\/retseptid\/?s={search_term_string}"},"query-input":"required name=search_term_string"}],"inLanguage":"et"}]}},"_links":{"self":[{"href":"https:\/\/bio4you.eu\/retseptid\/wp-json\/wp\/v2\/product\/1871"}],"collection":[{"href":"https:\/\/bio4you.eu\/retseptid\/wp-json\/wp\/v2\/product"}],"about":[{"href":"https:\/\/bio4you.eu\/retseptid\/wp-json\/wp\/v2\/types\/product"}],"replies":[{"embeddable":true,"href":"https:\/\/bio4you.eu\/retseptid\/wp-json\/wp\/v2\/comments?post=1871"}],"wp:featuredmedia":[{"embeddable":true,"href":"https:\/\/bio4you.eu\/retseptid\/wp-json\/wp\/v2\/media\/3770"}],"wp:attachment":[{"href":"https:\/\/bio4you.eu\/retseptid\/wp-json\/wp\/v2\/media?parent=1871"}],"wp:term":[{"taxonomy":"product_cat","embeddable":true,"href":"https:\/\/bio4you.eu\/retseptid\/wp-json\/wp\/v2\/product_cat?post=1871"},{"taxonomy":"product_tag","embeddable":true,"href":"https:\/\/bio4you.eu\/retseptid\/wp-json\/wp\/v2\/product_tag?post=1871"}],"curies":[{"name":"wp","href":"https:\/\/api.w.org\/{rel}","templated":true}]}}