{"id":1872,"date":"2014-02-18T12:31:15","date_gmt":"2014-02-18T10:31:15","guid":{"rendered":"https:\/\/bio4you.eu\/retseptid\/?post_type=product&#038;p=1872"},"modified":"2022-05-19T13:09:38","modified_gmt":"2022-05-19T10:09:38","slug":"paiksejargne-geel-aaloega","status":"publish","type":"product","link":"https:\/\/bio4you.eu\/retseptid\/toode\/paiksejargne-geel-aaloega\/","title":{"rendered":"P\u00e4ikesej\u00e4rgne geel, aaloe-saialille"},"content":{"rendered":"<p><strong>Aaloel<\/strong> on p\u00f5letust leevendavad, niisutavad ja parandavad omadused. <strong>Magusmandli\u00f5li<\/strong> sisaldab\u00a0vitamiine A, B1 ja B6, ta imendub kiiresti, rahustab ja silub, omab valuvaigistavat toimet. Efektiivne kuiva, tundliku, vananeva ja kahjustatud naha puhul. <strong>Saialille\u00f5li<\/strong> kasutatakse\u00a0m\u00e4hkmel\u00f6\u00f6be ja naha\u00e4rrituste ja p\u00e4ikesep\u00f5letuse korral ning teistele nahaprobleemidel. \u00a0Need ained koostoimes aitavad koheselt nahal peale p\u00e4evitamist maha jahtuda, rahuneda ja taastuda. Ka intensiivne punetus v\u00e4heneb silman\u00e4htavalt !<\/p>\n<p>VALMISTAMINE:<br \/>\nSega ained klaasikese sees puulusikaga. Segu taastab pH-taseme ja rahustab p\u00e4ikesest p\u00f5lenud nahka. Keha jaoks v\u00f5ta aineid 4x rohkem. Hoia jahedas.<\/p>\n","protected":false},"excerpt":{"rendered":"<p>Vaja l\u00e4heb:<\/p>\n<ul>\n<li>2 spl <a href=\"http:\/\/bio4you.eu\/et\/tervis\/2012-aaloegeel-99-200ml-medicura.html?search_query=aaloe&amp;results=97\" target=\"_blank\" rel=\"noopener\"><span style=\"color: #99cc00;\">aaloegeeli<\/span><\/a><\/li>\n<li>1\/2 tl saialille\u00f5li<\/li>\n<li>1\/2 tl <a href=\"https:\/\/bio4you.eu\/et\/otsi?controller=search&amp;order=product.position.desc&amp;s=magusmandli%C3%B5li&amp;utm_source=bioretsept&amp;utm_medium=retsept&amp;utm_campaign=retsept\" target=\"_blank\" rel=\"noopener\"><span style=\"color: #99cc00;\">magusmandli\u00f5li<\/span><\/a><\/li>\n<\/ul>\n","protected":false},"featured_media":3973,"comment_status":"closed","ping_status":"closed","template":"","meta":{"_exactmetrics_skip_tracking":false,"_exactmetrics_sitenote_active":false,"_exactmetrics_sitenote_note":"","_exactmetrics_sitenote_category":0},"product_cat":[61,85,90],"product_tag":[120,121,133,135,137,136,134],"class_list":{"0":"post-1872","1":"product","2":"type-product","3":"status-publish","4":"has-post-thumbnail","6":"product_cat-ilu-retseptid","7":"product_cat-kehahooldus","8":"product_cat-paiksekaitse","9":"product_tag-aaloe","10":"product_tag-aaloegeel","11":"product_tag-magusmandlioli","12":"product_tag-paikesekaitse","13":"product_tag-paiksejargne-geel","14":"product_tag-paiksejargne-kreem","15":"product_tag-saialilleoli","17":"first","18":"instock","19":"shipping-taxable","20":"product-type-simple"},"yoast_head":"<!-- This site is optimized with the Yoast SEO plugin v23.3 - https:\/\/yoast.com\/wordpress\/plugins\/seo\/ -->\n<title>P\u00e4ikesej\u00e4rgne geel, aaloe-saialille - bio4you.eu\/retseptid<\/title>\n<meta name=\"description\" content=\"isetehtud p\u00e4ikesej\u00e4rgne geel aaloega\" \/>\n<meta name=\"robots\" content=\"index, follow, max-snippet:-1, max-image-preview:large, max-video-preview:-1\" \/>\n<link rel=\"canonical\" href=\"https:\/\/bio4you.eu\/retseptid\/toode\/paiksejargne-geel-aaloega\/\" \/>\n<meta property=\"og:locale\" content=\"et_EE\" \/>\n<meta property=\"og:type\" content=\"article\" \/>\n<meta property=\"og:title\" content=\"P\u00e4ikesej\u00e4rgne geel, aaloe-saialille - bio4you.eu\/retseptid\" \/>\n<meta property=\"og:description\" content=\"isetehtud p\u00e4ikesej\u00e4rgne geel aaloega\" \/>\n<meta property=\"og:url\" content=\"https:\/\/bio4you.eu\/retseptid\/toode\/paiksejargne-geel-aaloega\/\" \/>\n<meta property=\"og:site_name\" content=\"bio4you.eu\/retseptid\" \/>\n<meta property=\"article:modified_time\" content=\"2022-05-19T10:09:38+00:00\" \/>\n<meta property=\"og:image\" content=\"https:\/\/bio4you.eu\/retseptid\/wp-content\/uploads\/2014\/02\/aloe-vera-slices-skin-care-1-scaled.jpg\" \/>\n\t<meta property=\"og:image:width\" content=\"2560\" \/>\n\t<meta property=\"og:image:height\" content=\"1707\" \/>\n\t<meta property=\"og:image:type\" content=\"image\/jpeg\" \/>\n<meta name=\"twitter:label1\" content=\"Est. reading time\" \/>\n\t<meta name=\"twitter:data1\" content=\"1 minut\" \/>\n<script type=\"application\/ld+json\" class=\"yoast-schema-graph\">{\"@context\":\"https:\/\/schema.org\",\"@graph\":[{\"@type\":\"WebPage\",\"@id\":\"https:\/\/bio4you.eu\/retseptid\/toode\/paiksejargne-geel-aaloega\/\",\"url\":\"https:\/\/bio4you.eu\/retseptid\/toode\/paiksejargne-geel-aaloega\/\",\"name\":\"P\u00e4ikesej\u00e4rgne geel, aaloe-saialille - bio4you.eu\/retseptid\",\"isPartOf\":{\"@id\":\"https:\/\/bio4you.eu\/retseptid\/#website\"},\"primaryImageOfPage\":{\"@id\":\"https:\/\/bio4you.eu\/retseptid\/toode\/paiksejargne-geel-aaloega\/#primaryimage\"},\"image\":{\"@id\":\"https:\/\/bio4you.eu\/retseptid\/toode\/paiksejargne-geel-aaloega\/#primaryimage\"},\"thumbnailUrl\":\"https:\/\/bio4you.eu\/retseptid\/wp-content\/uploads\/2014\/02\/aloe-vera-slices-skin-care-1-scaled.jpg\",\"datePublished\":\"2014-02-18T10:31:15+00:00\",\"dateModified\":\"2022-05-19T10:09:38+00:00\",\"description\":\"isetehtud p\u00e4ikesej\u00e4rgne geel aaloega\",\"breadcrumb\":{\"@id\":\"https:\/\/bio4you.eu\/retseptid\/toode\/paiksejargne-geel-aaloega\/#breadcrumb\"},\"inLanguage\":\"et\",\"potentialAction\":[{\"@type\":\"ReadAction\",\"target\":[\"https:\/\/bio4you.eu\/retseptid\/toode\/paiksejargne-geel-aaloega\/\"]}]},{\"@type\":\"ImageObject\",\"inLanguage\":\"et\",\"@id\":\"https:\/\/bio4you.eu\/retseptid\/toode\/paiksejargne-geel-aaloega\/#primaryimage\",\"url\":\"https:\/\/bio4you.eu\/retseptid\/wp-content\/uploads\/2014\/02\/aloe-vera-slices-skin-care-1-scaled.jpg\",\"contentUrl\":\"https:\/\/bio4you.eu\/retseptid\/wp-content\/uploads\/2014\/02\/aloe-vera-slices-skin-care-1-scaled.jpg\",\"width\":2560,\"height\":1707,\"caption\":\"Medicine. Aloe vera on a white background\"},{\"@type\":\"BreadcrumbList\",\"@id\":\"https:\/\/bio4you.eu\/retseptid\/toode\/paiksejargne-geel-aaloega\/#breadcrumb\",\"itemListElement\":[{\"@type\":\"ListItem\",\"position\":1,\"name\":\"Home\",\"item\":\"https:\/\/bio4you.eu\/retseptid\/\"},{\"@type\":\"ListItem\",\"position\":2,\"name\":\"P\u00e4ikesej\u00e4rgne geel, aaloe-saialille\"}]},{\"@type\":\"WebSite\",\"@id\":\"https:\/\/bio4you.eu\/retseptid\/#website\",\"url\":\"https:\/\/bio4you.eu\/retseptid\/\",\"name\":\"bio4you.eu\/retseptid\",\"description\":\"\u00d6ko retseptid ise tegemiseks, looduslikest koostisainetest. Maitsev toit, iluhooldus, kodupuhastus ja aiandus.\",\"potentialAction\":[{\"@type\":\"SearchAction\",\"target\":{\"@type\":\"EntryPoint\",\"urlTemplate\":\"https:\/\/bio4you.eu\/retseptid\/?s={search_term_string}\"},\"query-input\":\"required name=search_term_string\"}],\"inLanguage\":\"et\"}]}<\/script>\n<!-- \/ Yoast SEO plugin. -->","yoast_head_json":{"title":"P\u00e4ikesej\u00e4rgne geel, aaloe-saialille - bio4you.eu\/retseptid","description":"isetehtud p\u00e4ikesej\u00e4rgne geel aaloega","robots":{"index":"index","follow":"follow","max-snippet":"max-snippet:-1","max-image-preview":"max-image-preview:large","max-video-preview":"max-video-preview:-1"},"canonical":"https:\/\/bio4you.eu\/retseptid\/toode\/paiksejargne-geel-aaloega\/","og_locale":"et_EE","og_type":"article","og_title":"P\u00e4ikesej\u00e4rgne geel, aaloe-saialille - bio4you.eu\/retseptid","og_description":"isetehtud p\u00e4ikesej\u00e4rgne geel aaloega","og_url":"https:\/\/bio4you.eu\/retseptid\/toode\/paiksejargne-geel-aaloega\/","og_site_name":"bio4you.eu\/retseptid","article_modified_time":"2022-05-19T10:09:38+00:00","og_image":[{"width":2560,"height":1707,"url":"https:\/\/bio4you.eu\/retseptid\/wp-content\/uploads\/2014\/02\/aloe-vera-slices-skin-care-1-scaled.jpg","type":"image\/jpeg"}],"twitter_misc":{"Est. reading time":"1 minut"},"schema":{"@context":"https:\/\/schema.org","@graph":[{"@type":"WebPage","@id":"https:\/\/bio4you.eu\/retseptid\/toode\/paiksejargne-geel-aaloega\/","url":"https:\/\/bio4you.eu\/retseptid\/toode\/paiksejargne-geel-aaloega\/","name":"P\u00e4ikesej\u00e4rgne geel, aaloe-saialille - bio4you.eu\/retseptid","isPartOf":{"@id":"https:\/\/bio4you.eu\/retseptid\/#website"},"primaryImageOfPage":{"@id":"https:\/\/bio4you.eu\/retseptid\/toode\/paiksejargne-geel-aaloega\/#primaryimage"},"image":{"@id":"https:\/\/bio4you.eu\/retseptid\/toode\/paiksejargne-geel-aaloega\/#primaryimage"},"thumbnailUrl":"https:\/\/bio4you.eu\/retseptid\/wp-content\/uploads\/2014\/02\/aloe-vera-slices-skin-care-1-scaled.jpg","datePublished":"2014-02-18T10:31:15+00:00","dateModified":"2022-05-19T10:09:38+00:00","description":"isetehtud p\u00e4ikesej\u00e4rgne geel aaloega","breadcrumb":{"@id":"https:\/\/bio4you.eu\/retseptid\/toode\/paiksejargne-geel-aaloega\/#breadcrumb"},"inLanguage":"et","potentialAction":[{"@type":"ReadAction","target":["https:\/\/bio4you.eu\/retseptid\/toode\/paiksejargne-geel-aaloega\/"]}]},{"@type":"ImageObject","inLanguage":"et","@id":"https:\/\/bio4you.eu\/retseptid\/toode\/paiksejargne-geel-aaloega\/#primaryimage","url":"https:\/\/bio4you.eu\/retseptid\/wp-content\/uploads\/2014\/02\/aloe-vera-slices-skin-care-1-scaled.jpg","contentUrl":"https:\/\/bio4you.eu\/retseptid\/wp-content\/uploads\/2014\/02\/aloe-vera-slices-skin-care-1-scaled.jpg","width":2560,"height":1707,"caption":"Medicine. Aloe vera on a white background"},{"@type":"BreadcrumbList","@id":"https:\/\/bio4you.eu\/retseptid\/toode\/paiksejargne-geel-aaloega\/#breadcrumb","itemListElement":[{"@type":"ListItem","position":1,"name":"Home","item":"https:\/\/bio4you.eu\/retseptid\/"},{"@type":"ListItem","position":2,"name":"P\u00e4ikesej\u00e4rgne geel, aaloe-saialille"}]},{"@type":"WebSite","@id":"https:\/\/bio4you.eu\/retseptid\/#website","url":"https:\/\/bio4you.eu\/retseptid\/","name":"bio4you.eu\/retseptid","description":"\u00d6ko retseptid ise tegemiseks, looduslikest koostisainetest. Maitsev toit, iluhooldus, kodupuhastus ja aiandus.","potentialAction":[{"@type":"SearchAction","target":{"@type":"EntryPoint","urlTemplate":"https:\/\/bio4you.eu\/retseptid\/?s={search_term_string}"},"query-input":"required name=search_term_string"}],"inLanguage":"et"}]}},"_links":{"self":[{"href":"https:\/\/bio4you.eu\/retseptid\/wp-json\/wp\/v2\/product\/1872"}],"collection":[{"href":"https:\/\/bio4you.eu\/retseptid\/wp-json\/wp\/v2\/product"}],"about":[{"href":"https:\/\/bio4you.eu\/retseptid\/wp-json\/wp\/v2\/types\/product"}],"replies":[{"embeddable":true,"href":"https:\/\/bio4you.eu\/retseptid\/wp-json\/wp\/v2\/comments?post=1872"}],"wp:featuredmedia":[{"embeddable":true,"href":"https:\/\/bio4you.eu\/retseptid\/wp-json\/wp\/v2\/media\/3973"}],"wp:attachment":[{"href":"https:\/\/bio4you.eu\/retseptid\/wp-json\/wp\/v2\/media?parent=1872"}],"wp:term":[{"taxonomy":"product_cat","embeddable":true,"href":"https:\/\/bio4you.eu\/retseptid\/wp-json\/wp\/v2\/product_cat?post=1872"},{"taxonomy":"product_tag","embeddable":true,"href":"https:\/\/bio4you.eu\/retseptid\/wp-json\/wp\/v2\/product_tag?post=1872"}],"curies":[{"name":"wp","href":"https:\/\/api.w.org\/{rel}","templated":true}]}}