{"id":1875,"date":"2014-02-18T12:48:09","date_gmt":"2014-02-18T10:48:09","guid":{"rendered":"https:\/\/bio4you.eu\/retseptid\/?post_type=product&#038;p=1875"},"modified":"2022-05-17T10:46:02","modified_gmt":"2022-05-17T07:46:02","slug":"aaloe-muskusroosi-oli-geel-noorendav","status":"publish","type":"product","link":"https:\/\/bio4you.eu\/retseptid\/toode\/aaloe-muskusroosi-oli-geel-noorendav\/","title":{"rendered":"Aaloe-muskusroosi n\u00e4ogeel (anti-age)"},"content":{"rendered":"<p>See kerge geel sobib n\u00e4iteks suvel kreemi asemel.<br \/>\nIdeaalne ka hommikuseks v\u00e4rskendamiseks enne meikimist v\u00f5i \u00f5htul peale n\u00e4opuhastamist. Eriti kuivale nahale v\u00f5id panna \u00f5li natuke rohkem. \u00a0Nahk rahuneb koheselt, saab s\u00fcgavalt niisutatud ja vitamiinidega rikastatud.<\/p>\n<p>VALMISTAMINE:<br \/>\nSega ained klaasist anuma sees puulusikaga (umbes 1 minut).<br \/>\nKanna n\u00e4ole ja masseeri imendumiseni.<\/p>\n<p>&nbsp;<\/p>\n","protected":false},"excerpt":{"rendered":"<p>Vaja l\u00e4heb:<\/p>\n<ul>\n<li><span style=\"color: #000000;\">1 spl <a href=\"http:\/\/bio4you.eu\/et\/tervis\/2012-aaloegeel-99-200ml-medicura.html?search_query=aaloe&amp;results=97\" target=\"_blank\" rel=\"noopener\"><span style=\"color: #99cc00;\">aaloegeeli<\/span><\/a><\/span><\/li>\n<li><span style=\"color: #000000;\">1\/2 muskusroosi\u00f5li<\/span><\/li>\n<\/ul>\n","protected":false},"featured_media":3937,"comment_status":"closed","ping_status":"closed","template":"","meta":{"_exactmetrics_skip_tracking":false,"_exactmetrics_sitenote_active":false,"_exactmetrics_sitenote_note":"","_exactmetrics_sitenote_category":0},"product_cat":[61,79,83],"product_tag":[120,121,123,139,122,138],"class_list":{"0":"post-1875","1":"product","2":"type-product","3":"status-publish","4":"has-post-thumbnail","6":"product_cat-ilu-retseptid","7":"product_cat-naohooldus","8":"product_cat-anti-age","9":"product_tag-aaloe","10":"product_tag-aaloegeel","11":"product_tag-argaaniaoli","12":"product_tag-isetehtud-naokreem","13":"product_tag-muskusroos","14":"product_tag-naogeel","16":"first","17":"instock","18":"shipping-taxable","19":"product-type-simple"},"yoast_head":"<!-- This site is optimized with the Yoast SEO plugin v23.3 - https:\/\/yoast.com\/wordpress\/plugins\/seo\/ -->\n<title>Aaloe-muskusroosi n\u00e4ogeel (anti-age) - bio4you.eu\/retseptid<\/title>\n<meta name=\"description\" content=\"N\u00c4OGEEL, aaloe-muskusroosi. Anti-age\" \/>\n<meta name=\"robots\" content=\"index, follow, max-snippet:-1, max-image-preview:large, max-video-preview:-1\" \/>\n<link rel=\"canonical\" href=\"https:\/\/bio4you.eu\/retseptid\/toode\/aaloe-muskusroosi-oli-geel-noorendav\/\" \/>\n<meta property=\"og:locale\" content=\"et_EE\" \/>\n<meta property=\"og:type\" content=\"article\" \/>\n<meta property=\"og:title\" content=\"Aaloe-muskusroosi n\u00e4ogeel (anti-age) - bio4you.eu\/retseptid\" \/>\n<meta property=\"og:description\" content=\"N\u00c4OGEEL, aaloe-muskusroosi. Anti-age\" \/>\n<meta property=\"og:url\" content=\"https:\/\/bio4you.eu\/retseptid\/toode\/aaloe-muskusroosi-oli-geel-noorendav\/\" \/>\n<meta property=\"og:site_name\" content=\"bio4you.eu\/retseptid\" \/>\n<meta property=\"article:modified_time\" content=\"2022-05-17T07:46:02+00:00\" \/>\n<meta property=\"og:image\" content=\"https:\/\/bio4you.eu\/retseptid\/wp-content\/uploads\/2014\/02\/nati-melnychuk-I-6Ap7JXHq8-unsplash-scaled.jpg\" \/>\n\t<meta property=\"og:image:width\" content=\"1768\" \/>\n\t<meta property=\"og:image:height\" content=\"2560\" \/>\n\t<meta property=\"og:image:type\" content=\"image\/jpeg\" \/>\n<meta name=\"twitter:label1\" content=\"Est. reading time\" \/>\n\t<meta name=\"twitter:data1\" content=\"1 minut\" \/>\n<script type=\"application\/ld+json\" class=\"yoast-schema-graph\">{\"@context\":\"https:\/\/schema.org\",\"@graph\":[{\"@type\":\"WebPage\",\"@id\":\"https:\/\/bio4you.eu\/retseptid\/toode\/aaloe-muskusroosi-oli-geel-noorendav\/\",\"url\":\"https:\/\/bio4you.eu\/retseptid\/toode\/aaloe-muskusroosi-oli-geel-noorendav\/\",\"name\":\"Aaloe-muskusroosi n\u00e4ogeel (anti-age) - bio4you.eu\/retseptid\",\"isPartOf\":{\"@id\":\"https:\/\/bio4you.eu\/retseptid\/#website\"},\"primaryImageOfPage\":{\"@id\":\"https:\/\/bio4you.eu\/retseptid\/toode\/aaloe-muskusroosi-oli-geel-noorendav\/#primaryimage\"},\"image\":{\"@id\":\"https:\/\/bio4you.eu\/retseptid\/toode\/aaloe-muskusroosi-oli-geel-noorendav\/#primaryimage\"},\"thumbnailUrl\":\"https:\/\/bio4you.eu\/retseptid\/wp-content\/uploads\/2014\/02\/nati-melnychuk-I-6Ap7JXHq8-unsplash-scaled.jpg\",\"datePublished\":\"2014-02-18T10:48:09+00:00\",\"dateModified\":\"2022-05-17T07:46:02+00:00\",\"description\":\"N\u00c4OGEEL, aaloe-muskusroosi. Anti-age\",\"breadcrumb\":{\"@id\":\"https:\/\/bio4you.eu\/retseptid\/toode\/aaloe-muskusroosi-oli-geel-noorendav\/#breadcrumb\"},\"inLanguage\":\"et\",\"potentialAction\":[{\"@type\":\"ReadAction\",\"target\":[\"https:\/\/bio4you.eu\/retseptid\/toode\/aaloe-muskusroosi-oli-geel-noorendav\/\"]}]},{\"@type\":\"ImageObject\",\"inLanguage\":\"et\",\"@id\":\"https:\/\/bio4you.eu\/retseptid\/toode\/aaloe-muskusroosi-oli-geel-noorendav\/#primaryimage\",\"url\":\"https:\/\/bio4you.eu\/retseptid\/wp-content\/uploads\/2014\/02\/nati-melnychuk-I-6Ap7JXHq8-unsplash-scaled.jpg\",\"contentUrl\":\"https:\/\/bio4you.eu\/retseptid\/wp-content\/uploads\/2014\/02\/nati-melnychuk-I-6Ap7JXHq8-unsplash-scaled.jpg\",\"width\":1768,\"height\":2560},{\"@type\":\"BreadcrumbList\",\"@id\":\"https:\/\/bio4you.eu\/retseptid\/toode\/aaloe-muskusroosi-oli-geel-noorendav\/#breadcrumb\",\"itemListElement\":[{\"@type\":\"ListItem\",\"position\":1,\"name\":\"Home\",\"item\":\"https:\/\/bio4you.eu\/retseptid\/\"},{\"@type\":\"ListItem\",\"position\":2,\"name\":\"Aaloe-muskusroosi n\u00e4ogeel (anti-age)\"}]},{\"@type\":\"WebSite\",\"@id\":\"https:\/\/bio4you.eu\/retseptid\/#website\",\"url\":\"https:\/\/bio4you.eu\/retseptid\/\",\"name\":\"bio4you.eu\/retseptid\",\"description\":\"\u00d6ko retseptid ise tegemiseks, looduslikest koostisainetest. Maitsev toit, iluhooldus, kodupuhastus ja aiandus.\",\"potentialAction\":[{\"@type\":\"SearchAction\",\"target\":{\"@type\":\"EntryPoint\",\"urlTemplate\":\"https:\/\/bio4you.eu\/retseptid\/?s={search_term_string}\"},\"query-input\":\"required name=search_term_string\"}],\"inLanguage\":\"et\"}]}<\/script>\n<!-- \/ Yoast SEO plugin. -->","yoast_head_json":{"title":"Aaloe-muskusroosi n\u00e4ogeel (anti-age) - bio4you.eu\/retseptid","description":"N\u00c4OGEEL, aaloe-muskusroosi. Anti-age","robots":{"index":"index","follow":"follow","max-snippet":"max-snippet:-1","max-image-preview":"max-image-preview:large","max-video-preview":"max-video-preview:-1"},"canonical":"https:\/\/bio4you.eu\/retseptid\/toode\/aaloe-muskusroosi-oli-geel-noorendav\/","og_locale":"et_EE","og_type":"article","og_title":"Aaloe-muskusroosi n\u00e4ogeel (anti-age) - bio4you.eu\/retseptid","og_description":"N\u00c4OGEEL, aaloe-muskusroosi. Anti-age","og_url":"https:\/\/bio4you.eu\/retseptid\/toode\/aaloe-muskusroosi-oli-geel-noorendav\/","og_site_name":"bio4you.eu\/retseptid","article_modified_time":"2022-05-17T07:46:02+00:00","og_image":[{"width":1768,"height":2560,"url":"https:\/\/bio4you.eu\/retseptid\/wp-content\/uploads\/2014\/02\/nati-melnychuk-I-6Ap7JXHq8-unsplash-scaled.jpg","type":"image\/jpeg"}],"twitter_misc":{"Est. reading time":"1 minut"},"schema":{"@context":"https:\/\/schema.org","@graph":[{"@type":"WebPage","@id":"https:\/\/bio4you.eu\/retseptid\/toode\/aaloe-muskusroosi-oli-geel-noorendav\/","url":"https:\/\/bio4you.eu\/retseptid\/toode\/aaloe-muskusroosi-oli-geel-noorendav\/","name":"Aaloe-muskusroosi n\u00e4ogeel (anti-age) - bio4you.eu\/retseptid","isPartOf":{"@id":"https:\/\/bio4you.eu\/retseptid\/#website"},"primaryImageOfPage":{"@id":"https:\/\/bio4you.eu\/retseptid\/toode\/aaloe-muskusroosi-oli-geel-noorendav\/#primaryimage"},"image":{"@id":"https:\/\/bio4you.eu\/retseptid\/toode\/aaloe-muskusroosi-oli-geel-noorendav\/#primaryimage"},"thumbnailUrl":"https:\/\/bio4you.eu\/retseptid\/wp-content\/uploads\/2014\/02\/nati-melnychuk-I-6Ap7JXHq8-unsplash-scaled.jpg","datePublished":"2014-02-18T10:48:09+00:00","dateModified":"2022-05-17T07:46:02+00:00","description":"N\u00c4OGEEL, aaloe-muskusroosi. Anti-age","breadcrumb":{"@id":"https:\/\/bio4you.eu\/retseptid\/toode\/aaloe-muskusroosi-oli-geel-noorendav\/#breadcrumb"},"inLanguage":"et","potentialAction":[{"@type":"ReadAction","target":["https:\/\/bio4you.eu\/retseptid\/toode\/aaloe-muskusroosi-oli-geel-noorendav\/"]}]},{"@type":"ImageObject","inLanguage":"et","@id":"https:\/\/bio4you.eu\/retseptid\/toode\/aaloe-muskusroosi-oli-geel-noorendav\/#primaryimage","url":"https:\/\/bio4you.eu\/retseptid\/wp-content\/uploads\/2014\/02\/nati-melnychuk-I-6Ap7JXHq8-unsplash-scaled.jpg","contentUrl":"https:\/\/bio4you.eu\/retseptid\/wp-content\/uploads\/2014\/02\/nati-melnychuk-I-6Ap7JXHq8-unsplash-scaled.jpg","width":1768,"height":2560},{"@type":"BreadcrumbList","@id":"https:\/\/bio4you.eu\/retseptid\/toode\/aaloe-muskusroosi-oli-geel-noorendav\/#breadcrumb","itemListElement":[{"@type":"ListItem","position":1,"name":"Home","item":"https:\/\/bio4you.eu\/retseptid\/"},{"@type":"ListItem","position":2,"name":"Aaloe-muskusroosi n\u00e4ogeel (anti-age)"}]},{"@type":"WebSite","@id":"https:\/\/bio4you.eu\/retseptid\/#website","url":"https:\/\/bio4you.eu\/retseptid\/","name":"bio4you.eu\/retseptid","description":"\u00d6ko retseptid ise tegemiseks, looduslikest koostisainetest. Maitsev toit, iluhooldus, kodupuhastus ja aiandus.","potentialAction":[{"@type":"SearchAction","target":{"@type":"EntryPoint","urlTemplate":"https:\/\/bio4you.eu\/retseptid\/?s={search_term_string}"},"query-input":"required name=search_term_string"}],"inLanguage":"et"}]}},"_links":{"self":[{"href":"https:\/\/bio4you.eu\/retseptid\/wp-json\/wp\/v2\/product\/1875"}],"collection":[{"href":"https:\/\/bio4you.eu\/retseptid\/wp-json\/wp\/v2\/product"}],"about":[{"href":"https:\/\/bio4you.eu\/retseptid\/wp-json\/wp\/v2\/types\/product"}],"replies":[{"embeddable":true,"href":"https:\/\/bio4you.eu\/retseptid\/wp-json\/wp\/v2\/comments?post=1875"}],"wp:featuredmedia":[{"embeddable":true,"href":"https:\/\/bio4you.eu\/retseptid\/wp-json\/wp\/v2\/media\/3937"}],"wp:attachment":[{"href":"https:\/\/bio4you.eu\/retseptid\/wp-json\/wp\/v2\/media?parent=1875"}],"wp:term":[{"taxonomy":"product_cat","embeddable":true,"href":"https:\/\/bio4you.eu\/retseptid\/wp-json\/wp\/v2\/product_cat?post=1875"},{"taxonomy":"product_tag","embeddable":true,"href":"https:\/\/bio4you.eu\/retseptid\/wp-json\/wp\/v2\/product_tag?post=1875"}],"curies":[{"name":"wp","href":"https:\/\/api.w.org\/{rel}","templated":true}]}}