{"id":1877,"date":"2014-02-18T12:58:26","date_gmt":"2014-02-18T10:58:26","guid":{"rendered":"https:\/\/bio4you.eu\/retseptid\/?post_type=product&#038;p=1877"},"modified":"2016-10-13T12:28:48","modified_gmt":"2016-10-13T09:28:48","slug":"aaloe-jogurti-naomask-rausele-nahale","status":"publish","type":"product","link":"https:\/\/bio4you.eu\/retseptid\/toode\/aaloe-jogurti-naomask-rausele-nahale\/","title":{"rendered":"N\u00c4OMASK aaloe-jogurti, rasusele nahale"},"content":{"rendered":"<p>Aaloegeel\u00a0on rikas vitamiinide, mineraalide, amiinohapete ja pol\u00fcsahhariidide poolest. Aaloe niisutab, m\u00f5jub p\u00f5letikuvastaselt, v\u00e4rskendab, parandab, leevendab, taastab, kaitseb. Sobib ideaalselt akneprobleemiga nahale v\u00f5i allergilisele ja kuivale nahale. Jogurt aga sisaldab kasulikke piimhappebaktereid, mis taastavad naha loomuliku kaitsebarj\u00e4\u00e4ri ning reguleerivad rasueritust.<\/p>\n<p>VALMISTAMINE:<\/p>\n<p>Sega ained klaasanuma sees puulusikaga (ca 1 minut).<\/p>\n<p>Kanna n\u00e4ole ja hoia 10-15 minutit.\u00a0Loputa.<\/p>\n<p>&nbsp;<\/p>\n","protected":false},"excerpt":{"rendered":"<p>Vaja l\u00e4heb:<\/p>\n<ul>\n<li>2 spl <a href=\"http:\/\/bio4you.eu\/et\/tervis\/2012-aaloegeel-99-200ml-medicura.html?search_query=AALOE&amp;results=97\" target=\"_blank\"><span style=\"color: #99cc00;\">aaloegeeli<\/span><\/a><\/li>\n<li>2 tl lahjat maitsestamata jogurtit<\/li>\n<\/ul>\n","protected":false},"featured_media":3343,"comment_status":"closed","ping_status":"closed","template":"","meta":{"_exactmetrics_skip_tracking":false,"_exactmetrics_sitenote_active":false,"_exactmetrics_sitenote_note":"","_exactmetrics_sitenote_category":0},"product_cat":[61,79,82],"product_tag":[],"class_list":{"0":"post-1877","1":"product","2":"type-product","3":"status-publish","4":"has-post-thumbnail","6":"product_cat-ilu-retseptid","7":"product_cat-naohooldus","8":"product_cat-naomaskid","10":"first","11":"instock","12":"shipping-taxable","13":"product-type-simple"},"yoast_head":"<!-- This site is optimized with the Yoast SEO plugin v23.3 - https:\/\/yoast.com\/wordpress\/plugins\/seo\/ -->\n<title>N\u00c4OMASK aaloe-jogurti, rasusele nahale - bio4you.eu\/retseptid<\/title>\n<meta name=\"description\" content=\"N\u00c4OMASK aaloe-jogurti, rasusele nahale\" \/>\n<meta name=\"robots\" content=\"index, follow, max-snippet:-1, max-image-preview:large, max-video-preview:-1\" \/>\n<link rel=\"canonical\" href=\"https:\/\/bio4you.eu\/retseptid\/toode\/aaloe-jogurti-naomask-rausele-nahale\/\" \/>\n<meta property=\"og:locale\" content=\"et_EE\" \/>\n<meta property=\"og:type\" content=\"article\" \/>\n<meta property=\"og:title\" content=\"N\u00c4OMASK aaloe-jogurti, rasusele nahale - bio4you.eu\/retseptid\" \/>\n<meta property=\"og:description\" content=\"N\u00c4OMASK aaloe-jogurti, rasusele nahale\" \/>\n<meta property=\"og:url\" content=\"https:\/\/bio4you.eu\/retseptid\/toode\/aaloe-jogurti-naomask-rausele-nahale\/\" \/>\n<meta property=\"og:site_name\" content=\"bio4you.eu\/retseptid\" \/>\n<meta property=\"article:modified_time\" content=\"2016-10-13T09:28:48+00:00\" \/>\n<meta property=\"og:image\" content=\"https:\/\/bio4you.eu\/retseptid\/wp-content\/uploads\/2014\/02\/drugstore-face-masks_1.jpg\" \/>\n\t<meta property=\"og:image:width\" content=\"800\" \/>\n\t<meta property=\"og:image:height\" content=\"600\" \/>\n\t<meta property=\"og:image:type\" content=\"image\/jpeg\" \/>\n<script type=\"application\/ld+json\" class=\"yoast-schema-graph\">{\"@context\":\"https:\/\/schema.org\",\"@graph\":[{\"@type\":\"WebPage\",\"@id\":\"https:\/\/bio4you.eu\/retseptid\/toode\/aaloe-jogurti-naomask-rausele-nahale\/\",\"url\":\"https:\/\/bio4you.eu\/retseptid\/toode\/aaloe-jogurti-naomask-rausele-nahale\/\",\"name\":\"N\u00c4OMASK aaloe-jogurti, rasusele nahale - bio4you.eu\/retseptid\",\"isPartOf\":{\"@id\":\"https:\/\/bio4you.eu\/retseptid\/#website\"},\"primaryImageOfPage\":{\"@id\":\"https:\/\/bio4you.eu\/retseptid\/toode\/aaloe-jogurti-naomask-rausele-nahale\/#primaryimage\"},\"image\":{\"@id\":\"https:\/\/bio4you.eu\/retseptid\/toode\/aaloe-jogurti-naomask-rausele-nahale\/#primaryimage\"},\"thumbnailUrl\":\"https:\/\/bio4you.eu\/retseptid\/wp-content\/uploads\/2014\/02\/drugstore-face-masks_1.jpg\",\"datePublished\":\"2014-02-18T10:58:26+00:00\",\"dateModified\":\"2016-10-13T09:28:48+00:00\",\"description\":\"N\u00c4OMASK aaloe-jogurti, rasusele nahale\",\"breadcrumb\":{\"@id\":\"https:\/\/bio4you.eu\/retseptid\/toode\/aaloe-jogurti-naomask-rausele-nahale\/#breadcrumb\"},\"inLanguage\":\"et\",\"potentialAction\":[{\"@type\":\"ReadAction\",\"target\":[\"https:\/\/bio4you.eu\/retseptid\/toode\/aaloe-jogurti-naomask-rausele-nahale\/\"]}]},{\"@type\":\"ImageObject\",\"inLanguage\":\"et\",\"@id\":\"https:\/\/bio4you.eu\/retseptid\/toode\/aaloe-jogurti-naomask-rausele-nahale\/#primaryimage\",\"url\":\"https:\/\/bio4you.eu\/retseptid\/wp-content\/uploads\/2014\/02\/drugstore-face-masks_1.jpg\",\"contentUrl\":\"https:\/\/bio4you.eu\/retseptid\/wp-content\/uploads\/2014\/02\/drugstore-face-masks_1.jpg\",\"width\":800,\"height\":600},{\"@type\":\"BreadcrumbList\",\"@id\":\"https:\/\/bio4you.eu\/retseptid\/toode\/aaloe-jogurti-naomask-rausele-nahale\/#breadcrumb\",\"itemListElement\":[{\"@type\":\"ListItem\",\"position\":1,\"name\":\"Home\",\"item\":\"https:\/\/bio4you.eu\/retseptid\/\"},{\"@type\":\"ListItem\",\"position\":2,\"name\":\"N\u00c4OMASK aaloe-jogurti, rasusele nahale\"}]},{\"@type\":\"WebSite\",\"@id\":\"https:\/\/bio4you.eu\/retseptid\/#website\",\"url\":\"https:\/\/bio4you.eu\/retseptid\/\",\"name\":\"bio4you.eu\/retseptid\",\"description\":\"\u00d6ko retseptid ise tegemiseks, looduslikest koostisainetest. Maitsev toit, iluhooldus, kodupuhastus ja aiandus.\",\"potentialAction\":[{\"@type\":\"SearchAction\",\"target\":{\"@type\":\"EntryPoint\",\"urlTemplate\":\"https:\/\/bio4you.eu\/retseptid\/?s={search_term_string}\"},\"query-input\":\"required name=search_term_string\"}],\"inLanguage\":\"et\"}]}<\/script>\n<!-- \/ Yoast SEO plugin. -->","yoast_head_json":{"title":"N\u00c4OMASK aaloe-jogurti, rasusele nahale - bio4you.eu\/retseptid","description":"N\u00c4OMASK aaloe-jogurti, rasusele nahale","robots":{"index":"index","follow":"follow","max-snippet":"max-snippet:-1","max-image-preview":"max-image-preview:large","max-video-preview":"max-video-preview:-1"},"canonical":"https:\/\/bio4you.eu\/retseptid\/toode\/aaloe-jogurti-naomask-rausele-nahale\/","og_locale":"et_EE","og_type":"article","og_title":"N\u00c4OMASK aaloe-jogurti, rasusele nahale - bio4you.eu\/retseptid","og_description":"N\u00c4OMASK aaloe-jogurti, rasusele nahale","og_url":"https:\/\/bio4you.eu\/retseptid\/toode\/aaloe-jogurti-naomask-rausele-nahale\/","og_site_name":"bio4you.eu\/retseptid","article_modified_time":"2016-10-13T09:28:48+00:00","og_image":[{"width":800,"height":600,"url":"https:\/\/bio4you.eu\/retseptid\/wp-content\/uploads\/2014\/02\/drugstore-face-masks_1.jpg","type":"image\/jpeg"}],"schema":{"@context":"https:\/\/schema.org","@graph":[{"@type":"WebPage","@id":"https:\/\/bio4you.eu\/retseptid\/toode\/aaloe-jogurti-naomask-rausele-nahale\/","url":"https:\/\/bio4you.eu\/retseptid\/toode\/aaloe-jogurti-naomask-rausele-nahale\/","name":"N\u00c4OMASK aaloe-jogurti, rasusele nahale - bio4you.eu\/retseptid","isPartOf":{"@id":"https:\/\/bio4you.eu\/retseptid\/#website"},"primaryImageOfPage":{"@id":"https:\/\/bio4you.eu\/retseptid\/toode\/aaloe-jogurti-naomask-rausele-nahale\/#primaryimage"},"image":{"@id":"https:\/\/bio4you.eu\/retseptid\/toode\/aaloe-jogurti-naomask-rausele-nahale\/#primaryimage"},"thumbnailUrl":"https:\/\/bio4you.eu\/retseptid\/wp-content\/uploads\/2014\/02\/drugstore-face-masks_1.jpg","datePublished":"2014-02-18T10:58:26+00:00","dateModified":"2016-10-13T09:28:48+00:00","description":"N\u00c4OMASK aaloe-jogurti, rasusele nahale","breadcrumb":{"@id":"https:\/\/bio4you.eu\/retseptid\/toode\/aaloe-jogurti-naomask-rausele-nahale\/#breadcrumb"},"inLanguage":"et","potentialAction":[{"@type":"ReadAction","target":["https:\/\/bio4you.eu\/retseptid\/toode\/aaloe-jogurti-naomask-rausele-nahale\/"]}]},{"@type":"ImageObject","inLanguage":"et","@id":"https:\/\/bio4you.eu\/retseptid\/toode\/aaloe-jogurti-naomask-rausele-nahale\/#primaryimage","url":"https:\/\/bio4you.eu\/retseptid\/wp-content\/uploads\/2014\/02\/drugstore-face-masks_1.jpg","contentUrl":"https:\/\/bio4you.eu\/retseptid\/wp-content\/uploads\/2014\/02\/drugstore-face-masks_1.jpg","width":800,"height":600},{"@type":"BreadcrumbList","@id":"https:\/\/bio4you.eu\/retseptid\/toode\/aaloe-jogurti-naomask-rausele-nahale\/#breadcrumb","itemListElement":[{"@type":"ListItem","position":1,"name":"Home","item":"https:\/\/bio4you.eu\/retseptid\/"},{"@type":"ListItem","position":2,"name":"N\u00c4OMASK aaloe-jogurti, rasusele nahale"}]},{"@type":"WebSite","@id":"https:\/\/bio4you.eu\/retseptid\/#website","url":"https:\/\/bio4you.eu\/retseptid\/","name":"bio4you.eu\/retseptid","description":"\u00d6ko retseptid ise tegemiseks, looduslikest koostisainetest. Maitsev toit, iluhooldus, kodupuhastus ja aiandus.","potentialAction":[{"@type":"SearchAction","target":{"@type":"EntryPoint","urlTemplate":"https:\/\/bio4you.eu\/retseptid\/?s={search_term_string}"},"query-input":"required name=search_term_string"}],"inLanguage":"et"}]}},"_links":{"self":[{"href":"https:\/\/bio4you.eu\/retseptid\/wp-json\/wp\/v2\/product\/1877"}],"collection":[{"href":"https:\/\/bio4you.eu\/retseptid\/wp-json\/wp\/v2\/product"}],"about":[{"href":"https:\/\/bio4you.eu\/retseptid\/wp-json\/wp\/v2\/types\/product"}],"replies":[{"embeddable":true,"href":"https:\/\/bio4you.eu\/retseptid\/wp-json\/wp\/v2\/comments?post=1877"}],"wp:featuredmedia":[{"embeddable":true,"href":"https:\/\/bio4you.eu\/retseptid\/wp-json\/wp\/v2\/media\/3343"}],"wp:attachment":[{"href":"https:\/\/bio4you.eu\/retseptid\/wp-json\/wp\/v2\/media?parent=1877"}],"wp:term":[{"taxonomy":"product_cat","embeddable":true,"href":"https:\/\/bio4you.eu\/retseptid\/wp-json\/wp\/v2\/product_cat?post=1877"},{"taxonomy":"product_tag","embeddable":true,"href":"https:\/\/bio4you.eu\/retseptid\/wp-json\/wp\/v2\/product_tag?post=1877"}],"curies":[{"name":"wp","href":"https:\/\/api.w.org\/{rel}","templated":true}]}}