{"id":1878,"date":"2014-02-18T13:14:20","date_gmt":"2014-02-18T11:14:20","guid":{"rendered":"https:\/\/bio4you.eu\/retseptid\/?post_type=product&#038;p=1878"},"modified":"2016-10-13T12:30:35","modified_gmt":"2016-10-13T09:30:35","slug":"aaloe-savimask-seganahale-ja-rasusele-nahale","status":"publish","type":"product","link":"https:\/\/bio4you.eu\/retseptid\/toode\/aaloe-savimask-seganahale-ja-rasusele-nahale\/","title":{"rendered":"N\u00c4OMASK aaloe-savi, sega- ja rasunahale"},"content":{"rendered":"<p>Aaloegeel\u00a0on rikas vitamiinide, mineraalide, amiinohapete ja pol\u00fcsahhariidide poolest. Aaloe niisutab, m\u00f5jub p\u00f5letikuvastaselt, v\u00e4rskendab, parandab, leevendab, taastab, kaitseb. Sobib ideaalselt akneprobleemiga nahale v\u00f5i allergilisele ja kuivale nahale. \u00a0Mesi\u00a0sisaldab vitamiine, antioks\u00fcdante, estreid ja aromaatseid \u00fchendeid. Ta on v\u00e4ga toitev, taastav ja pehmendav. Savi omakorda aitab eemaldada toksiine, imades endasse k\u00f5ik j\u00e4\u00e4gid ja mustuse ning rikastades nahka mineraalainetega. Aaloe-savi-meemask annab kohe puhtama ja s\u00e4ravama naha.<\/p>\n<p>VALMISTAMINE:<\/p>\n<p>Sega klaas- v\u00f5i keraamilises kausis <strong>savi ja teised ained<\/strong>. Kasuta puulusikat.\u00a0Metalln\u00f5u ei sobi, sest savi imab endasse raskemetalle.<br \/>\nKanna segu k\u00e4te v\u00f5i spaatli abil n\u00e4ole. V\u00e4ldi silma\u00fcmbruse piirkonda.\u00a0Hoia 15-20 minutit kuni mask kuivab. Loputa leige vee ja svammi abil.<\/p>\n<p>Seej\u00e4rel kanna n\u00e4ole puhas aaloegeel ja masseeri imendumiseni.<\/p>\n<p>&nbsp;<\/p>\n<p>&nbsp;<\/p>\n","protected":false},"excerpt":{"rendered":"<p>Vaja l\u00e4heb:<\/p>\n<ul>\n<li>1 spl ( puulusikas ) <a href=\"http:\/\/bio4you.eu\/et\/maskid-savid-ja-taimepulbrid\/189-rohelise-montmorilloniit-savi-pulber-300g-naturado.html\" target=\"_blank\"><span style=\"color: #99cc00;\">rohelist meresavi<\/span><\/a><\/li>\n<li>2 tl mett<\/li>\n<li>1 spl <a href=\"http:\/\/bio4you.eu\/et\/tervis\/2012-aaloegeel-99-200ml-medicura.html?search_query=AALOE&amp;results=97\" target=\"_blank\"><span style=\"color: #99cc00;\">aaloegeeli<\/span><\/a><\/li>\n<\/ul>\n","protected":false},"featured_media":3344,"comment_status":"closed","ping_status":"closed","template":"","meta":{"_exactmetrics_skip_tracking":false,"_exactmetrics_sitenote_active":false,"_exactmetrics_sitenote_note":"","_exactmetrics_sitenote_category":0},"product_cat":[61,79,82],"product_tag":[],"class_list":{"0":"post-1878","1":"product","2":"type-product","3":"status-publish","4":"has-post-thumbnail","6":"product_cat-ilu-retseptid","7":"product_cat-naohooldus","8":"product_cat-naomaskid","10":"first","11":"instock","12":"shipping-taxable","13":"product-type-simple"},"yoast_head":"<!-- This site is optimized with the Yoast SEO plugin v23.3 - https:\/\/yoast.com\/wordpress\/plugins\/seo\/ -->\n<title>N\u00c4OMASK aaloe-savi, sega- ja rasunahale - bio4you.eu\/retseptid<\/title>\n<meta name=\"description\" content=\"N\u00c4OMASK aaloe-savi, sega- ja rasunahale\" \/>\n<meta name=\"robots\" content=\"index, follow, max-snippet:-1, max-image-preview:large, max-video-preview:-1\" \/>\n<link rel=\"canonical\" href=\"https:\/\/bio4you.eu\/retseptid\/toode\/aaloe-savimask-seganahale-ja-rasusele-nahale\/\" \/>\n<meta property=\"og:locale\" content=\"et_EE\" \/>\n<meta property=\"og:type\" content=\"article\" \/>\n<meta property=\"og:title\" content=\"N\u00c4OMASK aaloe-savi, sega- ja rasunahale - bio4you.eu\/retseptid\" \/>\n<meta property=\"og:description\" content=\"N\u00c4OMASK aaloe-savi, sega- ja rasunahale\" \/>\n<meta property=\"og:url\" content=\"https:\/\/bio4you.eu\/retseptid\/toode\/aaloe-savimask-seganahale-ja-rasusele-nahale\/\" \/>\n<meta property=\"og:site_name\" content=\"bio4you.eu\/retseptid\" \/>\n<meta property=\"article:modified_time\" content=\"2016-10-13T09:30:35+00:00\" \/>\n<meta property=\"og:image\" content=\"https:\/\/bio4you.eu\/retseptid\/wp-content\/uploads\/2014\/02\/face-mask1.jpg\" \/>\n\t<meta property=\"og:image:width\" content=\"644\" \/>\n\t<meta property=\"og:image:height\" content=\"514\" \/>\n\t<meta property=\"og:image:type\" content=\"image\/jpeg\" \/>\n<meta name=\"twitter:label1\" content=\"Est. reading time\" \/>\n\t<meta name=\"twitter:data1\" content=\"1 minut\" \/>\n<script type=\"application\/ld+json\" class=\"yoast-schema-graph\">{\"@context\":\"https:\/\/schema.org\",\"@graph\":[{\"@type\":\"WebPage\",\"@id\":\"https:\/\/bio4you.eu\/retseptid\/toode\/aaloe-savimask-seganahale-ja-rasusele-nahale\/\",\"url\":\"https:\/\/bio4you.eu\/retseptid\/toode\/aaloe-savimask-seganahale-ja-rasusele-nahale\/\",\"name\":\"N\u00c4OMASK aaloe-savi, sega- ja rasunahale - bio4you.eu\/retseptid\",\"isPartOf\":{\"@id\":\"https:\/\/bio4you.eu\/retseptid\/#website\"},\"primaryImageOfPage\":{\"@id\":\"https:\/\/bio4you.eu\/retseptid\/toode\/aaloe-savimask-seganahale-ja-rasusele-nahale\/#primaryimage\"},\"image\":{\"@id\":\"https:\/\/bio4you.eu\/retseptid\/toode\/aaloe-savimask-seganahale-ja-rasusele-nahale\/#primaryimage\"},\"thumbnailUrl\":\"https:\/\/bio4you.eu\/retseptid\/wp-content\/uploads\/2014\/02\/face-mask1.jpg\",\"datePublished\":\"2014-02-18T11:14:20+00:00\",\"dateModified\":\"2016-10-13T09:30:35+00:00\",\"description\":\"N\u00c4OMASK aaloe-savi, sega- ja rasunahale\",\"breadcrumb\":{\"@id\":\"https:\/\/bio4you.eu\/retseptid\/toode\/aaloe-savimask-seganahale-ja-rasusele-nahale\/#breadcrumb\"},\"inLanguage\":\"et\",\"potentialAction\":[{\"@type\":\"ReadAction\",\"target\":[\"https:\/\/bio4you.eu\/retseptid\/toode\/aaloe-savimask-seganahale-ja-rasusele-nahale\/\"]}]},{\"@type\":\"ImageObject\",\"inLanguage\":\"et\",\"@id\":\"https:\/\/bio4you.eu\/retseptid\/toode\/aaloe-savimask-seganahale-ja-rasusele-nahale\/#primaryimage\",\"url\":\"https:\/\/bio4you.eu\/retseptid\/wp-content\/uploads\/2014\/02\/face-mask1.jpg\",\"contentUrl\":\"https:\/\/bio4you.eu\/retseptid\/wp-content\/uploads\/2014\/02\/face-mask1.jpg\",\"width\":644,\"height\":514},{\"@type\":\"BreadcrumbList\",\"@id\":\"https:\/\/bio4you.eu\/retseptid\/toode\/aaloe-savimask-seganahale-ja-rasusele-nahale\/#breadcrumb\",\"itemListElement\":[{\"@type\":\"ListItem\",\"position\":1,\"name\":\"Home\",\"item\":\"https:\/\/bio4you.eu\/retseptid\/\"},{\"@type\":\"ListItem\",\"position\":2,\"name\":\"N\u00c4OMASK aaloe-savi, sega- ja rasunahale\"}]},{\"@type\":\"WebSite\",\"@id\":\"https:\/\/bio4you.eu\/retseptid\/#website\",\"url\":\"https:\/\/bio4you.eu\/retseptid\/\",\"name\":\"bio4you.eu\/retseptid\",\"description\":\"\u00d6ko retseptid ise tegemiseks, looduslikest koostisainetest. Maitsev toit, iluhooldus, kodupuhastus ja aiandus.\",\"potentialAction\":[{\"@type\":\"SearchAction\",\"target\":{\"@type\":\"EntryPoint\",\"urlTemplate\":\"https:\/\/bio4you.eu\/retseptid\/?s={search_term_string}\"},\"query-input\":\"required name=search_term_string\"}],\"inLanguage\":\"et\"}]}<\/script>\n<!-- \/ Yoast SEO plugin. -->","yoast_head_json":{"title":"N\u00c4OMASK aaloe-savi, sega- ja rasunahale - bio4you.eu\/retseptid","description":"N\u00c4OMASK aaloe-savi, sega- ja rasunahale","robots":{"index":"index","follow":"follow","max-snippet":"max-snippet:-1","max-image-preview":"max-image-preview:large","max-video-preview":"max-video-preview:-1"},"canonical":"https:\/\/bio4you.eu\/retseptid\/toode\/aaloe-savimask-seganahale-ja-rasusele-nahale\/","og_locale":"et_EE","og_type":"article","og_title":"N\u00c4OMASK aaloe-savi, sega- ja rasunahale - bio4you.eu\/retseptid","og_description":"N\u00c4OMASK aaloe-savi, sega- ja rasunahale","og_url":"https:\/\/bio4you.eu\/retseptid\/toode\/aaloe-savimask-seganahale-ja-rasusele-nahale\/","og_site_name":"bio4you.eu\/retseptid","article_modified_time":"2016-10-13T09:30:35+00:00","og_image":[{"width":644,"height":514,"url":"https:\/\/bio4you.eu\/retseptid\/wp-content\/uploads\/2014\/02\/face-mask1.jpg","type":"image\/jpeg"}],"twitter_misc":{"Est. reading time":"1 minut"},"schema":{"@context":"https:\/\/schema.org","@graph":[{"@type":"WebPage","@id":"https:\/\/bio4you.eu\/retseptid\/toode\/aaloe-savimask-seganahale-ja-rasusele-nahale\/","url":"https:\/\/bio4you.eu\/retseptid\/toode\/aaloe-savimask-seganahale-ja-rasusele-nahale\/","name":"N\u00c4OMASK aaloe-savi, sega- ja rasunahale - bio4you.eu\/retseptid","isPartOf":{"@id":"https:\/\/bio4you.eu\/retseptid\/#website"},"primaryImageOfPage":{"@id":"https:\/\/bio4you.eu\/retseptid\/toode\/aaloe-savimask-seganahale-ja-rasusele-nahale\/#primaryimage"},"image":{"@id":"https:\/\/bio4you.eu\/retseptid\/toode\/aaloe-savimask-seganahale-ja-rasusele-nahale\/#primaryimage"},"thumbnailUrl":"https:\/\/bio4you.eu\/retseptid\/wp-content\/uploads\/2014\/02\/face-mask1.jpg","datePublished":"2014-02-18T11:14:20+00:00","dateModified":"2016-10-13T09:30:35+00:00","description":"N\u00c4OMASK aaloe-savi, sega- ja rasunahale","breadcrumb":{"@id":"https:\/\/bio4you.eu\/retseptid\/toode\/aaloe-savimask-seganahale-ja-rasusele-nahale\/#breadcrumb"},"inLanguage":"et","potentialAction":[{"@type":"ReadAction","target":["https:\/\/bio4you.eu\/retseptid\/toode\/aaloe-savimask-seganahale-ja-rasusele-nahale\/"]}]},{"@type":"ImageObject","inLanguage":"et","@id":"https:\/\/bio4you.eu\/retseptid\/toode\/aaloe-savimask-seganahale-ja-rasusele-nahale\/#primaryimage","url":"https:\/\/bio4you.eu\/retseptid\/wp-content\/uploads\/2014\/02\/face-mask1.jpg","contentUrl":"https:\/\/bio4you.eu\/retseptid\/wp-content\/uploads\/2014\/02\/face-mask1.jpg","width":644,"height":514},{"@type":"BreadcrumbList","@id":"https:\/\/bio4you.eu\/retseptid\/toode\/aaloe-savimask-seganahale-ja-rasusele-nahale\/#breadcrumb","itemListElement":[{"@type":"ListItem","position":1,"name":"Home","item":"https:\/\/bio4you.eu\/retseptid\/"},{"@type":"ListItem","position":2,"name":"N\u00c4OMASK aaloe-savi, sega- ja rasunahale"}]},{"@type":"WebSite","@id":"https:\/\/bio4you.eu\/retseptid\/#website","url":"https:\/\/bio4you.eu\/retseptid\/","name":"bio4you.eu\/retseptid","description":"\u00d6ko retseptid ise tegemiseks, looduslikest koostisainetest. Maitsev toit, iluhooldus, kodupuhastus ja aiandus.","potentialAction":[{"@type":"SearchAction","target":{"@type":"EntryPoint","urlTemplate":"https:\/\/bio4you.eu\/retseptid\/?s={search_term_string}"},"query-input":"required name=search_term_string"}],"inLanguage":"et"}]}},"_links":{"self":[{"href":"https:\/\/bio4you.eu\/retseptid\/wp-json\/wp\/v2\/product\/1878"}],"collection":[{"href":"https:\/\/bio4you.eu\/retseptid\/wp-json\/wp\/v2\/product"}],"about":[{"href":"https:\/\/bio4you.eu\/retseptid\/wp-json\/wp\/v2\/types\/product"}],"replies":[{"embeddable":true,"href":"https:\/\/bio4you.eu\/retseptid\/wp-json\/wp\/v2\/comments?post=1878"}],"wp:featuredmedia":[{"embeddable":true,"href":"https:\/\/bio4you.eu\/retseptid\/wp-json\/wp\/v2\/media\/3344"}],"wp:attachment":[{"href":"https:\/\/bio4you.eu\/retseptid\/wp-json\/wp\/v2\/media?parent=1878"}],"wp:term":[{"taxonomy":"product_cat","embeddable":true,"href":"https:\/\/bio4you.eu\/retseptid\/wp-json\/wp\/v2\/product_cat?post=1878"},{"taxonomy":"product_tag","embeddable":true,"href":"https:\/\/bio4you.eu\/retseptid\/wp-json\/wp\/v2\/product_tag?post=1878"}],"curies":[{"name":"wp","href":"https:\/\/api.w.org\/{rel}","templated":true}]}}