{"id":1969,"date":"2014-03-09T12:55:08","date_gmt":"2014-03-09T10:55:08","guid":{"rendered":"https:\/\/bio4you.eu\/retseptid\/?post_type=product&#038;p=1969"},"modified":"2022-05-17T09:59:46","modified_gmt":"2022-05-17T06:59:46","slug":"tagliatelle-kartulite-ja-pestoga","status":"publish","type":"product","link":"https:\/\/bio4you.eu\/retseptid\/toode\/tagliatelle-kartulite-ja-pestoga\/","title":{"rendered":"Tagliatelle kartulite ja pestoga"},"content":{"rendered":"<p>VALMISTAMINE:<br \/>\nPese kartulid, koori ja l\u00f5igu kuubikuteks. Lase vesi keema, lisa kartulikuubikud. Peale 5 min keemist lisa tagliatelled. Vahepeal pane pesto kaussi, lisa 2 spl keeduvett ja 2 slp \u00f5li. Lisa kurnatud pasta-kartulisegu. Sega, riivi peale pecorino v\u00f5i parmesani juust, raputa soola, pipart. Soovi korral kaunista basiilikulehtedega v\u00f5i lisa tilgake basiiliku aroomi\u00f5li.<\/p>\n<p>&nbsp;<\/p>\n","protected":false},"excerpt":{"rendered":"<p>Vaja l\u00e4heb:<\/p>\n<ul>\n<li>250 g tagliatellesid<\/li>\n<li>4 v\u00e4ikest kartulit<\/li>\n<li>6 spl pecorino v\u00f5i parmesani juustu (riivitud)<\/li>\n<li>1 purgike pestot<\/li>\n<li>2 spl <a href=\"https:\/\/bio4you.eu\/et\/otsi?controller=search&amp;order=product.position.desc&amp;s=oliivi%C3%B5li&amp;utm_source=bioretsept&amp;utm_medium=retsept&amp;utm_campaign=retsept\" target=\"_blank\" rel=\"noopener\">ekstra neitsi oliivi\u00f5li<\/a><\/li>\n<li>soola, pipart, tilgake basiiliku aroomi\u00f5li ja basiilikulehti<\/li>\n<\/ul>\n","protected":false},"featured_media":3323,"comment_status":"closed","ping_status":"closed","template":"","meta":{"_exactmetrics_skip_tracking":false,"_exactmetrics_sitenote_active":false,"_exactmetrics_sitenote_note":"","_exactmetrics_sitenote_category":0},"product_cat":[60,383,70],"product_tag":[155,152,154],"class_list":{"0":"post-1969","1":"product","2":"type-product","3":"status-publish","4":"has-post-thumbnail","6":"product_cat-toiduretseptid","7":"product_cat-taimetoit","8":"product_cat-pastaroad","9":"product_tag-itaalia-toit","10":"product_tag-pesto","11":"product_tag-tagliatelle","13":"first","14":"instock","15":"shipping-taxable","16":"product-type-simple"},"yoast_head":"<!-- This site is optimized with the Yoast SEO plugin v23.3 - https:\/\/yoast.com\/wordpress\/plugins\/seo\/ -->\n<title>Tagliatelle kartulite ja pestoga - bio4you.eu\/retseptid<\/title>\n<meta name=\"description\" content=\"tagliatelle kartulite ja pestoga\" \/>\n<meta name=\"robots\" content=\"index, follow, max-snippet:-1, max-image-preview:large, max-video-preview:-1\" \/>\n<link rel=\"canonical\" href=\"https:\/\/bio4you.eu\/retseptid\/toode\/tagliatelle-kartulite-ja-pestoga\/\" \/>\n<meta property=\"og:locale\" content=\"et_EE\" \/>\n<meta property=\"og:type\" content=\"article\" \/>\n<meta property=\"og:title\" content=\"Tagliatelle kartulite ja pestoga - bio4you.eu\/retseptid\" \/>\n<meta property=\"og:description\" content=\"tagliatelle kartulite ja pestoga\" \/>\n<meta property=\"og:url\" content=\"https:\/\/bio4you.eu\/retseptid\/toode\/tagliatelle-kartulite-ja-pestoga\/\" \/>\n<meta property=\"og:site_name\" content=\"bio4you.eu\/retseptid\" \/>\n<meta property=\"article:modified_time\" content=\"2022-05-17T06:59:46+00:00\" \/>\n<meta property=\"og:image\" content=\"https:\/\/bio4you.eu\/retseptid\/wp-content\/uploads\/2014\/03\/SpinachPestoPastauntitled.jpg\" \/>\n\t<meta property=\"og:image:width\" content=\"1280\" \/>\n\t<meta property=\"og:image:height\" content=\"800\" \/>\n\t<meta property=\"og:image:type\" content=\"image\/jpeg\" \/>\n<meta name=\"twitter:label1\" content=\"Est. reading time\" \/>\n\t<meta name=\"twitter:data1\" content=\"1 minut\" \/>\n<script type=\"application\/ld+json\" class=\"yoast-schema-graph\">{\"@context\":\"https:\/\/schema.org\",\"@graph\":[{\"@type\":\"WebPage\",\"@id\":\"https:\/\/bio4you.eu\/retseptid\/toode\/tagliatelle-kartulite-ja-pestoga\/\",\"url\":\"https:\/\/bio4you.eu\/retseptid\/toode\/tagliatelle-kartulite-ja-pestoga\/\",\"name\":\"Tagliatelle kartulite ja pestoga - bio4you.eu\/retseptid\",\"isPartOf\":{\"@id\":\"https:\/\/bio4you.eu\/retseptid\/#website\"},\"primaryImageOfPage\":{\"@id\":\"https:\/\/bio4you.eu\/retseptid\/toode\/tagliatelle-kartulite-ja-pestoga\/#primaryimage\"},\"image\":{\"@id\":\"https:\/\/bio4you.eu\/retseptid\/toode\/tagliatelle-kartulite-ja-pestoga\/#primaryimage\"},\"thumbnailUrl\":\"https:\/\/bio4you.eu\/retseptid\/wp-content\/uploads\/2014\/03\/SpinachPestoPastauntitled.jpg\",\"datePublished\":\"2014-03-09T10:55:08+00:00\",\"dateModified\":\"2022-05-17T06:59:46+00:00\",\"description\":\"tagliatelle kartulite ja pestoga\",\"breadcrumb\":{\"@id\":\"https:\/\/bio4you.eu\/retseptid\/toode\/tagliatelle-kartulite-ja-pestoga\/#breadcrumb\"},\"inLanguage\":\"et\",\"potentialAction\":[{\"@type\":\"ReadAction\",\"target\":[\"https:\/\/bio4you.eu\/retseptid\/toode\/tagliatelle-kartulite-ja-pestoga\/\"]}]},{\"@type\":\"ImageObject\",\"inLanguage\":\"et\",\"@id\":\"https:\/\/bio4you.eu\/retseptid\/toode\/tagliatelle-kartulite-ja-pestoga\/#primaryimage\",\"url\":\"https:\/\/bio4you.eu\/retseptid\/wp-content\/uploads\/2014\/03\/SpinachPestoPastauntitled.jpg\",\"contentUrl\":\"https:\/\/bio4you.eu\/retseptid\/wp-content\/uploads\/2014\/03\/SpinachPestoPastauntitled.jpg\",\"width\":1280,\"height\":800},{\"@type\":\"BreadcrumbList\",\"@id\":\"https:\/\/bio4you.eu\/retseptid\/toode\/tagliatelle-kartulite-ja-pestoga\/#breadcrumb\",\"itemListElement\":[{\"@type\":\"ListItem\",\"position\":1,\"name\":\"Home\",\"item\":\"https:\/\/bio4you.eu\/retseptid\/\"},{\"@type\":\"ListItem\",\"position\":2,\"name\":\"Tagliatelle kartulite ja pestoga\"}]},{\"@type\":\"WebSite\",\"@id\":\"https:\/\/bio4you.eu\/retseptid\/#website\",\"url\":\"https:\/\/bio4you.eu\/retseptid\/\",\"name\":\"bio4you.eu\/retseptid\",\"description\":\"\u00d6ko retseptid ise tegemiseks, looduslikest koostisainetest. Maitsev toit, iluhooldus, kodupuhastus ja aiandus.\",\"potentialAction\":[{\"@type\":\"SearchAction\",\"target\":{\"@type\":\"EntryPoint\",\"urlTemplate\":\"https:\/\/bio4you.eu\/retseptid\/?s={search_term_string}\"},\"query-input\":\"required name=search_term_string\"}],\"inLanguage\":\"et\"}]}<\/script>\n<!-- \/ Yoast SEO plugin. -->","yoast_head_json":{"title":"Tagliatelle kartulite ja pestoga - bio4you.eu\/retseptid","description":"tagliatelle kartulite ja pestoga","robots":{"index":"index","follow":"follow","max-snippet":"max-snippet:-1","max-image-preview":"max-image-preview:large","max-video-preview":"max-video-preview:-1"},"canonical":"https:\/\/bio4you.eu\/retseptid\/toode\/tagliatelle-kartulite-ja-pestoga\/","og_locale":"et_EE","og_type":"article","og_title":"Tagliatelle kartulite ja pestoga - bio4you.eu\/retseptid","og_description":"tagliatelle kartulite ja pestoga","og_url":"https:\/\/bio4you.eu\/retseptid\/toode\/tagliatelle-kartulite-ja-pestoga\/","og_site_name":"bio4you.eu\/retseptid","article_modified_time":"2022-05-17T06:59:46+00:00","og_image":[{"width":1280,"height":800,"url":"https:\/\/bio4you.eu\/retseptid\/wp-content\/uploads\/2014\/03\/SpinachPestoPastauntitled.jpg","type":"image\/jpeg"}],"twitter_misc":{"Est. reading time":"1 minut"},"schema":{"@context":"https:\/\/schema.org","@graph":[{"@type":"WebPage","@id":"https:\/\/bio4you.eu\/retseptid\/toode\/tagliatelle-kartulite-ja-pestoga\/","url":"https:\/\/bio4you.eu\/retseptid\/toode\/tagliatelle-kartulite-ja-pestoga\/","name":"Tagliatelle kartulite ja pestoga - bio4you.eu\/retseptid","isPartOf":{"@id":"https:\/\/bio4you.eu\/retseptid\/#website"},"primaryImageOfPage":{"@id":"https:\/\/bio4you.eu\/retseptid\/toode\/tagliatelle-kartulite-ja-pestoga\/#primaryimage"},"image":{"@id":"https:\/\/bio4you.eu\/retseptid\/toode\/tagliatelle-kartulite-ja-pestoga\/#primaryimage"},"thumbnailUrl":"https:\/\/bio4you.eu\/retseptid\/wp-content\/uploads\/2014\/03\/SpinachPestoPastauntitled.jpg","datePublished":"2014-03-09T10:55:08+00:00","dateModified":"2022-05-17T06:59:46+00:00","description":"tagliatelle kartulite ja pestoga","breadcrumb":{"@id":"https:\/\/bio4you.eu\/retseptid\/toode\/tagliatelle-kartulite-ja-pestoga\/#breadcrumb"},"inLanguage":"et","potentialAction":[{"@type":"ReadAction","target":["https:\/\/bio4you.eu\/retseptid\/toode\/tagliatelle-kartulite-ja-pestoga\/"]}]},{"@type":"ImageObject","inLanguage":"et","@id":"https:\/\/bio4you.eu\/retseptid\/toode\/tagliatelle-kartulite-ja-pestoga\/#primaryimage","url":"https:\/\/bio4you.eu\/retseptid\/wp-content\/uploads\/2014\/03\/SpinachPestoPastauntitled.jpg","contentUrl":"https:\/\/bio4you.eu\/retseptid\/wp-content\/uploads\/2014\/03\/SpinachPestoPastauntitled.jpg","width":1280,"height":800},{"@type":"BreadcrumbList","@id":"https:\/\/bio4you.eu\/retseptid\/toode\/tagliatelle-kartulite-ja-pestoga\/#breadcrumb","itemListElement":[{"@type":"ListItem","position":1,"name":"Home","item":"https:\/\/bio4you.eu\/retseptid\/"},{"@type":"ListItem","position":2,"name":"Tagliatelle kartulite ja pestoga"}]},{"@type":"WebSite","@id":"https:\/\/bio4you.eu\/retseptid\/#website","url":"https:\/\/bio4you.eu\/retseptid\/","name":"bio4you.eu\/retseptid","description":"\u00d6ko retseptid ise tegemiseks, looduslikest koostisainetest. Maitsev toit, iluhooldus, kodupuhastus ja aiandus.","potentialAction":[{"@type":"SearchAction","target":{"@type":"EntryPoint","urlTemplate":"https:\/\/bio4you.eu\/retseptid\/?s={search_term_string}"},"query-input":"required name=search_term_string"}],"inLanguage":"et"}]}},"_links":{"self":[{"href":"https:\/\/bio4you.eu\/retseptid\/wp-json\/wp\/v2\/product\/1969"}],"collection":[{"href":"https:\/\/bio4you.eu\/retseptid\/wp-json\/wp\/v2\/product"}],"about":[{"href":"https:\/\/bio4you.eu\/retseptid\/wp-json\/wp\/v2\/types\/product"}],"replies":[{"embeddable":true,"href":"https:\/\/bio4you.eu\/retseptid\/wp-json\/wp\/v2\/comments?post=1969"}],"wp:featuredmedia":[{"embeddable":true,"href":"https:\/\/bio4you.eu\/retseptid\/wp-json\/wp\/v2\/media\/3323"}],"wp:attachment":[{"href":"https:\/\/bio4you.eu\/retseptid\/wp-json\/wp\/v2\/media?parent=1969"}],"wp:term":[{"taxonomy":"product_cat","embeddable":true,"href":"https:\/\/bio4you.eu\/retseptid\/wp-json\/wp\/v2\/product_cat?post=1969"},{"taxonomy":"product_tag","embeddable":true,"href":"https:\/\/bio4you.eu\/retseptid\/wp-json\/wp\/v2\/product_tag?post=1969"}],"curies":[{"name":"wp","href":"https:\/\/api.w.org\/{rel}","templated":true}]}}