{"id":2008,"date":"2014-05-26T13:10:23","date_gmt":"2014-05-26T10:10:23","guid":{"rendered":"https:\/\/bio4you.eu\/retseptid\/?post_type=product&#038;p=2008"},"modified":"2022-05-19T09:19:43","modified_gmt":"2022-05-19T06:19:43","slug":"kohvi-mee-kehakoorija","status":"publish","type":"product","link":"https:\/\/bio4you.eu\/retseptid\/toode\/kohvi-mee-kehakoorija\/","title":{"rendered":"Kehakoorija kohvi, mee ja sidrunimahlaga"},"content":{"rendered":"<p>VALMISTAMINE:<br \/>\nSega kokku kohv, mesi ja sidrunimahl. Mee lisamisega \u00e4ra liialda, sest mesi teeb koorija massi paksuks. Sidrunimahla lisa, kuni mass on \u00fchlane ja meeldiva konsistentsiga. Soovi korral lisa ka taime\u00f5li.<\/p>\n<p>&nbsp;<\/p>\n","protected":false},"excerpt":{"rendered":"<p><strong>Vaja l\u00e4heb:<\/strong><\/p>\n<ul>\n<li><a href=\"https:\/\/bio4you.eu\/et\/172-kohv?utm_source=bioretsept&amp;utm_medium=retsept&amp;utm_campaign=retsept\" target=\"_blank\" rel=\"noopener noreferrer\"><span style=\"color: #99cc00;\">kohv<\/span><\/a><\/li>\n<li>mesi<\/li>\n<li><a href=\"http:\/\/www.bio4you.eu\/et\/toiduained\/1219-sidrunimahl-100-itaalia-250g-biologicoils.html\" target=\"_blank\" rel=\"noopener noreferrer\"><span style=\"color: #99cc00;\">sidrunimahl<\/span><\/a><\/li>\n<li>soovi korral <a href=\"https:\/\/bio4you.eu\/et\/otsi?controller=search&amp;order=product.position.desc&amp;s=oliivi%C3%B5li&amp;utm_source=bioretsept&amp;utm_medium=retsept&amp;utm_campaign=retsept\" target=\"_blank\" rel=\"noopener noreferrer\"><span style=\"color: #99cc00;\">taime\u00f5li<\/span><\/a><\/li>\n<\/ul>\n","protected":false},"featured_media":3755,"comment_status":"closed","ping_status":"closed","template":"","meta":{"_exactmetrics_skip_tracking":false,"_exactmetrics_sitenote_active":false,"_exactmetrics_sitenote_note":"","_exactmetrics_sitenote_category":0},"product_cat":[61,85,86],"product_tag":[207,216,219,218,217,215],"class_list":{"0":"post-2008","1":"product","2":"type-product","3":"status-publish","4":"has-post-thumbnail","6":"product_cat-ilu-retseptid","7":"product_cat-kehahooldus","8":"product_cat-koorimine-kehahooldus","9":"product_tag-isetehtud-kehakoorija","10":"product_tag-kehakoorja","11":"product_tag-kohvi-ja-mee-kehakoorija","12":"product_tag-koorija-kohviga","13":"product_tag-koorija-meega","14":"product_tag-koorimine-2","16":"first","17":"instock","18":"shipping-taxable","19":"product-type-simple"},"yoast_head":"<!-- This site is optimized with the Yoast SEO plugin v23.3 - https:\/\/yoast.com\/wordpress\/plugins\/seo\/ -->\n<title>Kehakoorija kohvi, mee ja sidrunimahlaga - bio4you.eu\/retseptid<\/title>\n<meta name=\"description\" content=\"Kehakoorija kohvi, mee ja sidrunimahlaga\" \/>\n<meta name=\"robots\" content=\"index, follow, max-snippet:-1, max-image-preview:large, max-video-preview:-1\" \/>\n<link rel=\"canonical\" href=\"https:\/\/bio4you.eu\/retseptid\/toode\/kohvi-mee-kehakoorija\/\" \/>\n<meta property=\"og:locale\" content=\"et_EE\" \/>\n<meta property=\"og:type\" content=\"article\" \/>\n<meta property=\"og:title\" content=\"Kehakoorija kohvi, mee ja sidrunimahlaga - bio4you.eu\/retseptid\" \/>\n<meta property=\"og:description\" content=\"Kehakoorija kohvi, mee ja sidrunimahlaga\" \/>\n<meta property=\"og:url\" content=\"https:\/\/bio4you.eu\/retseptid\/toode\/kohvi-mee-kehakoorija\/\" \/>\n<meta property=\"og:site_name\" content=\"bio4you.eu\/retseptid\" \/>\n<meta property=\"article:modified_time\" content=\"2022-05-19T06:19:43+00:00\" \/>\n<meta property=\"og:image\" content=\"https:\/\/bio4you.eu\/retseptid\/wp-content\/uploads\/2014\/05\/mark-daynes-35088-scaled.jpg\" \/>\n\t<meta property=\"og:image:width\" content=\"2560\" \/>\n\t<meta property=\"og:image:height\" content=\"1707\" \/>\n\t<meta property=\"og:image:type\" content=\"image\/jpeg\" \/>\n<meta name=\"twitter:label1\" content=\"Est. reading time\" \/>\n\t<meta name=\"twitter:data1\" content=\"1 minut\" \/>\n<script type=\"application\/ld+json\" class=\"yoast-schema-graph\">{\"@context\":\"https:\/\/schema.org\",\"@graph\":[{\"@type\":\"WebPage\",\"@id\":\"https:\/\/bio4you.eu\/retseptid\/toode\/kohvi-mee-kehakoorija\/\",\"url\":\"https:\/\/bio4you.eu\/retseptid\/toode\/kohvi-mee-kehakoorija\/\",\"name\":\"Kehakoorija kohvi, mee ja sidrunimahlaga - bio4you.eu\/retseptid\",\"isPartOf\":{\"@id\":\"https:\/\/bio4you.eu\/retseptid\/#website\"},\"primaryImageOfPage\":{\"@id\":\"https:\/\/bio4you.eu\/retseptid\/toode\/kohvi-mee-kehakoorija\/#primaryimage\"},\"image\":{\"@id\":\"https:\/\/bio4you.eu\/retseptid\/toode\/kohvi-mee-kehakoorija\/#primaryimage\"},\"thumbnailUrl\":\"https:\/\/bio4you.eu\/retseptid\/wp-content\/uploads\/2014\/05\/mark-daynes-35088-scaled.jpg\",\"datePublished\":\"2014-05-26T10:10:23+00:00\",\"dateModified\":\"2022-05-19T06:19:43+00:00\",\"description\":\"Kehakoorija kohvi, mee ja sidrunimahlaga\",\"breadcrumb\":{\"@id\":\"https:\/\/bio4you.eu\/retseptid\/toode\/kohvi-mee-kehakoorija\/#breadcrumb\"},\"inLanguage\":\"et\",\"potentialAction\":[{\"@type\":\"ReadAction\",\"target\":[\"https:\/\/bio4you.eu\/retseptid\/toode\/kohvi-mee-kehakoorija\/\"]}]},{\"@type\":\"ImageObject\",\"inLanguage\":\"et\",\"@id\":\"https:\/\/bio4you.eu\/retseptid\/toode\/kohvi-mee-kehakoorija\/#primaryimage\",\"url\":\"https:\/\/bio4you.eu\/retseptid\/wp-content\/uploads\/2014\/05\/mark-daynes-35088-scaled.jpg\",\"contentUrl\":\"https:\/\/bio4you.eu\/retseptid\/wp-content\/uploads\/2014\/05\/mark-daynes-35088-scaled.jpg\",\"width\":2560,\"height\":1707},{\"@type\":\"BreadcrumbList\",\"@id\":\"https:\/\/bio4you.eu\/retseptid\/toode\/kohvi-mee-kehakoorija\/#breadcrumb\",\"itemListElement\":[{\"@type\":\"ListItem\",\"position\":1,\"name\":\"Home\",\"item\":\"https:\/\/bio4you.eu\/retseptid\/\"},{\"@type\":\"ListItem\",\"position\":2,\"name\":\"Kehakoorija kohvi, mee ja sidrunimahlaga\"}]},{\"@type\":\"WebSite\",\"@id\":\"https:\/\/bio4you.eu\/retseptid\/#website\",\"url\":\"https:\/\/bio4you.eu\/retseptid\/\",\"name\":\"bio4you.eu\/retseptid\",\"description\":\"\u00d6ko retseptid ise tegemiseks, looduslikest koostisainetest. Maitsev toit, iluhooldus, kodupuhastus ja aiandus.\",\"potentialAction\":[{\"@type\":\"SearchAction\",\"target\":{\"@type\":\"EntryPoint\",\"urlTemplate\":\"https:\/\/bio4you.eu\/retseptid\/?s={search_term_string}\"},\"query-input\":\"required name=search_term_string\"}],\"inLanguage\":\"et\"}]}<\/script>\n<!-- \/ Yoast SEO plugin. -->","yoast_head_json":{"title":"Kehakoorija kohvi, mee ja sidrunimahlaga - bio4you.eu\/retseptid","description":"Kehakoorija kohvi, mee ja sidrunimahlaga","robots":{"index":"index","follow":"follow","max-snippet":"max-snippet:-1","max-image-preview":"max-image-preview:large","max-video-preview":"max-video-preview:-1"},"canonical":"https:\/\/bio4you.eu\/retseptid\/toode\/kohvi-mee-kehakoorija\/","og_locale":"et_EE","og_type":"article","og_title":"Kehakoorija kohvi, mee ja sidrunimahlaga - bio4you.eu\/retseptid","og_description":"Kehakoorija kohvi, mee ja sidrunimahlaga","og_url":"https:\/\/bio4you.eu\/retseptid\/toode\/kohvi-mee-kehakoorija\/","og_site_name":"bio4you.eu\/retseptid","article_modified_time":"2022-05-19T06:19:43+00:00","og_image":[{"width":2560,"height":1707,"url":"https:\/\/bio4you.eu\/retseptid\/wp-content\/uploads\/2014\/05\/mark-daynes-35088-scaled.jpg","type":"image\/jpeg"}],"twitter_misc":{"Est. reading time":"1 minut"},"schema":{"@context":"https:\/\/schema.org","@graph":[{"@type":"WebPage","@id":"https:\/\/bio4you.eu\/retseptid\/toode\/kohvi-mee-kehakoorija\/","url":"https:\/\/bio4you.eu\/retseptid\/toode\/kohvi-mee-kehakoorija\/","name":"Kehakoorija kohvi, mee ja sidrunimahlaga - bio4you.eu\/retseptid","isPartOf":{"@id":"https:\/\/bio4you.eu\/retseptid\/#website"},"primaryImageOfPage":{"@id":"https:\/\/bio4you.eu\/retseptid\/toode\/kohvi-mee-kehakoorija\/#primaryimage"},"image":{"@id":"https:\/\/bio4you.eu\/retseptid\/toode\/kohvi-mee-kehakoorija\/#primaryimage"},"thumbnailUrl":"https:\/\/bio4you.eu\/retseptid\/wp-content\/uploads\/2014\/05\/mark-daynes-35088-scaled.jpg","datePublished":"2014-05-26T10:10:23+00:00","dateModified":"2022-05-19T06:19:43+00:00","description":"Kehakoorija kohvi, mee ja sidrunimahlaga","breadcrumb":{"@id":"https:\/\/bio4you.eu\/retseptid\/toode\/kohvi-mee-kehakoorija\/#breadcrumb"},"inLanguage":"et","potentialAction":[{"@type":"ReadAction","target":["https:\/\/bio4you.eu\/retseptid\/toode\/kohvi-mee-kehakoorija\/"]}]},{"@type":"ImageObject","inLanguage":"et","@id":"https:\/\/bio4you.eu\/retseptid\/toode\/kohvi-mee-kehakoorija\/#primaryimage","url":"https:\/\/bio4you.eu\/retseptid\/wp-content\/uploads\/2014\/05\/mark-daynes-35088-scaled.jpg","contentUrl":"https:\/\/bio4you.eu\/retseptid\/wp-content\/uploads\/2014\/05\/mark-daynes-35088-scaled.jpg","width":2560,"height":1707},{"@type":"BreadcrumbList","@id":"https:\/\/bio4you.eu\/retseptid\/toode\/kohvi-mee-kehakoorija\/#breadcrumb","itemListElement":[{"@type":"ListItem","position":1,"name":"Home","item":"https:\/\/bio4you.eu\/retseptid\/"},{"@type":"ListItem","position":2,"name":"Kehakoorija kohvi, mee ja sidrunimahlaga"}]},{"@type":"WebSite","@id":"https:\/\/bio4you.eu\/retseptid\/#website","url":"https:\/\/bio4you.eu\/retseptid\/","name":"bio4you.eu\/retseptid","description":"\u00d6ko retseptid ise tegemiseks, looduslikest koostisainetest. Maitsev toit, iluhooldus, kodupuhastus ja aiandus.","potentialAction":[{"@type":"SearchAction","target":{"@type":"EntryPoint","urlTemplate":"https:\/\/bio4you.eu\/retseptid\/?s={search_term_string}"},"query-input":"required name=search_term_string"}],"inLanguage":"et"}]}},"_links":{"self":[{"href":"https:\/\/bio4you.eu\/retseptid\/wp-json\/wp\/v2\/product\/2008"}],"collection":[{"href":"https:\/\/bio4you.eu\/retseptid\/wp-json\/wp\/v2\/product"}],"about":[{"href":"https:\/\/bio4you.eu\/retseptid\/wp-json\/wp\/v2\/types\/product"}],"replies":[{"embeddable":true,"href":"https:\/\/bio4you.eu\/retseptid\/wp-json\/wp\/v2\/comments?post=2008"}],"wp:featuredmedia":[{"embeddable":true,"href":"https:\/\/bio4you.eu\/retseptid\/wp-json\/wp\/v2\/media\/3755"}],"wp:attachment":[{"href":"https:\/\/bio4you.eu\/retseptid\/wp-json\/wp\/v2\/media?parent=2008"}],"wp:term":[{"taxonomy":"product_cat","embeddable":true,"href":"https:\/\/bio4you.eu\/retseptid\/wp-json\/wp\/v2\/product_cat?post=2008"},{"taxonomy":"product_tag","embeddable":true,"href":"https:\/\/bio4you.eu\/retseptid\/wp-json\/wp\/v2\/product_tag?post=2008"}],"curies":[{"name":"wp","href":"https:\/\/api.w.org\/{rel}","templated":true}]}}