{"id":2010,"date":"2014-05-26T13:26:02","date_gmt":"2014-05-26T10:26:02","guid":{"rendered":"https:\/\/bio4you.eu\/retseptid\/?post_type=product&#038;p=2010"},"modified":"2022-05-19T09:18:35","modified_gmt":"2022-05-19T06:18:35","slug":"kohvi-lavendli-kehakoorija","status":"publish","type":"product","link":"https:\/\/bio4you.eu\/retseptid\/toode\/kohvi-lavendli-kehakoorija\/","title":{"rendered":"Kehakoorija kohvi ja roosipulbriga"},"content":{"rendered":"<p>VALMISTAMINE:<br \/>\nPane kohv, suhkur ja lroosipulber kaussi, sega l\u00e4bi ja lisa ca 2 spl oliivi\u00f5li.\u00a0Sega korralikult l\u00e4bi, \u00a0vajadusel lisa veel oliivi\u00f5li v\u00e4ikeste sortsude haaval, kuni tekib m\u00e4rja liiva sarnane, \u00fchtlane konsistents.<\/p>\n<p>S\u00e4ilita suletud anumaga k\u00fclmikus (s\u00e4ilib ca 6 kuud). Kasutades h\u00f5\u00f5ru koorija ringjate liigutustega niiskele nahale, lase veidi seista ja pese veega maha. Kasuta \u00a01 kord n\u00e4dalas.<\/p>\n","protected":false},"excerpt":{"rendered":"<p>VAJA L\u00c4HEB:<\/p>\n<ul>\n<li>50 ml peene jahvatusastmega <a href=\"https:\/\/bio4you.eu\/et\/172-kohv?utm_source=bioretsept&amp;utm_medium=retsept&amp;utm_campaign=retsept\" target=\"_blank\" rel=\"noopener noreferrer\"><span style=\"color: #99cc00;\">kohvi<\/span> <\/a>\u00a0v\u00f5i kohvipaksu<\/li>\n<li>100 ml valget suhkrut<\/li>\n<li>2 spl kuivatatud roosipulbrit (v\u00f5id asendada kuivatatud lavendli v\u00f5i lille\u00f5itega jne)<\/li>\n<li>2 spl <a href=\"https:\/\/bio4you.eu\/et\/otsi?controller=search&amp;order=product.position.desc&amp;s=oliivi%C3%B5li&amp;utm_source=bioretsept&amp;utm_medium=retsept&amp;utm_campaign=retsept\" target=\"_blank\" rel=\"noopener\">ekstra neitsioliivi\u00f5li<\/a><\/li>\n<\/ul>\n","protected":false},"featured_media":3966,"comment_status":"closed","ping_status":"closed","template":"","meta":{"_exactmetrics_skip_tracking":false,"_exactmetrics_sitenote_active":false,"_exactmetrics_sitenote_note":"","_exactmetrics_sitenote_category":0},"product_cat":[61,85,86],"product_tag":[207,216,218,220,221],"class_list":{"0":"post-2010","1":"product","2":"type-product","3":"status-publish","4":"has-post-thumbnail","6":"product_cat-ilu-retseptid","7":"product_cat-kehahooldus","8":"product_cat-koorimine-kehahooldus","9":"product_tag-isetehtud-kehakoorija","10":"product_tag-kehakoorja","11":"product_tag-koorija-kohviga","12":"product_tag-koorija-roosioitega","13":"product_tag-koorimine-3","15":"first","16":"instock","17":"shipping-taxable","18":"product-type-simple"},"yoast_head":"<!-- This site is optimized with the Yoast SEO plugin v23.3 - https:\/\/yoast.com\/wordpress\/plugins\/seo\/ -->\n<title>Kehakoorija kohvi ja roosipulbriga - bio4you.eu\/retseptid<\/title>\n<meta name=\"description\" content=\"Kehakoorija kohvi ja roosipulbriga\" \/>\n<meta name=\"robots\" content=\"index, follow, max-snippet:-1, max-image-preview:large, max-video-preview:-1\" \/>\n<link rel=\"canonical\" href=\"https:\/\/bio4you.eu\/retseptid\/toode\/kohvi-lavendli-kehakoorija\/\" \/>\n<meta property=\"og:locale\" content=\"et_EE\" \/>\n<meta property=\"og:type\" content=\"article\" \/>\n<meta property=\"og:title\" content=\"Kehakoorija kohvi ja roosipulbriga - bio4you.eu\/retseptid\" \/>\n<meta property=\"og:description\" content=\"Kehakoorija kohvi ja roosipulbriga\" \/>\n<meta property=\"og:url\" content=\"https:\/\/bio4you.eu\/retseptid\/toode\/kohvi-lavendli-kehakoorija\/\" \/>\n<meta property=\"og:site_name\" content=\"bio4you.eu\/retseptid\" \/>\n<meta property=\"article:modified_time\" content=\"2022-05-19T06:18:35+00:00\" \/>\n<meta property=\"og:image\" content=\"https:\/\/bio4you.eu\/retseptid\/wp-content\/uploads\/2014\/05\/christina-rumpf-LMzwJDu6hTE-unsplash-scaled.jpg\" \/>\n\t<meta property=\"og:image:width\" content=\"1707\" \/>\n\t<meta property=\"og:image:height\" content=\"2560\" \/>\n\t<meta property=\"og:image:type\" content=\"image\/jpeg\" \/>\n<meta name=\"twitter:label1\" content=\"Est. reading time\" \/>\n\t<meta name=\"twitter:data1\" content=\"1 minut\" \/>\n<script type=\"application\/ld+json\" class=\"yoast-schema-graph\">{\"@context\":\"https:\/\/schema.org\",\"@graph\":[{\"@type\":\"WebPage\",\"@id\":\"https:\/\/bio4you.eu\/retseptid\/toode\/kohvi-lavendli-kehakoorija\/\",\"url\":\"https:\/\/bio4you.eu\/retseptid\/toode\/kohvi-lavendli-kehakoorija\/\",\"name\":\"Kehakoorija kohvi ja roosipulbriga - bio4you.eu\/retseptid\",\"isPartOf\":{\"@id\":\"https:\/\/bio4you.eu\/retseptid\/#website\"},\"primaryImageOfPage\":{\"@id\":\"https:\/\/bio4you.eu\/retseptid\/toode\/kohvi-lavendli-kehakoorija\/#primaryimage\"},\"image\":{\"@id\":\"https:\/\/bio4you.eu\/retseptid\/toode\/kohvi-lavendli-kehakoorija\/#primaryimage\"},\"thumbnailUrl\":\"https:\/\/bio4you.eu\/retseptid\/wp-content\/uploads\/2014\/05\/christina-rumpf-LMzwJDu6hTE-unsplash-scaled.jpg\",\"datePublished\":\"2014-05-26T10:26:02+00:00\",\"dateModified\":\"2022-05-19T06:18:35+00:00\",\"description\":\"Kehakoorija kohvi ja roosipulbriga\",\"breadcrumb\":{\"@id\":\"https:\/\/bio4you.eu\/retseptid\/toode\/kohvi-lavendli-kehakoorija\/#breadcrumb\"},\"inLanguage\":\"et\",\"potentialAction\":[{\"@type\":\"ReadAction\",\"target\":[\"https:\/\/bio4you.eu\/retseptid\/toode\/kohvi-lavendli-kehakoorija\/\"]}]},{\"@type\":\"ImageObject\",\"inLanguage\":\"et\",\"@id\":\"https:\/\/bio4you.eu\/retseptid\/toode\/kohvi-lavendli-kehakoorija\/#primaryimage\",\"url\":\"https:\/\/bio4you.eu\/retseptid\/wp-content\/uploads\/2014\/05\/christina-rumpf-LMzwJDu6hTE-unsplash-scaled.jpg\",\"contentUrl\":\"https:\/\/bio4you.eu\/retseptid\/wp-content\/uploads\/2014\/05\/christina-rumpf-LMzwJDu6hTE-unsplash-scaled.jpg\",\"width\":1707,\"height\":2560},{\"@type\":\"BreadcrumbList\",\"@id\":\"https:\/\/bio4you.eu\/retseptid\/toode\/kohvi-lavendli-kehakoorija\/#breadcrumb\",\"itemListElement\":[{\"@type\":\"ListItem\",\"position\":1,\"name\":\"Home\",\"item\":\"https:\/\/bio4you.eu\/retseptid\/\"},{\"@type\":\"ListItem\",\"position\":2,\"name\":\"Kehakoorija kohvi ja roosipulbriga\"}]},{\"@type\":\"WebSite\",\"@id\":\"https:\/\/bio4you.eu\/retseptid\/#website\",\"url\":\"https:\/\/bio4you.eu\/retseptid\/\",\"name\":\"bio4you.eu\/retseptid\",\"description\":\"\u00d6ko retseptid ise tegemiseks, looduslikest koostisainetest. Maitsev toit, iluhooldus, kodupuhastus ja aiandus.\",\"potentialAction\":[{\"@type\":\"SearchAction\",\"target\":{\"@type\":\"EntryPoint\",\"urlTemplate\":\"https:\/\/bio4you.eu\/retseptid\/?s={search_term_string}\"},\"query-input\":\"required name=search_term_string\"}],\"inLanguage\":\"et\"}]}<\/script>\n<!-- \/ Yoast SEO plugin. -->","yoast_head_json":{"title":"Kehakoorija kohvi ja roosipulbriga - bio4you.eu\/retseptid","description":"Kehakoorija kohvi ja roosipulbriga","robots":{"index":"index","follow":"follow","max-snippet":"max-snippet:-1","max-image-preview":"max-image-preview:large","max-video-preview":"max-video-preview:-1"},"canonical":"https:\/\/bio4you.eu\/retseptid\/toode\/kohvi-lavendli-kehakoorija\/","og_locale":"et_EE","og_type":"article","og_title":"Kehakoorija kohvi ja roosipulbriga - bio4you.eu\/retseptid","og_description":"Kehakoorija kohvi ja roosipulbriga","og_url":"https:\/\/bio4you.eu\/retseptid\/toode\/kohvi-lavendli-kehakoorija\/","og_site_name":"bio4you.eu\/retseptid","article_modified_time":"2022-05-19T06:18:35+00:00","og_image":[{"width":1707,"height":2560,"url":"https:\/\/bio4you.eu\/retseptid\/wp-content\/uploads\/2014\/05\/christina-rumpf-LMzwJDu6hTE-unsplash-scaled.jpg","type":"image\/jpeg"}],"twitter_misc":{"Est. reading time":"1 minut"},"schema":{"@context":"https:\/\/schema.org","@graph":[{"@type":"WebPage","@id":"https:\/\/bio4you.eu\/retseptid\/toode\/kohvi-lavendli-kehakoorija\/","url":"https:\/\/bio4you.eu\/retseptid\/toode\/kohvi-lavendli-kehakoorija\/","name":"Kehakoorija kohvi ja roosipulbriga - bio4you.eu\/retseptid","isPartOf":{"@id":"https:\/\/bio4you.eu\/retseptid\/#website"},"primaryImageOfPage":{"@id":"https:\/\/bio4you.eu\/retseptid\/toode\/kohvi-lavendli-kehakoorija\/#primaryimage"},"image":{"@id":"https:\/\/bio4you.eu\/retseptid\/toode\/kohvi-lavendli-kehakoorija\/#primaryimage"},"thumbnailUrl":"https:\/\/bio4you.eu\/retseptid\/wp-content\/uploads\/2014\/05\/christina-rumpf-LMzwJDu6hTE-unsplash-scaled.jpg","datePublished":"2014-05-26T10:26:02+00:00","dateModified":"2022-05-19T06:18:35+00:00","description":"Kehakoorija kohvi ja roosipulbriga","breadcrumb":{"@id":"https:\/\/bio4you.eu\/retseptid\/toode\/kohvi-lavendli-kehakoorija\/#breadcrumb"},"inLanguage":"et","potentialAction":[{"@type":"ReadAction","target":["https:\/\/bio4you.eu\/retseptid\/toode\/kohvi-lavendli-kehakoorija\/"]}]},{"@type":"ImageObject","inLanguage":"et","@id":"https:\/\/bio4you.eu\/retseptid\/toode\/kohvi-lavendli-kehakoorija\/#primaryimage","url":"https:\/\/bio4you.eu\/retseptid\/wp-content\/uploads\/2014\/05\/christina-rumpf-LMzwJDu6hTE-unsplash-scaled.jpg","contentUrl":"https:\/\/bio4you.eu\/retseptid\/wp-content\/uploads\/2014\/05\/christina-rumpf-LMzwJDu6hTE-unsplash-scaled.jpg","width":1707,"height":2560},{"@type":"BreadcrumbList","@id":"https:\/\/bio4you.eu\/retseptid\/toode\/kohvi-lavendli-kehakoorija\/#breadcrumb","itemListElement":[{"@type":"ListItem","position":1,"name":"Home","item":"https:\/\/bio4you.eu\/retseptid\/"},{"@type":"ListItem","position":2,"name":"Kehakoorija kohvi ja roosipulbriga"}]},{"@type":"WebSite","@id":"https:\/\/bio4you.eu\/retseptid\/#website","url":"https:\/\/bio4you.eu\/retseptid\/","name":"bio4you.eu\/retseptid","description":"\u00d6ko retseptid ise tegemiseks, looduslikest koostisainetest. Maitsev toit, iluhooldus, kodupuhastus ja aiandus.","potentialAction":[{"@type":"SearchAction","target":{"@type":"EntryPoint","urlTemplate":"https:\/\/bio4you.eu\/retseptid\/?s={search_term_string}"},"query-input":"required name=search_term_string"}],"inLanguage":"et"}]}},"_links":{"self":[{"href":"https:\/\/bio4you.eu\/retseptid\/wp-json\/wp\/v2\/product\/2010"}],"collection":[{"href":"https:\/\/bio4you.eu\/retseptid\/wp-json\/wp\/v2\/product"}],"about":[{"href":"https:\/\/bio4you.eu\/retseptid\/wp-json\/wp\/v2\/types\/product"}],"replies":[{"embeddable":true,"href":"https:\/\/bio4you.eu\/retseptid\/wp-json\/wp\/v2\/comments?post=2010"}],"wp:featuredmedia":[{"embeddable":true,"href":"https:\/\/bio4you.eu\/retseptid\/wp-json\/wp\/v2\/media\/3966"}],"wp:attachment":[{"href":"https:\/\/bio4you.eu\/retseptid\/wp-json\/wp\/v2\/media?parent=2010"}],"wp:term":[{"taxonomy":"product_cat","embeddable":true,"href":"https:\/\/bio4you.eu\/retseptid\/wp-json\/wp\/v2\/product_cat?post=2010"},{"taxonomy":"product_tag","embeddable":true,"href":"https:\/\/bio4you.eu\/retseptid\/wp-json\/wp\/v2\/product_tag?post=2010"}],"curies":[{"name":"wp","href":"https:\/\/api.w.org\/{rel}","templated":true}]}}