{"id":2011,"date":"2014-05-26T13:30:49","date_gmt":"2014-05-26T10:30:49","guid":{"rendered":"https:\/\/bio4you.eu\/retseptid\/?post_type=product&#038;p=2011"},"modified":"2022-05-17T20:27:58","modified_gmt":"2022-05-17T17:27:58","slug":"kakaoga-kehakoorija","status":"publish","type":"product","link":"https:\/\/bio4you.eu\/retseptid\/toode\/kakaoga-kehakoorija\/","title":{"rendered":"Kehakoorija kakao ja kookos\u00f5liga"},"content":{"rendered":"<p>VALMISTAMINE:<br \/>\nSega k\u00f5ik komponendid korralikult, kuni tekib \u00fchtlane mass. \u00a0S\u00e4ilita suletult k\u00fclmikus. Suurep\u00e4rase \u0161okolaadil\u00f5hnaga, j\u00e4tab naha meeldivalt siidiseks. \u00dcsna suureteralise tekstuuri t\u00f5ttu sobib k\u00f5ige paremini keha koorimiseks.<\/p>\n<p>&nbsp;<\/p>\n<p>&nbsp;<\/p>\n<p>&nbsp;<\/p>\n","protected":false},"excerpt":{"rendered":"<p>VAJA L\u00c4HEB:<\/p>\n<ul>\n<li>1 tass meresoola<\/li>\n<li>6 tl<a href=\"https:\/\/bio4you.eu\/et\/supertoidud\/1725-toorkakao-pulber-250g.html?utm_source=bioretsept&amp;utm_medium=retsept&amp;utm_campaign=retsept\" target=\"_blank\" rel=\"noopener noreferrer\"><span style=\"color: #99cc00;\"> kakaod<\/span><\/a><\/li>\n<li>8 tl <a href=\"https:\/\/bio4you.eu\/et\/kehahooldus\/2664-nisuiduoli-kuelmpress-100ml-sapone-di-un-tempo.html?utm_source=bioretsept&amp;utm_medium=retsept&amp;utm_campaign=retsept\" target=\"_blank\" rel=\"noopener noreferrer\"><span style=\"color: #99cc00;\">nisuidu\u00f5li<\/span><\/a> v\u00f5i <a href=\"http:\/\/www.bio4you.eu\/et\/olid\/672-oli-kookosoli-150ml-extra-virgin-kulmpress-cosmoveda.html\" target=\"_blank\" rel=\"noopener noreferrer\"><span style=\"color: #99cc00;\">kookos\u00f5li<\/span><\/a><\/li>\n<li>8 tl oliivi\u00f5li<\/li>\n<li>1 spl mett<\/li>\n<li>soovi korral lisa 1 spl soodat<\/li>\n<\/ul>\n","protected":false},"featured_media":3965,"comment_status":"closed","ping_status":"closed","template":"","meta":{"_exactmetrics_skip_tracking":false,"_exactmetrics_sitenote_active":false,"_exactmetrics_sitenote_note":"","_exactmetrics_sitenote_category":0},"product_cat":[61,85,86],"product_tag":[207,208,206,204,124,205],"class_list":{"0":"post-2011","1":"product","2":"type-product","3":"status-publish","4":"has-post-thumbnail","6":"product_cat-ilu-retseptid","7":"product_cat-kehahooldus","8":"product_cat-koorimine-kehahooldus","9":"product_tag-isetehtud-kehakoorija","10":"product_tag-isetehtud-koorija","11":"product_tag-kakao-kehakoorija","12":"product_tag-kehakoorija","13":"product_tag-kookosoli","14":"product_tag-koorija","16":"first","17":"instock","18":"shipping-taxable","19":"product-type-simple"},"yoast_head":"<!-- This site is optimized with the Yoast SEO plugin v23.3 - https:\/\/yoast.com\/wordpress\/plugins\/seo\/ -->\n<title>Kehakoorija kakao ja kookos\u00f5liga - bio4you.eu\/retseptid<\/title>\n<meta name=\"description\" content=\"Kehakoorija kakao ja kookos\u00f5liga\" \/>\n<meta name=\"robots\" content=\"index, follow, max-snippet:-1, max-image-preview:large, max-video-preview:-1\" \/>\n<link rel=\"canonical\" href=\"https:\/\/bio4you.eu\/retseptid\/toode\/kakaoga-kehakoorija\/\" \/>\n<meta property=\"og:locale\" content=\"et_EE\" \/>\n<meta property=\"og:type\" content=\"article\" \/>\n<meta property=\"og:title\" content=\"Kehakoorija kakao ja kookos\u00f5liga - bio4you.eu\/retseptid\" \/>\n<meta property=\"og:description\" content=\"Kehakoorija kakao ja kookos\u00f5liga\" \/>\n<meta property=\"og:url\" content=\"https:\/\/bio4you.eu\/retseptid\/toode\/kakaoga-kehakoorija\/\" \/>\n<meta property=\"og:site_name\" content=\"bio4you.eu\/retseptid\" \/>\n<meta property=\"article:modified_time\" content=\"2022-05-17T17:27:58+00:00\" \/>\n<meta property=\"og:image\" content=\"https:\/\/bio4you.eu\/retseptid\/wp-content\/uploads\/2014\/05\/diana-kuleniuk-oIR-PrUuFas-unsplash-scaled.jpg\" \/>\n\t<meta property=\"og:image:width\" content=\"2048\" \/>\n\t<meta property=\"og:image:height\" content=\"2560\" \/>\n\t<meta property=\"og:image:type\" content=\"image\/jpeg\" \/>\n<meta name=\"twitter:label1\" content=\"Est. reading time\" \/>\n\t<meta name=\"twitter:data1\" content=\"1 minut\" \/>\n<script type=\"application\/ld+json\" class=\"yoast-schema-graph\">{\"@context\":\"https:\/\/schema.org\",\"@graph\":[{\"@type\":\"WebPage\",\"@id\":\"https:\/\/bio4you.eu\/retseptid\/toode\/kakaoga-kehakoorija\/\",\"url\":\"https:\/\/bio4you.eu\/retseptid\/toode\/kakaoga-kehakoorija\/\",\"name\":\"Kehakoorija kakao ja kookos\u00f5liga - bio4you.eu\/retseptid\",\"isPartOf\":{\"@id\":\"https:\/\/bio4you.eu\/retseptid\/#website\"},\"primaryImageOfPage\":{\"@id\":\"https:\/\/bio4you.eu\/retseptid\/toode\/kakaoga-kehakoorija\/#primaryimage\"},\"image\":{\"@id\":\"https:\/\/bio4you.eu\/retseptid\/toode\/kakaoga-kehakoorija\/#primaryimage\"},\"thumbnailUrl\":\"https:\/\/bio4you.eu\/retseptid\/wp-content\/uploads\/2014\/05\/diana-kuleniuk-oIR-PrUuFas-unsplash-scaled.jpg\",\"datePublished\":\"2014-05-26T10:30:49+00:00\",\"dateModified\":\"2022-05-17T17:27:58+00:00\",\"description\":\"Kehakoorija kakao ja kookos\u00f5liga\",\"breadcrumb\":{\"@id\":\"https:\/\/bio4you.eu\/retseptid\/toode\/kakaoga-kehakoorija\/#breadcrumb\"},\"inLanguage\":\"et\",\"potentialAction\":[{\"@type\":\"ReadAction\",\"target\":[\"https:\/\/bio4you.eu\/retseptid\/toode\/kakaoga-kehakoorija\/\"]}]},{\"@type\":\"ImageObject\",\"inLanguage\":\"et\",\"@id\":\"https:\/\/bio4you.eu\/retseptid\/toode\/kakaoga-kehakoorija\/#primaryimage\",\"url\":\"https:\/\/bio4you.eu\/retseptid\/wp-content\/uploads\/2014\/05\/diana-kuleniuk-oIR-PrUuFas-unsplash-scaled.jpg\",\"contentUrl\":\"https:\/\/bio4you.eu\/retseptid\/wp-content\/uploads\/2014\/05\/diana-kuleniuk-oIR-PrUuFas-unsplash-scaled.jpg\",\"width\":2048,\"height\":2560},{\"@type\":\"BreadcrumbList\",\"@id\":\"https:\/\/bio4you.eu\/retseptid\/toode\/kakaoga-kehakoorija\/#breadcrumb\",\"itemListElement\":[{\"@type\":\"ListItem\",\"position\":1,\"name\":\"Home\",\"item\":\"https:\/\/bio4you.eu\/retseptid\/\"},{\"@type\":\"ListItem\",\"position\":2,\"name\":\"Kehakoorija kakao ja kookos\u00f5liga\"}]},{\"@type\":\"WebSite\",\"@id\":\"https:\/\/bio4you.eu\/retseptid\/#website\",\"url\":\"https:\/\/bio4you.eu\/retseptid\/\",\"name\":\"bio4you.eu\/retseptid\",\"description\":\"\u00d6ko retseptid ise tegemiseks, looduslikest koostisainetest. Maitsev toit, iluhooldus, kodupuhastus ja aiandus.\",\"potentialAction\":[{\"@type\":\"SearchAction\",\"target\":{\"@type\":\"EntryPoint\",\"urlTemplate\":\"https:\/\/bio4you.eu\/retseptid\/?s={search_term_string}\"},\"query-input\":\"required name=search_term_string\"}],\"inLanguage\":\"et\"}]}<\/script>\n<!-- \/ Yoast SEO plugin. -->","yoast_head_json":{"title":"Kehakoorija kakao ja kookos\u00f5liga - bio4you.eu\/retseptid","description":"Kehakoorija kakao ja kookos\u00f5liga","robots":{"index":"index","follow":"follow","max-snippet":"max-snippet:-1","max-image-preview":"max-image-preview:large","max-video-preview":"max-video-preview:-1"},"canonical":"https:\/\/bio4you.eu\/retseptid\/toode\/kakaoga-kehakoorija\/","og_locale":"et_EE","og_type":"article","og_title":"Kehakoorija kakao ja kookos\u00f5liga - bio4you.eu\/retseptid","og_description":"Kehakoorija kakao ja kookos\u00f5liga","og_url":"https:\/\/bio4you.eu\/retseptid\/toode\/kakaoga-kehakoorija\/","og_site_name":"bio4you.eu\/retseptid","article_modified_time":"2022-05-17T17:27:58+00:00","og_image":[{"width":2048,"height":2560,"url":"https:\/\/bio4you.eu\/retseptid\/wp-content\/uploads\/2014\/05\/diana-kuleniuk-oIR-PrUuFas-unsplash-scaled.jpg","type":"image\/jpeg"}],"twitter_misc":{"Est. reading time":"1 minut"},"schema":{"@context":"https:\/\/schema.org","@graph":[{"@type":"WebPage","@id":"https:\/\/bio4you.eu\/retseptid\/toode\/kakaoga-kehakoorija\/","url":"https:\/\/bio4you.eu\/retseptid\/toode\/kakaoga-kehakoorija\/","name":"Kehakoorija kakao ja kookos\u00f5liga - bio4you.eu\/retseptid","isPartOf":{"@id":"https:\/\/bio4you.eu\/retseptid\/#website"},"primaryImageOfPage":{"@id":"https:\/\/bio4you.eu\/retseptid\/toode\/kakaoga-kehakoorija\/#primaryimage"},"image":{"@id":"https:\/\/bio4you.eu\/retseptid\/toode\/kakaoga-kehakoorija\/#primaryimage"},"thumbnailUrl":"https:\/\/bio4you.eu\/retseptid\/wp-content\/uploads\/2014\/05\/diana-kuleniuk-oIR-PrUuFas-unsplash-scaled.jpg","datePublished":"2014-05-26T10:30:49+00:00","dateModified":"2022-05-17T17:27:58+00:00","description":"Kehakoorija kakao ja kookos\u00f5liga","breadcrumb":{"@id":"https:\/\/bio4you.eu\/retseptid\/toode\/kakaoga-kehakoorija\/#breadcrumb"},"inLanguage":"et","potentialAction":[{"@type":"ReadAction","target":["https:\/\/bio4you.eu\/retseptid\/toode\/kakaoga-kehakoorija\/"]}]},{"@type":"ImageObject","inLanguage":"et","@id":"https:\/\/bio4you.eu\/retseptid\/toode\/kakaoga-kehakoorija\/#primaryimage","url":"https:\/\/bio4you.eu\/retseptid\/wp-content\/uploads\/2014\/05\/diana-kuleniuk-oIR-PrUuFas-unsplash-scaled.jpg","contentUrl":"https:\/\/bio4you.eu\/retseptid\/wp-content\/uploads\/2014\/05\/diana-kuleniuk-oIR-PrUuFas-unsplash-scaled.jpg","width":2048,"height":2560},{"@type":"BreadcrumbList","@id":"https:\/\/bio4you.eu\/retseptid\/toode\/kakaoga-kehakoorija\/#breadcrumb","itemListElement":[{"@type":"ListItem","position":1,"name":"Home","item":"https:\/\/bio4you.eu\/retseptid\/"},{"@type":"ListItem","position":2,"name":"Kehakoorija kakao ja kookos\u00f5liga"}]},{"@type":"WebSite","@id":"https:\/\/bio4you.eu\/retseptid\/#website","url":"https:\/\/bio4you.eu\/retseptid\/","name":"bio4you.eu\/retseptid","description":"\u00d6ko retseptid ise tegemiseks, looduslikest koostisainetest. Maitsev toit, iluhooldus, kodupuhastus ja aiandus.","potentialAction":[{"@type":"SearchAction","target":{"@type":"EntryPoint","urlTemplate":"https:\/\/bio4you.eu\/retseptid\/?s={search_term_string}"},"query-input":"required name=search_term_string"}],"inLanguage":"et"}]}},"_links":{"self":[{"href":"https:\/\/bio4you.eu\/retseptid\/wp-json\/wp\/v2\/product\/2011"}],"collection":[{"href":"https:\/\/bio4you.eu\/retseptid\/wp-json\/wp\/v2\/product"}],"about":[{"href":"https:\/\/bio4you.eu\/retseptid\/wp-json\/wp\/v2\/types\/product"}],"replies":[{"embeddable":true,"href":"https:\/\/bio4you.eu\/retseptid\/wp-json\/wp\/v2\/comments?post=2011"}],"wp:featuredmedia":[{"embeddable":true,"href":"https:\/\/bio4you.eu\/retseptid\/wp-json\/wp\/v2\/media\/3965"}],"wp:attachment":[{"href":"https:\/\/bio4you.eu\/retseptid\/wp-json\/wp\/v2\/media?parent=2011"}],"wp:term":[{"taxonomy":"product_cat","embeddable":true,"href":"https:\/\/bio4you.eu\/retseptid\/wp-json\/wp\/v2\/product_cat?post=2011"},{"taxonomy":"product_tag","embeddable":true,"href":"https:\/\/bio4you.eu\/retseptid\/wp-json\/wp\/v2\/product_tag?post=2011"}],"curies":[{"name":"wp","href":"https:\/\/api.w.org\/{rel}","templated":true}]}}