{"id":2012,"date":"2014-05-26T13:59:59","date_gmt":"2014-05-26T10:59:59","guid":{"rendered":"https:\/\/bio4you.eu\/retseptid\/?post_type=product&#038;p=2012"},"modified":"2022-05-19T09:41:05","modified_gmt":"2022-05-19T06:41:05","slug":"tugev-parasiiditorje-taimedele","status":"publish","type":"product","link":"https:\/\/bio4you.eu\/retseptid\/toode\/tugev-parasiiditorje-taimedele\/","title":{"rendered":"Tugev parasiidit\u00f5rje taimedele"},"content":{"rendered":"<p>Tugev parasiidit\u00f5rje taimedele neemi\u00f5li ja Marseille seebiga. M\u00f5jub ka sipelgate vastu (neemi\u00f5li \u00fcksi on sipelgatele kahjutu, kuigi m\u00f5jub teistele parasiitidele nagu t\u00e4id, puugid, lestad, tolmulestad jne).<\/p>\n<p>VALMISTAMINE:<\/p>\n<ul>\n<li>Sulata seebilaastud 1 liitris kuumas vees.<\/li>\n<li>Vajadusel keeda vett koos seebilaastudega, et seep t\u00e4ienisti lahustuks.<\/li>\n<li>Jahtunud segule lisa 100 ml taime\u00f5li ja 1 tl neemi\u00f5li.<\/li>\n<li>Enne iga kasutamist loksuta korralikult ja pihusta toodet sipelgate k\u00e4iguteele v\u00f5i kahjurite pesitsuspaika.<\/li>\n<\/ul>\n<p>&nbsp;<\/p>\n<p><strong>KASUTAMINE JA OMADUSED:<\/strong><\/p>\n<ul>\n<li>Parasiidid h\u00e4vinevad ja lehed saavad m\u00f5ru maitse, mis takistab uusi r\u00fcnnakuid taime vastu.<\/li>\n<li>\u00c4ra pihusta taime p\u00e4ikesevalguse k\u00e4es, sest lehed v\u00f5ivad \u00e4ra k\u00f5rbeda ( segu kuumeneb p\u00e4ikese k\u00e4es ).<\/li>\n<li>Tee hooldust \u00f5htuti v\u00f5i varahommikul.<\/li>\n<li>M\u00f5ju kestab 4-7 p\u00e4eva (kuiva ilmaga 7, vihmaga 4 ). Seej\u00e4rel korda hooldust.<\/li>\n<li>Kolmest korrast peaks piisama, et h\u00e4vitada k\u00f5ik taimekahjurid.<\/li>\n<li>Eriti suure taimekahjustuse korral tee hooldust 7 p\u00e4eva j\u00e4rjest n\u00e4dal aega.<\/li>\n<\/ul>\n","protected":false},"excerpt":{"rendered":"<p>VAJA L\u00c4HEB:<\/p>\n<ul>\n<li>150 gr <a href=\"http:\/\/bio4you.eu\/et\/search?controller=search&amp;orderby=position&amp;orderway=desc&amp;search_query=marseille&amp;submit_search=\" target=\"_blank\" rel=\"noopener\"><span style=\"color: #99cc00;\">Marseille<\/span><\/a> seebilaaste<\/li>\n<li>1 liiter vett<\/li>\n<li>100 ml taime\u00f5li ( suvalist, nt. k\u00f5ige odavamat )<\/li>\n<li>1 spl <a href=\"https:\/\/bio4you.eu\/et\/kehahooldus\/3457-neemioli-kuelmpress-100ml.html?utm_source=bioretsept&amp;utm_medium=retsept&amp;utm_campaign=retsept\" target=\"_blank\" rel=\"noopener\"><span style=\"color: #99cc00;\">neemi\u00f5li<\/span><\/a><\/li>\n<\/ul>\n","protected":false},"featured_media":3114,"comment_status":"closed","ping_status":"closed","template":"","meta":{"_exactmetrics_skip_tracking":false,"_exactmetrics_sitenote_active":false,"_exactmetrics_sitenote_note":"","_exactmetrics_sitenote_category":0},"product_cat":[59,62,65],"product_tag":[185,203,111,180,179,182,181,202,201],"class_list":{"0":"post-2012","1":"product","2":"type-product","3":"status-publish","4":"has-post-thumbnail","6":"product_cat-featured","7":"product_cat-kodu-ja-aiandus","8":"product_cat-aiandus","9":"product_tag-aiapidamine","10":"product_tag-isetehtud-kahjuritorje","11":"product_tag-marseille-seep","12":"product_tag-neem","13":"product_tag-neemioli","14":"product_tag-parasiiditorje","15":"product_tag-putukatorje","16":"product_tag-taimekahjurite-torje","17":"product_tag-taimekaitse","19":"first","20":"instock","21":"shipping-taxable","22":"product-type-simple"},"yoast_head":"<!-- This site is optimized with the Yoast SEO plugin v23.3 - https:\/\/yoast.com\/wordpress\/plugins\/seo\/ -->\n<title>Tugev parasiidit\u00f5rje taimedele - bio4you.eu\/retseptid<\/title>\n<meta name=\"description\" content=\"Tugev parasiidit\u00f5rje taimedele neemi\u00f5li ja marseille seebiga\" \/>\n<meta name=\"robots\" content=\"index, follow, max-snippet:-1, max-image-preview:large, max-video-preview:-1\" \/>\n<link rel=\"canonical\" href=\"https:\/\/bio4you.eu\/retseptid\/toode\/tugev-parasiiditorje-taimedele\/\" \/>\n<meta property=\"og:locale\" content=\"et_EE\" \/>\n<meta property=\"og:type\" content=\"article\" \/>\n<meta property=\"og:title\" content=\"Tugev parasiidit\u00f5rje taimedele - bio4you.eu\/retseptid\" \/>\n<meta property=\"og:description\" content=\"Tugev parasiidit\u00f5rje taimedele neemi\u00f5li ja marseille seebiga\" \/>\n<meta property=\"og:url\" content=\"https:\/\/bio4you.eu\/retseptid\/toode\/tugev-parasiiditorje-taimedele\/\" \/>\n<meta property=\"og:site_name\" content=\"bio4you.eu\/retseptid\" \/>\n<meta property=\"article:modified_time\" content=\"2022-05-19T06:41:05+00:00\" \/>\n<meta property=\"og:image\" content=\"https:\/\/bio4you.eu\/retseptid\/wp-content\/uploads\/2014\/05\/13312596_1791607307718985_5904509562450854113_n.jpg\" \/>\n\t<meta property=\"og:image:width\" content=\"960\" \/>\n\t<meta property=\"og:image:height\" content=\"720\" \/>\n\t<meta property=\"og:image:type\" content=\"image\/jpeg\" \/>\n<meta name=\"twitter:label1\" content=\"Est. reading time\" \/>\n\t<meta name=\"twitter:data1\" content=\"1 minut\" \/>\n<script type=\"application\/ld+json\" class=\"yoast-schema-graph\">{\"@context\":\"https:\/\/schema.org\",\"@graph\":[{\"@type\":\"WebPage\",\"@id\":\"https:\/\/bio4you.eu\/retseptid\/toode\/tugev-parasiiditorje-taimedele\/\",\"url\":\"https:\/\/bio4you.eu\/retseptid\/toode\/tugev-parasiiditorje-taimedele\/\",\"name\":\"Tugev parasiidit\u00f5rje taimedele - bio4you.eu\/retseptid\",\"isPartOf\":{\"@id\":\"https:\/\/bio4you.eu\/retseptid\/#website\"},\"primaryImageOfPage\":{\"@id\":\"https:\/\/bio4you.eu\/retseptid\/toode\/tugev-parasiiditorje-taimedele\/#primaryimage\"},\"image\":{\"@id\":\"https:\/\/bio4you.eu\/retseptid\/toode\/tugev-parasiiditorje-taimedele\/#primaryimage\"},\"thumbnailUrl\":\"https:\/\/bio4you.eu\/retseptid\/wp-content\/uploads\/2014\/05\/13312596_1791607307718985_5904509562450854113_n.jpg\",\"datePublished\":\"2014-05-26T10:59:59+00:00\",\"dateModified\":\"2022-05-19T06:41:05+00:00\",\"description\":\"Tugev parasiidit\u00f5rje taimedele neemi\u00f5li ja marseille seebiga\",\"breadcrumb\":{\"@id\":\"https:\/\/bio4you.eu\/retseptid\/toode\/tugev-parasiiditorje-taimedele\/#breadcrumb\"},\"inLanguage\":\"et\",\"potentialAction\":[{\"@type\":\"ReadAction\",\"target\":[\"https:\/\/bio4you.eu\/retseptid\/toode\/tugev-parasiiditorje-taimedele\/\"]}]},{\"@type\":\"ImageObject\",\"inLanguage\":\"et\",\"@id\":\"https:\/\/bio4you.eu\/retseptid\/toode\/tugev-parasiiditorje-taimedele\/#primaryimage\",\"url\":\"https:\/\/bio4you.eu\/retseptid\/wp-content\/uploads\/2014\/05\/13312596_1791607307718985_5904509562450854113_n.jpg\",\"contentUrl\":\"https:\/\/bio4you.eu\/retseptid\/wp-content\/uploads\/2014\/05\/13312596_1791607307718985_5904509562450854113_n.jpg\",\"width\":960,\"height\":720},{\"@type\":\"BreadcrumbList\",\"@id\":\"https:\/\/bio4you.eu\/retseptid\/toode\/tugev-parasiiditorje-taimedele\/#breadcrumb\",\"itemListElement\":[{\"@type\":\"ListItem\",\"position\":1,\"name\":\"Home\",\"item\":\"https:\/\/bio4you.eu\/retseptid\/\"},{\"@type\":\"ListItem\",\"position\":2,\"name\":\"Tugev parasiidit\u00f5rje taimedele\"}]},{\"@type\":\"WebSite\",\"@id\":\"https:\/\/bio4you.eu\/retseptid\/#website\",\"url\":\"https:\/\/bio4you.eu\/retseptid\/\",\"name\":\"bio4you.eu\/retseptid\",\"description\":\"\u00d6ko retseptid ise tegemiseks, looduslikest koostisainetest. Maitsev toit, iluhooldus, kodupuhastus ja aiandus.\",\"potentialAction\":[{\"@type\":\"SearchAction\",\"target\":{\"@type\":\"EntryPoint\",\"urlTemplate\":\"https:\/\/bio4you.eu\/retseptid\/?s={search_term_string}\"},\"query-input\":\"required name=search_term_string\"}],\"inLanguage\":\"et\"}]}<\/script>\n<!-- \/ Yoast SEO plugin. -->","yoast_head_json":{"title":"Tugev parasiidit\u00f5rje taimedele - bio4you.eu\/retseptid","description":"Tugev parasiidit\u00f5rje taimedele neemi\u00f5li ja marseille seebiga","robots":{"index":"index","follow":"follow","max-snippet":"max-snippet:-1","max-image-preview":"max-image-preview:large","max-video-preview":"max-video-preview:-1"},"canonical":"https:\/\/bio4you.eu\/retseptid\/toode\/tugev-parasiiditorje-taimedele\/","og_locale":"et_EE","og_type":"article","og_title":"Tugev parasiidit\u00f5rje taimedele - bio4you.eu\/retseptid","og_description":"Tugev parasiidit\u00f5rje taimedele neemi\u00f5li ja marseille seebiga","og_url":"https:\/\/bio4you.eu\/retseptid\/toode\/tugev-parasiiditorje-taimedele\/","og_site_name":"bio4you.eu\/retseptid","article_modified_time":"2022-05-19T06:41:05+00:00","og_image":[{"width":960,"height":720,"url":"https:\/\/bio4you.eu\/retseptid\/wp-content\/uploads\/2014\/05\/13312596_1791607307718985_5904509562450854113_n.jpg","type":"image\/jpeg"}],"twitter_misc":{"Est. reading time":"1 minut"},"schema":{"@context":"https:\/\/schema.org","@graph":[{"@type":"WebPage","@id":"https:\/\/bio4you.eu\/retseptid\/toode\/tugev-parasiiditorje-taimedele\/","url":"https:\/\/bio4you.eu\/retseptid\/toode\/tugev-parasiiditorje-taimedele\/","name":"Tugev parasiidit\u00f5rje taimedele - bio4you.eu\/retseptid","isPartOf":{"@id":"https:\/\/bio4you.eu\/retseptid\/#website"},"primaryImageOfPage":{"@id":"https:\/\/bio4you.eu\/retseptid\/toode\/tugev-parasiiditorje-taimedele\/#primaryimage"},"image":{"@id":"https:\/\/bio4you.eu\/retseptid\/toode\/tugev-parasiiditorje-taimedele\/#primaryimage"},"thumbnailUrl":"https:\/\/bio4you.eu\/retseptid\/wp-content\/uploads\/2014\/05\/13312596_1791607307718985_5904509562450854113_n.jpg","datePublished":"2014-05-26T10:59:59+00:00","dateModified":"2022-05-19T06:41:05+00:00","description":"Tugev parasiidit\u00f5rje taimedele neemi\u00f5li ja marseille seebiga","breadcrumb":{"@id":"https:\/\/bio4you.eu\/retseptid\/toode\/tugev-parasiiditorje-taimedele\/#breadcrumb"},"inLanguage":"et","potentialAction":[{"@type":"ReadAction","target":["https:\/\/bio4you.eu\/retseptid\/toode\/tugev-parasiiditorje-taimedele\/"]}]},{"@type":"ImageObject","inLanguage":"et","@id":"https:\/\/bio4you.eu\/retseptid\/toode\/tugev-parasiiditorje-taimedele\/#primaryimage","url":"https:\/\/bio4you.eu\/retseptid\/wp-content\/uploads\/2014\/05\/13312596_1791607307718985_5904509562450854113_n.jpg","contentUrl":"https:\/\/bio4you.eu\/retseptid\/wp-content\/uploads\/2014\/05\/13312596_1791607307718985_5904509562450854113_n.jpg","width":960,"height":720},{"@type":"BreadcrumbList","@id":"https:\/\/bio4you.eu\/retseptid\/toode\/tugev-parasiiditorje-taimedele\/#breadcrumb","itemListElement":[{"@type":"ListItem","position":1,"name":"Home","item":"https:\/\/bio4you.eu\/retseptid\/"},{"@type":"ListItem","position":2,"name":"Tugev parasiidit\u00f5rje taimedele"}]},{"@type":"WebSite","@id":"https:\/\/bio4you.eu\/retseptid\/#website","url":"https:\/\/bio4you.eu\/retseptid\/","name":"bio4you.eu\/retseptid","description":"\u00d6ko retseptid ise tegemiseks, looduslikest koostisainetest. Maitsev toit, iluhooldus, kodupuhastus ja aiandus.","potentialAction":[{"@type":"SearchAction","target":{"@type":"EntryPoint","urlTemplate":"https:\/\/bio4you.eu\/retseptid\/?s={search_term_string}"},"query-input":"required name=search_term_string"}],"inLanguage":"et"}]}},"_links":{"self":[{"href":"https:\/\/bio4you.eu\/retseptid\/wp-json\/wp\/v2\/product\/2012"}],"collection":[{"href":"https:\/\/bio4you.eu\/retseptid\/wp-json\/wp\/v2\/product"}],"about":[{"href":"https:\/\/bio4you.eu\/retseptid\/wp-json\/wp\/v2\/types\/product"}],"replies":[{"embeddable":true,"href":"https:\/\/bio4you.eu\/retseptid\/wp-json\/wp\/v2\/comments?post=2012"}],"wp:featuredmedia":[{"embeddable":true,"href":"https:\/\/bio4you.eu\/retseptid\/wp-json\/wp\/v2\/media\/3114"}],"wp:attachment":[{"href":"https:\/\/bio4you.eu\/retseptid\/wp-json\/wp\/v2\/media?parent=2012"}],"wp:term":[{"taxonomy":"product_cat","embeddable":true,"href":"https:\/\/bio4you.eu\/retseptid\/wp-json\/wp\/v2\/product_cat?post=2012"},{"taxonomy":"product_tag","embeddable":true,"href":"https:\/\/bio4you.eu\/retseptid\/wp-json\/wp\/v2\/product_tag?post=2012"}],"curies":[{"name":"wp","href":"https:\/\/api.w.org\/{rel}","templated":true}]}}