{"id":2013,"date":"2014-05-26T14:23:58","date_gmt":"2014-05-26T11:23:58","guid":{"rendered":"https:\/\/bio4you.eu\/retseptid\/?post_type=product&#038;p=2013"},"modified":"2022-05-19T13:33:46","modified_gmt":"2022-05-19T10:33:46","slug":"saasetorje","status":"publish","type":"product","link":"https:\/\/bio4you.eu\/retseptid\/toode\/saasetorje\/","title":{"rendered":"S\u00e4\u00e4set\u00f5rjelosjoon neemi ja \u00f5una\u00e4\u00e4dikaga"},"content":{"rendered":"<p><span style=\"color: #000000;\">VALMISTAMINE:<\/span><\/p>\n<ul>\n<li><span style=\"color: #000000;\">Vala \u00f5li spreipudelisse, lisa \u00e4\u00e4dikas ning t\u00e4ida destilleeritud veega. <\/span><\/li>\n<li><span style=\"color: #000000;\">Kuna toode ei sisalda emulgaatoreid, \u00f5li vees ei lahustu. Seet\u00f5ttu enne tarvitamist loksutada.<\/span><\/li>\n<\/ul>\n<p>OMADUSED JA KASUTAMINE<\/p>\n<ul>\n<li>\u00d5li seguneb loksutamisel paremini, kui vesi on soe.<\/li>\n<li>Pihusta otse nahale. Toode ei m\u00e4\u00e4ri ega j\u00e4\u00e4 rasvaseks.<\/li>\n<li>Kuna toode ei sisalda s\u00e4ilitusaineid, siis 1 kuu m\u00f6\u00f6dudes viska j\u00e4\u00e4k \u00e4ra ja valmista uus.<\/li>\n<li>V\u00f5id segada paar tilka neemi\u00f5li ka tavalise p\u00e4evakreemi sisse ja m\u00e4\u00e4rida sellega katmata kohti kehal. V\u00f5ib\u00a0kasutada ka lastel.<\/li>\n<li>Kasuta \u00f5htusel ajal v\u00f5i pilvisel p\u00e4eval, sest neemi\u00f5li on fotosensitiivne.<\/li>\n<\/ul>\n<p><a title=\"Neemi\u00f5li saladused\" href=\"http:\/\/www.bio4you.eu\/et\/blog\/teeme-ise-\/2-puha-neemipuu-oli-meie-kodus-aias-ja-kosmeetikas-bio4you-uudiskiri.html\" target=\"_blank\" rel=\"noopener\"><span style=\"color: #339966;\">\u00a0<\/span><\/a><\/p>\n<p>&nbsp;<\/p>\n<p><span style=\"color: #339966;\">\u00a0<\/span><\/p>\n","protected":false},"excerpt":{"rendered":"<p><span style=\"color: #000000;\">\u00a0<\/span><span style=\"color: #000000;\">VAJA L\u00c4HEB:<\/span><\/p>\n<ul>\n<li><span style=\"color: #000000;\">2 tl <a href=\"https:\/\/bio4you.eu\/et\/kehahooldus\/3457-neemioli-kuelmpress-100ml.html?utm_source=bioretsept&amp;utm_medium=retsept&amp;utm_campaign=retsept\" target=\"_blank\" rel=\"noopener\"><span style=\"color: #99cc00;\">neemi\u00f5li<\/span><\/a><\/span><\/li>\n<li><span style=\"color: #000000;\">1 tl <a href=\"https:\/\/bio4you.eu\/et\/otsi?controller=search&amp;order=product.position.desc&amp;s=magusmandli%C3%B5li&amp;utm_source=bioretsept&amp;utm_medium=retsept&amp;utm_campaign=retsept\" target=\"_blank\" rel=\"noopener\"><span style=\"color: #99cc00;\">magusmandli\u00f5li<\/span><\/a><\/span><\/li>\n<li><span style=\"color: #000000;\">1 tl <a href=\"http:\/\/bio4you.eu\/et\/aadikad-ja-kastmed\/1937-ounaaadikas-750ml-baule-volante.html?search_query=oUNAAADIKAS&amp;results=4\" target=\"_blank\" rel=\"noopener\"><span style=\"color: #99cc00;\">\u00f5una\u00e4\u00e4dikat<\/span><\/a><\/span><\/li>\n<li><span style=\"color: #000000;\">destilleritud vett<\/span><\/li>\n<\/ul>\n","protected":false},"featured_media":3979,"comment_status":"closed","ping_status":"closed","template":"","meta":{"_exactmetrics_skip_tracking":false,"_exactmetrics_sitenote_active":false,"_exactmetrics_sitenote_note":"","_exactmetrics_sitenote_category":0},"product_cat":[61,85,62,65],"product_tag":[244,180,179,241,242,243],"class_list":{"0":"post-2013","1":"product","2":"type-product","3":"status-publish","4":"has-post-thumbnail","6":"product_cat-ilu-retseptid","7":"product_cat-kehahooldus","8":"product_cat-kodu-ja-aiandus","9":"product_cat-aiandus","10":"product_tag-looduslik-saasetorje","11":"product_tag-neem","12":"product_tag-neemioli","13":"product_tag-saased-saasetorje-sprei","14":"product_tag-saasetorjevahend","15":"product_tag-saaskede-peletamine","17":"first","18":"instock","19":"shipping-taxable","20":"product-type-simple"},"yoast_head":"<!-- This site is optimized with the Yoast SEO plugin v23.3 - https:\/\/yoast.com\/wordpress\/plugins\/seo\/ -->\n<title>S\u00e4\u00e4set\u00f5rje losjoon neemi ja \u00f5una\u00e4\u00e4dikaga<\/title>\n<meta name=\"description\" content=\"S\u00e4\u00e4set\u00f5rje losjoon neemi ja \u00f5una\u00e4\u00e4dikaga\" \/>\n<meta name=\"robots\" content=\"index, follow, max-snippet:-1, max-image-preview:large, max-video-preview:-1\" \/>\n<link rel=\"canonical\" href=\"https:\/\/bio4you.eu\/retseptid\/toode\/saasetorje\/\" \/>\n<meta property=\"og:locale\" content=\"et_EE\" \/>\n<meta property=\"og:type\" content=\"article\" \/>\n<meta property=\"og:title\" content=\"S\u00e4\u00e4set\u00f5rje losjoon neemi ja \u00f5una\u00e4\u00e4dikaga\" \/>\n<meta property=\"og:description\" content=\"S\u00e4\u00e4set\u00f5rje losjoon neemi ja \u00f5una\u00e4\u00e4dikaga\" \/>\n<meta property=\"og:url\" content=\"https:\/\/bio4you.eu\/retseptid\/toode\/saasetorje\/\" \/>\n<meta property=\"og:site_name\" content=\"bio4you.eu\/retseptid\" \/>\n<meta property=\"article:modified_time\" content=\"2022-05-19T10:33:46+00:00\" \/>\n<meta property=\"og:image\" content=\"https:\/\/bio4you.eu\/retseptid\/wp-content\/uploads\/2014\/05\/indoor-shot-raised-female-s-hand-with-nude-manicure-holding-spray-bottle-with-disinfectant-while-being-isolated-pink-background-human-hands-concept-scaled.jpg\" \/>\n\t<meta property=\"og:image:width\" content=\"2560\" \/>\n\t<meta property=\"og:image:height\" content=\"1707\" \/>\n\t<meta property=\"og:image:type\" content=\"image\/jpeg\" \/>\n<meta name=\"twitter:label1\" content=\"Est. reading time\" \/>\n\t<meta name=\"twitter:data1\" content=\"1 minut\" \/>\n<script type=\"application\/ld+json\" class=\"yoast-schema-graph\">{\"@context\":\"https:\/\/schema.org\",\"@graph\":[{\"@type\":\"WebPage\",\"@id\":\"https:\/\/bio4you.eu\/retseptid\/toode\/saasetorje\/\",\"url\":\"https:\/\/bio4you.eu\/retseptid\/toode\/saasetorje\/\",\"name\":\"S\u00e4\u00e4set\u00f5rje losjoon neemi ja \u00f5una\u00e4\u00e4dikaga\",\"isPartOf\":{\"@id\":\"https:\/\/bio4you.eu\/retseptid\/#website\"},\"primaryImageOfPage\":{\"@id\":\"https:\/\/bio4you.eu\/retseptid\/toode\/saasetorje\/#primaryimage\"},\"image\":{\"@id\":\"https:\/\/bio4you.eu\/retseptid\/toode\/saasetorje\/#primaryimage\"},\"thumbnailUrl\":\"https:\/\/bio4you.eu\/retseptid\/wp-content\/uploads\/2014\/05\/indoor-shot-raised-female-s-hand-with-nude-manicure-holding-spray-bottle-with-disinfectant-while-being-isolated-pink-background-human-hands-concept-scaled.jpg\",\"datePublished\":\"2014-05-26T11:23:58+00:00\",\"dateModified\":\"2022-05-19T10:33:46+00:00\",\"description\":\"S\u00e4\u00e4set\u00f5rje losjoon neemi ja \u00f5una\u00e4\u00e4dikaga\",\"breadcrumb\":{\"@id\":\"https:\/\/bio4you.eu\/retseptid\/toode\/saasetorje\/#breadcrumb\"},\"inLanguage\":\"et\",\"potentialAction\":[{\"@type\":\"ReadAction\",\"target\":[\"https:\/\/bio4you.eu\/retseptid\/toode\/saasetorje\/\"]}]},{\"@type\":\"ImageObject\",\"inLanguage\":\"et\",\"@id\":\"https:\/\/bio4you.eu\/retseptid\/toode\/saasetorje\/#primaryimage\",\"url\":\"https:\/\/bio4you.eu\/retseptid\/wp-content\/uploads\/2014\/05\/indoor-shot-raised-female-s-hand-with-nude-manicure-holding-spray-bottle-with-disinfectant-while-being-isolated-pink-background-human-hands-concept-scaled.jpg\",\"contentUrl\":\"https:\/\/bio4you.eu\/retseptid\/wp-content\/uploads\/2014\/05\/indoor-shot-raised-female-s-hand-with-nude-manicure-holding-spray-bottle-with-disinfectant-while-being-isolated-pink-background-human-hands-concept-scaled.jpg\",\"width\":2560,\"height\":1707,\"caption\":\"Indoor shot of raised female's hand with nude manicure holding spray bottle with disinfectant while being isolated over pink background. Human hands concept\"},{\"@type\":\"BreadcrumbList\",\"@id\":\"https:\/\/bio4you.eu\/retseptid\/toode\/saasetorje\/#breadcrumb\",\"itemListElement\":[{\"@type\":\"ListItem\",\"position\":1,\"name\":\"Home\",\"item\":\"https:\/\/bio4you.eu\/retseptid\/\"},{\"@type\":\"ListItem\",\"position\":2,\"name\":\"S\u00e4\u00e4set\u00f5rjelosjoon neemi ja \u00f5una\u00e4\u00e4dikaga\"}]},{\"@type\":\"WebSite\",\"@id\":\"https:\/\/bio4you.eu\/retseptid\/#website\",\"url\":\"https:\/\/bio4you.eu\/retseptid\/\",\"name\":\"bio4you.eu\/retseptid\",\"description\":\"\u00d6ko retseptid ise tegemiseks, looduslikest koostisainetest. Maitsev toit, iluhooldus, kodupuhastus ja aiandus.\",\"potentialAction\":[{\"@type\":\"SearchAction\",\"target\":{\"@type\":\"EntryPoint\",\"urlTemplate\":\"https:\/\/bio4you.eu\/retseptid\/?s={search_term_string}\"},\"query-input\":\"required name=search_term_string\"}],\"inLanguage\":\"et\"}]}<\/script>\n<!-- \/ Yoast SEO plugin. -->","yoast_head_json":{"title":"S\u00e4\u00e4set\u00f5rje losjoon neemi ja \u00f5una\u00e4\u00e4dikaga","description":"S\u00e4\u00e4set\u00f5rje losjoon neemi ja \u00f5una\u00e4\u00e4dikaga","robots":{"index":"index","follow":"follow","max-snippet":"max-snippet:-1","max-image-preview":"max-image-preview:large","max-video-preview":"max-video-preview:-1"},"canonical":"https:\/\/bio4you.eu\/retseptid\/toode\/saasetorje\/","og_locale":"et_EE","og_type":"article","og_title":"S\u00e4\u00e4set\u00f5rje losjoon neemi ja \u00f5una\u00e4\u00e4dikaga","og_description":"S\u00e4\u00e4set\u00f5rje losjoon neemi ja \u00f5una\u00e4\u00e4dikaga","og_url":"https:\/\/bio4you.eu\/retseptid\/toode\/saasetorje\/","og_site_name":"bio4you.eu\/retseptid","article_modified_time":"2022-05-19T10:33:46+00:00","og_image":[{"width":2560,"height":1707,"url":"https:\/\/bio4you.eu\/retseptid\/wp-content\/uploads\/2014\/05\/indoor-shot-raised-female-s-hand-with-nude-manicure-holding-spray-bottle-with-disinfectant-while-being-isolated-pink-background-human-hands-concept-scaled.jpg","type":"image\/jpeg"}],"twitter_misc":{"Est. reading time":"1 minut"},"schema":{"@context":"https:\/\/schema.org","@graph":[{"@type":"WebPage","@id":"https:\/\/bio4you.eu\/retseptid\/toode\/saasetorje\/","url":"https:\/\/bio4you.eu\/retseptid\/toode\/saasetorje\/","name":"S\u00e4\u00e4set\u00f5rje losjoon neemi ja \u00f5una\u00e4\u00e4dikaga","isPartOf":{"@id":"https:\/\/bio4you.eu\/retseptid\/#website"},"primaryImageOfPage":{"@id":"https:\/\/bio4you.eu\/retseptid\/toode\/saasetorje\/#primaryimage"},"image":{"@id":"https:\/\/bio4you.eu\/retseptid\/toode\/saasetorje\/#primaryimage"},"thumbnailUrl":"https:\/\/bio4you.eu\/retseptid\/wp-content\/uploads\/2014\/05\/indoor-shot-raised-female-s-hand-with-nude-manicure-holding-spray-bottle-with-disinfectant-while-being-isolated-pink-background-human-hands-concept-scaled.jpg","datePublished":"2014-05-26T11:23:58+00:00","dateModified":"2022-05-19T10:33:46+00:00","description":"S\u00e4\u00e4set\u00f5rje losjoon neemi ja \u00f5una\u00e4\u00e4dikaga","breadcrumb":{"@id":"https:\/\/bio4you.eu\/retseptid\/toode\/saasetorje\/#breadcrumb"},"inLanguage":"et","potentialAction":[{"@type":"ReadAction","target":["https:\/\/bio4you.eu\/retseptid\/toode\/saasetorje\/"]}]},{"@type":"ImageObject","inLanguage":"et","@id":"https:\/\/bio4you.eu\/retseptid\/toode\/saasetorje\/#primaryimage","url":"https:\/\/bio4you.eu\/retseptid\/wp-content\/uploads\/2014\/05\/indoor-shot-raised-female-s-hand-with-nude-manicure-holding-spray-bottle-with-disinfectant-while-being-isolated-pink-background-human-hands-concept-scaled.jpg","contentUrl":"https:\/\/bio4you.eu\/retseptid\/wp-content\/uploads\/2014\/05\/indoor-shot-raised-female-s-hand-with-nude-manicure-holding-spray-bottle-with-disinfectant-while-being-isolated-pink-background-human-hands-concept-scaled.jpg","width":2560,"height":1707,"caption":"Indoor shot of raised female's hand with nude manicure holding spray bottle with disinfectant while being isolated over pink background. Human hands concept"},{"@type":"BreadcrumbList","@id":"https:\/\/bio4you.eu\/retseptid\/toode\/saasetorje\/#breadcrumb","itemListElement":[{"@type":"ListItem","position":1,"name":"Home","item":"https:\/\/bio4you.eu\/retseptid\/"},{"@type":"ListItem","position":2,"name":"S\u00e4\u00e4set\u00f5rjelosjoon neemi ja \u00f5una\u00e4\u00e4dikaga"}]},{"@type":"WebSite","@id":"https:\/\/bio4you.eu\/retseptid\/#website","url":"https:\/\/bio4you.eu\/retseptid\/","name":"bio4you.eu\/retseptid","description":"\u00d6ko retseptid ise tegemiseks, looduslikest koostisainetest. Maitsev toit, iluhooldus, kodupuhastus ja aiandus.","potentialAction":[{"@type":"SearchAction","target":{"@type":"EntryPoint","urlTemplate":"https:\/\/bio4you.eu\/retseptid\/?s={search_term_string}"},"query-input":"required name=search_term_string"}],"inLanguage":"et"}]}},"_links":{"self":[{"href":"https:\/\/bio4you.eu\/retseptid\/wp-json\/wp\/v2\/product\/2013"}],"collection":[{"href":"https:\/\/bio4you.eu\/retseptid\/wp-json\/wp\/v2\/product"}],"about":[{"href":"https:\/\/bio4you.eu\/retseptid\/wp-json\/wp\/v2\/types\/product"}],"replies":[{"embeddable":true,"href":"https:\/\/bio4you.eu\/retseptid\/wp-json\/wp\/v2\/comments?post=2013"}],"wp:featuredmedia":[{"embeddable":true,"href":"https:\/\/bio4you.eu\/retseptid\/wp-json\/wp\/v2\/media\/3979"}],"wp:attachment":[{"href":"https:\/\/bio4you.eu\/retseptid\/wp-json\/wp\/v2\/media?parent=2013"}],"wp:term":[{"taxonomy":"product_cat","embeddable":true,"href":"https:\/\/bio4you.eu\/retseptid\/wp-json\/wp\/v2\/product_cat?post=2013"},{"taxonomy":"product_tag","embeddable":true,"href":"https:\/\/bio4you.eu\/retseptid\/wp-json\/wp\/v2\/product_tag?post=2013"}],"curies":[{"name":"wp","href":"https:\/\/api.w.org\/{rel}","templated":true}]}}