{"id":2014,"date":"2014-05-26T14:26:35","date_gmt":"2014-05-26T11:26:35","guid":{"rendered":"https:\/\/bio4you.eu\/retseptid\/?post_type=product&#038;p=2014"},"modified":"2016-10-17T12:18:56","modified_gmt":"2016-10-17T09:18:56","slug":"saasetorje-kuunal-neemioliga","status":"publish","type":"product","link":"https:\/\/bio4you.eu\/retseptid\/toode\/saasetorje-kuunal-neemioliga\/","title":{"rendered":"S\u00e4\u00e4set\u00f5rje k\u00fc\u00fcnal neemi\u00f5liga"},"content":{"rendered":"<p>VALMISTAMINE:<\/p>\n<p style=\"text-align: left;\">Pane k\u00fc\u00fcnlavaha peale 1\/2 tl neemi\u00f5li ja s\u00fc\u00fcta see kui \u00f5htu on s\u00e4\u00e4skederohke.<\/p>\n<p style=\"text-align: left;\"><span style=\"color: #339966;\"><span style=\"color: #000000;\">Neemi\u00f5list l\u00e4hemalt saate lugeda <a href=\"http:\/\/www.bio4you.eu\/et\/blog\/teeme-ise-\/2-puha-neemipuu-oli-meie-kodus-aias-ja-kosmeetikas-bio4you-uudiskiri.html\" target=\"_blank\"><span style=\"color: #99cc00;\">SIIT<\/span><\/a>.<\/span>\u00a0<\/span><\/p>\n","protected":false},"excerpt":{"rendered":"<p><span style=\"color: #000000;\">\u00a0<\/span><\/p>\n<p><span style=\"color: #000000;\">VAJA L\u00c4HEB:\u00a0<\/span><\/p>\n<ul>\n<li><span style=\"color: #000000;\">Lai ja lame k\u00fc\u00fcnal<\/span><\/li>\n<li><a href=\"http:\/\/www.bio4you.eu\/et\/search?orderby=position&amp;orderway=desc&amp;search_query=neem&amp;submit_search=Otsi\" target=\"_blank\"><span style=\"color: #000000;\">Neemi\u00f5li<\/span><\/a><\/li>\n<\/ul>\n","protected":false},"featured_media":3383,"comment_status":"closed","ping_status":"closed","template":"","meta":{"_exactmetrics_skip_tracking":false,"_exactmetrics_sitenote_active":false,"_exactmetrics_sitenote_note":"","_exactmetrics_sitenote_category":0},"product_cat":[62,64,65],"product_tag":[200,180,179,182,181,199],"class_list":{"0":"post-2014","1":"product","2":"type-product","3":"status-publish","4":"has-post-thumbnail","6":"product_cat-kodu-ja-aiandus","7":"product_cat-kodupuhastus","8":"product_cat-aiandus","9":"product_tag-isetehtud-saasetorje","10":"product_tag-neem","11":"product_tag-neemioli","12":"product_tag-parasiiditorje","13":"product_tag-putukatorje","14":"product_tag-saasetorje","16":"first","17":"instock","18":"shipping-taxable","19":"product-type-simple"},"yoast_head":"<!-- This site is optimized with the Yoast SEO plugin v23.3 - https:\/\/yoast.com\/wordpress\/plugins\/seo\/ -->\n<title>S\u00e4\u00e4set\u00f5rje k\u00fc\u00fcnal neemi\u00f5liga - bio4you.eu\/retseptid<\/title>\n<meta name=\"description\" content=\"Isetehtud s\u00e4\u00e4set\u00f5rje k\u00fc\u00fcnal neemi\u00f5liga\" \/>\n<meta name=\"robots\" content=\"index, follow, max-snippet:-1, max-image-preview:large, max-video-preview:-1\" \/>\n<link rel=\"canonical\" href=\"https:\/\/bio4you.eu\/retseptid\/toode\/saasetorje-kuunal-neemioliga\/\" \/>\n<meta property=\"og:locale\" content=\"et_EE\" \/>\n<meta property=\"og:type\" content=\"article\" \/>\n<meta property=\"og:title\" content=\"S\u00e4\u00e4set\u00f5rje k\u00fc\u00fcnal neemi\u00f5liga - bio4you.eu\/retseptid\" \/>\n<meta property=\"og:description\" content=\"Isetehtud s\u00e4\u00e4set\u00f5rje k\u00fc\u00fcnal neemi\u00f5liga\" \/>\n<meta property=\"og:url\" content=\"https:\/\/bio4you.eu\/retseptid\/toode\/saasetorje-kuunal-neemioliga\/\" \/>\n<meta property=\"og:site_name\" content=\"bio4you.eu\/retseptid\" \/>\n<meta property=\"article:modified_time\" content=\"2016-10-17T09:18:56+00:00\" \/>\n<meta property=\"og:image\" content=\"https:\/\/bio4you.eu\/retseptid\/wp-content\/uploads\/2014\/05\/How-To-Get-Rid-Of-Wasps-Nests.jpg\" \/>\n\t<meta property=\"og:image:width\" content=\"600\" \/>\n\t<meta property=\"og:image:height\" content=\"443\" \/>\n\t<meta property=\"og:image:type\" content=\"image\/jpeg\" \/>\n<script type=\"application\/ld+json\" class=\"yoast-schema-graph\">{\"@context\":\"https:\/\/schema.org\",\"@graph\":[{\"@type\":\"WebPage\",\"@id\":\"https:\/\/bio4you.eu\/retseptid\/toode\/saasetorje-kuunal-neemioliga\/\",\"url\":\"https:\/\/bio4you.eu\/retseptid\/toode\/saasetorje-kuunal-neemioliga\/\",\"name\":\"S\u00e4\u00e4set\u00f5rje k\u00fc\u00fcnal neemi\u00f5liga - bio4you.eu\/retseptid\",\"isPartOf\":{\"@id\":\"https:\/\/bio4you.eu\/retseptid\/#website\"},\"primaryImageOfPage\":{\"@id\":\"https:\/\/bio4you.eu\/retseptid\/toode\/saasetorje-kuunal-neemioliga\/#primaryimage\"},\"image\":{\"@id\":\"https:\/\/bio4you.eu\/retseptid\/toode\/saasetorje-kuunal-neemioliga\/#primaryimage\"},\"thumbnailUrl\":\"https:\/\/bio4you.eu\/retseptid\/wp-content\/uploads\/2014\/05\/How-To-Get-Rid-Of-Wasps-Nests.jpg\",\"datePublished\":\"2014-05-26T11:26:35+00:00\",\"dateModified\":\"2016-10-17T09:18:56+00:00\",\"description\":\"Isetehtud s\u00e4\u00e4set\u00f5rje k\u00fc\u00fcnal neemi\u00f5liga\",\"breadcrumb\":{\"@id\":\"https:\/\/bio4you.eu\/retseptid\/toode\/saasetorje-kuunal-neemioliga\/#breadcrumb\"},\"inLanguage\":\"et\",\"potentialAction\":[{\"@type\":\"ReadAction\",\"target\":[\"https:\/\/bio4you.eu\/retseptid\/toode\/saasetorje-kuunal-neemioliga\/\"]}]},{\"@type\":\"ImageObject\",\"inLanguage\":\"et\",\"@id\":\"https:\/\/bio4you.eu\/retseptid\/toode\/saasetorje-kuunal-neemioliga\/#primaryimage\",\"url\":\"https:\/\/bio4you.eu\/retseptid\/wp-content\/uploads\/2014\/05\/How-To-Get-Rid-Of-Wasps-Nests.jpg\",\"contentUrl\":\"https:\/\/bio4you.eu\/retseptid\/wp-content\/uploads\/2014\/05\/How-To-Get-Rid-Of-Wasps-Nests.jpg\",\"width\":600,\"height\":443},{\"@type\":\"BreadcrumbList\",\"@id\":\"https:\/\/bio4you.eu\/retseptid\/toode\/saasetorje-kuunal-neemioliga\/#breadcrumb\",\"itemListElement\":[{\"@type\":\"ListItem\",\"position\":1,\"name\":\"Home\",\"item\":\"https:\/\/bio4you.eu\/retseptid\/\"},{\"@type\":\"ListItem\",\"position\":2,\"name\":\"S\u00e4\u00e4set\u00f5rje k\u00fc\u00fcnal neemi\u00f5liga\"}]},{\"@type\":\"WebSite\",\"@id\":\"https:\/\/bio4you.eu\/retseptid\/#website\",\"url\":\"https:\/\/bio4you.eu\/retseptid\/\",\"name\":\"bio4you.eu\/retseptid\",\"description\":\"\u00d6ko retseptid ise tegemiseks, looduslikest koostisainetest. Maitsev toit, iluhooldus, kodupuhastus ja aiandus.\",\"potentialAction\":[{\"@type\":\"SearchAction\",\"target\":{\"@type\":\"EntryPoint\",\"urlTemplate\":\"https:\/\/bio4you.eu\/retseptid\/?s={search_term_string}\"},\"query-input\":\"required name=search_term_string\"}],\"inLanguage\":\"et\"}]}<\/script>\n<!-- \/ Yoast SEO plugin. -->","yoast_head_json":{"title":"S\u00e4\u00e4set\u00f5rje k\u00fc\u00fcnal neemi\u00f5liga - bio4you.eu\/retseptid","description":"Isetehtud s\u00e4\u00e4set\u00f5rje k\u00fc\u00fcnal neemi\u00f5liga","robots":{"index":"index","follow":"follow","max-snippet":"max-snippet:-1","max-image-preview":"max-image-preview:large","max-video-preview":"max-video-preview:-1"},"canonical":"https:\/\/bio4you.eu\/retseptid\/toode\/saasetorje-kuunal-neemioliga\/","og_locale":"et_EE","og_type":"article","og_title":"S\u00e4\u00e4set\u00f5rje k\u00fc\u00fcnal neemi\u00f5liga - bio4you.eu\/retseptid","og_description":"Isetehtud s\u00e4\u00e4set\u00f5rje k\u00fc\u00fcnal neemi\u00f5liga","og_url":"https:\/\/bio4you.eu\/retseptid\/toode\/saasetorje-kuunal-neemioliga\/","og_site_name":"bio4you.eu\/retseptid","article_modified_time":"2016-10-17T09:18:56+00:00","og_image":[{"width":600,"height":443,"url":"https:\/\/bio4you.eu\/retseptid\/wp-content\/uploads\/2014\/05\/How-To-Get-Rid-Of-Wasps-Nests.jpg","type":"image\/jpeg"}],"schema":{"@context":"https:\/\/schema.org","@graph":[{"@type":"WebPage","@id":"https:\/\/bio4you.eu\/retseptid\/toode\/saasetorje-kuunal-neemioliga\/","url":"https:\/\/bio4you.eu\/retseptid\/toode\/saasetorje-kuunal-neemioliga\/","name":"S\u00e4\u00e4set\u00f5rje k\u00fc\u00fcnal neemi\u00f5liga - bio4you.eu\/retseptid","isPartOf":{"@id":"https:\/\/bio4you.eu\/retseptid\/#website"},"primaryImageOfPage":{"@id":"https:\/\/bio4you.eu\/retseptid\/toode\/saasetorje-kuunal-neemioliga\/#primaryimage"},"image":{"@id":"https:\/\/bio4you.eu\/retseptid\/toode\/saasetorje-kuunal-neemioliga\/#primaryimage"},"thumbnailUrl":"https:\/\/bio4you.eu\/retseptid\/wp-content\/uploads\/2014\/05\/How-To-Get-Rid-Of-Wasps-Nests.jpg","datePublished":"2014-05-26T11:26:35+00:00","dateModified":"2016-10-17T09:18:56+00:00","description":"Isetehtud s\u00e4\u00e4set\u00f5rje k\u00fc\u00fcnal neemi\u00f5liga","breadcrumb":{"@id":"https:\/\/bio4you.eu\/retseptid\/toode\/saasetorje-kuunal-neemioliga\/#breadcrumb"},"inLanguage":"et","potentialAction":[{"@type":"ReadAction","target":["https:\/\/bio4you.eu\/retseptid\/toode\/saasetorje-kuunal-neemioliga\/"]}]},{"@type":"ImageObject","inLanguage":"et","@id":"https:\/\/bio4you.eu\/retseptid\/toode\/saasetorje-kuunal-neemioliga\/#primaryimage","url":"https:\/\/bio4you.eu\/retseptid\/wp-content\/uploads\/2014\/05\/How-To-Get-Rid-Of-Wasps-Nests.jpg","contentUrl":"https:\/\/bio4you.eu\/retseptid\/wp-content\/uploads\/2014\/05\/How-To-Get-Rid-Of-Wasps-Nests.jpg","width":600,"height":443},{"@type":"BreadcrumbList","@id":"https:\/\/bio4you.eu\/retseptid\/toode\/saasetorje-kuunal-neemioliga\/#breadcrumb","itemListElement":[{"@type":"ListItem","position":1,"name":"Home","item":"https:\/\/bio4you.eu\/retseptid\/"},{"@type":"ListItem","position":2,"name":"S\u00e4\u00e4set\u00f5rje k\u00fc\u00fcnal neemi\u00f5liga"}]},{"@type":"WebSite","@id":"https:\/\/bio4you.eu\/retseptid\/#website","url":"https:\/\/bio4you.eu\/retseptid\/","name":"bio4you.eu\/retseptid","description":"\u00d6ko retseptid ise tegemiseks, looduslikest koostisainetest. Maitsev toit, iluhooldus, kodupuhastus ja aiandus.","potentialAction":[{"@type":"SearchAction","target":{"@type":"EntryPoint","urlTemplate":"https:\/\/bio4you.eu\/retseptid\/?s={search_term_string}"},"query-input":"required name=search_term_string"}],"inLanguage":"et"}]}},"_links":{"self":[{"href":"https:\/\/bio4you.eu\/retseptid\/wp-json\/wp\/v2\/product\/2014"}],"collection":[{"href":"https:\/\/bio4you.eu\/retseptid\/wp-json\/wp\/v2\/product"}],"about":[{"href":"https:\/\/bio4you.eu\/retseptid\/wp-json\/wp\/v2\/types\/product"}],"replies":[{"embeddable":true,"href":"https:\/\/bio4you.eu\/retseptid\/wp-json\/wp\/v2\/comments?post=2014"}],"wp:featuredmedia":[{"embeddable":true,"href":"https:\/\/bio4you.eu\/retseptid\/wp-json\/wp\/v2\/media\/3383"}],"wp:attachment":[{"href":"https:\/\/bio4you.eu\/retseptid\/wp-json\/wp\/v2\/media?parent=2014"}],"wp:term":[{"taxonomy":"product_cat","embeddable":true,"href":"https:\/\/bio4you.eu\/retseptid\/wp-json\/wp\/v2\/product_cat?post=2014"},{"taxonomy":"product_tag","embeddable":true,"href":"https:\/\/bio4you.eu\/retseptid\/wp-json\/wp\/v2\/product_tag?post=2014"}],"curies":[{"name":"wp","href":"https:\/\/api.w.org\/{rel}","templated":true}]}}