{"id":2015,"date":"2014-05-26T14:49:02","date_gmt":"2014-05-26T11:49:02","guid":{"rendered":"https:\/\/bio4you.eu\/retseptid\/?post_type=product&#038;p=2015"},"modified":"2022-05-19T09:37:30","modified_gmt":"2022-05-19T06:37:30","slug":"kirpude-ja-puukidevastane-kaelarihm","status":"publish","type":"product","link":"https:\/\/bio4you.eu\/retseptid\/toode\/kirpude-ja-puukidevastane-kaelarihm\/","title":{"rendered":"Kirpude ja puukide vastane kaelarihm"},"content":{"rendered":"<p>VALMISTAMINE:<\/p>\n<p>Kastke lemmiklooma kaelarihm v\u00f5i isetehtud riidest rihm neemi\u00f5lisse-saad parasiidivastase kaelarihma. M\u00f5ju parasiitidele kestab umbes 4-7 p\u00e4eva. Seej\u00e4rel kasta kaelarihm uuesti neemi\u00f5li sisse v\u00f5i tilguta sellele pipetiga veel neemi\u00f5li.<\/p>\n<p>T\u00e4iendavalt v\u00f5id teha lemmikloomale parasiidivastase spray neemi\u00f5liga.\u00a0Loe postitust <a href=\"https:\/\/bio4you.eu\/retseptid\/product\/putukatorje-koduloomadele\/\" target=\"_blank\" rel=\"noopener noreferrer\"><span style=\"color: #99cc00;\">SIIT<\/span><\/a>.<\/p>\n<p>Neemi\u00f5list l\u00e4hemalt saate lugeda <a href=\"http:\/\/bioblogi.eu\/ponevad-taimeolid-on-abiks-nii-nahahoolduses-kui-ka-aias\/?utm_source=bioretsept&amp;utm_medium=retseptireklaam&amp;utm_campaign=Retsept\" target=\"_blank\" rel=\"noopener noreferrer\"><span style=\"color: #99cc00;\">SIIT<\/span><\/a>.\u00a0<a title=\"Neemi\u00f5li saladused\" href=\"http:\/\/www.bio4you.eu\/et\/blog\/teeme-ise-\/2-puha-neemipuu-oli-meie-kodus-aias-ja-kosmeetikas-bio4you-uudiskiri.html\" target=\"_blank\" rel=\"noopener noreferrer\"><br \/>\n<\/a><\/p>\n","protected":false},"excerpt":{"rendered":"<p>VAJA L\u00c4HEB:<\/p>\n<ul>\n<li>Lemmiklooma kaelarihm<\/li>\n<li><a href=\"https:\/\/bio4you.eu\/et\/kehahooldus\/3457-neemioli-kuelmpress-100ml.html?utm_source=bioretsept&amp;utm_medium=retsept&amp;utm_campaign=retsept\"><span style=\"color: #99cc00;\">Neemi\u00f5li<\/span><\/a><\/li>\n<\/ul>\n","protected":false},"featured_media":3375,"comment_status":"closed","ping_status":"closed","template":"","meta":{"_exactmetrics_skip_tracking":false,"_exactmetrics_sitenote_active":false,"_exactmetrics_sitenote_note":"","_exactmetrics_sitenote_category":0},"product_cat":[62,195],"product_tag":[187,196,192,180,179,198,181,197],"class_list":{"0":"post-2015","1":"product","2":"type-product","3":"status-publish","4":"has-post-thumbnail","6":"product_cat-kodu-ja-aiandus","7":"product_cat-lemmikloomad","8":"product_tag-isetehtud-parasiiditorje","9":"product_tag-lemmiklooma-kaelarihm","10":"product_tag-lemmikloomad","11":"product_tag-neem","12":"product_tag-neemioli","13":"product_tag-parasiiditorje-neemioliga","14":"product_tag-putukatorje","15":"product_tag-puukidevastane-kaelarihm","17":"first","18":"instock","19":"shipping-taxable","20":"product-type-simple"},"yoast_head":"<!-- This site is optimized with the Yoast SEO plugin v23.3 - https:\/\/yoast.com\/wordpress\/plugins\/seo\/ -->\n<title>Kirpude ja puukide vastane kaelarihm - bio4you.eu\/retseptid<\/title>\n<meta name=\"description\" content=\"Isetehtud kirpude- ja puukidevastane kaelarihm\" \/>\n<meta name=\"robots\" content=\"index, follow, max-snippet:-1, max-image-preview:large, max-video-preview:-1\" \/>\n<link rel=\"canonical\" href=\"https:\/\/bio4you.eu\/retseptid\/toode\/kirpude-ja-puukidevastane-kaelarihm\/\" \/>\n<meta property=\"og:locale\" content=\"et_EE\" \/>\n<meta property=\"og:type\" content=\"article\" \/>\n<meta property=\"og:title\" content=\"Kirpude ja puukide vastane kaelarihm - bio4you.eu\/retseptid\" \/>\n<meta property=\"og:description\" content=\"Isetehtud kirpude- ja puukidevastane kaelarihm\" \/>\n<meta property=\"og:url\" content=\"https:\/\/bio4you.eu\/retseptid\/toode\/kirpude-ja-puukidevastane-kaelarihm\/\" \/>\n<meta property=\"og:site_name\" content=\"bio4you.eu\/retseptid\" \/>\n<meta property=\"article:modified_time\" content=\"2022-05-19T06:37:30+00:00\" \/>\n<meta property=\"og:image\" content=\"https:\/\/bio4you.eu\/retseptid\/wp-content\/uploads\/2014\/05\/ella-wearing-blue-magnetic-dog-collar.jpg\" \/>\n\t<meta property=\"og:image:width\" content=\"2390\" \/>\n\t<meta property=\"og:image:height\" content=\"1600\" \/>\n\t<meta property=\"og:image:type\" content=\"image\/jpeg\" \/>\n<script type=\"application\/ld+json\" class=\"yoast-schema-graph\">{\"@context\":\"https:\/\/schema.org\",\"@graph\":[{\"@type\":\"WebPage\",\"@id\":\"https:\/\/bio4you.eu\/retseptid\/toode\/kirpude-ja-puukidevastane-kaelarihm\/\",\"url\":\"https:\/\/bio4you.eu\/retseptid\/toode\/kirpude-ja-puukidevastane-kaelarihm\/\",\"name\":\"Kirpude ja puukide vastane kaelarihm - bio4you.eu\/retseptid\",\"isPartOf\":{\"@id\":\"https:\/\/bio4you.eu\/retseptid\/#website\"},\"primaryImageOfPage\":{\"@id\":\"https:\/\/bio4you.eu\/retseptid\/toode\/kirpude-ja-puukidevastane-kaelarihm\/#primaryimage\"},\"image\":{\"@id\":\"https:\/\/bio4you.eu\/retseptid\/toode\/kirpude-ja-puukidevastane-kaelarihm\/#primaryimage\"},\"thumbnailUrl\":\"https:\/\/bio4you.eu\/retseptid\/wp-content\/uploads\/2014\/05\/ella-wearing-blue-magnetic-dog-collar.jpg\",\"datePublished\":\"2014-05-26T11:49:02+00:00\",\"dateModified\":\"2022-05-19T06:37:30+00:00\",\"description\":\"Isetehtud kirpude- ja puukidevastane kaelarihm\",\"breadcrumb\":{\"@id\":\"https:\/\/bio4you.eu\/retseptid\/toode\/kirpude-ja-puukidevastane-kaelarihm\/#breadcrumb\"},\"inLanguage\":\"et\",\"potentialAction\":[{\"@type\":\"ReadAction\",\"target\":[\"https:\/\/bio4you.eu\/retseptid\/toode\/kirpude-ja-puukidevastane-kaelarihm\/\"]}]},{\"@type\":\"ImageObject\",\"inLanguage\":\"et\",\"@id\":\"https:\/\/bio4you.eu\/retseptid\/toode\/kirpude-ja-puukidevastane-kaelarihm\/#primaryimage\",\"url\":\"https:\/\/bio4you.eu\/retseptid\/wp-content\/uploads\/2014\/05\/ella-wearing-blue-magnetic-dog-collar.jpg\",\"contentUrl\":\"https:\/\/bio4you.eu\/retseptid\/wp-content\/uploads\/2014\/05\/ella-wearing-blue-magnetic-dog-collar.jpg\",\"width\":2390,\"height\":1600},{\"@type\":\"BreadcrumbList\",\"@id\":\"https:\/\/bio4you.eu\/retseptid\/toode\/kirpude-ja-puukidevastane-kaelarihm\/#breadcrumb\",\"itemListElement\":[{\"@type\":\"ListItem\",\"position\":1,\"name\":\"Home\",\"item\":\"https:\/\/bio4you.eu\/retseptid\/\"},{\"@type\":\"ListItem\",\"position\":2,\"name\":\"Kirpude ja puukide vastane kaelarihm\"}]},{\"@type\":\"WebSite\",\"@id\":\"https:\/\/bio4you.eu\/retseptid\/#website\",\"url\":\"https:\/\/bio4you.eu\/retseptid\/\",\"name\":\"bio4you.eu\/retseptid\",\"description\":\"\u00d6ko retseptid ise tegemiseks, looduslikest koostisainetest. Maitsev toit, iluhooldus, kodupuhastus ja aiandus.\",\"potentialAction\":[{\"@type\":\"SearchAction\",\"target\":{\"@type\":\"EntryPoint\",\"urlTemplate\":\"https:\/\/bio4you.eu\/retseptid\/?s={search_term_string}\"},\"query-input\":\"required name=search_term_string\"}],\"inLanguage\":\"et\"}]}<\/script>\n<!-- \/ Yoast SEO plugin. -->","yoast_head_json":{"title":"Kirpude ja puukide vastane kaelarihm - bio4you.eu\/retseptid","description":"Isetehtud kirpude- ja puukidevastane kaelarihm","robots":{"index":"index","follow":"follow","max-snippet":"max-snippet:-1","max-image-preview":"max-image-preview:large","max-video-preview":"max-video-preview:-1"},"canonical":"https:\/\/bio4you.eu\/retseptid\/toode\/kirpude-ja-puukidevastane-kaelarihm\/","og_locale":"et_EE","og_type":"article","og_title":"Kirpude ja puukide vastane kaelarihm - bio4you.eu\/retseptid","og_description":"Isetehtud kirpude- ja puukidevastane kaelarihm","og_url":"https:\/\/bio4you.eu\/retseptid\/toode\/kirpude-ja-puukidevastane-kaelarihm\/","og_site_name":"bio4you.eu\/retseptid","article_modified_time":"2022-05-19T06:37:30+00:00","og_image":[{"width":2390,"height":1600,"url":"https:\/\/bio4you.eu\/retseptid\/wp-content\/uploads\/2014\/05\/ella-wearing-blue-magnetic-dog-collar.jpg","type":"image\/jpeg"}],"schema":{"@context":"https:\/\/schema.org","@graph":[{"@type":"WebPage","@id":"https:\/\/bio4you.eu\/retseptid\/toode\/kirpude-ja-puukidevastane-kaelarihm\/","url":"https:\/\/bio4you.eu\/retseptid\/toode\/kirpude-ja-puukidevastane-kaelarihm\/","name":"Kirpude ja puukide vastane kaelarihm - bio4you.eu\/retseptid","isPartOf":{"@id":"https:\/\/bio4you.eu\/retseptid\/#website"},"primaryImageOfPage":{"@id":"https:\/\/bio4you.eu\/retseptid\/toode\/kirpude-ja-puukidevastane-kaelarihm\/#primaryimage"},"image":{"@id":"https:\/\/bio4you.eu\/retseptid\/toode\/kirpude-ja-puukidevastane-kaelarihm\/#primaryimage"},"thumbnailUrl":"https:\/\/bio4you.eu\/retseptid\/wp-content\/uploads\/2014\/05\/ella-wearing-blue-magnetic-dog-collar.jpg","datePublished":"2014-05-26T11:49:02+00:00","dateModified":"2022-05-19T06:37:30+00:00","description":"Isetehtud kirpude- ja puukidevastane kaelarihm","breadcrumb":{"@id":"https:\/\/bio4you.eu\/retseptid\/toode\/kirpude-ja-puukidevastane-kaelarihm\/#breadcrumb"},"inLanguage":"et","potentialAction":[{"@type":"ReadAction","target":["https:\/\/bio4you.eu\/retseptid\/toode\/kirpude-ja-puukidevastane-kaelarihm\/"]}]},{"@type":"ImageObject","inLanguage":"et","@id":"https:\/\/bio4you.eu\/retseptid\/toode\/kirpude-ja-puukidevastane-kaelarihm\/#primaryimage","url":"https:\/\/bio4you.eu\/retseptid\/wp-content\/uploads\/2014\/05\/ella-wearing-blue-magnetic-dog-collar.jpg","contentUrl":"https:\/\/bio4you.eu\/retseptid\/wp-content\/uploads\/2014\/05\/ella-wearing-blue-magnetic-dog-collar.jpg","width":2390,"height":1600},{"@type":"BreadcrumbList","@id":"https:\/\/bio4you.eu\/retseptid\/toode\/kirpude-ja-puukidevastane-kaelarihm\/#breadcrumb","itemListElement":[{"@type":"ListItem","position":1,"name":"Home","item":"https:\/\/bio4you.eu\/retseptid\/"},{"@type":"ListItem","position":2,"name":"Kirpude ja puukide vastane kaelarihm"}]},{"@type":"WebSite","@id":"https:\/\/bio4you.eu\/retseptid\/#website","url":"https:\/\/bio4you.eu\/retseptid\/","name":"bio4you.eu\/retseptid","description":"\u00d6ko retseptid ise tegemiseks, looduslikest koostisainetest. Maitsev toit, iluhooldus, kodupuhastus ja aiandus.","potentialAction":[{"@type":"SearchAction","target":{"@type":"EntryPoint","urlTemplate":"https:\/\/bio4you.eu\/retseptid\/?s={search_term_string}"},"query-input":"required name=search_term_string"}],"inLanguage":"et"}]}},"_links":{"self":[{"href":"https:\/\/bio4you.eu\/retseptid\/wp-json\/wp\/v2\/product\/2015"}],"collection":[{"href":"https:\/\/bio4you.eu\/retseptid\/wp-json\/wp\/v2\/product"}],"about":[{"href":"https:\/\/bio4you.eu\/retseptid\/wp-json\/wp\/v2\/types\/product"}],"replies":[{"embeddable":true,"href":"https:\/\/bio4you.eu\/retseptid\/wp-json\/wp\/v2\/comments?post=2015"}],"wp:featuredmedia":[{"embeddable":true,"href":"https:\/\/bio4you.eu\/retseptid\/wp-json\/wp\/v2\/media\/3375"}],"wp:attachment":[{"href":"https:\/\/bio4you.eu\/retseptid\/wp-json\/wp\/v2\/media?parent=2015"}],"wp:term":[{"taxonomy":"product_cat","embeddable":true,"href":"https:\/\/bio4you.eu\/retseptid\/wp-json\/wp\/v2\/product_cat?post=2015"},{"taxonomy":"product_tag","embeddable":true,"href":"https:\/\/bio4you.eu\/retseptid\/wp-json\/wp\/v2\/product_tag?post=2015"}],"curies":[{"name":"wp","href":"https:\/\/api.w.org\/{rel}","templated":true}]}}