{"id":2016,"date":"2014-05-26T14:56:51","date_gmt":"2014-05-26T11:56:51","guid":{"rendered":"https:\/\/bio4you.eu\/retseptid\/?post_type=product&#038;p=2016"},"modified":"2022-05-19T09:39:03","modified_gmt":"2022-05-19T06:39:03","slug":"putukatorje-koduloomadele","status":"publish","type":"product","link":"https:\/\/bio4you.eu\/retseptid\/toode\/putukatorje-koduloomadele\/","title":{"rendered":"Putukat\u00f5rje koduloomadele"},"content":{"rendered":"<p>Puugi- ja kirbut\u00f5rje lemmikloomale loodusliku neemi\u00f5liga!<\/p>\n<p>VALMISTAMINE:<\/p>\n<p>Lahusta paar teelusikat\u00e4it neemi\u00f5li vees ( vahekord umbes 1:100le ) ja pane spray-pudelisse. Enne kasutamist loksuta. Pihusta lemmiklooma karvadele. Looma karvadele v\u00f5ib kanda ka puhast \u00f5li. N\u00e4iteks kassidele v\u00f5ib h\u00f5\u00f5ruda puhast \u00f5li abaluude vahele v\u00f5i l\u00f5ua alla, kust ta seda \u00e4ra ei saa lakkuda. \u00d5li lemmikloomadele kahjulik ei ole, ka juhul kui nad end puhastades seda v\u00e4hesel m\u00e4\u00e4ral sisse s\u00f6\u00f6vad. \u00a0Pigem v\u00f5ib see aidata ka k\u00f5huparasiitide vastu.<\/p>\n<p>Kuna \u00f5li vees ei lahustu, siis enne kasutamist loksuta pudelit. Kui \u00f5li aja m\u00f6\u00f6dudes kleepub spray pudel servadele, soojenda vett, siis lahustub \u00f5li uuesti.<\/p>\n<p>Parasiidid h\u00e4vinevad ja nende vastsed ei saa areneda. M\u00f5ju kestab 4-7 p\u00e4eva ( kuiva ilmaga 7, vihmaga 4 ). Seej\u00e4rel korda hooldust. Kolmest korrast peaks piisama, et h\u00e4vitada k\u00f5ik kahjurid. \u00a0Lemmikloomale v\u00f5id teha ka neemi\u00f5liga kaelarihma. Peale parasiitidest lahti saamist korda hooldust kord n\u00e4dalas.<a title=\"Neemi\u00f5li saladused\" href=\"http:\/\/www.bio4you.eu\/et\/blog\/teeme-ise-\/2-puha-neemipuu-oli-meie-kodus-aias-ja-kosmeetikas-bio4you-uudiskiri.html\" target=\"_blank\" rel=\"noopener\"><br \/>\n<\/a><\/p>\n<p>&nbsp;<\/p>\n","protected":false},"excerpt":{"rendered":"<p>VAJA L\u00c4HEB:<\/p>\n<ul>\n<li>Vett<\/li>\n<li><a href=\"https:\/\/bio4you.eu\/et\/kehahooldus\/3457-neemioli-kuelmpress-100ml.html?utm_source=bioretsept&amp;utm_medium=retsept&amp;utm_campaign=retsept\" target=\"_blank\" rel=\"noopener\"><span style=\"color: #99cc00;\">Neemi\u00f5li<\/span><\/a><\/li>\n<\/ul>\n","protected":false},"featured_media":3382,"comment_status":"closed","ping_status":"closed","template":"","meta":{"_exactmetrics_skip_tracking":false,"_exactmetrics_sitenote_active":false,"_exactmetrics_sitenote_note":"","_exactmetrics_sitenote_category":0},"product_cat":[62,195],"product_tag":[194,192,193,384,385,180,179,182,181],"class_list":{"0":"post-2016","1":"product","2":"type-product","3":"status-publish","4":"has-post-thumbnail","6":"product_cat-kodu-ja-aiandus","7":"product_cat-lemmikloomad","8":"product_tag-isetehtud-putukatorje","9":"product_tag-lemmikloomad","10":"product_tag-lemmikloomade-putukatorje","11":"product_tag-looduslik-putukatorje","12":"product_tag-looduslik-puugirihm","13":"product_tag-neem","14":"product_tag-neemioli","15":"product_tag-parasiiditorje","16":"product_tag-putukatorje","18":"first","19":"instock","20":"shipping-taxable","21":"product-type-simple"},"yoast_head":"<!-- This site is optimized with the Yoast SEO plugin v23.3 - https:\/\/yoast.com\/wordpress\/plugins\/seo\/ -->\n<title>Putukat\u00f5rje koduloomadele - bio4you.eu\/retseptid<\/title>\n<meta name=\"description\" content=\"Isetehtud putukat\u00f5rje koduloomadele\" \/>\n<meta name=\"robots\" content=\"index, follow, max-snippet:-1, max-image-preview:large, max-video-preview:-1\" \/>\n<link rel=\"canonical\" href=\"https:\/\/bio4you.eu\/retseptid\/toode\/putukatorje-koduloomadele\/\" \/>\n<meta property=\"og:locale\" content=\"et_EE\" \/>\n<meta property=\"og:type\" content=\"article\" \/>\n<meta property=\"og:title\" content=\"Putukat\u00f5rje koduloomadele - bio4you.eu\/retseptid\" \/>\n<meta property=\"og:description\" content=\"Isetehtud putukat\u00f5rje koduloomadele\" \/>\n<meta property=\"og:url\" content=\"https:\/\/bio4you.eu\/retseptid\/toode\/putukatorje-koduloomadele\/\" \/>\n<meta property=\"og:site_name\" content=\"bio4you.eu\/retseptid\" \/>\n<meta property=\"article:modified_time\" content=\"2022-05-19T06:39:03+00:00\" \/>\n<meta property=\"og:image\" content=\"https:\/\/bio4you.eu\/retseptid\/wp-content\/uploads\/2014\/05\/cat-adult-landing-hero.jpg\" \/>\n\t<meta property=\"og:image:width\" content=\"470\" \/>\n\t<meta property=\"og:image:height\" content=\"350\" \/>\n\t<meta property=\"og:image:type\" content=\"image\/jpeg\" \/>\n<meta name=\"twitter:label1\" content=\"Est. reading time\" \/>\n\t<meta name=\"twitter:data1\" content=\"1 minut\" \/>\n<script type=\"application\/ld+json\" class=\"yoast-schema-graph\">{\"@context\":\"https:\/\/schema.org\",\"@graph\":[{\"@type\":\"WebPage\",\"@id\":\"https:\/\/bio4you.eu\/retseptid\/toode\/putukatorje-koduloomadele\/\",\"url\":\"https:\/\/bio4you.eu\/retseptid\/toode\/putukatorje-koduloomadele\/\",\"name\":\"Putukat\u00f5rje koduloomadele - bio4you.eu\/retseptid\",\"isPartOf\":{\"@id\":\"https:\/\/bio4you.eu\/retseptid\/#website\"},\"primaryImageOfPage\":{\"@id\":\"https:\/\/bio4you.eu\/retseptid\/toode\/putukatorje-koduloomadele\/#primaryimage\"},\"image\":{\"@id\":\"https:\/\/bio4you.eu\/retseptid\/toode\/putukatorje-koduloomadele\/#primaryimage\"},\"thumbnailUrl\":\"https:\/\/bio4you.eu\/retseptid\/wp-content\/uploads\/2014\/05\/cat-adult-landing-hero.jpg\",\"datePublished\":\"2014-05-26T11:56:51+00:00\",\"dateModified\":\"2022-05-19T06:39:03+00:00\",\"description\":\"Isetehtud putukat\u00f5rje koduloomadele\",\"breadcrumb\":{\"@id\":\"https:\/\/bio4you.eu\/retseptid\/toode\/putukatorje-koduloomadele\/#breadcrumb\"},\"inLanguage\":\"et\",\"potentialAction\":[{\"@type\":\"ReadAction\",\"target\":[\"https:\/\/bio4you.eu\/retseptid\/toode\/putukatorje-koduloomadele\/\"]}]},{\"@type\":\"ImageObject\",\"inLanguage\":\"et\",\"@id\":\"https:\/\/bio4you.eu\/retseptid\/toode\/putukatorje-koduloomadele\/#primaryimage\",\"url\":\"https:\/\/bio4you.eu\/retseptid\/wp-content\/uploads\/2014\/05\/cat-adult-landing-hero.jpg\",\"contentUrl\":\"https:\/\/bio4you.eu\/retseptid\/wp-content\/uploads\/2014\/05\/cat-adult-landing-hero.jpg\",\"width\":470,\"height\":350},{\"@type\":\"BreadcrumbList\",\"@id\":\"https:\/\/bio4you.eu\/retseptid\/toode\/putukatorje-koduloomadele\/#breadcrumb\",\"itemListElement\":[{\"@type\":\"ListItem\",\"position\":1,\"name\":\"Home\",\"item\":\"https:\/\/bio4you.eu\/retseptid\/\"},{\"@type\":\"ListItem\",\"position\":2,\"name\":\"Putukat\u00f5rje koduloomadele\"}]},{\"@type\":\"WebSite\",\"@id\":\"https:\/\/bio4you.eu\/retseptid\/#website\",\"url\":\"https:\/\/bio4you.eu\/retseptid\/\",\"name\":\"bio4you.eu\/retseptid\",\"description\":\"\u00d6ko retseptid ise tegemiseks, looduslikest koostisainetest. Maitsev toit, iluhooldus, kodupuhastus ja aiandus.\",\"potentialAction\":[{\"@type\":\"SearchAction\",\"target\":{\"@type\":\"EntryPoint\",\"urlTemplate\":\"https:\/\/bio4you.eu\/retseptid\/?s={search_term_string}\"},\"query-input\":\"required name=search_term_string\"}],\"inLanguage\":\"et\"}]}<\/script>\n<!-- \/ Yoast SEO plugin. -->","yoast_head_json":{"title":"Putukat\u00f5rje koduloomadele - bio4you.eu\/retseptid","description":"Isetehtud putukat\u00f5rje koduloomadele","robots":{"index":"index","follow":"follow","max-snippet":"max-snippet:-1","max-image-preview":"max-image-preview:large","max-video-preview":"max-video-preview:-1"},"canonical":"https:\/\/bio4you.eu\/retseptid\/toode\/putukatorje-koduloomadele\/","og_locale":"et_EE","og_type":"article","og_title":"Putukat\u00f5rje koduloomadele - bio4you.eu\/retseptid","og_description":"Isetehtud putukat\u00f5rje koduloomadele","og_url":"https:\/\/bio4you.eu\/retseptid\/toode\/putukatorje-koduloomadele\/","og_site_name":"bio4you.eu\/retseptid","article_modified_time":"2022-05-19T06:39:03+00:00","og_image":[{"width":470,"height":350,"url":"https:\/\/bio4you.eu\/retseptid\/wp-content\/uploads\/2014\/05\/cat-adult-landing-hero.jpg","type":"image\/jpeg"}],"twitter_misc":{"Est. reading time":"1 minut"},"schema":{"@context":"https:\/\/schema.org","@graph":[{"@type":"WebPage","@id":"https:\/\/bio4you.eu\/retseptid\/toode\/putukatorje-koduloomadele\/","url":"https:\/\/bio4you.eu\/retseptid\/toode\/putukatorje-koduloomadele\/","name":"Putukat\u00f5rje koduloomadele - bio4you.eu\/retseptid","isPartOf":{"@id":"https:\/\/bio4you.eu\/retseptid\/#website"},"primaryImageOfPage":{"@id":"https:\/\/bio4you.eu\/retseptid\/toode\/putukatorje-koduloomadele\/#primaryimage"},"image":{"@id":"https:\/\/bio4you.eu\/retseptid\/toode\/putukatorje-koduloomadele\/#primaryimage"},"thumbnailUrl":"https:\/\/bio4you.eu\/retseptid\/wp-content\/uploads\/2014\/05\/cat-adult-landing-hero.jpg","datePublished":"2014-05-26T11:56:51+00:00","dateModified":"2022-05-19T06:39:03+00:00","description":"Isetehtud putukat\u00f5rje koduloomadele","breadcrumb":{"@id":"https:\/\/bio4you.eu\/retseptid\/toode\/putukatorje-koduloomadele\/#breadcrumb"},"inLanguage":"et","potentialAction":[{"@type":"ReadAction","target":["https:\/\/bio4you.eu\/retseptid\/toode\/putukatorje-koduloomadele\/"]}]},{"@type":"ImageObject","inLanguage":"et","@id":"https:\/\/bio4you.eu\/retseptid\/toode\/putukatorje-koduloomadele\/#primaryimage","url":"https:\/\/bio4you.eu\/retseptid\/wp-content\/uploads\/2014\/05\/cat-adult-landing-hero.jpg","contentUrl":"https:\/\/bio4you.eu\/retseptid\/wp-content\/uploads\/2014\/05\/cat-adult-landing-hero.jpg","width":470,"height":350},{"@type":"BreadcrumbList","@id":"https:\/\/bio4you.eu\/retseptid\/toode\/putukatorje-koduloomadele\/#breadcrumb","itemListElement":[{"@type":"ListItem","position":1,"name":"Home","item":"https:\/\/bio4you.eu\/retseptid\/"},{"@type":"ListItem","position":2,"name":"Putukat\u00f5rje koduloomadele"}]},{"@type":"WebSite","@id":"https:\/\/bio4you.eu\/retseptid\/#website","url":"https:\/\/bio4you.eu\/retseptid\/","name":"bio4you.eu\/retseptid","description":"\u00d6ko retseptid ise tegemiseks, looduslikest koostisainetest. Maitsev toit, iluhooldus, kodupuhastus ja aiandus.","potentialAction":[{"@type":"SearchAction","target":{"@type":"EntryPoint","urlTemplate":"https:\/\/bio4you.eu\/retseptid\/?s={search_term_string}"},"query-input":"required name=search_term_string"}],"inLanguage":"et"}]}},"_links":{"self":[{"href":"https:\/\/bio4you.eu\/retseptid\/wp-json\/wp\/v2\/product\/2016"}],"collection":[{"href":"https:\/\/bio4you.eu\/retseptid\/wp-json\/wp\/v2\/product"}],"about":[{"href":"https:\/\/bio4you.eu\/retseptid\/wp-json\/wp\/v2\/types\/product"}],"replies":[{"embeddable":true,"href":"https:\/\/bio4you.eu\/retseptid\/wp-json\/wp\/v2\/comments?post=2016"}],"wp:featuredmedia":[{"embeddable":true,"href":"https:\/\/bio4you.eu\/retseptid\/wp-json\/wp\/v2\/media\/3382"}],"wp:attachment":[{"href":"https:\/\/bio4you.eu\/retseptid\/wp-json\/wp\/v2\/media?parent=2016"}],"wp:term":[{"taxonomy":"product_cat","embeddable":true,"href":"https:\/\/bio4you.eu\/retseptid\/wp-json\/wp\/v2\/product_cat?post=2016"},{"taxonomy":"product_tag","embeddable":true,"href":"https:\/\/bio4you.eu\/retseptid\/wp-json\/wp\/v2\/product_tag?post=2016"}],"curies":[{"name":"wp","href":"https:\/\/api.w.org\/{rel}","templated":true}]}}