{"id":2017,"date":"2014-05-26T15:00:37","date_gmt":"2014-05-26T12:00:37","guid":{"rendered":"https:\/\/bio4you.eu\/retseptid\/?post_type=product&#038;p=2017"},"modified":"2022-05-19T09:37:59","modified_gmt":"2022-05-19T06:37:59","slug":"orhidee-jt-taimede-putukatorje","status":"publish","type":"product","link":"https:\/\/bio4you.eu\/retseptid\/toode\/orhidee-jt-taimede-putukatorje\/","title":{"rendered":"Orhideede jt. taimede putukat\u00f5rje"},"content":{"rendered":"<p><span style=\"color: #000000;\"><strong>VALMISTAMINE:<\/strong><\/span><\/p>\n<p><span style=\"color: #000000;\">Sega omavahel neemi\u00f5li ja vesi.\u00a0<\/span><span style=\"color: #000000;\">Neemi\u00f5li lahusega tohib pihustada s\u00f6\u00f6davaid taimi, aiasaadusi, maitsetaimi, puuvilju-kuni saagi korjamiseni. Taime lehed ja viljad saavad m\u00f5rkja maitse, mis parasiitidele ei meeldi. Lisaks sisaldab neemi\u00f5li aineid, mis m\u00f5juvad parasiitide paljunemisv\u00f5imele.<\/span><\/p>\n<p><span style=\"color: #000000;\">Kuna \u00f5li ja vesi on erineva kaaluga, siis enne kasutamist loksuta alati.<\/span><\/p>\n<p><strong>\u00d5LI TOIME JA KASUTAMINE<\/strong><\/p>\n<ol>\n<li style=\"text-align: justify;\">Kui \u00f5li aja m\u00f6\u00f6dudes kleepub spray pudel servadele, soojenda vett, siis lahustub \u00f5li uuesti.<\/li>\n<li style=\"text-align: justify;\">Pane \u00f5li tunde j\u00e4rgi, umbes 1 spl \/ 750ml spray-pudeli kohta.<\/li>\n<li style=\"text-align: justify;\">\u00c4ra pritsi taimi p\u00e4eval p\u00e4ikesega. \u00d5li on fotosensitiivne. P\u00e4ikese k\u00e4es vahendi peale kandmine v\u00f5ib kuumenemise toimel taime lehti pruunistada v\u00f5i kahjustada. Tee hooldust \u00f5htuti v\u00f5i varahommikul.<\/li>\n<li style=\"text-align: justify;\">M\u00f5ju kestab 4-7 p\u00e4eva ( kuiva ilmaga 7, vihmaga 4 ). Seej\u00e4rel korda hooldust. Kolmest korrast peaks piisama, et h\u00e4vitada k\u00f5ik taimekahjurid.<\/li>\n<li style=\"text-align: justify;\">Kui vahend ei m\u00f5ju, proovi eriti tugevat taimekaitsevahendit neemi\u00f5li ja Marseille seebiga.<\/li>\n<\/ol>\n<p style=\"text-align: left;\"><span style=\"color: #339966;\"><span style=\"color: #000000;\">Neemi\u00f5list l\u00e4hemalt saate lugeda <a href=\"http:\/\/www.bio4you.eu\/et\/blog\/teeme-ise-\/2-puha-neemipuu-oli-meie-kodus-aias-ja-kosmeetikas-bio4you-uudiskiri.html\" target=\"_blank\" rel=\"noopener\"><span style=\"color: #99cc00;\">SIIT<\/span><\/a>.\u00a0<\/span><a title=\"Neemi\u00f5li saladused\" href=\"http:\/\/www.bio4you.eu\/et\/blog\/teeme-ise-\/2-puha-neemipuu-oli-meie-kodus-aias-ja-kosmeetikas-bio4you-uudiskiri.html\" target=\"_blank\" rel=\"noopener\"><span style=\"color: #339966;\"><br \/>\n<\/span><\/a><\/span><\/p>\n","protected":false},"excerpt":{"rendered":"<p>VAJA L\u00c4HEB:<\/p>\n<ul>\n<li>Vett<\/li>\n<li><a href=\"https:\/\/bio4you.eu\/et\/kehahooldus\/3457-neemioli-kuelmpress-100ml.html?utm_source=bioretsept&amp;utm_medium=retsept&amp;utm_campaign=retsept\" target=\"_blank\" rel=\"noopener\"><span style=\"color: #99cc00;\">Neemi\u00f5li<\/span><\/a><\/li>\n<\/ul>\n<p>&nbsp;<\/p>\n","protected":false},"featured_media":3377,"comment_status":"closed","ping_status":"closed","template":"","meta":{"_exactmetrics_skip_tracking":false,"_exactmetrics_sitenote_active":false,"_exactmetrics_sitenote_note":"","_exactmetrics_sitenote_category":0},"product_cat":[62,65],"product_tag":[191,187,189,180,179,188,186,190],"class_list":{"0":"post-2017","1":"product","2":"type-product","3":"status-publish","4":"has-post-thumbnail","6":"product_cat-kodu-ja-aiandus","7":"product_cat-aiandus","8":"product_tag-aiandus","9":"product_tag-isetehtud-parasiiditorje","10":"product_tag-lillede-putukatorje","11":"product_tag-neem","12":"product_tag-neemioli","13":"product_tag-orhideede-putukatorje","14":"product_tag-parasiidid","15":"product_tag-taimede-putukatorje","17":"first","18":"instock","19":"shipping-taxable","20":"product-type-simple"},"yoast_head":"<!-- This site is optimized with the Yoast SEO plugin v23.3 - https:\/\/yoast.com\/wordpress\/plugins\/seo\/ -->\n<title>Orhideede jt. taimede putukat\u00f5rje - bio4you.eu\/retseptid<\/title>\n<meta name=\"description\" content=\"Isetehtud orhideede jt. taimede putukat\u00f5rje\" \/>\n<meta name=\"robots\" content=\"index, follow, max-snippet:-1, max-image-preview:large, max-video-preview:-1\" \/>\n<link rel=\"canonical\" href=\"https:\/\/bio4you.eu\/retseptid\/toode\/orhidee-jt-taimede-putukatorje\/\" \/>\n<meta property=\"og:locale\" content=\"et_EE\" \/>\n<meta property=\"og:type\" content=\"article\" \/>\n<meta property=\"og:title\" content=\"Orhideede jt. taimede putukat\u00f5rje - bio4you.eu\/retseptid\" \/>\n<meta property=\"og:description\" content=\"Isetehtud orhideede jt. taimede putukat\u00f5rje\" \/>\n<meta property=\"og:url\" content=\"https:\/\/bio4you.eu\/retseptid\/toode\/orhidee-jt-taimede-putukatorje\/\" \/>\n<meta property=\"og:site_name\" content=\"bio4you.eu\/retseptid\" \/>\n<meta property=\"article:modified_time\" content=\"2022-05-19T06:37:59+00:00\" \/>\n<meta property=\"og:image\" content=\"https:\/\/bio4you.eu\/retseptid\/wp-content\/uploads\/2014\/05\/orchide.jpg\" \/>\n\t<meta property=\"og:image:width\" content=\"1600\" \/>\n\t<meta property=\"og:image:height\" content=\"1217\" \/>\n\t<meta property=\"og:image:type\" content=\"image\/jpeg\" \/>\n<meta name=\"twitter:label1\" content=\"Est. reading time\" \/>\n\t<meta name=\"twitter:data1\" content=\"1 minut\" \/>\n<script type=\"application\/ld+json\" class=\"yoast-schema-graph\">{\"@context\":\"https:\/\/schema.org\",\"@graph\":[{\"@type\":\"WebPage\",\"@id\":\"https:\/\/bio4you.eu\/retseptid\/toode\/orhidee-jt-taimede-putukatorje\/\",\"url\":\"https:\/\/bio4you.eu\/retseptid\/toode\/orhidee-jt-taimede-putukatorje\/\",\"name\":\"Orhideede jt. taimede putukat\u00f5rje - bio4you.eu\/retseptid\",\"isPartOf\":{\"@id\":\"https:\/\/bio4you.eu\/retseptid\/#website\"},\"primaryImageOfPage\":{\"@id\":\"https:\/\/bio4you.eu\/retseptid\/toode\/orhidee-jt-taimede-putukatorje\/#primaryimage\"},\"image\":{\"@id\":\"https:\/\/bio4you.eu\/retseptid\/toode\/orhidee-jt-taimede-putukatorje\/#primaryimage\"},\"thumbnailUrl\":\"https:\/\/bio4you.eu\/retseptid\/wp-content\/uploads\/2014\/05\/orchide.jpg\",\"datePublished\":\"2014-05-26T12:00:37+00:00\",\"dateModified\":\"2022-05-19T06:37:59+00:00\",\"description\":\"Isetehtud orhideede jt. taimede putukat\u00f5rje\",\"breadcrumb\":{\"@id\":\"https:\/\/bio4you.eu\/retseptid\/toode\/orhidee-jt-taimede-putukatorje\/#breadcrumb\"},\"inLanguage\":\"et\",\"potentialAction\":[{\"@type\":\"ReadAction\",\"target\":[\"https:\/\/bio4you.eu\/retseptid\/toode\/orhidee-jt-taimede-putukatorje\/\"]}]},{\"@type\":\"ImageObject\",\"inLanguage\":\"et\",\"@id\":\"https:\/\/bio4you.eu\/retseptid\/toode\/orhidee-jt-taimede-putukatorje\/#primaryimage\",\"url\":\"https:\/\/bio4you.eu\/retseptid\/wp-content\/uploads\/2014\/05\/orchide.jpg\",\"contentUrl\":\"https:\/\/bio4you.eu\/retseptid\/wp-content\/uploads\/2014\/05\/orchide.jpg\",\"width\":1600,\"height\":1217},{\"@type\":\"BreadcrumbList\",\"@id\":\"https:\/\/bio4you.eu\/retseptid\/toode\/orhidee-jt-taimede-putukatorje\/#breadcrumb\",\"itemListElement\":[{\"@type\":\"ListItem\",\"position\":1,\"name\":\"Home\",\"item\":\"https:\/\/bio4you.eu\/retseptid\/\"},{\"@type\":\"ListItem\",\"position\":2,\"name\":\"Orhideede jt. taimede putukat\u00f5rje\"}]},{\"@type\":\"WebSite\",\"@id\":\"https:\/\/bio4you.eu\/retseptid\/#website\",\"url\":\"https:\/\/bio4you.eu\/retseptid\/\",\"name\":\"bio4you.eu\/retseptid\",\"description\":\"\u00d6ko retseptid ise tegemiseks, looduslikest koostisainetest. Maitsev toit, iluhooldus, kodupuhastus ja aiandus.\",\"potentialAction\":[{\"@type\":\"SearchAction\",\"target\":{\"@type\":\"EntryPoint\",\"urlTemplate\":\"https:\/\/bio4you.eu\/retseptid\/?s={search_term_string}\"},\"query-input\":\"required name=search_term_string\"}],\"inLanguage\":\"et\"}]}<\/script>\n<!-- \/ Yoast SEO plugin. -->","yoast_head_json":{"title":"Orhideede jt. taimede putukat\u00f5rje - bio4you.eu\/retseptid","description":"Isetehtud orhideede jt. taimede putukat\u00f5rje","robots":{"index":"index","follow":"follow","max-snippet":"max-snippet:-1","max-image-preview":"max-image-preview:large","max-video-preview":"max-video-preview:-1"},"canonical":"https:\/\/bio4you.eu\/retseptid\/toode\/orhidee-jt-taimede-putukatorje\/","og_locale":"et_EE","og_type":"article","og_title":"Orhideede jt. taimede putukat\u00f5rje - bio4you.eu\/retseptid","og_description":"Isetehtud orhideede jt. taimede putukat\u00f5rje","og_url":"https:\/\/bio4you.eu\/retseptid\/toode\/orhidee-jt-taimede-putukatorje\/","og_site_name":"bio4you.eu\/retseptid","article_modified_time":"2022-05-19T06:37:59+00:00","og_image":[{"width":1600,"height":1217,"url":"https:\/\/bio4you.eu\/retseptid\/wp-content\/uploads\/2014\/05\/orchide.jpg","type":"image\/jpeg"}],"twitter_misc":{"Est. reading time":"1 minut"},"schema":{"@context":"https:\/\/schema.org","@graph":[{"@type":"WebPage","@id":"https:\/\/bio4you.eu\/retseptid\/toode\/orhidee-jt-taimede-putukatorje\/","url":"https:\/\/bio4you.eu\/retseptid\/toode\/orhidee-jt-taimede-putukatorje\/","name":"Orhideede jt. taimede putukat\u00f5rje - bio4you.eu\/retseptid","isPartOf":{"@id":"https:\/\/bio4you.eu\/retseptid\/#website"},"primaryImageOfPage":{"@id":"https:\/\/bio4you.eu\/retseptid\/toode\/orhidee-jt-taimede-putukatorje\/#primaryimage"},"image":{"@id":"https:\/\/bio4you.eu\/retseptid\/toode\/orhidee-jt-taimede-putukatorje\/#primaryimage"},"thumbnailUrl":"https:\/\/bio4you.eu\/retseptid\/wp-content\/uploads\/2014\/05\/orchide.jpg","datePublished":"2014-05-26T12:00:37+00:00","dateModified":"2022-05-19T06:37:59+00:00","description":"Isetehtud orhideede jt. taimede putukat\u00f5rje","breadcrumb":{"@id":"https:\/\/bio4you.eu\/retseptid\/toode\/orhidee-jt-taimede-putukatorje\/#breadcrumb"},"inLanguage":"et","potentialAction":[{"@type":"ReadAction","target":["https:\/\/bio4you.eu\/retseptid\/toode\/orhidee-jt-taimede-putukatorje\/"]}]},{"@type":"ImageObject","inLanguage":"et","@id":"https:\/\/bio4you.eu\/retseptid\/toode\/orhidee-jt-taimede-putukatorje\/#primaryimage","url":"https:\/\/bio4you.eu\/retseptid\/wp-content\/uploads\/2014\/05\/orchide.jpg","contentUrl":"https:\/\/bio4you.eu\/retseptid\/wp-content\/uploads\/2014\/05\/orchide.jpg","width":1600,"height":1217},{"@type":"BreadcrumbList","@id":"https:\/\/bio4you.eu\/retseptid\/toode\/orhidee-jt-taimede-putukatorje\/#breadcrumb","itemListElement":[{"@type":"ListItem","position":1,"name":"Home","item":"https:\/\/bio4you.eu\/retseptid\/"},{"@type":"ListItem","position":2,"name":"Orhideede jt. taimede putukat\u00f5rje"}]},{"@type":"WebSite","@id":"https:\/\/bio4you.eu\/retseptid\/#website","url":"https:\/\/bio4you.eu\/retseptid\/","name":"bio4you.eu\/retseptid","description":"\u00d6ko retseptid ise tegemiseks, looduslikest koostisainetest. Maitsev toit, iluhooldus, kodupuhastus ja aiandus.","potentialAction":[{"@type":"SearchAction","target":{"@type":"EntryPoint","urlTemplate":"https:\/\/bio4you.eu\/retseptid\/?s={search_term_string}"},"query-input":"required name=search_term_string"}],"inLanguage":"et"}]}},"_links":{"self":[{"href":"https:\/\/bio4you.eu\/retseptid\/wp-json\/wp\/v2\/product\/2017"}],"collection":[{"href":"https:\/\/bio4you.eu\/retseptid\/wp-json\/wp\/v2\/product"}],"about":[{"href":"https:\/\/bio4you.eu\/retseptid\/wp-json\/wp\/v2\/types\/product"}],"replies":[{"embeddable":true,"href":"https:\/\/bio4you.eu\/retseptid\/wp-json\/wp\/v2\/comments?post=2017"}],"wp:featuredmedia":[{"embeddable":true,"href":"https:\/\/bio4you.eu\/retseptid\/wp-json\/wp\/v2\/media\/3377"}],"wp:attachment":[{"href":"https:\/\/bio4you.eu\/retseptid\/wp-json\/wp\/v2\/media?parent=2017"}],"wp:term":[{"taxonomy":"product_cat","embeddable":true,"href":"https:\/\/bio4you.eu\/retseptid\/wp-json\/wp\/v2\/product_cat?post=2017"},{"taxonomy":"product_tag","embeddable":true,"href":"https:\/\/bio4you.eu\/retseptid\/wp-json\/wp\/v2\/product_tag?post=2017"}],"curies":[{"name":"wp","href":"https:\/\/api.w.org\/{rel}","templated":true}]}}