{"id":2018,"date":"2014-05-26T15:03:24","date_gmt":"2014-05-26T12:03:24","guid":{"rendered":"https:\/\/bio4you.eu\/retseptid\/?post_type=product&#038;p=2018"},"modified":"2022-05-19T13:46:19","modified_gmt":"2022-05-19T10:46:19","slug":"aiasaaduste-putukatorje","status":"publish","type":"product","link":"https:\/\/bio4you.eu\/retseptid\/toode\/aiasaaduste-putukatorje\/","title":{"rendered":"Aiasaaduste putukat\u00f5rje"},"content":{"rendered":"<p><span style=\"color: #000000;\"><strong>VALMISTAMINE:<br \/>\n<\/strong><\/span>Sega omavahel neemi\u00f5li ja vesi.\u00a0Neemi\u00f5li lahusega tohib pihustada s\u00f6\u00f6davaid taimi, aiasaadusi, maitsetaimi, puuvilju-kuni saagi korjamiseni.<br \/>\nKuna \u00f5li ja vesi on erineva kaaluga, siis enne kasutamist loksuta alati.<\/p>\n<p><strong>\u00d5LI TOIME JA KASUTAMINE<\/strong><\/p>\n<ol>\n<li><span style=\"color: #000000;\">Kui \u00f5li aja m\u00f6\u00f6dudes kleepub spreipudeli servadele, soojenda vett, siis lahustub \u00f5li uuesti. <\/span><\/li>\n<li style=\"text-align: justify;\"><span style=\"color: #000000;\">Pane \u00f5li tunde j\u00e4rgi, umbes 1 spl 750 ml spreipudeli kohta.<\/span><\/li>\n<li style=\"text-align: justify;\"><span style=\"color: #000000; line-height: 1.5;\">\u00c4ra pritsi taimi p\u00e4eval p\u00e4ikesega. \u00d5li on fotosensitiivne. P\u00e4ikese k\u00e4es vahendi peale kandmine v\u00f5ib kuumenemise toimel taime lehti pruunistada v\u00f5i kahjustada. Tee hooldust \u00f5htuti v\u00f5i varahommikul. <\/span><\/li>\n<li style=\"text-align: justify;\"><span style=\"color: #000000; line-height: 1.5;\">M\u00f5ju kestab 4-7 p\u00e4eva (kuiva ilmaga 7, vihmaga 4). Seej\u00e4rel korda hooldust. Kolmest korrast peaks piisama, et h\u00e4vitada k\u00f5ik taimekahjurid. <\/span><\/li>\n<\/ol>\n","protected":false},"excerpt":{"rendered":"<p><strong>\u00a0VAJA L\u00c4HEB:\u00a0<\/strong><\/p>\n<ul>\n<li>vett<\/li>\n<li><a href=\"https:\/\/bio4you.eu\/et\/kehahooldus\/3457-neemioli-kuelmpress-100ml.html?utm_source=bioretsept&amp;utm_medium=retsept&amp;utm_campaign=retsept\" target=\"_blank\" rel=\"noopener noreferrer\"><span style=\"color: #99cc00;\">neemi\u00f5li<\/span><\/a><\/li>\n<\/ul>\n","protected":false},"featured_media":3983,"comment_status":"closed","ping_status":"closed","template":"","meta":{"_exactmetrics_skip_tracking":false,"_exactmetrics_sitenote_active":false,"_exactmetrics_sitenote_note":"","_exactmetrics_sitenote_category":0},"product_cat":[62,65],"product_tag":[185,187,180,179,186,182,181],"class_list":{"0":"post-2018","1":"product","2":"type-product","3":"status-publish","4":"has-post-thumbnail","6":"product_cat-kodu-ja-aiandus","7":"product_cat-aiandus","8":"product_tag-aiapidamine","9":"product_tag-isetehtud-parasiiditorje","10":"product_tag-neem","11":"product_tag-neemioli","12":"product_tag-parasiidid","13":"product_tag-parasiiditorje","14":"product_tag-putukatorje","16":"first","17":"instock","18":"shipping-taxable","19":"product-type-simple"},"yoast_head":"<!-- This site is optimized with the Yoast SEO plugin v23.3 - https:\/\/yoast.com\/wordpress\/plugins\/seo\/ -->\n<title>Aiasaaduste putukat\u00f5rje - bio4you.eu\/retseptid<\/title>\n<meta name=\"description\" content=\"Isetehtud neemi\u00f5li aiasaaduste putukat\u00f5rje\" \/>\n<meta name=\"robots\" content=\"index, follow, max-snippet:-1, max-image-preview:large, max-video-preview:-1\" \/>\n<link rel=\"canonical\" href=\"https:\/\/bio4you.eu\/retseptid\/toode\/aiasaaduste-putukatorje\/\" \/>\n<meta property=\"og:locale\" content=\"et_EE\" \/>\n<meta property=\"og:type\" content=\"article\" \/>\n<meta property=\"og:title\" content=\"Aiasaaduste putukat\u00f5rje - bio4you.eu\/retseptid\" \/>\n<meta property=\"og:description\" content=\"Isetehtud neemi\u00f5li aiasaaduste putukat\u00f5rje\" \/>\n<meta property=\"og:url\" content=\"https:\/\/bio4you.eu\/retseptid\/toode\/aiasaaduste-putukatorje\/\" \/>\n<meta property=\"og:site_name\" content=\"bio4you.eu\/retseptid\" \/>\n<meta property=\"article:modified_time\" content=\"2022-05-19T10:46:19+00:00\" \/>\n<meta property=\"og:image\" content=\"https:\/\/bio4you.eu\/retseptid\/wp-content\/uploads\/2014\/05\/pille-r-priske-C_w-4j8OQnc-unsplash-scaled.jpg\" \/>\n\t<meta property=\"og:image:width\" content=\"2560\" \/>\n\t<meta property=\"og:image:height\" content=\"1706\" \/>\n\t<meta property=\"og:image:type\" content=\"image\/jpeg\" \/>\n<meta name=\"twitter:label1\" content=\"Est. reading time\" \/>\n\t<meta name=\"twitter:data1\" content=\"1 minut\" \/>\n<script type=\"application\/ld+json\" class=\"yoast-schema-graph\">{\"@context\":\"https:\/\/schema.org\",\"@graph\":[{\"@type\":\"WebPage\",\"@id\":\"https:\/\/bio4you.eu\/retseptid\/toode\/aiasaaduste-putukatorje\/\",\"url\":\"https:\/\/bio4you.eu\/retseptid\/toode\/aiasaaduste-putukatorje\/\",\"name\":\"Aiasaaduste putukat\u00f5rje - bio4you.eu\/retseptid\",\"isPartOf\":{\"@id\":\"https:\/\/bio4you.eu\/retseptid\/#website\"},\"primaryImageOfPage\":{\"@id\":\"https:\/\/bio4you.eu\/retseptid\/toode\/aiasaaduste-putukatorje\/#primaryimage\"},\"image\":{\"@id\":\"https:\/\/bio4you.eu\/retseptid\/toode\/aiasaaduste-putukatorje\/#primaryimage\"},\"thumbnailUrl\":\"https:\/\/bio4you.eu\/retseptid\/wp-content\/uploads\/2014\/05\/pille-r-priske-C_w-4j8OQnc-unsplash-scaled.jpg\",\"datePublished\":\"2014-05-26T12:03:24+00:00\",\"dateModified\":\"2022-05-19T10:46:19+00:00\",\"description\":\"Isetehtud neemi\u00f5li aiasaaduste putukat\u00f5rje\",\"breadcrumb\":{\"@id\":\"https:\/\/bio4you.eu\/retseptid\/toode\/aiasaaduste-putukatorje\/#breadcrumb\"},\"inLanguage\":\"et\",\"potentialAction\":[{\"@type\":\"ReadAction\",\"target\":[\"https:\/\/bio4you.eu\/retseptid\/toode\/aiasaaduste-putukatorje\/\"]}]},{\"@type\":\"ImageObject\",\"inLanguage\":\"et\",\"@id\":\"https:\/\/bio4you.eu\/retseptid\/toode\/aiasaaduste-putukatorje\/#primaryimage\",\"url\":\"https:\/\/bio4you.eu\/retseptid\/wp-content\/uploads\/2014\/05\/pille-r-priske-C_w-4j8OQnc-unsplash-scaled.jpg\",\"contentUrl\":\"https:\/\/bio4you.eu\/retseptid\/wp-content\/uploads\/2014\/05\/pille-r-priske-C_w-4j8OQnc-unsplash-scaled.jpg\",\"width\":2560,\"height\":1706},{\"@type\":\"BreadcrumbList\",\"@id\":\"https:\/\/bio4you.eu\/retseptid\/toode\/aiasaaduste-putukatorje\/#breadcrumb\",\"itemListElement\":[{\"@type\":\"ListItem\",\"position\":1,\"name\":\"Home\",\"item\":\"https:\/\/bio4you.eu\/retseptid\/\"},{\"@type\":\"ListItem\",\"position\":2,\"name\":\"Aiasaaduste putukat\u00f5rje\"}]},{\"@type\":\"WebSite\",\"@id\":\"https:\/\/bio4you.eu\/retseptid\/#website\",\"url\":\"https:\/\/bio4you.eu\/retseptid\/\",\"name\":\"bio4you.eu\/retseptid\",\"description\":\"\u00d6ko retseptid ise tegemiseks, looduslikest koostisainetest. Maitsev toit, iluhooldus, kodupuhastus ja aiandus.\",\"potentialAction\":[{\"@type\":\"SearchAction\",\"target\":{\"@type\":\"EntryPoint\",\"urlTemplate\":\"https:\/\/bio4you.eu\/retseptid\/?s={search_term_string}\"},\"query-input\":\"required name=search_term_string\"}],\"inLanguage\":\"et\"}]}<\/script>\n<!-- \/ Yoast SEO plugin. -->","yoast_head_json":{"title":"Aiasaaduste putukat\u00f5rje - bio4you.eu\/retseptid","description":"Isetehtud neemi\u00f5li aiasaaduste putukat\u00f5rje","robots":{"index":"index","follow":"follow","max-snippet":"max-snippet:-1","max-image-preview":"max-image-preview:large","max-video-preview":"max-video-preview:-1"},"canonical":"https:\/\/bio4you.eu\/retseptid\/toode\/aiasaaduste-putukatorje\/","og_locale":"et_EE","og_type":"article","og_title":"Aiasaaduste putukat\u00f5rje - bio4you.eu\/retseptid","og_description":"Isetehtud neemi\u00f5li aiasaaduste putukat\u00f5rje","og_url":"https:\/\/bio4you.eu\/retseptid\/toode\/aiasaaduste-putukatorje\/","og_site_name":"bio4you.eu\/retseptid","article_modified_time":"2022-05-19T10:46:19+00:00","og_image":[{"width":2560,"height":1706,"url":"https:\/\/bio4you.eu\/retseptid\/wp-content\/uploads\/2014\/05\/pille-r-priske-C_w-4j8OQnc-unsplash-scaled.jpg","type":"image\/jpeg"}],"twitter_misc":{"Est. reading time":"1 minut"},"schema":{"@context":"https:\/\/schema.org","@graph":[{"@type":"WebPage","@id":"https:\/\/bio4you.eu\/retseptid\/toode\/aiasaaduste-putukatorje\/","url":"https:\/\/bio4you.eu\/retseptid\/toode\/aiasaaduste-putukatorje\/","name":"Aiasaaduste putukat\u00f5rje - bio4you.eu\/retseptid","isPartOf":{"@id":"https:\/\/bio4you.eu\/retseptid\/#website"},"primaryImageOfPage":{"@id":"https:\/\/bio4you.eu\/retseptid\/toode\/aiasaaduste-putukatorje\/#primaryimage"},"image":{"@id":"https:\/\/bio4you.eu\/retseptid\/toode\/aiasaaduste-putukatorje\/#primaryimage"},"thumbnailUrl":"https:\/\/bio4you.eu\/retseptid\/wp-content\/uploads\/2014\/05\/pille-r-priske-C_w-4j8OQnc-unsplash-scaled.jpg","datePublished":"2014-05-26T12:03:24+00:00","dateModified":"2022-05-19T10:46:19+00:00","description":"Isetehtud neemi\u00f5li aiasaaduste putukat\u00f5rje","breadcrumb":{"@id":"https:\/\/bio4you.eu\/retseptid\/toode\/aiasaaduste-putukatorje\/#breadcrumb"},"inLanguage":"et","potentialAction":[{"@type":"ReadAction","target":["https:\/\/bio4you.eu\/retseptid\/toode\/aiasaaduste-putukatorje\/"]}]},{"@type":"ImageObject","inLanguage":"et","@id":"https:\/\/bio4you.eu\/retseptid\/toode\/aiasaaduste-putukatorje\/#primaryimage","url":"https:\/\/bio4you.eu\/retseptid\/wp-content\/uploads\/2014\/05\/pille-r-priske-C_w-4j8OQnc-unsplash-scaled.jpg","contentUrl":"https:\/\/bio4you.eu\/retseptid\/wp-content\/uploads\/2014\/05\/pille-r-priske-C_w-4j8OQnc-unsplash-scaled.jpg","width":2560,"height":1706},{"@type":"BreadcrumbList","@id":"https:\/\/bio4you.eu\/retseptid\/toode\/aiasaaduste-putukatorje\/#breadcrumb","itemListElement":[{"@type":"ListItem","position":1,"name":"Home","item":"https:\/\/bio4you.eu\/retseptid\/"},{"@type":"ListItem","position":2,"name":"Aiasaaduste putukat\u00f5rje"}]},{"@type":"WebSite","@id":"https:\/\/bio4you.eu\/retseptid\/#website","url":"https:\/\/bio4you.eu\/retseptid\/","name":"bio4you.eu\/retseptid","description":"\u00d6ko retseptid ise tegemiseks, looduslikest koostisainetest. Maitsev toit, iluhooldus, kodupuhastus ja aiandus.","potentialAction":[{"@type":"SearchAction","target":{"@type":"EntryPoint","urlTemplate":"https:\/\/bio4you.eu\/retseptid\/?s={search_term_string}"},"query-input":"required name=search_term_string"}],"inLanguage":"et"}]}},"_links":{"self":[{"href":"https:\/\/bio4you.eu\/retseptid\/wp-json\/wp\/v2\/product\/2018"}],"collection":[{"href":"https:\/\/bio4you.eu\/retseptid\/wp-json\/wp\/v2\/product"}],"about":[{"href":"https:\/\/bio4you.eu\/retseptid\/wp-json\/wp\/v2\/types\/product"}],"replies":[{"embeddable":true,"href":"https:\/\/bio4you.eu\/retseptid\/wp-json\/wp\/v2\/comments?post=2018"}],"wp:featuredmedia":[{"embeddable":true,"href":"https:\/\/bio4you.eu\/retseptid\/wp-json\/wp\/v2\/media\/3983"}],"wp:attachment":[{"href":"https:\/\/bio4you.eu\/retseptid\/wp-json\/wp\/v2\/media?parent=2018"}],"wp:term":[{"taxonomy":"product_cat","embeddable":true,"href":"https:\/\/bio4you.eu\/retseptid\/wp-json\/wp\/v2\/product_cat?post=2018"},{"taxonomy":"product_tag","embeddable":true,"href":"https:\/\/bio4you.eu\/retseptid\/wp-json\/wp\/v2\/product_tag?post=2018"}],"curies":[{"name":"wp","href":"https:\/\/api.w.org\/{rel}","templated":true}]}}