{"id":2023,"date":"2014-05-26T15:35:41","date_gmt":"2014-05-26T12:35:41","guid":{"rendered":"https:\/\/bio4you.eu\/retseptid\/?post_type=product&#038;p=2023"},"modified":"2022-05-17T10:32:26","modified_gmt":"2022-05-17T07:32:26","slug":"aknehooldus","status":"publish","type":"product","link":"https:\/\/bio4you.eu\/retseptid\/toode\/aknehooldus\/","title":{"rendered":"Aknehooldus neemiga"},"content":{"rendered":"<p><span style=\"color: #000000;\"><strong>VALMISTAMINE:<\/strong><\/span><\/p>\n<p><span style=\"color: #000000;\">V\u00f5ta oma lemmik n\u00e4o\u00f5li ja lisa sinna natuke neemi\u00f5li (50ml kohta n\u00e4iteks 1 spl) ja sobivat essentsi\u00f5li (50 ml kohta 10-20 tilka).<\/span><\/p>\n<p><strong>TOIME JA KASUTAMINE<\/strong><\/p>\n<ul>\n<li>Kasuta regulaarselt \u00f5htuti.<\/li>\n<li>\u00c4ra kanna toodet n\u00e4ole p\u00e4ikselise p\u00e4evaga, kuna neemi\u00f5li on fotosensitiivne.<\/li>\n<li>Neemi\u00f5li inaktiveerib bakterite tegevuse mis tekitavad aknet (nt. salmonella tifi, stafilococcus aureus).<\/li>\n<li>Aknehoolduseks v\u00f5ib masseerida puhast \u00f5li probleemsetele kohtadele.<\/li>\n<li>\u00d5li l\u00f5hn on ebameeldiv, mist\u00f5ttu on meeldivam lahjendada seda teiste taime\u00f5lidega.<\/li>\n<\/ul>\n<p>&nbsp;<\/p>\n<p>&nbsp;<\/p>\n","protected":false},"excerpt":{"rendered":"<p><span style=\"color: #000000;\">VAJA L\u00c4HEB:<\/span><\/p>\n<ul>\n<li><span style=\"color: #000000;\">1 spl<a href=\"https:\/\/bio4you.eu\/et\/kehahooldus\/3457-neemioli-kuelmpress-100ml.html?utm_source=bioretsept&amp;utm_medium=retsept&amp;utm_campaign=retsept\" target=\"_blank\" rel=\"noopener noreferrer\">\u00a0<span style=\"color: #99cc00;\">neemi\u00f5li<\/span><\/a><\/span><\/li>\n<li><span style=\"color: #000000;\">50 ml sinu lemmikut n\u00e4o\u00f5li<\/span><\/li>\n<li><span style=\"color: #000000;\">10-20 tilka <a href=\"http:\/\/www.bio4you.eu\/et\/78-aroomiteraapia\" target=\"_blank\" rel=\"noopener noreferrer\"><span style=\"color: #99cc00;\">essentsi\u00f5li<\/span> <\/a>ehk eeterlikku \u00f5li (soovi korral)<\/span><\/li>\n<\/ul>\n","protected":false},"featured_media":3935,"comment_status":"closed","ping_status":"closed","template":"","meta":{"_exactmetrics_skip_tracking":false,"_exactmetrics_sitenote_active":false,"_exactmetrics_sitenote_note":"","_exactmetrics_sitenote_category":0},"product_cat":[61,79,84],"product_tag":[228,229,231,180],"class_list":{"0":"post-2023","1":"product","2":"type-product","3":"status-publish","4":"has-post-thumbnail","6":"product_cat-ilu-retseptid","7":"product_cat-naohooldus","8":"product_cat-aknehooldus","9":"product_tag-akne","10":"product_tag-aknehooldus-2","11":"product_tag-aknehooldus-neemioliga","12":"product_tag-neem","14":"first","15":"instock","16":"shipping-taxable","17":"product-type-simple"},"yoast_head":"<!-- This site is optimized with the Yoast SEO plugin v23.3 - https:\/\/yoast.com\/wordpress\/plugins\/seo\/ -->\n<title>Aknehooldus neemiga - bio4you.eu\/retseptid<\/title>\n<meta name=\"description\" content=\"Aknehooldus neemiga\" \/>\n<meta name=\"robots\" content=\"index, follow, max-snippet:-1, max-image-preview:large, max-video-preview:-1\" \/>\n<link rel=\"canonical\" href=\"https:\/\/bio4you.eu\/retseptid\/toode\/aknehooldus\/\" \/>\n<meta property=\"og:locale\" content=\"et_EE\" \/>\n<meta property=\"og:type\" content=\"article\" \/>\n<meta property=\"og:title\" content=\"Aknehooldus neemiga - bio4you.eu\/retseptid\" \/>\n<meta property=\"og:description\" content=\"Aknehooldus neemiga\" \/>\n<meta property=\"og:url\" content=\"https:\/\/bio4you.eu\/retseptid\/toode\/aknehooldus\/\" \/>\n<meta property=\"og:site_name\" content=\"bio4you.eu\/retseptid\" \/>\n<meta property=\"article:modified_time\" content=\"2022-05-17T07:32:26+00:00\" \/>\n<meta property=\"og:image\" content=\"https:\/\/bio4you.eu\/retseptid\/wp-content\/uploads\/2014\/05\/close-up-brunette-half-naked-woman-with-perfect-skin-nude-make-up-apply-oil-from-bottle-face-isolated-beige-pastel-wall-scaled.jpg\" \/>\n\t<meta property=\"og:image:width\" content=\"2560\" \/>\n\t<meta property=\"og:image:height\" content=\"1707\" \/>\n\t<meta property=\"og:image:type\" content=\"image\/jpeg\" \/>\n<script type=\"application\/ld+json\" class=\"yoast-schema-graph\">{\"@context\":\"https:\/\/schema.org\",\"@graph\":[{\"@type\":\"WebPage\",\"@id\":\"https:\/\/bio4you.eu\/retseptid\/toode\/aknehooldus\/\",\"url\":\"https:\/\/bio4you.eu\/retseptid\/toode\/aknehooldus\/\",\"name\":\"Aknehooldus neemiga - bio4you.eu\/retseptid\",\"isPartOf\":{\"@id\":\"https:\/\/bio4you.eu\/retseptid\/#website\"},\"primaryImageOfPage\":{\"@id\":\"https:\/\/bio4you.eu\/retseptid\/toode\/aknehooldus\/#primaryimage\"},\"image\":{\"@id\":\"https:\/\/bio4you.eu\/retseptid\/toode\/aknehooldus\/#primaryimage\"},\"thumbnailUrl\":\"https:\/\/bio4you.eu\/retseptid\/wp-content\/uploads\/2014\/05\/close-up-brunette-half-naked-woman-with-perfect-skin-nude-make-up-apply-oil-from-bottle-face-isolated-beige-pastel-wall-scaled.jpg\",\"datePublished\":\"2014-05-26T12:35:41+00:00\",\"dateModified\":\"2022-05-17T07:32:26+00:00\",\"description\":\"Aknehooldus neemiga\",\"breadcrumb\":{\"@id\":\"https:\/\/bio4you.eu\/retseptid\/toode\/aknehooldus\/#breadcrumb\"},\"inLanguage\":\"et\",\"potentialAction\":[{\"@type\":\"ReadAction\",\"target\":[\"https:\/\/bio4you.eu\/retseptid\/toode\/aknehooldus\/\"]}]},{\"@type\":\"ImageObject\",\"inLanguage\":\"et\",\"@id\":\"https:\/\/bio4you.eu\/retseptid\/toode\/aknehooldus\/#primaryimage\",\"url\":\"https:\/\/bio4you.eu\/retseptid\/wp-content\/uploads\/2014\/05\/close-up-brunette-half-naked-woman-with-perfect-skin-nude-make-up-apply-oil-from-bottle-face-isolated-beige-pastel-wall-scaled.jpg\",\"contentUrl\":\"https:\/\/bio4you.eu\/retseptid\/wp-content\/uploads\/2014\/05\/close-up-brunette-half-naked-woman-with-perfect-skin-nude-make-up-apply-oil-from-bottle-face-isolated-beige-pastel-wall-scaled.jpg\",\"width\":2560,\"height\":1707,\"caption\":\"Close up brunette half naked woman 20s with perfect skin, nude make up apply oil from bottle on face isolated on beige pastel wall background, studio portrait. Healthcare cosmetic procedures concept\"},{\"@type\":\"BreadcrumbList\",\"@id\":\"https:\/\/bio4you.eu\/retseptid\/toode\/aknehooldus\/#breadcrumb\",\"itemListElement\":[{\"@type\":\"ListItem\",\"position\":1,\"name\":\"Home\",\"item\":\"https:\/\/bio4you.eu\/retseptid\/\"},{\"@type\":\"ListItem\",\"position\":2,\"name\":\"Aknehooldus neemiga\"}]},{\"@type\":\"WebSite\",\"@id\":\"https:\/\/bio4you.eu\/retseptid\/#website\",\"url\":\"https:\/\/bio4you.eu\/retseptid\/\",\"name\":\"bio4you.eu\/retseptid\",\"description\":\"\u00d6ko retseptid ise tegemiseks, looduslikest koostisainetest. Maitsev toit, iluhooldus, kodupuhastus ja aiandus.\",\"potentialAction\":[{\"@type\":\"SearchAction\",\"target\":{\"@type\":\"EntryPoint\",\"urlTemplate\":\"https:\/\/bio4you.eu\/retseptid\/?s={search_term_string}\"},\"query-input\":\"required name=search_term_string\"}],\"inLanguage\":\"et\"}]}<\/script>\n<!-- \/ Yoast SEO plugin. -->","yoast_head_json":{"title":"Aknehooldus neemiga - bio4you.eu\/retseptid","description":"Aknehooldus neemiga","robots":{"index":"index","follow":"follow","max-snippet":"max-snippet:-1","max-image-preview":"max-image-preview:large","max-video-preview":"max-video-preview:-1"},"canonical":"https:\/\/bio4you.eu\/retseptid\/toode\/aknehooldus\/","og_locale":"et_EE","og_type":"article","og_title":"Aknehooldus neemiga - bio4you.eu\/retseptid","og_description":"Aknehooldus neemiga","og_url":"https:\/\/bio4you.eu\/retseptid\/toode\/aknehooldus\/","og_site_name":"bio4you.eu\/retseptid","article_modified_time":"2022-05-17T07:32:26+00:00","og_image":[{"width":2560,"height":1707,"url":"https:\/\/bio4you.eu\/retseptid\/wp-content\/uploads\/2014\/05\/close-up-brunette-half-naked-woman-with-perfect-skin-nude-make-up-apply-oil-from-bottle-face-isolated-beige-pastel-wall-scaled.jpg","type":"image\/jpeg"}],"schema":{"@context":"https:\/\/schema.org","@graph":[{"@type":"WebPage","@id":"https:\/\/bio4you.eu\/retseptid\/toode\/aknehooldus\/","url":"https:\/\/bio4you.eu\/retseptid\/toode\/aknehooldus\/","name":"Aknehooldus neemiga - bio4you.eu\/retseptid","isPartOf":{"@id":"https:\/\/bio4you.eu\/retseptid\/#website"},"primaryImageOfPage":{"@id":"https:\/\/bio4you.eu\/retseptid\/toode\/aknehooldus\/#primaryimage"},"image":{"@id":"https:\/\/bio4you.eu\/retseptid\/toode\/aknehooldus\/#primaryimage"},"thumbnailUrl":"https:\/\/bio4you.eu\/retseptid\/wp-content\/uploads\/2014\/05\/close-up-brunette-half-naked-woman-with-perfect-skin-nude-make-up-apply-oil-from-bottle-face-isolated-beige-pastel-wall-scaled.jpg","datePublished":"2014-05-26T12:35:41+00:00","dateModified":"2022-05-17T07:32:26+00:00","description":"Aknehooldus neemiga","breadcrumb":{"@id":"https:\/\/bio4you.eu\/retseptid\/toode\/aknehooldus\/#breadcrumb"},"inLanguage":"et","potentialAction":[{"@type":"ReadAction","target":["https:\/\/bio4you.eu\/retseptid\/toode\/aknehooldus\/"]}]},{"@type":"ImageObject","inLanguage":"et","@id":"https:\/\/bio4you.eu\/retseptid\/toode\/aknehooldus\/#primaryimage","url":"https:\/\/bio4you.eu\/retseptid\/wp-content\/uploads\/2014\/05\/close-up-brunette-half-naked-woman-with-perfect-skin-nude-make-up-apply-oil-from-bottle-face-isolated-beige-pastel-wall-scaled.jpg","contentUrl":"https:\/\/bio4you.eu\/retseptid\/wp-content\/uploads\/2014\/05\/close-up-brunette-half-naked-woman-with-perfect-skin-nude-make-up-apply-oil-from-bottle-face-isolated-beige-pastel-wall-scaled.jpg","width":2560,"height":1707,"caption":"Close up brunette half naked woman 20s with perfect skin, nude make up apply oil from bottle on face isolated on beige pastel wall background, studio portrait. Healthcare cosmetic procedures concept"},{"@type":"BreadcrumbList","@id":"https:\/\/bio4you.eu\/retseptid\/toode\/aknehooldus\/#breadcrumb","itemListElement":[{"@type":"ListItem","position":1,"name":"Home","item":"https:\/\/bio4you.eu\/retseptid\/"},{"@type":"ListItem","position":2,"name":"Aknehooldus neemiga"}]},{"@type":"WebSite","@id":"https:\/\/bio4you.eu\/retseptid\/#website","url":"https:\/\/bio4you.eu\/retseptid\/","name":"bio4you.eu\/retseptid","description":"\u00d6ko retseptid ise tegemiseks, looduslikest koostisainetest. Maitsev toit, iluhooldus, kodupuhastus ja aiandus.","potentialAction":[{"@type":"SearchAction","target":{"@type":"EntryPoint","urlTemplate":"https:\/\/bio4you.eu\/retseptid\/?s={search_term_string}"},"query-input":"required name=search_term_string"}],"inLanguage":"et"}]}},"_links":{"self":[{"href":"https:\/\/bio4you.eu\/retseptid\/wp-json\/wp\/v2\/product\/2023"}],"collection":[{"href":"https:\/\/bio4you.eu\/retseptid\/wp-json\/wp\/v2\/product"}],"about":[{"href":"https:\/\/bio4you.eu\/retseptid\/wp-json\/wp\/v2\/types\/product"}],"replies":[{"embeddable":true,"href":"https:\/\/bio4you.eu\/retseptid\/wp-json\/wp\/v2\/comments?post=2023"}],"wp:featuredmedia":[{"embeddable":true,"href":"https:\/\/bio4you.eu\/retseptid\/wp-json\/wp\/v2\/media\/3935"}],"wp:attachment":[{"href":"https:\/\/bio4you.eu\/retseptid\/wp-json\/wp\/v2\/media?parent=2023"}],"wp:term":[{"taxonomy":"product_cat","embeddable":true,"href":"https:\/\/bio4you.eu\/retseptid\/wp-json\/wp\/v2\/product_cat?post=2023"},{"taxonomy":"product_tag","embeddable":true,"href":"https:\/\/bio4you.eu\/retseptid\/wp-json\/wp\/v2\/product_tag?post=2023"}],"curies":[{"name":"wp","href":"https:\/\/api.w.org\/{rel}","templated":true}]}}