{"id":2024,"date":"2014-05-26T15:38:15","date_gmt":"2014-05-26T12:38:15","guid":{"rendered":"https:\/\/bio4you.eu\/retseptid\/?post_type=product&#038;p=2024"},"modified":"2022-05-19T09:32:54","modified_gmt":"2022-05-19T06:32:54","slug":"mahkmearrituse-vastane-oli","status":"publish","type":"product","link":"https:\/\/bio4you.eu\/retseptid\/toode\/mahkmearrituse-vastane-oli\/","title":{"rendered":"M\u00e4hkme\u00e4rrituse \u00f5li neemiga"},"content":{"rendered":"<p>VALMISTAMINE:<\/p>\n<ul>\n<li>Pane peo peale natuke magusmandli\u00f5li ja lisa sellele 2 tilka neemi\u00f5li.<\/li>\n<li>Nahk rahuneb koheselt.<\/li>\n<\/ul>\n<p>&nbsp;<\/p>\n<p>&nbsp;<\/p>\n","protected":false},"excerpt":{"rendered":"<p><span style=\"color: #000000;\">\u00a0<\/span><span style=\"color: #000000;\">VAJA L\u00c4HEB:<\/span><\/p>\n<ul>\n<li><span style=\"color: #000000;\">paar tilka <a href=\"https:\/\/bio4you.eu\/et\/kehahooldus\/3457-neemioli-kuelmpress-100ml.html?utm_source=bioretsept&amp;utm_medium=retsept&amp;utm_campaign=retsept\" target=\"_blank\" rel=\"noopener noreferrer\"><span style=\"color: #99cc00;\">neemi\u00f5li<\/span><\/a><\/span><\/li>\n<li><a href=\"https:\/\/bio4you.eu\/et\/olid\/1026-magusmandli-oli-kulmpress-100ml-laboratorio-naturale.html\" target=\"_blank\" rel=\"noopener noreferrer\"><span style=\"color: #99cc00;\">magusmandli\u00f5li<\/span><\/a><\/li>\n<\/ul>\n","protected":false},"featured_media":3757,"comment_status":"closed","ping_status":"closed","template":"","meta":{"_exactmetrics_skip_tracking":false,"_exactmetrics_sitenote_active":false,"_exactmetrics_sitenote_note":"","_exactmetrics_sitenote_category":0},"product_cat":[61,94],"product_tag":[227,224],"class_list":{"0":"post-2024","1":"product","2":"type-product","3":"status-publish","4":"has-post-thumbnail","6":"product_cat-ilu-retseptid","7":"product_cat-laste-kosmeetika","8":"product_tag-mahkmearritus","9":"product_tag-neem-neemioli","11":"first","12":"instock","13":"shipping-taxable","14":"product-type-simple"},"yoast_head":"<!-- This site is optimized with the Yoast SEO plugin v23.3 - https:\/\/yoast.com\/wordpress\/plugins\/seo\/ -->\n<title>M\u00e4hkme\u00e4rrituse \u00f5li neemiga - bio4you.eu\/retseptid<\/title>\n<meta name=\"description\" content=\"M\u00e4hkme\u00e4rrituse \u00f5li neemiga\" \/>\n<meta name=\"robots\" content=\"index, follow, max-snippet:-1, max-image-preview:large, max-video-preview:-1\" \/>\n<link rel=\"canonical\" href=\"https:\/\/bio4you.eu\/retseptid\/toode\/mahkmearrituse-vastane-oli\/\" \/>\n<meta property=\"og:locale\" content=\"et_EE\" \/>\n<meta property=\"og:type\" content=\"article\" \/>\n<meta property=\"og:title\" content=\"M\u00e4hkme\u00e4rrituse \u00f5li neemiga - bio4you.eu\/retseptid\" \/>\n<meta property=\"og:description\" content=\"M\u00e4hkme\u00e4rrituse \u00f5li neemiga\" \/>\n<meta property=\"og:url\" content=\"https:\/\/bio4you.eu\/retseptid\/toode\/mahkmearrituse-vastane-oli\/\" \/>\n<meta property=\"og:site_name\" content=\"bio4you.eu\/retseptid\" \/>\n<meta property=\"article:modified_time\" content=\"2022-05-19T06:32:54+00:00\" \/>\n<meta property=\"og:image\" content=\"https:\/\/bio4you.eu\/retseptid\/wp-content\/uploads\/2014\/05\/pexels-photo-459953-scaled.jpeg\" \/>\n\t<meta property=\"og:image:width\" content=\"2560\" \/>\n\t<meta property=\"og:image:height\" content=\"1703\" \/>\n\t<meta property=\"og:image:type\" content=\"image\/jpeg\" \/>\n<script type=\"application\/ld+json\" class=\"yoast-schema-graph\">{\"@context\":\"https:\/\/schema.org\",\"@graph\":[{\"@type\":\"WebPage\",\"@id\":\"https:\/\/bio4you.eu\/retseptid\/toode\/mahkmearrituse-vastane-oli\/\",\"url\":\"https:\/\/bio4you.eu\/retseptid\/toode\/mahkmearrituse-vastane-oli\/\",\"name\":\"M\u00e4hkme\u00e4rrituse \u00f5li neemiga - bio4you.eu\/retseptid\",\"isPartOf\":{\"@id\":\"https:\/\/bio4you.eu\/retseptid\/#website\"},\"primaryImageOfPage\":{\"@id\":\"https:\/\/bio4you.eu\/retseptid\/toode\/mahkmearrituse-vastane-oli\/#primaryimage\"},\"image\":{\"@id\":\"https:\/\/bio4you.eu\/retseptid\/toode\/mahkmearrituse-vastane-oli\/#primaryimage\"},\"thumbnailUrl\":\"https:\/\/bio4you.eu\/retseptid\/wp-content\/uploads\/2014\/05\/pexels-photo-459953-scaled.jpeg\",\"datePublished\":\"2014-05-26T12:38:15+00:00\",\"dateModified\":\"2022-05-19T06:32:54+00:00\",\"description\":\"M\u00e4hkme\u00e4rrituse \u00f5li neemiga\",\"breadcrumb\":{\"@id\":\"https:\/\/bio4you.eu\/retseptid\/toode\/mahkmearrituse-vastane-oli\/#breadcrumb\"},\"inLanguage\":\"et\",\"potentialAction\":[{\"@type\":\"ReadAction\",\"target\":[\"https:\/\/bio4you.eu\/retseptid\/toode\/mahkmearrituse-vastane-oli\/\"]}]},{\"@type\":\"ImageObject\",\"inLanguage\":\"et\",\"@id\":\"https:\/\/bio4you.eu\/retseptid\/toode\/mahkmearrituse-vastane-oli\/#primaryimage\",\"url\":\"https:\/\/bio4you.eu\/retseptid\/wp-content\/uploads\/2014\/05\/pexels-photo-459953-scaled.jpeg\",\"contentUrl\":\"https:\/\/bio4you.eu\/retseptid\/wp-content\/uploads\/2014\/05\/pexels-photo-459953-scaled.jpeg\",\"width\":2560,\"height\":1703},{\"@type\":\"BreadcrumbList\",\"@id\":\"https:\/\/bio4you.eu\/retseptid\/toode\/mahkmearrituse-vastane-oli\/#breadcrumb\",\"itemListElement\":[{\"@type\":\"ListItem\",\"position\":1,\"name\":\"Home\",\"item\":\"https:\/\/bio4you.eu\/retseptid\/\"},{\"@type\":\"ListItem\",\"position\":2,\"name\":\"M\u00e4hkme\u00e4rrituse \u00f5li neemiga\"}]},{\"@type\":\"WebSite\",\"@id\":\"https:\/\/bio4you.eu\/retseptid\/#website\",\"url\":\"https:\/\/bio4you.eu\/retseptid\/\",\"name\":\"bio4you.eu\/retseptid\",\"description\":\"\u00d6ko retseptid ise tegemiseks, looduslikest koostisainetest. Maitsev toit, iluhooldus, kodupuhastus ja aiandus.\",\"potentialAction\":[{\"@type\":\"SearchAction\",\"target\":{\"@type\":\"EntryPoint\",\"urlTemplate\":\"https:\/\/bio4you.eu\/retseptid\/?s={search_term_string}\"},\"query-input\":\"required name=search_term_string\"}],\"inLanguage\":\"et\"}]}<\/script>\n<!-- \/ Yoast SEO plugin. -->","yoast_head_json":{"title":"M\u00e4hkme\u00e4rrituse \u00f5li neemiga - bio4you.eu\/retseptid","description":"M\u00e4hkme\u00e4rrituse \u00f5li neemiga","robots":{"index":"index","follow":"follow","max-snippet":"max-snippet:-1","max-image-preview":"max-image-preview:large","max-video-preview":"max-video-preview:-1"},"canonical":"https:\/\/bio4you.eu\/retseptid\/toode\/mahkmearrituse-vastane-oli\/","og_locale":"et_EE","og_type":"article","og_title":"M\u00e4hkme\u00e4rrituse \u00f5li neemiga - bio4you.eu\/retseptid","og_description":"M\u00e4hkme\u00e4rrituse \u00f5li neemiga","og_url":"https:\/\/bio4you.eu\/retseptid\/toode\/mahkmearrituse-vastane-oli\/","og_site_name":"bio4you.eu\/retseptid","article_modified_time":"2022-05-19T06:32:54+00:00","og_image":[{"width":2560,"height":1703,"url":"https:\/\/bio4you.eu\/retseptid\/wp-content\/uploads\/2014\/05\/pexels-photo-459953-scaled.jpeg","type":"image\/jpeg"}],"schema":{"@context":"https:\/\/schema.org","@graph":[{"@type":"WebPage","@id":"https:\/\/bio4you.eu\/retseptid\/toode\/mahkmearrituse-vastane-oli\/","url":"https:\/\/bio4you.eu\/retseptid\/toode\/mahkmearrituse-vastane-oli\/","name":"M\u00e4hkme\u00e4rrituse \u00f5li neemiga - bio4you.eu\/retseptid","isPartOf":{"@id":"https:\/\/bio4you.eu\/retseptid\/#website"},"primaryImageOfPage":{"@id":"https:\/\/bio4you.eu\/retseptid\/toode\/mahkmearrituse-vastane-oli\/#primaryimage"},"image":{"@id":"https:\/\/bio4you.eu\/retseptid\/toode\/mahkmearrituse-vastane-oli\/#primaryimage"},"thumbnailUrl":"https:\/\/bio4you.eu\/retseptid\/wp-content\/uploads\/2014\/05\/pexels-photo-459953-scaled.jpeg","datePublished":"2014-05-26T12:38:15+00:00","dateModified":"2022-05-19T06:32:54+00:00","description":"M\u00e4hkme\u00e4rrituse \u00f5li neemiga","breadcrumb":{"@id":"https:\/\/bio4you.eu\/retseptid\/toode\/mahkmearrituse-vastane-oli\/#breadcrumb"},"inLanguage":"et","potentialAction":[{"@type":"ReadAction","target":["https:\/\/bio4you.eu\/retseptid\/toode\/mahkmearrituse-vastane-oli\/"]}]},{"@type":"ImageObject","inLanguage":"et","@id":"https:\/\/bio4you.eu\/retseptid\/toode\/mahkmearrituse-vastane-oli\/#primaryimage","url":"https:\/\/bio4you.eu\/retseptid\/wp-content\/uploads\/2014\/05\/pexels-photo-459953-scaled.jpeg","contentUrl":"https:\/\/bio4you.eu\/retseptid\/wp-content\/uploads\/2014\/05\/pexels-photo-459953-scaled.jpeg","width":2560,"height":1703},{"@type":"BreadcrumbList","@id":"https:\/\/bio4you.eu\/retseptid\/toode\/mahkmearrituse-vastane-oli\/#breadcrumb","itemListElement":[{"@type":"ListItem","position":1,"name":"Home","item":"https:\/\/bio4you.eu\/retseptid\/"},{"@type":"ListItem","position":2,"name":"M\u00e4hkme\u00e4rrituse \u00f5li neemiga"}]},{"@type":"WebSite","@id":"https:\/\/bio4you.eu\/retseptid\/#website","url":"https:\/\/bio4you.eu\/retseptid\/","name":"bio4you.eu\/retseptid","description":"\u00d6ko retseptid ise tegemiseks, looduslikest koostisainetest. Maitsev toit, iluhooldus, kodupuhastus ja aiandus.","potentialAction":[{"@type":"SearchAction","target":{"@type":"EntryPoint","urlTemplate":"https:\/\/bio4you.eu\/retseptid\/?s={search_term_string}"},"query-input":"required name=search_term_string"}],"inLanguage":"et"}]}},"_links":{"self":[{"href":"https:\/\/bio4you.eu\/retseptid\/wp-json\/wp\/v2\/product\/2024"}],"collection":[{"href":"https:\/\/bio4you.eu\/retseptid\/wp-json\/wp\/v2\/product"}],"about":[{"href":"https:\/\/bio4you.eu\/retseptid\/wp-json\/wp\/v2\/types\/product"}],"replies":[{"embeddable":true,"href":"https:\/\/bio4you.eu\/retseptid\/wp-json\/wp\/v2\/comments?post=2024"}],"wp:featuredmedia":[{"embeddable":true,"href":"https:\/\/bio4you.eu\/retseptid\/wp-json\/wp\/v2\/media\/3757"}],"wp:attachment":[{"href":"https:\/\/bio4you.eu\/retseptid\/wp-json\/wp\/v2\/media?parent=2024"}],"wp:term":[{"taxonomy":"product_cat","embeddable":true,"href":"https:\/\/bio4you.eu\/retseptid\/wp-json\/wp\/v2\/product_cat?post=2024"},{"taxonomy":"product_tag","embeddable":true,"href":"https:\/\/bio4you.eu\/retseptid\/wp-json\/wp\/v2\/product_tag?post=2024"}],"curies":[{"name":"wp","href":"https:\/\/api.w.org\/{rel}","templated":true}]}}