{"id":2049,"date":"2014-05-27T12:57:15","date_gmt":"2014-05-27T09:57:15","guid":{"rendered":"https:\/\/bio4you.eu\/retseptid\/product\/kehakoorija-kohvi-ja-amla-tikriga-eriti-tohus\/"},"modified":"2022-05-17T20:23:05","modified_gmt":"2022-05-17T17:23:05","slug":"kehakoorija-kohvi-ja-amla-tikriga-eriti-tohus","status":"publish","type":"product","link":"https:\/\/bio4you.eu\/retseptid\/toode\/kehakoorija-kohvi-ja-amla-tikriga-eriti-tohus\/","title":{"rendered":"Eriti t\u00f5hus kehakoorija kohvi ja amla tikriga"},"content":{"rendered":"<p>VALMISTAMINE:<br \/>\nPane kohv, suhkur ja amla tikri pulber kaussi, sega l\u00e4bi ja lisa ca 2 spl oliivi\u00f5li.<br \/>\nSega korralikult l\u00e4bi, \u00a0vajadusel lisa veel oliivi\u00f5li v\u00e4ikeste sortsude haaval, kuni tekib m\u00e4rja liiva sarnane, \u00fchtlane konsistents. S\u00e4ilita suletud anumaga k\u00fclmikus (s\u00e4ilib ca 6 kuud) \u00a0Kasutades h\u00f5\u00f5ru koorija ringjate liigutustega niiskele nahale, lase veidi seista ja pese veega maha. Kasuta 1 kord n\u00e4dalas.<\/p>\n<p>Amla tikker on t\u00f5hus koorija, sest sisaldab rohkelt c-vitamiini ja ka viljakoore t\u00fckikesi.<\/p>\n<p>&nbsp;<\/p>\n","protected":false},"excerpt":{"rendered":"<p>VAJA L\u00c4HEB:<\/p>\n<ul>\n<li>50 ml peene jahvatusega\u00a0<a href=\"https:\/\/bio4you.eu\/et\/172-kohv?utm_source=Bioretsept&amp;utm_medium=retseptireklaam&amp;utm_campaign=Retsept\" target=\"_blank\" rel=\"noopener\"><span style=\"color: #99cc00;\">kohvi<\/span><\/a> (nt espresso) v\u00f5i kohvipaksu<\/li>\n<li>100 ml valget suhkrut<\/li>\n<li>2 spl <a href=\"https:\/\/bio4you.eu\/et\/taimepulbrid\/1337-taimepulber-amla-tikker-100g-juuksekasv-akne-koorimine-erbe-di-janas.html?utm_source=Bioretsept&amp;utm_medium=retseptireklaam&amp;utm_campaign=Retsept\" target=\"_blank\" rel=\"noopener\"><span style=\"color: #99cc00;\">amla tikri pulbrit<\/span><\/a><\/li>\n<li>2 spl <a href=\"https:\/\/bio4you.eu\/et\/otsi?controller=search&amp;order=product.position.desc&amp;s=oliivi%C3%B5li&amp;utm_source=bioretsept&amp;utm_medium=retsept&amp;utm_campaign=retsept\" target=\"_blank\" rel=\"noopener\"><span style=\"color: #99cc00;\">esimese k\u00fclmpressi oliivi\u00f5li<\/span><\/a><\/li>\n<\/ul>\n","protected":false},"featured_media":3261,"comment_status":"closed","ping_status":"closed","template":"","meta":{"_exactmetrics_skip_tracking":false,"_exactmetrics_sitenote_active":false,"_exactmetrics_sitenote_note":"","_exactmetrics_sitenote_category":0},"product_cat":[61,85,86],"product_tag":[210,207,208,206,204,209,205],"class_list":{"0":"post-2049","1":"product","2":"type-product","3":"status-publish","4":"has-post-thumbnail","6":"product_cat-ilu-retseptid","7":"product_cat-kehahooldus","8":"product_cat-koorimine-kehahooldus","9":"product_tag-amla-tikker","10":"product_tag-isetehtud-kehakoorija","11":"product_tag-isetehtud-koorija","12":"product_tag-kakao-kehakoorija","13":"product_tag-kehakoorija","14":"product_tag-kohviga-koorija","15":"product_tag-koorija","17":"first","18":"instock","19":"shipping-taxable","20":"product-type-simple"},"yoast_head":"<!-- This site is optimized with the Yoast SEO plugin v23.3 - https:\/\/yoast.com\/wordpress\/plugins\/seo\/ -->\n<title>Eriti t\u00f5hus kehakoorija kohvi ja amla tikriga - bio4you.eu\/retseptid<\/title>\n<meta name=\"description\" content=\"Isetehtud kohvi-lavendli kehakoorija\" \/>\n<meta name=\"robots\" content=\"index, follow, max-snippet:-1, max-image-preview:large, max-video-preview:-1\" \/>\n<link rel=\"canonical\" href=\"https:\/\/bio4you.eu\/retseptid\/toode\/kehakoorija-kohvi-ja-amla-tikriga-eriti-tohus\/\" \/>\n<meta property=\"og:locale\" content=\"et_EE\" \/>\n<meta property=\"og:type\" content=\"article\" \/>\n<meta property=\"og:title\" content=\"Eriti t\u00f5hus kehakoorija kohvi ja amla tikriga - bio4you.eu\/retseptid\" \/>\n<meta property=\"og:description\" content=\"Isetehtud kohvi-lavendli kehakoorija\" \/>\n<meta property=\"og:url\" content=\"https:\/\/bio4you.eu\/retseptid\/toode\/kehakoorija-kohvi-ja-amla-tikriga-eriti-tohus\/\" \/>\n<meta property=\"og:site_name\" content=\"bio4you.eu\/retseptid\" \/>\n<meta property=\"article:modified_time\" content=\"2022-05-17T17:23:05+00:00\" \/>\n<meta property=\"og:image\" content=\"https:\/\/bio4you.eu\/retseptid\/wp-content\/uploads\/2014\/05\/Indian-Gooseberry01.jpg\" \/>\n\t<meta property=\"og:image:width\" content=\"1632\" \/>\n\t<meta property=\"og:image:height\" content=\"916\" \/>\n\t<meta property=\"og:image:type\" content=\"image\/jpeg\" \/>\n<meta name=\"twitter:label1\" content=\"Est. reading time\" \/>\n\t<meta name=\"twitter:data1\" content=\"1 minut\" \/>\n<script type=\"application\/ld+json\" class=\"yoast-schema-graph\">{\"@context\":\"https:\/\/schema.org\",\"@graph\":[{\"@type\":\"WebPage\",\"@id\":\"https:\/\/bio4you.eu\/retseptid\/toode\/kehakoorija-kohvi-ja-amla-tikriga-eriti-tohus\/\",\"url\":\"https:\/\/bio4you.eu\/retseptid\/toode\/kehakoorija-kohvi-ja-amla-tikriga-eriti-tohus\/\",\"name\":\"Eriti t\u00f5hus kehakoorija kohvi ja amla tikriga - bio4you.eu\/retseptid\",\"isPartOf\":{\"@id\":\"https:\/\/bio4you.eu\/retseptid\/#website\"},\"primaryImageOfPage\":{\"@id\":\"https:\/\/bio4you.eu\/retseptid\/toode\/kehakoorija-kohvi-ja-amla-tikriga-eriti-tohus\/#primaryimage\"},\"image\":{\"@id\":\"https:\/\/bio4you.eu\/retseptid\/toode\/kehakoorija-kohvi-ja-amla-tikriga-eriti-tohus\/#primaryimage\"},\"thumbnailUrl\":\"https:\/\/bio4you.eu\/retseptid\/wp-content\/uploads\/2014\/05\/Indian-Gooseberry01.jpg\",\"datePublished\":\"2014-05-27T09:57:15+00:00\",\"dateModified\":\"2022-05-17T17:23:05+00:00\",\"description\":\"Isetehtud kohvi-lavendli kehakoorija\",\"breadcrumb\":{\"@id\":\"https:\/\/bio4you.eu\/retseptid\/toode\/kehakoorija-kohvi-ja-amla-tikriga-eriti-tohus\/#breadcrumb\"},\"inLanguage\":\"et\",\"potentialAction\":[{\"@type\":\"ReadAction\",\"target\":[\"https:\/\/bio4you.eu\/retseptid\/toode\/kehakoorija-kohvi-ja-amla-tikriga-eriti-tohus\/\"]}]},{\"@type\":\"ImageObject\",\"inLanguage\":\"et\",\"@id\":\"https:\/\/bio4you.eu\/retseptid\/toode\/kehakoorija-kohvi-ja-amla-tikriga-eriti-tohus\/#primaryimage\",\"url\":\"https:\/\/bio4you.eu\/retseptid\/wp-content\/uploads\/2014\/05\/Indian-Gooseberry01.jpg\",\"contentUrl\":\"https:\/\/bio4you.eu\/retseptid\/wp-content\/uploads\/2014\/05\/Indian-Gooseberry01.jpg\",\"width\":1632,\"height\":916},{\"@type\":\"BreadcrumbList\",\"@id\":\"https:\/\/bio4you.eu\/retseptid\/toode\/kehakoorija-kohvi-ja-amla-tikriga-eriti-tohus\/#breadcrumb\",\"itemListElement\":[{\"@type\":\"ListItem\",\"position\":1,\"name\":\"Home\",\"item\":\"https:\/\/bio4you.eu\/retseptid\/\"},{\"@type\":\"ListItem\",\"position\":2,\"name\":\"Eriti t\u00f5hus kehakoorija kohvi ja amla tikriga\"}]},{\"@type\":\"WebSite\",\"@id\":\"https:\/\/bio4you.eu\/retseptid\/#website\",\"url\":\"https:\/\/bio4you.eu\/retseptid\/\",\"name\":\"bio4you.eu\/retseptid\",\"description\":\"\u00d6ko retseptid ise tegemiseks, looduslikest koostisainetest. Maitsev toit, iluhooldus, kodupuhastus ja aiandus.\",\"potentialAction\":[{\"@type\":\"SearchAction\",\"target\":{\"@type\":\"EntryPoint\",\"urlTemplate\":\"https:\/\/bio4you.eu\/retseptid\/?s={search_term_string}\"},\"query-input\":\"required name=search_term_string\"}],\"inLanguage\":\"et\"}]}<\/script>\n<!-- \/ Yoast SEO plugin. -->","yoast_head_json":{"title":"Eriti t\u00f5hus kehakoorija kohvi ja amla tikriga - bio4you.eu\/retseptid","description":"Isetehtud kohvi-lavendli kehakoorija","robots":{"index":"index","follow":"follow","max-snippet":"max-snippet:-1","max-image-preview":"max-image-preview:large","max-video-preview":"max-video-preview:-1"},"canonical":"https:\/\/bio4you.eu\/retseptid\/toode\/kehakoorija-kohvi-ja-amla-tikriga-eriti-tohus\/","og_locale":"et_EE","og_type":"article","og_title":"Eriti t\u00f5hus kehakoorija kohvi ja amla tikriga - bio4you.eu\/retseptid","og_description":"Isetehtud kohvi-lavendli kehakoorija","og_url":"https:\/\/bio4you.eu\/retseptid\/toode\/kehakoorija-kohvi-ja-amla-tikriga-eriti-tohus\/","og_site_name":"bio4you.eu\/retseptid","article_modified_time":"2022-05-17T17:23:05+00:00","og_image":[{"width":1632,"height":916,"url":"https:\/\/bio4you.eu\/retseptid\/wp-content\/uploads\/2014\/05\/Indian-Gooseberry01.jpg","type":"image\/jpeg"}],"twitter_misc":{"Est. reading time":"1 minut"},"schema":{"@context":"https:\/\/schema.org","@graph":[{"@type":"WebPage","@id":"https:\/\/bio4you.eu\/retseptid\/toode\/kehakoorija-kohvi-ja-amla-tikriga-eriti-tohus\/","url":"https:\/\/bio4you.eu\/retseptid\/toode\/kehakoorija-kohvi-ja-amla-tikriga-eriti-tohus\/","name":"Eriti t\u00f5hus kehakoorija kohvi ja amla tikriga - bio4you.eu\/retseptid","isPartOf":{"@id":"https:\/\/bio4you.eu\/retseptid\/#website"},"primaryImageOfPage":{"@id":"https:\/\/bio4you.eu\/retseptid\/toode\/kehakoorija-kohvi-ja-amla-tikriga-eriti-tohus\/#primaryimage"},"image":{"@id":"https:\/\/bio4you.eu\/retseptid\/toode\/kehakoorija-kohvi-ja-amla-tikriga-eriti-tohus\/#primaryimage"},"thumbnailUrl":"https:\/\/bio4you.eu\/retseptid\/wp-content\/uploads\/2014\/05\/Indian-Gooseberry01.jpg","datePublished":"2014-05-27T09:57:15+00:00","dateModified":"2022-05-17T17:23:05+00:00","description":"Isetehtud kohvi-lavendli kehakoorija","breadcrumb":{"@id":"https:\/\/bio4you.eu\/retseptid\/toode\/kehakoorija-kohvi-ja-amla-tikriga-eriti-tohus\/#breadcrumb"},"inLanguage":"et","potentialAction":[{"@type":"ReadAction","target":["https:\/\/bio4you.eu\/retseptid\/toode\/kehakoorija-kohvi-ja-amla-tikriga-eriti-tohus\/"]}]},{"@type":"ImageObject","inLanguage":"et","@id":"https:\/\/bio4you.eu\/retseptid\/toode\/kehakoorija-kohvi-ja-amla-tikriga-eriti-tohus\/#primaryimage","url":"https:\/\/bio4you.eu\/retseptid\/wp-content\/uploads\/2014\/05\/Indian-Gooseberry01.jpg","contentUrl":"https:\/\/bio4you.eu\/retseptid\/wp-content\/uploads\/2014\/05\/Indian-Gooseberry01.jpg","width":1632,"height":916},{"@type":"BreadcrumbList","@id":"https:\/\/bio4you.eu\/retseptid\/toode\/kehakoorija-kohvi-ja-amla-tikriga-eriti-tohus\/#breadcrumb","itemListElement":[{"@type":"ListItem","position":1,"name":"Home","item":"https:\/\/bio4you.eu\/retseptid\/"},{"@type":"ListItem","position":2,"name":"Eriti t\u00f5hus kehakoorija kohvi ja amla tikriga"}]},{"@type":"WebSite","@id":"https:\/\/bio4you.eu\/retseptid\/#website","url":"https:\/\/bio4you.eu\/retseptid\/","name":"bio4you.eu\/retseptid","description":"\u00d6ko retseptid ise tegemiseks, looduslikest koostisainetest. Maitsev toit, iluhooldus, kodupuhastus ja aiandus.","potentialAction":[{"@type":"SearchAction","target":{"@type":"EntryPoint","urlTemplate":"https:\/\/bio4you.eu\/retseptid\/?s={search_term_string}"},"query-input":"required name=search_term_string"}],"inLanguage":"et"}]}},"_links":{"self":[{"href":"https:\/\/bio4you.eu\/retseptid\/wp-json\/wp\/v2\/product\/2049"}],"collection":[{"href":"https:\/\/bio4you.eu\/retseptid\/wp-json\/wp\/v2\/product"}],"about":[{"href":"https:\/\/bio4you.eu\/retseptid\/wp-json\/wp\/v2\/types\/product"}],"replies":[{"embeddable":true,"href":"https:\/\/bio4you.eu\/retseptid\/wp-json\/wp\/v2\/comments?post=2049"}],"wp:featuredmedia":[{"embeddable":true,"href":"https:\/\/bio4you.eu\/retseptid\/wp-json\/wp\/v2\/media\/3261"}],"wp:attachment":[{"href":"https:\/\/bio4you.eu\/retseptid\/wp-json\/wp\/v2\/media?parent=2049"}],"wp:term":[{"taxonomy":"product_cat","embeddable":true,"href":"https:\/\/bio4you.eu\/retseptid\/wp-json\/wp\/v2\/product_cat?post=2049"},{"taxonomy":"product_tag","embeddable":true,"href":"https:\/\/bio4you.eu\/retseptid\/wp-json\/wp\/v2\/product_tag?post=2049"}],"curies":[{"name":"wp","href":"https:\/\/api.w.org\/{rel}","templated":true}]}}