{"id":2070,"date":"2014-05-27T20:24:47","date_gmt":"2014-05-27T17:24:47","guid":{"rendered":"https:\/\/bio4you.eu\/retseptid\/product\/koomavastane-hooldus-neemiga\/"},"modified":"2022-05-17T19:50:56","modified_gmt":"2022-05-17T16:50:56","slug":"koomavastane-hooldus-neemiga","status":"publish","type":"product","link":"https:\/\/bio4you.eu\/retseptid\/toode\/koomavastane-hooldus-neemiga\/","title":{"rendered":"K\u00f5\u00f5mavastane \u00f5lihooldus neemiga"},"content":{"rendered":"<p><span style=\"color: #000000;\">VALMISTAMINE:<br \/>\n<\/span><span style=\"color: #000000;\">Lisa taime\u00f5li sisse 10 tilka neemi\u00f5li.\u00a0<\/span><span style=\"color: #000000;\">Masseeri peanahka ja hoia 15-20 minutit.\u00a0<\/span><span style=\"color: #000000;\">Lisa 10 tilka neemi\u00f5li ka shampoonile, millega pead pesed.<\/span><\/p>\n","protected":false},"excerpt":{"rendered":"<p><span style=\"color: #000000;\">\u00a0<\/span><span style=\"color: #000000;\"><strong>Vaja l\u00e4heb:<\/strong><\/span><\/p>\n<ul>\n<li><a href=\"https:\/\/bio4you.eu\/et\/kehahooldus\/3457-neemioli-kuelmpress-100ml.html?utm_source=bioretsept&amp;utm_medium=retsept&amp;utm_campaign=retsept\" target=\"_blank\" rel=\"noopener noreferrer\"><span style=\"color: #99cc00;\">neemi\u00f5li<\/span><\/a><\/li>\n<li><span style=\"color: #000000;\">\u0161ampooni<\/span><\/li>\n<li><span style=\"color: #000000;\">meeldivat taime\u00f5li<\/span><\/li>\n<\/ul>\n","protected":false},"featured_media":3957,"comment_status":"closed","ping_status":"closed","template":"","meta":{"_exactmetrics_skip_tracking":false,"_exactmetrics_sitenote_active":false,"_exactmetrics_sitenote_note":"","_exactmetrics_sitenote_category":0},"product_cat":[61,92,97,95],"product_tag":[98,234,238,239,180,179,240],"class_list":{"0":"post-2070","1":"product","2":"type-product","3":"status-publish","4":"has-post-thumbnail","6":"product_cat-ilu-retseptid","7":"product_cat-juuksehooldus","8":"product_cat-juuksekasv-ja-peanaha-probleemid","9":"product_cat-juuksemaskid","10":"product_tag-juuksed","11":"product_tag-juuksekasv","12":"product_tag-koom","13":"product_tag-koomavastane-hooldus","14":"product_tag-neem","15":"product_tag-neemioli","16":"product_tag-peanahk","18":"first","19":"instock","20":"shipping-taxable","21":"product-type-simple"},"yoast_head":"<!-- This site is optimized with the Yoast SEO plugin v23.3 - https:\/\/yoast.com\/wordpress\/plugins\/seo\/ -->\n<title>K\u00f5\u00f5mavastane \u00f5lihooldus neemiga - bio4you.eu\/retseptid<\/title>\n<meta name=\"description\" content=\"K\u00f5\u00f5mavastane \u00f5lihooldus neemiga\" \/>\n<meta name=\"robots\" content=\"index, follow, max-snippet:-1, max-image-preview:large, max-video-preview:-1\" \/>\n<link rel=\"canonical\" href=\"https:\/\/bio4you.eu\/retseptid\/toode\/koomavastane-hooldus-neemiga\/\" \/>\n<meta property=\"og:locale\" content=\"et_EE\" \/>\n<meta property=\"og:type\" content=\"article\" \/>\n<meta property=\"og:title\" content=\"K\u00f5\u00f5mavastane \u00f5lihooldus neemiga - bio4you.eu\/retseptid\" \/>\n<meta property=\"og:description\" content=\"K\u00f5\u00f5mavastane \u00f5lihooldus neemiga\" \/>\n<meta property=\"og:url\" content=\"https:\/\/bio4you.eu\/retseptid\/toode\/koomavastane-hooldus-neemiga\/\" \/>\n<meta property=\"og:site_name\" content=\"bio4you.eu\/retseptid\" \/>\n<meta property=\"article:modified_time\" content=\"2022-05-17T16:50:56+00:00\" \/>\n<meta property=\"og:image\" content=\"https:\/\/bio4you.eu\/retseptid\/wp-content\/uploads\/2014\/05\/matthew-tkocz-q697-Akhwkc-unsplash-1-scaled.jpg\" \/>\n\t<meta property=\"og:image:width\" content=\"2560\" \/>\n\t<meta property=\"og:image:height\" content=\"1707\" \/>\n\t<meta property=\"og:image:type\" content=\"image\/jpeg\" \/>\n<meta name=\"twitter:label1\" content=\"Est. reading time\" \/>\n\t<meta name=\"twitter:data1\" content=\"1 minut\" \/>\n<script type=\"application\/ld+json\" class=\"yoast-schema-graph\">{\"@context\":\"https:\/\/schema.org\",\"@graph\":[{\"@type\":\"WebPage\",\"@id\":\"https:\/\/bio4you.eu\/retseptid\/toode\/koomavastane-hooldus-neemiga\/\",\"url\":\"https:\/\/bio4you.eu\/retseptid\/toode\/koomavastane-hooldus-neemiga\/\",\"name\":\"K\u00f5\u00f5mavastane \u00f5lihooldus neemiga - bio4you.eu\/retseptid\",\"isPartOf\":{\"@id\":\"https:\/\/bio4you.eu\/retseptid\/#website\"},\"primaryImageOfPage\":{\"@id\":\"https:\/\/bio4you.eu\/retseptid\/toode\/koomavastane-hooldus-neemiga\/#primaryimage\"},\"image\":{\"@id\":\"https:\/\/bio4you.eu\/retseptid\/toode\/koomavastane-hooldus-neemiga\/#primaryimage\"},\"thumbnailUrl\":\"https:\/\/bio4you.eu\/retseptid\/wp-content\/uploads\/2014\/05\/matthew-tkocz-q697-Akhwkc-unsplash-1-scaled.jpg\",\"datePublished\":\"2014-05-27T17:24:47+00:00\",\"dateModified\":\"2022-05-17T16:50:56+00:00\",\"description\":\"K\u00f5\u00f5mavastane \u00f5lihooldus neemiga\",\"breadcrumb\":{\"@id\":\"https:\/\/bio4you.eu\/retseptid\/toode\/koomavastane-hooldus-neemiga\/#breadcrumb\"},\"inLanguage\":\"et\",\"potentialAction\":[{\"@type\":\"ReadAction\",\"target\":[\"https:\/\/bio4you.eu\/retseptid\/toode\/koomavastane-hooldus-neemiga\/\"]}]},{\"@type\":\"ImageObject\",\"inLanguage\":\"et\",\"@id\":\"https:\/\/bio4you.eu\/retseptid\/toode\/koomavastane-hooldus-neemiga\/#primaryimage\",\"url\":\"https:\/\/bio4you.eu\/retseptid\/wp-content\/uploads\/2014\/05\/matthew-tkocz-q697-Akhwkc-unsplash-1-scaled.jpg\",\"contentUrl\":\"https:\/\/bio4you.eu\/retseptid\/wp-content\/uploads\/2014\/05\/matthew-tkocz-q697-Akhwkc-unsplash-1-scaled.jpg\",\"width\":2560,\"height\":1707},{\"@type\":\"BreadcrumbList\",\"@id\":\"https:\/\/bio4you.eu\/retseptid\/toode\/koomavastane-hooldus-neemiga\/#breadcrumb\",\"itemListElement\":[{\"@type\":\"ListItem\",\"position\":1,\"name\":\"Home\",\"item\":\"https:\/\/bio4you.eu\/retseptid\/\"},{\"@type\":\"ListItem\",\"position\":2,\"name\":\"K\u00f5\u00f5mavastane \u00f5lihooldus neemiga\"}]},{\"@type\":\"WebSite\",\"@id\":\"https:\/\/bio4you.eu\/retseptid\/#website\",\"url\":\"https:\/\/bio4you.eu\/retseptid\/\",\"name\":\"bio4you.eu\/retseptid\",\"description\":\"\u00d6ko retseptid ise tegemiseks, looduslikest koostisainetest. Maitsev toit, iluhooldus, kodupuhastus ja aiandus.\",\"potentialAction\":[{\"@type\":\"SearchAction\",\"target\":{\"@type\":\"EntryPoint\",\"urlTemplate\":\"https:\/\/bio4you.eu\/retseptid\/?s={search_term_string}\"},\"query-input\":\"required name=search_term_string\"}],\"inLanguage\":\"et\"}]}<\/script>\n<!-- \/ Yoast SEO plugin. -->","yoast_head_json":{"title":"K\u00f5\u00f5mavastane \u00f5lihooldus neemiga - bio4you.eu\/retseptid","description":"K\u00f5\u00f5mavastane \u00f5lihooldus neemiga","robots":{"index":"index","follow":"follow","max-snippet":"max-snippet:-1","max-image-preview":"max-image-preview:large","max-video-preview":"max-video-preview:-1"},"canonical":"https:\/\/bio4you.eu\/retseptid\/toode\/koomavastane-hooldus-neemiga\/","og_locale":"et_EE","og_type":"article","og_title":"K\u00f5\u00f5mavastane \u00f5lihooldus neemiga - bio4you.eu\/retseptid","og_description":"K\u00f5\u00f5mavastane \u00f5lihooldus neemiga","og_url":"https:\/\/bio4you.eu\/retseptid\/toode\/koomavastane-hooldus-neemiga\/","og_site_name":"bio4you.eu\/retseptid","article_modified_time":"2022-05-17T16:50:56+00:00","og_image":[{"width":2560,"height":1707,"url":"https:\/\/bio4you.eu\/retseptid\/wp-content\/uploads\/2014\/05\/matthew-tkocz-q697-Akhwkc-unsplash-1-scaled.jpg","type":"image\/jpeg"}],"twitter_misc":{"Est. reading time":"1 minut"},"schema":{"@context":"https:\/\/schema.org","@graph":[{"@type":"WebPage","@id":"https:\/\/bio4you.eu\/retseptid\/toode\/koomavastane-hooldus-neemiga\/","url":"https:\/\/bio4you.eu\/retseptid\/toode\/koomavastane-hooldus-neemiga\/","name":"K\u00f5\u00f5mavastane \u00f5lihooldus neemiga - bio4you.eu\/retseptid","isPartOf":{"@id":"https:\/\/bio4you.eu\/retseptid\/#website"},"primaryImageOfPage":{"@id":"https:\/\/bio4you.eu\/retseptid\/toode\/koomavastane-hooldus-neemiga\/#primaryimage"},"image":{"@id":"https:\/\/bio4you.eu\/retseptid\/toode\/koomavastane-hooldus-neemiga\/#primaryimage"},"thumbnailUrl":"https:\/\/bio4you.eu\/retseptid\/wp-content\/uploads\/2014\/05\/matthew-tkocz-q697-Akhwkc-unsplash-1-scaled.jpg","datePublished":"2014-05-27T17:24:47+00:00","dateModified":"2022-05-17T16:50:56+00:00","description":"K\u00f5\u00f5mavastane \u00f5lihooldus neemiga","breadcrumb":{"@id":"https:\/\/bio4you.eu\/retseptid\/toode\/koomavastane-hooldus-neemiga\/#breadcrumb"},"inLanguage":"et","potentialAction":[{"@type":"ReadAction","target":["https:\/\/bio4you.eu\/retseptid\/toode\/koomavastane-hooldus-neemiga\/"]}]},{"@type":"ImageObject","inLanguage":"et","@id":"https:\/\/bio4you.eu\/retseptid\/toode\/koomavastane-hooldus-neemiga\/#primaryimage","url":"https:\/\/bio4you.eu\/retseptid\/wp-content\/uploads\/2014\/05\/matthew-tkocz-q697-Akhwkc-unsplash-1-scaled.jpg","contentUrl":"https:\/\/bio4you.eu\/retseptid\/wp-content\/uploads\/2014\/05\/matthew-tkocz-q697-Akhwkc-unsplash-1-scaled.jpg","width":2560,"height":1707},{"@type":"BreadcrumbList","@id":"https:\/\/bio4you.eu\/retseptid\/toode\/koomavastane-hooldus-neemiga\/#breadcrumb","itemListElement":[{"@type":"ListItem","position":1,"name":"Home","item":"https:\/\/bio4you.eu\/retseptid\/"},{"@type":"ListItem","position":2,"name":"K\u00f5\u00f5mavastane \u00f5lihooldus neemiga"}]},{"@type":"WebSite","@id":"https:\/\/bio4you.eu\/retseptid\/#website","url":"https:\/\/bio4you.eu\/retseptid\/","name":"bio4you.eu\/retseptid","description":"\u00d6ko retseptid ise tegemiseks, looduslikest koostisainetest. Maitsev toit, iluhooldus, kodupuhastus ja aiandus.","potentialAction":[{"@type":"SearchAction","target":{"@type":"EntryPoint","urlTemplate":"https:\/\/bio4you.eu\/retseptid\/?s={search_term_string}"},"query-input":"required name=search_term_string"}],"inLanguage":"et"}]}},"_links":{"self":[{"href":"https:\/\/bio4you.eu\/retseptid\/wp-json\/wp\/v2\/product\/2070"}],"collection":[{"href":"https:\/\/bio4you.eu\/retseptid\/wp-json\/wp\/v2\/product"}],"about":[{"href":"https:\/\/bio4you.eu\/retseptid\/wp-json\/wp\/v2\/types\/product"}],"replies":[{"embeddable":true,"href":"https:\/\/bio4you.eu\/retseptid\/wp-json\/wp\/v2\/comments?post=2070"}],"wp:featuredmedia":[{"embeddable":true,"href":"https:\/\/bio4you.eu\/retseptid\/wp-json\/wp\/v2\/media\/3957"}],"wp:attachment":[{"href":"https:\/\/bio4you.eu\/retseptid\/wp-json\/wp\/v2\/media?parent=2070"}],"wp:term":[{"taxonomy":"product_cat","embeddable":true,"href":"https:\/\/bio4you.eu\/retseptid\/wp-json\/wp\/v2\/product_cat?post=2070"},{"taxonomy":"product_tag","embeddable":true,"href":"https:\/\/bio4you.eu\/retseptid\/wp-json\/wp\/v2\/product_tag?post=2070"}],"curies":[{"name":"wp","href":"https:\/\/api.w.org\/{rel}","templated":true}]}}