{"id":2074,"date":"2014-05-27T20:53:44","date_gmt":"2014-05-27T17:53:44","guid":{"rendered":"https:\/\/bio4you.eu\/retseptid\/product\/saasel-copy\/"},"modified":"2022-05-19T13:28:16","modified_gmt":"2022-05-19T10:28:16","slug":"isetehtudsaaseloks","status":"publish","type":"product","link":"https:\/\/bio4you.eu\/retseptid\/toode\/isetehtudsaaseloks\/","title":{"rendered":"S\u00e4\u00e4sel\u00f5ks"},"content":{"rendered":"<p>S\u00e4\u00e4sed leiavad oma ohvrid t\u00e4nu soojuse, niiskuse ja s\u00fcsihappegaasi segule. S\u00e4\u00e4sel\u00f5ks loob sarnase olukorra.<\/p>\n<ol>\n<li>L\u00f5ika \u00e4ra pudeli \u00fclemine osa, veidike k\u00f5rgemalt kui etiketi \u00fclemine serv.<\/li>\n<li>Vala pudelisse sooja vee ja suhkru segu. Vee v\u00f5ib veel parema tulemuseks koos suhkruga ka keema lasta ning lasta keeda 10 minutit (nii aurustuvad kloori j\u00e4\u00e4gid)<\/li>\n<li>Lisage p\u00e4rm.<\/li>\n<li>V\u00f5tke pudeli \u00fclemine \u00e4ral\u00f5igatud osa ja pane see lehtrina alumise osa peale. J\u00e4lgi, et pudelisuu ei puutuks alumise osa p\u00f5hja vaid nende vahel oleks 6-7 cm vaba ruumi.<\/li>\n<li>Kinnita pooled kleepribaga, j\u00e4lgi, et ei j\u00e4\u00e4ks \u00f5huauke.<\/li>\n<li>Kata pudel vana, musta v\u00e4rvi lapiga. Veel parem, kui kastate lapi ka enne sooja vette. Sobib ka musta v\u00e4rvi pr\u00fcgikott v\u00f5i must paber.<\/li>\n<li>Pane pudel niiskesse kohta seisma.<\/li>\n<li>Kahe n\u00e4dala p\u00e4rast pese ja puhasta pudel ning t\u00e4ida uue seguga.<\/li>\n<\/ol>\n<p>&nbsp;<\/p>\n","protected":false},"excerpt":{"rendered":"<p>VAJA L\u00c4HEB:<\/p>\n<ul>\n<li>kaheliitrine pudel<\/li>\n<li>1 gramm p\u00e4rmi<\/li>\n<li>200 grammi sooja vett<\/li>\n<li>50 grammi \u00a0suhkrut<\/li>\n<li>vana musta v\u00e4rvi lapp<\/li>\n<\/ul>\n","protected":false},"featured_media":3978,"comment_status":"closed","ping_status":"closed","template":"","meta":{"_exactmetrics_skip_tracking":false,"_exactmetrics_sitenote_active":false,"_exactmetrics_sitenote_note":"","_exactmetrics_sitenote_category":0},"product_cat":[85,62,65],"product_tag":[244,181,241,245,242,243],"class_list":{"0":"post-2074","1":"product","2":"type-product","3":"status-publish","4":"has-post-thumbnail","6":"product_cat-kehahooldus","7":"product_cat-kodu-ja-aiandus","8":"product_cat-aiandus","9":"product_tag-looduslik-saasetorje","10":"product_tag-putukatorje","11":"product_tag-saased-saasetorje-sprei","12":"product_tag-saaseloks","13":"product_tag-saasetorjevahend","14":"product_tag-saaskede-peletamine","16":"first","17":"instock","18":"shipping-taxable","19":"product-type-simple"},"yoast_head":"<!-- This site is optimized with the Yoast SEO plugin v23.3 - https:\/\/yoast.com\/wordpress\/plugins\/seo\/ -->\n<title>S\u00e4\u00e4sel\u00f5ks - bio4you.eu\/retseptid<\/title>\n<meta name=\"description\" content=\"S\u00e4\u00e4sel\u00f5ks\" \/>\n<meta name=\"robots\" content=\"index, follow, max-snippet:-1, max-image-preview:large, max-video-preview:-1\" \/>\n<link rel=\"canonical\" href=\"https:\/\/bio4you.eu\/retseptid\/toode\/isetehtudsaaseloks\/\" \/>\n<meta property=\"og:locale\" content=\"et_EE\" \/>\n<meta property=\"og:type\" content=\"article\" \/>\n<meta property=\"og:title\" content=\"S\u00e4\u00e4sel\u00f5ks - bio4you.eu\/retseptid\" \/>\n<meta property=\"og:description\" content=\"S\u00e4\u00e4sel\u00f5ks\" \/>\n<meta property=\"og:url\" content=\"https:\/\/bio4you.eu\/retseptid\/toode\/isetehtudsaaseloks\/\" \/>\n<meta property=\"og:site_name\" content=\"bio4you.eu\/retseptid\" \/>\n<meta property=\"article:modified_time\" content=\"2022-05-19T10:28:16+00:00\" \/>\n<meta property=\"og:image\" content=\"https:\/\/bio4you.eu\/retseptid\/wp-content\/uploads\/2014\/05\/tegan-mierle-fDostElVhN8-unsplash.jpg\" \/>\n\t<meta property=\"og:image:width\" content=\"2208\" \/>\n\t<meta property=\"og:image:height\" content=\"1472\" \/>\n\t<meta property=\"og:image:type\" content=\"image\/jpeg\" \/>\n<meta name=\"twitter:label1\" content=\"Est. reading time\" \/>\n\t<meta name=\"twitter:data1\" content=\"1 minut\" \/>\n<script type=\"application\/ld+json\" class=\"yoast-schema-graph\">{\"@context\":\"https:\/\/schema.org\",\"@graph\":[{\"@type\":\"WebPage\",\"@id\":\"https:\/\/bio4you.eu\/retseptid\/toode\/isetehtudsaaseloks\/\",\"url\":\"https:\/\/bio4you.eu\/retseptid\/toode\/isetehtudsaaseloks\/\",\"name\":\"S\u00e4\u00e4sel\u00f5ks - bio4you.eu\/retseptid\",\"isPartOf\":{\"@id\":\"https:\/\/bio4you.eu\/retseptid\/#website\"},\"primaryImageOfPage\":{\"@id\":\"https:\/\/bio4you.eu\/retseptid\/toode\/isetehtudsaaseloks\/#primaryimage\"},\"image\":{\"@id\":\"https:\/\/bio4you.eu\/retseptid\/toode\/isetehtudsaaseloks\/#primaryimage\"},\"thumbnailUrl\":\"https:\/\/bio4you.eu\/retseptid\/wp-content\/uploads\/2014\/05\/tegan-mierle-fDostElVhN8-unsplash.jpg\",\"datePublished\":\"2014-05-27T17:53:44+00:00\",\"dateModified\":\"2022-05-19T10:28:16+00:00\",\"description\":\"S\u00e4\u00e4sel\u00f5ks\",\"breadcrumb\":{\"@id\":\"https:\/\/bio4you.eu\/retseptid\/toode\/isetehtudsaaseloks\/#breadcrumb\"},\"inLanguage\":\"et\",\"potentialAction\":[{\"@type\":\"ReadAction\",\"target\":[\"https:\/\/bio4you.eu\/retseptid\/toode\/isetehtudsaaseloks\/\"]}]},{\"@type\":\"ImageObject\",\"inLanguage\":\"et\",\"@id\":\"https:\/\/bio4you.eu\/retseptid\/toode\/isetehtudsaaseloks\/#primaryimage\",\"url\":\"https:\/\/bio4you.eu\/retseptid\/wp-content\/uploads\/2014\/05\/tegan-mierle-fDostElVhN8-unsplash.jpg\",\"contentUrl\":\"https:\/\/bio4you.eu\/retseptid\/wp-content\/uploads\/2014\/05\/tegan-mierle-fDostElVhN8-unsplash.jpg\",\"width\":2208,\"height\":1472},{\"@type\":\"BreadcrumbList\",\"@id\":\"https:\/\/bio4you.eu\/retseptid\/toode\/isetehtudsaaseloks\/#breadcrumb\",\"itemListElement\":[{\"@type\":\"ListItem\",\"position\":1,\"name\":\"Home\",\"item\":\"https:\/\/bio4you.eu\/retseptid\/\"},{\"@type\":\"ListItem\",\"position\":2,\"name\":\"S\u00e4\u00e4sel\u00f5ks\"}]},{\"@type\":\"WebSite\",\"@id\":\"https:\/\/bio4you.eu\/retseptid\/#website\",\"url\":\"https:\/\/bio4you.eu\/retseptid\/\",\"name\":\"bio4you.eu\/retseptid\",\"description\":\"\u00d6ko retseptid ise tegemiseks, looduslikest koostisainetest. Maitsev toit, iluhooldus, kodupuhastus ja aiandus.\",\"potentialAction\":[{\"@type\":\"SearchAction\",\"target\":{\"@type\":\"EntryPoint\",\"urlTemplate\":\"https:\/\/bio4you.eu\/retseptid\/?s={search_term_string}\"},\"query-input\":\"required name=search_term_string\"}],\"inLanguage\":\"et\"}]}<\/script>\n<!-- \/ Yoast SEO plugin. -->","yoast_head_json":{"title":"S\u00e4\u00e4sel\u00f5ks - bio4you.eu\/retseptid","description":"S\u00e4\u00e4sel\u00f5ks","robots":{"index":"index","follow":"follow","max-snippet":"max-snippet:-1","max-image-preview":"max-image-preview:large","max-video-preview":"max-video-preview:-1"},"canonical":"https:\/\/bio4you.eu\/retseptid\/toode\/isetehtudsaaseloks\/","og_locale":"et_EE","og_type":"article","og_title":"S\u00e4\u00e4sel\u00f5ks - bio4you.eu\/retseptid","og_description":"S\u00e4\u00e4sel\u00f5ks","og_url":"https:\/\/bio4you.eu\/retseptid\/toode\/isetehtudsaaseloks\/","og_site_name":"bio4you.eu\/retseptid","article_modified_time":"2022-05-19T10:28:16+00:00","og_image":[{"width":2208,"height":1472,"url":"https:\/\/bio4you.eu\/retseptid\/wp-content\/uploads\/2014\/05\/tegan-mierle-fDostElVhN8-unsplash.jpg","type":"image\/jpeg"}],"twitter_misc":{"Est. reading time":"1 minut"},"schema":{"@context":"https:\/\/schema.org","@graph":[{"@type":"WebPage","@id":"https:\/\/bio4you.eu\/retseptid\/toode\/isetehtudsaaseloks\/","url":"https:\/\/bio4you.eu\/retseptid\/toode\/isetehtudsaaseloks\/","name":"S\u00e4\u00e4sel\u00f5ks - bio4you.eu\/retseptid","isPartOf":{"@id":"https:\/\/bio4you.eu\/retseptid\/#website"},"primaryImageOfPage":{"@id":"https:\/\/bio4you.eu\/retseptid\/toode\/isetehtudsaaseloks\/#primaryimage"},"image":{"@id":"https:\/\/bio4you.eu\/retseptid\/toode\/isetehtudsaaseloks\/#primaryimage"},"thumbnailUrl":"https:\/\/bio4you.eu\/retseptid\/wp-content\/uploads\/2014\/05\/tegan-mierle-fDostElVhN8-unsplash.jpg","datePublished":"2014-05-27T17:53:44+00:00","dateModified":"2022-05-19T10:28:16+00:00","description":"S\u00e4\u00e4sel\u00f5ks","breadcrumb":{"@id":"https:\/\/bio4you.eu\/retseptid\/toode\/isetehtudsaaseloks\/#breadcrumb"},"inLanguage":"et","potentialAction":[{"@type":"ReadAction","target":["https:\/\/bio4you.eu\/retseptid\/toode\/isetehtudsaaseloks\/"]}]},{"@type":"ImageObject","inLanguage":"et","@id":"https:\/\/bio4you.eu\/retseptid\/toode\/isetehtudsaaseloks\/#primaryimage","url":"https:\/\/bio4you.eu\/retseptid\/wp-content\/uploads\/2014\/05\/tegan-mierle-fDostElVhN8-unsplash.jpg","contentUrl":"https:\/\/bio4you.eu\/retseptid\/wp-content\/uploads\/2014\/05\/tegan-mierle-fDostElVhN8-unsplash.jpg","width":2208,"height":1472},{"@type":"BreadcrumbList","@id":"https:\/\/bio4you.eu\/retseptid\/toode\/isetehtudsaaseloks\/#breadcrumb","itemListElement":[{"@type":"ListItem","position":1,"name":"Home","item":"https:\/\/bio4you.eu\/retseptid\/"},{"@type":"ListItem","position":2,"name":"S\u00e4\u00e4sel\u00f5ks"}]},{"@type":"WebSite","@id":"https:\/\/bio4you.eu\/retseptid\/#website","url":"https:\/\/bio4you.eu\/retseptid\/","name":"bio4you.eu\/retseptid","description":"\u00d6ko retseptid ise tegemiseks, looduslikest koostisainetest. Maitsev toit, iluhooldus, kodupuhastus ja aiandus.","potentialAction":[{"@type":"SearchAction","target":{"@type":"EntryPoint","urlTemplate":"https:\/\/bio4you.eu\/retseptid\/?s={search_term_string}"},"query-input":"required name=search_term_string"}],"inLanguage":"et"}]}},"_links":{"self":[{"href":"https:\/\/bio4you.eu\/retseptid\/wp-json\/wp\/v2\/product\/2074"}],"collection":[{"href":"https:\/\/bio4you.eu\/retseptid\/wp-json\/wp\/v2\/product"}],"about":[{"href":"https:\/\/bio4you.eu\/retseptid\/wp-json\/wp\/v2\/types\/product"}],"replies":[{"embeddable":true,"href":"https:\/\/bio4you.eu\/retseptid\/wp-json\/wp\/v2\/comments?post=2074"}],"wp:featuredmedia":[{"embeddable":true,"href":"https:\/\/bio4you.eu\/retseptid\/wp-json\/wp\/v2\/media\/3978"}],"wp:attachment":[{"href":"https:\/\/bio4you.eu\/retseptid\/wp-json\/wp\/v2\/media?parent=2074"}],"wp:term":[{"taxonomy":"product_cat","embeddable":true,"href":"https:\/\/bio4you.eu\/retseptid\/wp-json\/wp\/v2\/product_cat?post=2074"},{"taxonomy":"product_tag","embeddable":true,"href":"https:\/\/bio4you.eu\/retseptid\/wp-json\/wp\/v2\/product_tag?post=2074"}],"curies":[{"name":"wp","href":"https:\/\/api.w.org\/{rel}","templated":true}]}}