{"id":2084,"date":"2014-05-28T10:42:35","date_gmt":"2014-05-28T07:42:35","guid":{"rendered":"https:\/\/bio4you.eu\/retseptid\/product\/paikesekaitse-oli-spf-2-4\/"},"modified":"2022-05-19T13:07:28","modified_gmt":"2022-05-19T10:07:28","slug":"paikesekaitse-oli-spf-2-4","status":"publish","type":"product","link":"https:\/\/bio4you.eu\/retseptid\/toode\/paikesekaitse-oli-spf-2-4\/","title":{"rendered":"P\u00e4evitus\u00f5li seesami ja oliivi\u00f5liga (SPF 2-4)"},"content":{"rendered":"<p>VALMISTAMINE:<br \/>\nSega ained segamini, kanna nahale v\u00e4hemalt 30 minutit enne p\u00e4evitamist. Korda peale kandmist tihti. K\u00f5ige mugavam on enne \u00f5li panemist nahka niisutada &#8211; pritsi sprei pudelist n\u00e4ole ja kehale vett, seej\u00e4rel kanna peale \u00f5li. P\u00e4iksekaitsefaktor on \u00f5lil 2-4 SPF. Randa minnes hoia \u00f5li varjus v\u00f5i k\u00fclmakotis, et see ruttu ei rikneks.<\/p>\n<p>Turvalisest p\u00e4evitamisest loe <a href=\"http:\/\/bioblogi.eu\/turvaliselt-paikese-all-kogu-tode-paikesekreemidest\/\" target=\"_blank\" rel=\"noopener\"><span style=\"color: #99cc00;\">SIIT<\/span><\/a>.<\/p>\n<p>&nbsp;<\/p>\n","protected":false},"excerpt":{"rendered":"<p><strong>VAJA L\u00c4HEB:<\/strong><\/p>\n<ul>\n<li>50 ml <a href=\"https:\/\/bio4you.eu\/et\/kehahooldus\/670-seesamiseemne-oli-500ml.html?utm_source=bioretsept&amp;utm_medium=retsept&amp;utm_campaign=retsept\" target=\"_blank\" rel=\"noopener\"><span style=\"color: #99cc00;\">seesamiseemne<\/span><\/a> v\u00f5i <span style=\"color: #99cc00;\"><a href=\"https:\/\/bio4you.eu\/et\/otsi?controller=search&amp;order=product.position.desc&amp;s=nisuidu%C3%B5li&amp;utm_source=bioretsept&amp;utm_medium=retsept&amp;utm_campaign=retsept\" target=\"_blank\" rel=\"noopener\"><span style=\"color: #99cc00;\">nisuidu\u00f5li<\/span><\/a>\u00a0<\/span>(filtreerib 55% UVB kiirtest)<\/li>\n<li>100 ml <a href=\"http:\/\/www.bio4you.eu\/et\/olid\/1199-oli-riisiklii-oli-wellness-750ml-biologicoils.html\" target=\"_blank\" rel=\"noopener\"><span style=\"color: #99cc00;\">riisiklii\u00f5li<\/span> <\/a>(rikkalik E-vitamiini sisaldus)<\/li>\n<li>100 ml filtreerimata ekstra neitsioliivi\u00f5li (filtreerib 26% UVB kiirtest, sisaldab antioks\u00fcdante)<\/li>\n<li>soovi korral 5 tilka <a href=\"https:\/\/bio4you.eu\/et\/aroomiteraapia\/2273-lavendli-eeterlik-oli-15ml-sapone-di-un-tempo.html?utm_source=bioretsept&amp;utm_medium=retsept&amp;utm_campaign=retsept\" target=\"_blank\" rel=\"noopener\"><span style=\"color: #99cc00;\">lavendli essentsi\u00f5li<\/span> <\/a>(mitte mingil juhul tsitruse essentsi\u00f5lisid, need on fotosensitiivsed!)<\/li>\n<\/ul>\n","protected":false},"featured_media":3972,"comment_status":"closed","ping_status":"closed","template":"","meta":{"_exactmetrics_skip_tracking":false,"_exactmetrics_sitenote_active":false,"_exactmetrics_sitenote_note":"","_exactmetrics_sitenote_category":0},"product_cat":[61,85,90],"product_tag":[246,249,106,247,135,248],"class_list":{"0":"post-2084","1":"product","2":"type-product","3":"status-publish","4":"has-post-thumbnail","6":"product_cat-ilu-retseptid","7":"product_cat-kehahooldus","8":"product_cat-paiksekaitse","9":"product_tag-isetehtud-paevitusoli","10":"product_tag-nisuidu-oli","11":"product_tag-oliivioli","12":"product_tag-paevitusoli","13":"product_tag-paikesekaitse","14":"product_tag-seesamiseemne-oli","16":"first","17":"instock","18":"shipping-taxable","19":"product-type-simple"},"yoast_head":"<!-- This site is optimized with the Yoast SEO plugin v23.3 - https:\/\/yoast.com\/wordpress\/plugins\/seo\/ -->\n<title>P\u00e4evitus\u00f5li seesami ja oliivi\u00f5liga (SPF 2-4) - bio4you.eu\/retseptid<\/title>\n<meta name=\"description\" content=\"P\u00e4evitus\u00f5li seesami ja oliivi\u00f5liga, SPF 2-4\" \/>\n<meta name=\"robots\" content=\"index, follow, max-snippet:-1, max-image-preview:large, max-video-preview:-1\" \/>\n<link rel=\"canonical\" href=\"https:\/\/bio4you.eu\/retseptid\/toode\/paikesekaitse-oli-spf-2-4\/\" \/>\n<meta property=\"og:locale\" content=\"et_EE\" \/>\n<meta property=\"og:type\" content=\"article\" \/>\n<meta property=\"og:title\" content=\"P\u00e4evitus\u00f5li seesami ja oliivi\u00f5liga (SPF 2-4) - bio4you.eu\/retseptid\" \/>\n<meta property=\"og:description\" content=\"P\u00e4evitus\u00f5li seesami ja oliivi\u00f5liga, SPF 2-4\" \/>\n<meta property=\"og:url\" content=\"https:\/\/bio4you.eu\/retseptid\/toode\/paikesekaitse-oli-spf-2-4\/\" \/>\n<meta property=\"og:site_name\" content=\"bio4you.eu\/retseptid\" \/>\n<meta property=\"article:modified_time\" content=\"2022-05-19T10:07:28+00:00\" \/>\n<meta property=\"og:image\" content=\"https:\/\/bio4you.eu\/retseptid\/wp-content\/uploads\/2014\/05\/beach-accessories-order-wooden-board-scaled.jpg\" \/>\n\t<meta property=\"og:image:width\" content=\"2560\" \/>\n\t<meta property=\"og:image:height\" content=\"1707\" \/>\n\t<meta property=\"og:image:type\" content=\"image\/jpeg\" \/>\n<meta name=\"twitter:label1\" content=\"Est. reading time\" \/>\n\t<meta name=\"twitter:data1\" content=\"1 minut\" \/>\n<script type=\"application\/ld+json\" class=\"yoast-schema-graph\">{\"@context\":\"https:\/\/schema.org\",\"@graph\":[{\"@type\":\"WebPage\",\"@id\":\"https:\/\/bio4you.eu\/retseptid\/toode\/paikesekaitse-oli-spf-2-4\/\",\"url\":\"https:\/\/bio4you.eu\/retseptid\/toode\/paikesekaitse-oli-spf-2-4\/\",\"name\":\"P\u00e4evitus\u00f5li seesami ja oliivi\u00f5liga (SPF 2-4) - bio4you.eu\/retseptid\",\"isPartOf\":{\"@id\":\"https:\/\/bio4you.eu\/retseptid\/#website\"},\"primaryImageOfPage\":{\"@id\":\"https:\/\/bio4you.eu\/retseptid\/toode\/paikesekaitse-oli-spf-2-4\/#primaryimage\"},\"image\":{\"@id\":\"https:\/\/bio4you.eu\/retseptid\/toode\/paikesekaitse-oli-spf-2-4\/#primaryimage\"},\"thumbnailUrl\":\"https:\/\/bio4you.eu\/retseptid\/wp-content\/uploads\/2014\/05\/beach-accessories-order-wooden-board-scaled.jpg\",\"datePublished\":\"2014-05-28T07:42:35+00:00\",\"dateModified\":\"2022-05-19T10:07:28+00:00\",\"description\":\"P\u00e4evitus\u00f5li seesami ja oliivi\u00f5liga, SPF 2-4\",\"breadcrumb\":{\"@id\":\"https:\/\/bio4you.eu\/retseptid\/toode\/paikesekaitse-oli-spf-2-4\/#breadcrumb\"},\"inLanguage\":\"et\",\"potentialAction\":[{\"@type\":\"ReadAction\",\"target\":[\"https:\/\/bio4you.eu\/retseptid\/toode\/paikesekaitse-oli-spf-2-4\/\"]}]},{\"@type\":\"ImageObject\",\"inLanguage\":\"et\",\"@id\":\"https:\/\/bio4you.eu\/retseptid\/toode\/paikesekaitse-oli-spf-2-4\/#primaryimage\",\"url\":\"https:\/\/bio4you.eu\/retseptid\/wp-content\/uploads\/2014\/05\/beach-accessories-order-wooden-board-scaled.jpg\",\"contentUrl\":\"https:\/\/bio4you.eu\/retseptid\/wp-content\/uploads\/2014\/05\/beach-accessories-order-wooden-board-scaled.jpg\",\"width\":2560,\"height\":1707},{\"@type\":\"BreadcrumbList\",\"@id\":\"https:\/\/bio4you.eu\/retseptid\/toode\/paikesekaitse-oli-spf-2-4\/#breadcrumb\",\"itemListElement\":[{\"@type\":\"ListItem\",\"position\":1,\"name\":\"Home\",\"item\":\"https:\/\/bio4you.eu\/retseptid\/\"},{\"@type\":\"ListItem\",\"position\":2,\"name\":\"P\u00e4evitus\u00f5li seesami ja oliivi\u00f5liga (SPF 2-4)\"}]},{\"@type\":\"WebSite\",\"@id\":\"https:\/\/bio4you.eu\/retseptid\/#website\",\"url\":\"https:\/\/bio4you.eu\/retseptid\/\",\"name\":\"bio4you.eu\/retseptid\",\"description\":\"\u00d6ko retseptid ise tegemiseks, looduslikest koostisainetest. Maitsev toit, iluhooldus, kodupuhastus ja aiandus.\",\"potentialAction\":[{\"@type\":\"SearchAction\",\"target\":{\"@type\":\"EntryPoint\",\"urlTemplate\":\"https:\/\/bio4you.eu\/retseptid\/?s={search_term_string}\"},\"query-input\":\"required name=search_term_string\"}],\"inLanguage\":\"et\"}]}<\/script>\n<!-- \/ Yoast SEO plugin. -->","yoast_head_json":{"title":"P\u00e4evitus\u00f5li seesami ja oliivi\u00f5liga (SPF 2-4) - bio4you.eu\/retseptid","description":"P\u00e4evitus\u00f5li seesami ja oliivi\u00f5liga, SPF 2-4","robots":{"index":"index","follow":"follow","max-snippet":"max-snippet:-1","max-image-preview":"max-image-preview:large","max-video-preview":"max-video-preview:-1"},"canonical":"https:\/\/bio4you.eu\/retseptid\/toode\/paikesekaitse-oli-spf-2-4\/","og_locale":"et_EE","og_type":"article","og_title":"P\u00e4evitus\u00f5li seesami ja oliivi\u00f5liga (SPF 2-4) - bio4you.eu\/retseptid","og_description":"P\u00e4evitus\u00f5li seesami ja oliivi\u00f5liga, SPF 2-4","og_url":"https:\/\/bio4you.eu\/retseptid\/toode\/paikesekaitse-oli-spf-2-4\/","og_site_name":"bio4you.eu\/retseptid","article_modified_time":"2022-05-19T10:07:28+00:00","og_image":[{"width":2560,"height":1707,"url":"https:\/\/bio4you.eu\/retseptid\/wp-content\/uploads\/2014\/05\/beach-accessories-order-wooden-board-scaled.jpg","type":"image\/jpeg"}],"twitter_misc":{"Est. reading time":"1 minut"},"schema":{"@context":"https:\/\/schema.org","@graph":[{"@type":"WebPage","@id":"https:\/\/bio4you.eu\/retseptid\/toode\/paikesekaitse-oli-spf-2-4\/","url":"https:\/\/bio4you.eu\/retseptid\/toode\/paikesekaitse-oli-spf-2-4\/","name":"P\u00e4evitus\u00f5li seesami ja oliivi\u00f5liga (SPF 2-4) - bio4you.eu\/retseptid","isPartOf":{"@id":"https:\/\/bio4you.eu\/retseptid\/#website"},"primaryImageOfPage":{"@id":"https:\/\/bio4you.eu\/retseptid\/toode\/paikesekaitse-oli-spf-2-4\/#primaryimage"},"image":{"@id":"https:\/\/bio4you.eu\/retseptid\/toode\/paikesekaitse-oli-spf-2-4\/#primaryimage"},"thumbnailUrl":"https:\/\/bio4you.eu\/retseptid\/wp-content\/uploads\/2014\/05\/beach-accessories-order-wooden-board-scaled.jpg","datePublished":"2014-05-28T07:42:35+00:00","dateModified":"2022-05-19T10:07:28+00:00","description":"P\u00e4evitus\u00f5li seesami ja oliivi\u00f5liga, SPF 2-4","breadcrumb":{"@id":"https:\/\/bio4you.eu\/retseptid\/toode\/paikesekaitse-oli-spf-2-4\/#breadcrumb"},"inLanguage":"et","potentialAction":[{"@type":"ReadAction","target":["https:\/\/bio4you.eu\/retseptid\/toode\/paikesekaitse-oli-spf-2-4\/"]}]},{"@type":"ImageObject","inLanguage":"et","@id":"https:\/\/bio4you.eu\/retseptid\/toode\/paikesekaitse-oli-spf-2-4\/#primaryimage","url":"https:\/\/bio4you.eu\/retseptid\/wp-content\/uploads\/2014\/05\/beach-accessories-order-wooden-board-scaled.jpg","contentUrl":"https:\/\/bio4you.eu\/retseptid\/wp-content\/uploads\/2014\/05\/beach-accessories-order-wooden-board-scaled.jpg","width":2560,"height":1707},{"@type":"BreadcrumbList","@id":"https:\/\/bio4you.eu\/retseptid\/toode\/paikesekaitse-oli-spf-2-4\/#breadcrumb","itemListElement":[{"@type":"ListItem","position":1,"name":"Home","item":"https:\/\/bio4you.eu\/retseptid\/"},{"@type":"ListItem","position":2,"name":"P\u00e4evitus\u00f5li seesami ja oliivi\u00f5liga (SPF 2-4)"}]},{"@type":"WebSite","@id":"https:\/\/bio4you.eu\/retseptid\/#website","url":"https:\/\/bio4you.eu\/retseptid\/","name":"bio4you.eu\/retseptid","description":"\u00d6ko retseptid ise tegemiseks, looduslikest koostisainetest. Maitsev toit, iluhooldus, kodupuhastus ja aiandus.","potentialAction":[{"@type":"SearchAction","target":{"@type":"EntryPoint","urlTemplate":"https:\/\/bio4you.eu\/retseptid\/?s={search_term_string}"},"query-input":"required name=search_term_string"}],"inLanguage":"et"}]}},"_links":{"self":[{"href":"https:\/\/bio4you.eu\/retseptid\/wp-json\/wp\/v2\/product\/2084"}],"collection":[{"href":"https:\/\/bio4you.eu\/retseptid\/wp-json\/wp\/v2\/product"}],"about":[{"href":"https:\/\/bio4you.eu\/retseptid\/wp-json\/wp\/v2\/types\/product"}],"replies":[{"embeddable":true,"href":"https:\/\/bio4you.eu\/retseptid\/wp-json\/wp\/v2\/comments?post=2084"}],"wp:featuredmedia":[{"embeddable":true,"href":"https:\/\/bio4you.eu\/retseptid\/wp-json\/wp\/v2\/media\/3972"}],"wp:attachment":[{"href":"https:\/\/bio4you.eu\/retseptid\/wp-json\/wp\/v2\/media?parent=2084"}],"wp:term":[{"taxonomy":"product_cat","embeddable":true,"href":"https:\/\/bio4you.eu\/retseptid\/wp-json\/wp\/v2\/product_cat?post=2084"},{"taxonomy":"product_tag","embeddable":true,"href":"https:\/\/bio4you.eu\/retseptid\/wp-json\/wp\/v2\/product_tag?post=2084"}],"curies":[{"name":"wp","href":"https:\/\/api.w.org\/{rel}","templated":true}]}}