{"id":2089,"date":"2014-05-28T11:10:18","date_gmt":"2014-05-28T08:10:18","guid":{"rendered":"https:\/\/bio4you.eu\/retseptid\/product\/paevitust-kinnistav-oli-porgandiga\/"},"modified":"2022-05-19T12:59:54","modified_gmt":"2022-05-19T09:59:54","slug":"paevitust-kinnistav-oli-porgandiga","status":"publish","type":"product","link":"https:\/\/bio4you.eu\/retseptid\/toode\/paevitust-kinnistav-oli-porgandiga\/","title":{"rendered":"P\u00e4evitus\u00f5li porgandiga (SPF 2-4)"},"content":{"rendered":"<p style=\"text-align: left;\">Sobib k\u00f5ige paremini P\u00c4EVITUSEJ\u00c4RGSEKS \u00d5LIKS, et p\u00e4evitus kaua p\u00fcsiks. Soovi korral v\u00f5ib kasutada ka P\u00c4EVITUS\u00d5LINA. Sel juhul kanna nahale v\u00e4hemalt 30 minutit enne p\u00e4evitamist. Korda peale kandmist tihti.<\/p>\n<p style=\"text-align: left;\">K\u00f5ige mugavam on enne \u00f5li panemist nahka niisutada &#8211; pritsi spreipudelist n\u00e4ole ja kehale vett, seej\u00e4rel kanna peale \u00f5li. <strong>P\u00e4iksekaitsefaktor on sellel isetehtud \u00f5lil 2-4 SPF.<\/strong> Randa minnes hoia \u00f5li varjus v\u00f5i k\u00fclmakotis, et see ruttu ei rikneks. Kui sa ei kasuta \u00f5li suve jooksul \u00e4ra, tee sellega s\u00fcgisel juustele \u00f5limaske.<\/p>\n<p style=\"text-align: left;\">VALMISTAMINE<br \/>\nSega ained segamini. Peale p\u00e4evitusej\u00e4rgset dushi kanna niiskele nahale ja masseeri imendumiseni. S\u00e4ilita jahedas ja pimedas, soovitatavalt tumedas klaaspudelis.<\/p>\n<p>Turvalisest p\u00e4evitamisest loe <a href=\"http:\/\/bioblogi.eu\/turvaliselt-paikese-all-kogu-tode-paikesekreemidest\/\" target=\"_blank\" rel=\"noopener noreferrer\"><span style=\"color: #99cc00;\">SIIT<\/span><\/a>. \u00a0<span style=\"color: #ff0000;\"><a title=\"Turvaline p\u00e4evitamine - bioblogi.eu\" href=\"http:\/\/bioblogi.eu\/turvaliselt-paikese-all-kogu-tode-paikesekreemidest\/\" target=\"_blank\" rel=\"noopener noreferrer\"><span style=\"color: #ff0000;\"><br \/>\n<\/span><\/a><\/span><\/p>\n<p>&nbsp;<\/p>\n","protected":false},"excerpt":{"rendered":"<p><span style=\"color: #000000;\">VAJA L\u00c4HEB:<\/span><\/p>\n<ul>\n<li><span style=\"color: #000000;\">100 ml <a href=\"https:\/\/bio4you.eu\/et\/keha-ja-massaaziolid\/2664-nisuiduoli-kuelmpress-100ml-sapone-di-un-tempo.html?search_query=nisuidu&amp;results=35\" target=\"_blank\" rel=\"noopener noreferrer\"><span style=\"color: #99cc00;\">nisuidu\u00f5li<\/span> <\/a>(filtreerib 55% UVB kiirtest)<\/span><\/li>\n<li><span style=\"color: #000000;\">50 ml <a href=\"http:\/\/www.bio4you.eu\/et\/naohooldus\/221-oli-porgandi-bio-oli-50ml-akneanti-age-paevitunud-jume-naturado-.html\" target=\"_blank\" rel=\"noopener noreferrer\"><span style=\"color: #99cc00;\">porgandi\u00f5li<\/span><\/a> (sisaldab beetakaroteeni, kinnistab p\u00e4evitust)<\/span><\/li>\n<li><span style=\"color: #000000;\">5 g (ca 1 spl) maisit\u00e4rklist<\/span><\/li>\n<li><span style=\"color: #000000;\">5 g (ca 1 spl) <a href=\"https:\/\/bio4you.eu\/et\/olid\/2245-itaalia-filtreerimata-oliivioli-500ml-kulmpress-corvino.html?search_query=oliivioli&amp;results=110\" target=\"_blank\" rel=\"noopener noreferrer\"><span style=\"color: #99cc00;\">ekstra neitsioliivi\u00f5li<\/span><\/a><\/span><\/li>\n<\/ul>\n","protected":false},"featured_media":3969,"comment_status":"closed","ping_status":"closed","template":"","meta":{"_exactmetrics_skip_tracking":false,"_exactmetrics_sitenote_active":false,"_exactmetrics_sitenote_note":"","_exactmetrics_sitenote_category":0},"product_cat":[61,85,90],"product_tag":[252,247,135],"class_list":{"0":"post-2089","1":"product","2":"type-product","3":"status-publish","4":"has-post-thumbnail","6":"product_cat-ilu-retseptid","7":"product_cat-kehahooldus","8":"product_cat-paiksekaitse","9":"product_tag-paevitusjargne-oli","10":"product_tag-paevitusoli","11":"product_tag-paikesekaitse","13":"first","14":"instock","15":"shipping-taxable","16":"product-type-simple"},"yoast_head":"<!-- This site is optimized with the Yoast SEO plugin v23.3 - https:\/\/yoast.com\/wordpress\/plugins\/seo\/ -->\n<title>P\u00e4evitus\u00f5li porgandiga (SPF 2-4) - bio4you.eu\/retseptid<\/title>\n<meta name=\"description\" content=\"P\u00e4evitust kinnistav \u00f5li porgandiga\" \/>\n<meta name=\"robots\" content=\"index, follow, max-snippet:-1, max-image-preview:large, max-video-preview:-1\" \/>\n<link rel=\"canonical\" href=\"https:\/\/bio4you.eu\/retseptid\/toode\/paevitust-kinnistav-oli-porgandiga\/\" \/>\n<meta property=\"og:locale\" content=\"et_EE\" \/>\n<meta property=\"og:type\" content=\"article\" \/>\n<meta property=\"og:title\" content=\"P\u00e4evitus\u00f5li porgandiga (SPF 2-4) - bio4you.eu\/retseptid\" \/>\n<meta property=\"og:description\" content=\"P\u00e4evitust kinnistav \u00f5li porgandiga\" \/>\n<meta property=\"og:url\" content=\"https:\/\/bio4you.eu\/retseptid\/toode\/paevitust-kinnistav-oli-porgandiga\/\" \/>\n<meta property=\"og:site_name\" content=\"bio4you.eu\/retseptid\" \/>\n<meta property=\"article:modified_time\" content=\"2022-05-19T09:59:54+00:00\" \/>\n<meta property=\"og:image\" content=\"https:\/\/bio4you.eu\/retseptid\/wp-content\/uploads\/2014\/05\/oriol-portell-bHdiBIWrtTE-unsplash-scaled.jpg\" \/>\n\t<meta property=\"og:image:width\" content=\"1920\" \/>\n\t<meta property=\"og:image:height\" content=\"2560\" \/>\n\t<meta property=\"og:image:type\" content=\"image\/jpeg\" \/>\n<meta name=\"twitter:label1\" content=\"Est. reading time\" \/>\n\t<meta name=\"twitter:data1\" content=\"1 minut\" \/>\n<script type=\"application\/ld+json\" class=\"yoast-schema-graph\">{\"@context\":\"https:\/\/schema.org\",\"@graph\":[{\"@type\":\"WebPage\",\"@id\":\"https:\/\/bio4you.eu\/retseptid\/toode\/paevitust-kinnistav-oli-porgandiga\/\",\"url\":\"https:\/\/bio4you.eu\/retseptid\/toode\/paevitust-kinnistav-oli-porgandiga\/\",\"name\":\"P\u00e4evitus\u00f5li porgandiga (SPF 2-4) - bio4you.eu\/retseptid\",\"isPartOf\":{\"@id\":\"https:\/\/bio4you.eu\/retseptid\/#website\"},\"primaryImageOfPage\":{\"@id\":\"https:\/\/bio4you.eu\/retseptid\/toode\/paevitust-kinnistav-oli-porgandiga\/#primaryimage\"},\"image\":{\"@id\":\"https:\/\/bio4you.eu\/retseptid\/toode\/paevitust-kinnistav-oli-porgandiga\/#primaryimage\"},\"thumbnailUrl\":\"https:\/\/bio4you.eu\/retseptid\/wp-content\/uploads\/2014\/05\/oriol-portell-bHdiBIWrtTE-unsplash-scaled.jpg\",\"datePublished\":\"2014-05-28T08:10:18+00:00\",\"dateModified\":\"2022-05-19T09:59:54+00:00\",\"description\":\"P\u00e4evitust kinnistav \u00f5li porgandiga\",\"breadcrumb\":{\"@id\":\"https:\/\/bio4you.eu\/retseptid\/toode\/paevitust-kinnistav-oli-porgandiga\/#breadcrumb\"},\"inLanguage\":\"et\",\"potentialAction\":[{\"@type\":\"ReadAction\",\"target\":[\"https:\/\/bio4you.eu\/retseptid\/toode\/paevitust-kinnistav-oli-porgandiga\/\"]}]},{\"@type\":\"ImageObject\",\"inLanguage\":\"et\",\"@id\":\"https:\/\/bio4you.eu\/retseptid\/toode\/paevitust-kinnistav-oli-porgandiga\/#primaryimage\",\"url\":\"https:\/\/bio4you.eu\/retseptid\/wp-content\/uploads\/2014\/05\/oriol-portell-bHdiBIWrtTE-unsplash-scaled.jpg\",\"contentUrl\":\"https:\/\/bio4you.eu\/retseptid\/wp-content\/uploads\/2014\/05\/oriol-portell-bHdiBIWrtTE-unsplash-scaled.jpg\",\"width\":1920,\"height\":2560},{\"@type\":\"BreadcrumbList\",\"@id\":\"https:\/\/bio4you.eu\/retseptid\/toode\/paevitust-kinnistav-oli-porgandiga\/#breadcrumb\",\"itemListElement\":[{\"@type\":\"ListItem\",\"position\":1,\"name\":\"Home\",\"item\":\"https:\/\/bio4you.eu\/retseptid\/\"},{\"@type\":\"ListItem\",\"position\":2,\"name\":\"P\u00e4evitus\u00f5li porgandiga (SPF 2-4)\"}]},{\"@type\":\"WebSite\",\"@id\":\"https:\/\/bio4you.eu\/retseptid\/#website\",\"url\":\"https:\/\/bio4you.eu\/retseptid\/\",\"name\":\"bio4you.eu\/retseptid\",\"description\":\"\u00d6ko retseptid ise tegemiseks, looduslikest koostisainetest. Maitsev toit, iluhooldus, kodupuhastus ja aiandus.\",\"potentialAction\":[{\"@type\":\"SearchAction\",\"target\":{\"@type\":\"EntryPoint\",\"urlTemplate\":\"https:\/\/bio4you.eu\/retseptid\/?s={search_term_string}\"},\"query-input\":\"required name=search_term_string\"}],\"inLanguage\":\"et\"}]}<\/script>\n<!-- \/ Yoast SEO plugin. -->","yoast_head_json":{"title":"P\u00e4evitus\u00f5li porgandiga (SPF 2-4) - bio4you.eu\/retseptid","description":"P\u00e4evitust kinnistav \u00f5li porgandiga","robots":{"index":"index","follow":"follow","max-snippet":"max-snippet:-1","max-image-preview":"max-image-preview:large","max-video-preview":"max-video-preview:-1"},"canonical":"https:\/\/bio4you.eu\/retseptid\/toode\/paevitust-kinnistav-oli-porgandiga\/","og_locale":"et_EE","og_type":"article","og_title":"P\u00e4evitus\u00f5li porgandiga (SPF 2-4) - bio4you.eu\/retseptid","og_description":"P\u00e4evitust kinnistav \u00f5li porgandiga","og_url":"https:\/\/bio4you.eu\/retseptid\/toode\/paevitust-kinnistav-oli-porgandiga\/","og_site_name":"bio4you.eu\/retseptid","article_modified_time":"2022-05-19T09:59:54+00:00","og_image":[{"width":1920,"height":2560,"url":"https:\/\/bio4you.eu\/retseptid\/wp-content\/uploads\/2014\/05\/oriol-portell-bHdiBIWrtTE-unsplash-scaled.jpg","type":"image\/jpeg"}],"twitter_misc":{"Est. reading time":"1 minut"},"schema":{"@context":"https:\/\/schema.org","@graph":[{"@type":"WebPage","@id":"https:\/\/bio4you.eu\/retseptid\/toode\/paevitust-kinnistav-oli-porgandiga\/","url":"https:\/\/bio4you.eu\/retseptid\/toode\/paevitust-kinnistav-oli-porgandiga\/","name":"P\u00e4evitus\u00f5li porgandiga (SPF 2-4) - bio4you.eu\/retseptid","isPartOf":{"@id":"https:\/\/bio4you.eu\/retseptid\/#website"},"primaryImageOfPage":{"@id":"https:\/\/bio4you.eu\/retseptid\/toode\/paevitust-kinnistav-oli-porgandiga\/#primaryimage"},"image":{"@id":"https:\/\/bio4you.eu\/retseptid\/toode\/paevitust-kinnistav-oli-porgandiga\/#primaryimage"},"thumbnailUrl":"https:\/\/bio4you.eu\/retseptid\/wp-content\/uploads\/2014\/05\/oriol-portell-bHdiBIWrtTE-unsplash-scaled.jpg","datePublished":"2014-05-28T08:10:18+00:00","dateModified":"2022-05-19T09:59:54+00:00","description":"P\u00e4evitust kinnistav \u00f5li porgandiga","breadcrumb":{"@id":"https:\/\/bio4you.eu\/retseptid\/toode\/paevitust-kinnistav-oli-porgandiga\/#breadcrumb"},"inLanguage":"et","potentialAction":[{"@type":"ReadAction","target":["https:\/\/bio4you.eu\/retseptid\/toode\/paevitust-kinnistav-oli-porgandiga\/"]}]},{"@type":"ImageObject","inLanguage":"et","@id":"https:\/\/bio4you.eu\/retseptid\/toode\/paevitust-kinnistav-oli-porgandiga\/#primaryimage","url":"https:\/\/bio4you.eu\/retseptid\/wp-content\/uploads\/2014\/05\/oriol-portell-bHdiBIWrtTE-unsplash-scaled.jpg","contentUrl":"https:\/\/bio4you.eu\/retseptid\/wp-content\/uploads\/2014\/05\/oriol-portell-bHdiBIWrtTE-unsplash-scaled.jpg","width":1920,"height":2560},{"@type":"BreadcrumbList","@id":"https:\/\/bio4you.eu\/retseptid\/toode\/paevitust-kinnistav-oli-porgandiga\/#breadcrumb","itemListElement":[{"@type":"ListItem","position":1,"name":"Home","item":"https:\/\/bio4you.eu\/retseptid\/"},{"@type":"ListItem","position":2,"name":"P\u00e4evitus\u00f5li porgandiga (SPF 2-4)"}]},{"@type":"WebSite","@id":"https:\/\/bio4you.eu\/retseptid\/#website","url":"https:\/\/bio4you.eu\/retseptid\/","name":"bio4you.eu\/retseptid","description":"\u00d6ko retseptid ise tegemiseks, looduslikest koostisainetest. Maitsev toit, iluhooldus, kodupuhastus ja aiandus.","potentialAction":[{"@type":"SearchAction","target":{"@type":"EntryPoint","urlTemplate":"https:\/\/bio4you.eu\/retseptid\/?s={search_term_string}"},"query-input":"required name=search_term_string"}],"inLanguage":"et"}]}},"_links":{"self":[{"href":"https:\/\/bio4you.eu\/retseptid\/wp-json\/wp\/v2\/product\/2089"}],"collection":[{"href":"https:\/\/bio4you.eu\/retseptid\/wp-json\/wp\/v2\/product"}],"about":[{"href":"https:\/\/bio4you.eu\/retseptid\/wp-json\/wp\/v2\/types\/product"}],"replies":[{"embeddable":true,"href":"https:\/\/bio4you.eu\/retseptid\/wp-json\/wp\/v2\/comments?post=2089"}],"wp:featuredmedia":[{"embeddable":true,"href":"https:\/\/bio4you.eu\/retseptid\/wp-json\/wp\/v2\/media\/3969"}],"wp:attachment":[{"href":"https:\/\/bio4you.eu\/retseptid\/wp-json\/wp\/v2\/media?parent=2089"}],"wp:term":[{"taxonomy":"product_cat","embeddable":true,"href":"https:\/\/bio4you.eu\/retseptid\/wp-json\/wp\/v2\/product_cat?post=2089"},{"taxonomy":"product_tag","embeddable":true,"href":"https:\/\/bio4you.eu\/retseptid\/wp-json\/wp\/v2\/product_tag?post=2089"}],"curies":[{"name":"wp","href":"https:\/\/api.w.org\/{rel}","templated":true}]}}