{"id":2093,"date":"2014-06-18T11:56:59","date_gmt":"2014-06-18T08:56:59","guid":{"rendered":"https:\/\/bio4you.eu\/retseptid\/?post_type=product&#038;p=2093"},"modified":"2018-08-09T12:42:21","modified_gmt":"2018-08-09T09:42:21","slug":"aroom-oliivioli-basiilikuga","status":"publish","type":"product","link":"https:\/\/bio4you.eu\/retseptid\/toode\/aroom-oliivioli-basiilikuga\/","title":{"rendered":"Aroom oliivi\u00f5li basiilikuga"},"content":{"rendered":"<p>Pese ja kuivata basiilik ning kata \u00f5liga. Kui m\u00f5ni leheke \u00f5li peale valamisel pinnale t\u00f5useb, suru see kuiva ja puhta kahvliga p\u00f5hja tagasi. Lase enne kasutamist seista pimedas \u00a03 &#8211; 4 n\u00e4dalat.<\/p>\n<p>Sobib v\u00e4rske tomati ja mozzarellaga, pastatoitudele, tomatitoitudele, brushettadega, r\u00f6stsaiaga, v\u00e4rske juustuga, pastale, juurviljadele, v\u00e4rsketele rohelistele salatitele.<\/p>\n<p>Aroom\u00f5li sobib viimaseks lihviks mistahes toidule, kinkides uusi maitseelamusi. Ta ilmestab peo- v\u00f5i \u00f5htus\u00f6\u00f6gilauda ning sobib orginaalseks kingituseks. Vaid paar tilka annab suurep\u00e4rase ja intensiivse maitse.\u00a0\u00d5li tegemiseks on vaja varuda aega, sest aroom-\u00f5li peab pimedas 1-2 kuud &#8220;t\u00f5mbama&#8221;.<\/p>\n<p style=\"text-align: center;\"><strong>AROOMI\u00d5LI VALMISTAMISE REEGLID<\/strong><\/p>\n<ul>\n<li>Aroom\u00f5lid tuleb valmistada\u00a0<strong>1-2 kuud enne kasutamist<\/strong>, et maitsetaim annaks edasi oma aroomi ja maitse.<\/li>\n<li><strong>Taimed,<\/strong>\u00a0mida kasutate peavad olema\u00a0<strong>v\u00e4rskelt korjatud, pestud ja kuivatatud, ilma defektideta.<\/strong><\/li>\n<li><strong>Kuivata<\/strong><strong>miseks<\/strong>\u00a0saab kasutada n\u00e4iteks spetsiaalset kuivatit, p\u00e4ikest v\u00f5i praeahju. Taimeoksad v\u00f5ite ka kuivatada r\u00e4tikuga ja j\u00e4tta sooja kohta seisma 5 tunniks.<\/li>\n<li><strong>Sidrun ja apelsin<\/strong>\u00a0peavad olema\u00a0<strong>mahep\u00f5llundusest<\/strong>\u00a0( sest kasutatakse kooreosa).<\/li>\n<li><strong>K\u00fc\u00fcslauk v\u00f5iks olla kuivatatud ja viilutatud.<\/strong><\/li>\n<li><strong>V\u00e4rskel k\u00fc\u00fcslaugul<\/strong>\u00a0tuleb\u00a0<strong>eemaldada roheline iduosa<\/strong>\u00a0( mis annaks liiga tugeva maitse). \u00a0Lisaks tuleb v\u00e4rske k\u00fc\u00fcslauk enne kasutamist\u00a0<strong>korraks l\u00e4bi keeta vee ja \u00e4\u00e4dika 1:1-le segus<\/strong>( et v\u00e4ltida botuliinipisiku teket).<\/li>\n<li><strong>Purk<\/strong>, kuhu \u00f5li panete, peab olema\u00a0<strong>pestud ja steriliseeritud<\/strong>. Kasuta v\u00e4ikseid purke (200-300ml) ja keeda neid 10 minutit enne kasutamist.<\/li>\n<li><strong>Valmis segu pannakse pimedasse ja jahedasse kohta<\/strong>. Seal ta seisab\u00a0<strong>2 n\u00e4dalat kuni 2 kuud<\/strong>. Mida kauem \u00f5li seisab, seda tugevam on maitse. Peale seismist v\u00f5ite \u00f5li filtreerida aga ka kasutada koos taimedega mis seal sees on.<\/li>\n<li><strong>Kodus tehtud aroom\u00f5lid v\u00f5iks teha v\u00e4ikestesse anumatesse ja tarvitada \u00e4ra suve jooksul.\u00a0<\/strong><\/li>\n<li>Peale avamist\u00a0<strong>hoida kuivas ja jahedas<\/strong>, v\u00f5ib hoida ka k\u00fclmikus ( kuid nii k\u00fclmas oliivi\u00f5li v\u00e4\u00e4rtus v\u00e4heneb ja \u00f5li muutub paksuks).<\/li>\n<\/ul>\n<p><strong>Reeglite mittej\u00e4rgimisel v\u00f5ivad taimedest koostisosad hallitama minna.\u00a0<\/strong>Sel juhul peate \u00f5li \u00e4ra viskama.\u00a0K\u00f5ige suurem oht on botulismipisiku teke ( bakter, mille spoorid v\u00f5ivad areneda mitten\u00f5uetekohaselt valmistatud \u00f5lihoidistes). Sellep\u00e4rast tulebki terved k\u00fc\u00fcslauguk\u00fc\u00fcned enne \u00e4\u00e4dikalahuses l\u00e4bi keeta. Tr\u00fchvlid ja seened peavad olema p\u00f5hjalikult pestud, neid ei kasutata tervelt vaid viilutatult, ideaalis ka kuivatatult.<\/p>\n<p><strong>Botuliinipisiku tekkev\u00f5imaluse minimiseerib<\/strong>\u00a0kuivade taimede kasutamine, samuti nende 1:1-le valmistatud vee-\u00e4\u00e4dikalahuses keetmine, puhtad k\u00e4ed, steriliseeritud t\u00f6\u00f6vahendid. \u00c4ra kasuta \u00f5li, kui taimele on tekkinud hallitus v\u00f5i m\u00e4dakoht, kui korgi juurde tekib rooste, kui taimed kerkivad \u00f5li seest \u00fcles v\u00f5i \u00f5li mullitab. Valmis aroom\u00f5li tarvita \u00e4ra paari kuu jooksul. S\u00e4ilita seda kuivas, pimedas ja jahedas kohas, aga mitte k\u00fclmikus.<\/p>\n<p><strong>Aroom\u00f5lisid saab ka osta. Aroom\u00f5li on gurmaanidele m\u00f5eldud toode, see ei ole laiatarbekaup. Seega ei valmista aroom\u00f5lisid masstootmisega tegelevad ettev\u00f5tted. Need on alati tehtud v\u00e4iketootjate poolt, parimast toorainest ja nende valmistamisel on ranged h\u00fcgieeni ja tooraine t\u00f6\u00f6tlemise reeglid.<\/strong><\/p>\n<p>Bio sertifikaadiga maitse\u00f5lides kasutatakse extra virgin bio oliivi\u00f5li. Iga taim mida on kasutatud, peab omakorda olema mahetunnistusega. M\u00f5nikord leitakse kompromiss ja kasutatakse bio oliivi\u00f5li ja ilma sertifikaadita maitsetaimi ( siis tootel ei ole bio sertifikaati pudelil). Selle valiku p\u00f5hjustab fakt, et maitsetaimede sertifitseerimine on v\u00e4iketootjale kulukas ja ebam\u00f5istlik. Aroom oliivi\u00f5li kingib Sulle t\u00f5elise maitseelamuse, seda kulub v\u00e4he ja s\u00e4ilib kaua.<\/p>\n<p>Valmis aroom-oliivi\u00f5lisid saad osta <a href=\"http:\/\/www.bio4you.eu\/et\/search?orderby=position&amp;orderway=desc&amp;search_query=aroom-oliivi%C3%B5li&amp;submit_search=Otsi\"><span style=\"color: #99cc00;\">SIIT<\/span><\/a>.<\/p>\n<p>Pilt p\u00e4rineb <a href=\"http:\/\/www.bettycrocker.com\/how-to\/tipslibrary\/cooking-tips\/spaghetti-with-tomatoes-and-garlic-basil-oil\"><span style=\"color: #99cc00;\">SIIT<\/span><\/a>.<\/p>\n","protected":false},"excerpt":{"rendered":"<p>VAJA L\u00c4HEB<\/p>\n<ul>\n<li>250ml <span style=\"color: #99cc00;\"><a style=\"color: #99cc00;\" href=\"https:\/\/bio4you.eu\/et\/olid\/2245-itaalia-filtreerimata-oliivioli-500ml-kulmpress-corvino.html\">ekstra neitsioliivi\u00f5li<\/a><\/span><\/li>\n<li>2 -3 oksakest v\u00e4rsket basiilikut<\/li>\n<\/ul>\n","protected":false},"featured_media":3719,"comment_status":"closed","ping_status":"closed","template":"","meta":{"_exactmetrics_skip_tracking":false,"_exactmetrics_sitenote_active":false,"_exactmetrics_sitenote_note":"","_exactmetrics_sitenote_category":0},"product_cat":[59,60,73],"product_tag":[258,256,259,262,261,260,257],"class_list":{"0":"post-2093","1":"product","2":"type-product","3":"status-publish","4":"has-post-thumbnail","6":"product_cat-featured","7":"product_cat-toiduretseptid","8":"product_cat-maitseolid-maitseained","9":"product_tag-aroom-oliivioli","10":"product_tag-aroomoli","11":"product_tag-basiilikuoli","12":"product_tag-bio-oliivioli","13":"product_tag-extra-virgin-oliivioli","14":"product_tag-gurmee-oliivioli","15":"product_tag-isetehtud-aroomoli","17":"first","18":"instock","19":"shipping-taxable","20":"product-type-simple"},"yoast_head":"<!-- This site is optimized with the Yoast SEO plugin v23.3 - https:\/\/yoast.com\/wordpress\/plugins\/seo\/ -->\n<title>Aroom oliivi\u00f5li basiilikuga - bio4you.eu\/retseptid<\/title>\n<meta name=\"description\" content=\"Aroom oliivi\u00f5li basiilikuga\" \/>\n<meta name=\"robots\" content=\"index, follow, max-snippet:-1, max-image-preview:large, max-video-preview:-1\" \/>\n<link rel=\"canonical\" href=\"https:\/\/bio4you.eu\/retseptid\/toode\/aroom-oliivioli-basiilikuga\/\" \/>\n<meta property=\"og:locale\" content=\"et_EE\" \/>\n<meta property=\"og:type\" content=\"article\" \/>\n<meta property=\"og:title\" content=\"Aroom oliivi\u00f5li basiilikuga - bio4you.eu\/retseptid\" \/>\n<meta property=\"og:description\" content=\"Aroom oliivi\u00f5li basiilikuga\" \/>\n<meta property=\"og:url\" content=\"https:\/\/bio4you.eu\/retseptid\/toode\/aroom-oliivioli-basiilikuga\/\" \/>\n<meta property=\"og:site_name\" content=\"bio4you.eu\/retseptid\" \/>\n<meta property=\"article:modified_time\" content=\"2018-08-09T09:42:21+00:00\" \/>\n<meta property=\"og:image\" content=\"https:\/\/bio4you.eu\/retseptid\/wp-content\/uploads\/2014\/06\/basil-herbs-green-mediterranean-40720-scaled.jpeg\" \/>\n\t<meta property=\"og:image:width\" content=\"2560\" \/>\n\t<meta property=\"og:image:height\" content=\"1723\" \/>\n\t<meta property=\"og:image:type\" content=\"image\/jpeg\" \/>\n<meta name=\"twitter:label1\" content=\"Est. reading time\" \/>\n\t<meta name=\"twitter:data1\" content=\"3 minutit\" \/>\n<script type=\"application\/ld+json\" class=\"yoast-schema-graph\">{\"@context\":\"https:\/\/schema.org\",\"@graph\":[{\"@type\":\"WebPage\",\"@id\":\"https:\/\/bio4you.eu\/retseptid\/toode\/aroom-oliivioli-basiilikuga\/\",\"url\":\"https:\/\/bio4you.eu\/retseptid\/toode\/aroom-oliivioli-basiilikuga\/\",\"name\":\"Aroom oliivi\u00f5li basiilikuga - bio4you.eu\/retseptid\",\"isPartOf\":{\"@id\":\"https:\/\/bio4you.eu\/retseptid\/#website\"},\"primaryImageOfPage\":{\"@id\":\"https:\/\/bio4you.eu\/retseptid\/toode\/aroom-oliivioli-basiilikuga\/#primaryimage\"},\"image\":{\"@id\":\"https:\/\/bio4you.eu\/retseptid\/toode\/aroom-oliivioli-basiilikuga\/#primaryimage\"},\"thumbnailUrl\":\"https:\/\/bio4you.eu\/retseptid\/wp-content\/uploads\/2014\/06\/basil-herbs-green-mediterranean-40720-scaled.jpeg\",\"datePublished\":\"2014-06-18T08:56:59+00:00\",\"dateModified\":\"2018-08-09T09:42:21+00:00\",\"description\":\"Aroom oliivi\u00f5li basiilikuga\",\"breadcrumb\":{\"@id\":\"https:\/\/bio4you.eu\/retseptid\/toode\/aroom-oliivioli-basiilikuga\/#breadcrumb\"},\"inLanguage\":\"et\",\"potentialAction\":[{\"@type\":\"ReadAction\",\"target\":[\"https:\/\/bio4you.eu\/retseptid\/toode\/aroom-oliivioli-basiilikuga\/\"]}]},{\"@type\":\"ImageObject\",\"inLanguage\":\"et\",\"@id\":\"https:\/\/bio4you.eu\/retseptid\/toode\/aroom-oliivioli-basiilikuga\/#primaryimage\",\"url\":\"https:\/\/bio4you.eu\/retseptid\/wp-content\/uploads\/2014\/06\/basil-herbs-green-mediterranean-40720-scaled.jpeg\",\"contentUrl\":\"https:\/\/bio4you.eu\/retseptid\/wp-content\/uploads\/2014\/06\/basil-herbs-green-mediterranean-40720-scaled.jpeg\",\"width\":2560,\"height\":1723},{\"@type\":\"BreadcrumbList\",\"@id\":\"https:\/\/bio4you.eu\/retseptid\/toode\/aroom-oliivioli-basiilikuga\/#breadcrumb\",\"itemListElement\":[{\"@type\":\"ListItem\",\"position\":1,\"name\":\"Home\",\"item\":\"https:\/\/bio4you.eu\/retseptid\/\"},{\"@type\":\"ListItem\",\"position\":2,\"name\":\"Aroom oliivi\u00f5li basiilikuga\"}]},{\"@type\":\"WebSite\",\"@id\":\"https:\/\/bio4you.eu\/retseptid\/#website\",\"url\":\"https:\/\/bio4you.eu\/retseptid\/\",\"name\":\"bio4you.eu\/retseptid\",\"description\":\"\u00d6ko retseptid ise tegemiseks, looduslikest koostisainetest. Maitsev toit, iluhooldus, kodupuhastus ja aiandus.\",\"potentialAction\":[{\"@type\":\"SearchAction\",\"target\":{\"@type\":\"EntryPoint\",\"urlTemplate\":\"https:\/\/bio4you.eu\/retseptid\/?s={search_term_string}\"},\"query-input\":\"required name=search_term_string\"}],\"inLanguage\":\"et\"}]}<\/script>\n<!-- \/ Yoast SEO plugin. -->","yoast_head_json":{"title":"Aroom oliivi\u00f5li basiilikuga - bio4you.eu\/retseptid","description":"Aroom oliivi\u00f5li basiilikuga","robots":{"index":"index","follow":"follow","max-snippet":"max-snippet:-1","max-image-preview":"max-image-preview:large","max-video-preview":"max-video-preview:-1"},"canonical":"https:\/\/bio4you.eu\/retseptid\/toode\/aroom-oliivioli-basiilikuga\/","og_locale":"et_EE","og_type":"article","og_title":"Aroom oliivi\u00f5li basiilikuga - bio4you.eu\/retseptid","og_description":"Aroom oliivi\u00f5li basiilikuga","og_url":"https:\/\/bio4you.eu\/retseptid\/toode\/aroom-oliivioli-basiilikuga\/","og_site_name":"bio4you.eu\/retseptid","article_modified_time":"2018-08-09T09:42:21+00:00","og_image":[{"width":2560,"height":1723,"url":"https:\/\/bio4you.eu\/retseptid\/wp-content\/uploads\/2014\/06\/basil-herbs-green-mediterranean-40720-scaled.jpeg","type":"image\/jpeg"}],"twitter_misc":{"Est. reading time":"3 minutit"},"schema":{"@context":"https:\/\/schema.org","@graph":[{"@type":"WebPage","@id":"https:\/\/bio4you.eu\/retseptid\/toode\/aroom-oliivioli-basiilikuga\/","url":"https:\/\/bio4you.eu\/retseptid\/toode\/aroom-oliivioli-basiilikuga\/","name":"Aroom oliivi\u00f5li basiilikuga - bio4you.eu\/retseptid","isPartOf":{"@id":"https:\/\/bio4you.eu\/retseptid\/#website"},"primaryImageOfPage":{"@id":"https:\/\/bio4you.eu\/retseptid\/toode\/aroom-oliivioli-basiilikuga\/#primaryimage"},"image":{"@id":"https:\/\/bio4you.eu\/retseptid\/toode\/aroom-oliivioli-basiilikuga\/#primaryimage"},"thumbnailUrl":"https:\/\/bio4you.eu\/retseptid\/wp-content\/uploads\/2014\/06\/basil-herbs-green-mediterranean-40720-scaled.jpeg","datePublished":"2014-06-18T08:56:59+00:00","dateModified":"2018-08-09T09:42:21+00:00","description":"Aroom oliivi\u00f5li basiilikuga","breadcrumb":{"@id":"https:\/\/bio4you.eu\/retseptid\/toode\/aroom-oliivioli-basiilikuga\/#breadcrumb"},"inLanguage":"et","potentialAction":[{"@type":"ReadAction","target":["https:\/\/bio4you.eu\/retseptid\/toode\/aroom-oliivioli-basiilikuga\/"]}]},{"@type":"ImageObject","inLanguage":"et","@id":"https:\/\/bio4you.eu\/retseptid\/toode\/aroom-oliivioli-basiilikuga\/#primaryimage","url":"https:\/\/bio4you.eu\/retseptid\/wp-content\/uploads\/2014\/06\/basil-herbs-green-mediterranean-40720-scaled.jpeg","contentUrl":"https:\/\/bio4you.eu\/retseptid\/wp-content\/uploads\/2014\/06\/basil-herbs-green-mediterranean-40720-scaled.jpeg","width":2560,"height":1723},{"@type":"BreadcrumbList","@id":"https:\/\/bio4you.eu\/retseptid\/toode\/aroom-oliivioli-basiilikuga\/#breadcrumb","itemListElement":[{"@type":"ListItem","position":1,"name":"Home","item":"https:\/\/bio4you.eu\/retseptid\/"},{"@type":"ListItem","position":2,"name":"Aroom oliivi\u00f5li basiilikuga"}]},{"@type":"WebSite","@id":"https:\/\/bio4you.eu\/retseptid\/#website","url":"https:\/\/bio4you.eu\/retseptid\/","name":"bio4you.eu\/retseptid","description":"\u00d6ko retseptid ise tegemiseks, looduslikest koostisainetest. Maitsev toit, iluhooldus, kodupuhastus ja aiandus.","potentialAction":[{"@type":"SearchAction","target":{"@type":"EntryPoint","urlTemplate":"https:\/\/bio4you.eu\/retseptid\/?s={search_term_string}"},"query-input":"required name=search_term_string"}],"inLanguage":"et"}]}},"_links":{"self":[{"href":"https:\/\/bio4you.eu\/retseptid\/wp-json\/wp\/v2\/product\/2093"}],"collection":[{"href":"https:\/\/bio4you.eu\/retseptid\/wp-json\/wp\/v2\/product"}],"about":[{"href":"https:\/\/bio4you.eu\/retseptid\/wp-json\/wp\/v2\/types\/product"}],"replies":[{"embeddable":true,"href":"https:\/\/bio4you.eu\/retseptid\/wp-json\/wp\/v2\/comments?post=2093"}],"wp:featuredmedia":[{"embeddable":true,"href":"https:\/\/bio4you.eu\/retseptid\/wp-json\/wp\/v2\/media\/3719"}],"wp:attachment":[{"href":"https:\/\/bio4you.eu\/retseptid\/wp-json\/wp\/v2\/media?parent=2093"}],"wp:term":[{"taxonomy":"product_cat","embeddable":true,"href":"https:\/\/bio4you.eu\/retseptid\/wp-json\/wp\/v2\/product_cat?post=2093"},{"taxonomy":"product_tag","embeddable":true,"href":"https:\/\/bio4you.eu\/retseptid\/wp-json\/wp\/v2\/product_tag?post=2093"}],"curies":[{"name":"wp","href":"https:\/\/api.w.org\/{rel}","templated":true}]}}