{"id":2127,"date":"2014-07-21T19:36:59","date_gmt":"2014-07-21T16:36:59","guid":{"rendered":"https:\/\/bio4you.eu\/retseptid\/product\/kapoor-kahli-niisutav-toitemask-juuste-laige-ja-voluum\/"},"modified":"2022-05-17T19:47:01","modified_gmt":"2022-05-17T16:47:01","slug":"kapoor-kahli-niisutav-toitemask-juuste-laige-ja-voluum","status":"publish","type":"product","link":"https:\/\/bio4you.eu\/retseptid\/toode\/kapoor-kahli-niisutav-toitemask-juuste-laige-ja-voluum\/","title":{"rendered":"Kapoor Kahli niisutav toitemask (l\u00e4ige ja voluum)"},"content":{"rendered":"<p><span style=\"font-family: Bitter, Georgia, serif;\"><span style=\"font-size: 20px;\">VALMISTAMISVIIS:<br \/>\n<\/span><\/span><\/p>\n<ol>\n<li>Valmista \u00fchtlane mass, kasutades juuksemaski, aaloegeeli ja taime\u00f5lisid<\/li>\n<li>Lisa Kapoor Kahli<\/li>\n<li>Lisa essentsi\u00f5lid<\/li>\n<li>Kanna mask niisketele juustele. Kata vannim\u00fctsiga. Hoia peas v\u00e4hemalt 30 minutit. Hea on maski ajal olla soojas saunas, p\u00e4ikse k\u00e4es v\u00f5i katta vannim\u00fcts omakorda sooja r\u00e4tiga, niimoodi imavad juuksed toitaineid paremini.<\/li>\n<\/ol>\n<p>Loe ka Kapoor Kahli baasretsepti juustele <a href=\"https:\/\/bio4you.eu\/retseptid\/product\/kapoor-kahli-juustekasvule\/\" target=\"_blank\" rel=\"noopener\"><span style=\"color: #99cc00;\">SIIT<\/span><\/a>.<\/p>\n<p>Baasretsepti v\u00f5id ise t\u00e4iendada erinevate taime\u00f5lide, teiste taimepulbritega jne. Vee asemel v\u00f5id kasutada ka kuuma taimeteed. KAPOOR pulbrit v\u00f5ib kasutada segatuna balsamiga, maskiga ja shampooniga, et juukseid tugevdada.<\/p>\n<p>KAPOOR KACHLI on \u00fcks zenzenni liike, p\u00e4rit Himaalajaast. Pulber valmistatakse taime juurtest. Kapoor stimuleerib juuksekasvu ja tugevdab juuksejuuri. Kapoor on \u00fcks v\u00e4heseid pulbreid, mis leitakse sobivat ka <strong>blondidele<\/strong> juustele. Soovitame blondide juuste korral siiski enne katsetada \u00fche salgu peal, et pulber juukseid ei tooniks. Pulbri kasutamisel ei ole ohtusid ega k\u00f5rvalm\u00f5jusid. Allergia zenzenni vastu on v\u00e4ga harv ja m\u00f5nel \u00e4\u00e4rmuslikul juhul v\u00f5ib v\u00e4ljenduda punetusena. Taimepulbrid, mis ei ole otseselt m\u00f5eldud toidulisandiks, sobivad kasutamiseks vaid v\u00e4lispidiselt.<\/p>\n<p>KAPOOR KAHLI M\u00d5JU JUUSTELE: suurendab juuste voluumi. On teaduslikult t\u00f5estatud, et m\u00f5jub t\u00e4ide vastu, muudab juuksed paksemaks ja soodustab nende kasvu. V\u00e4ldib juuste v\u00e4ljalangemist.\u00a0 Pulber tugevdab juukseid kuid v\u00e4ikse negatiivse k\u00fcljena on tal omadus juukseid (eriti juukseotsi) kuivatada. Seet\u00f5ttu soovitame igasse Kapoor Kahli juuksemaski lisada natuke taime\u00f5li v\u00f5i siis kasutada peale maski tegemist t\u00e4iendavalt palsamit. Kui pulbri kasutamisega on juba harjutud, ei teki enam tunnet, et pulber juukseid kuivaks j\u00e4tab. Pulber j\u00e4tab juustesse meeldiva ingveril\u00f5hna, mis p\u00fcsib kaua. Soovitame pulbrit kasutada k\u00f5igil, kes soovivad tugevamaid ja kohevamaid ning tervemaid juukseid. KAPOOR pulbrit v\u00f5ib kasutada segatuna balsamiga, maskiga ja shampooniga, et juukseid tugevdada.<\/p>\n","protected":false},"excerpt":{"rendered":"<p>VAJA L\u00c4HEB:<\/p>\n<ul>\n<li>1 spl juuksemaski<\/li>\n<li>1 spl<a href=\"https:\/\/bio4you.eu\/et\/suvi-paeike\/2012-aaloegeel-983-200ml.html?utm_source=bioretsept&amp;utm_medium=retsept&amp;utm_campaign=retsept\" target=\"_blank\" rel=\"noopener\"><span style=\"color: #99cc00;\"> aaloe geeli<\/span><\/a><\/li>\n<li>1 tl <a href=\"https:\/\/bio4you.eu\/et\/naeoolid\/213-kuelmpress-argaaniaoli-50ml.html?utm_source=bioretsept&amp;utm_medium=retsept&amp;utm_campaign=retsept\" target=\"_blank\" rel=\"noopener\"><span style=\"color: #99cc00;\">argaania\u00f5li<\/span><\/a><\/li>\n<li>1 tl <a href=\"https:\/\/bio4you.eu\/et\/kehahooldus\/2667-makadaamiaoli-kuelmpress-100ml-sapone-di-un-tempo.html?utm_source=bioretsept&amp;utm_medium=retsept&amp;utm_campaign=retsept\" target=\"_blank\" rel=\"noopener\"><span style=\"color: #99cc00;\">makadaamia\u00f5li<\/span><\/a><\/li>\n<li>2 spl Kapoor Kahli taimepulber<\/li>\n<li>2 tilka sidruni essentsi\u00f5li<\/li>\n<li>2 tilka rosmariini essentsi\u00f5li<\/li>\n<\/ul>\n","protected":false},"featured_media":3956,"comment_status":"closed","ping_status":"closed","template":"","meta":{"_exactmetrics_skip_tracking":false,"_exactmetrics_sitenote_active":false,"_exactmetrics_sitenote_note":"","_exactmetrics_sitenote_category":0},"product_cat":[59,61,92,97,95,78],"product_tag":[98,234,283,282,286,285,240,284],"class_list":{"0":"post-2127","1":"product","2":"type-product","3":"status-publish","4":"has-post-thumbnail","6":"product_cat-featured","7":"product_cat-ilu-retseptid","8":"product_cat-juuksehooldus","9":"product_cat-juuksekasv-ja-peanaha-probleemid","10":"product_cat-juuksemaskid","11":"product_cat-taimepulbrid","12":"product_tag-juuksed","13":"product_tag-juuksekasv","14":"product_tag-juuste-laige","15":"product_tag-juuste-voluum","16":"product_tag-juustekasv","17":"product_tag-kapoor-kahli","18":"product_tag-peanahk","19":"product_tag-taimepulber","21":"first","22":"instock","23":"shipping-taxable","24":"product-type-simple"},"yoast_head":"<!-- This site is optimized with the Yoast SEO plugin v23.3 - https:\/\/yoast.com\/wordpress\/plugins\/seo\/ -->\n<title>Kapoor Kahli niisutav toitemask (l\u00e4ige ja voluum) - bio4you.eu\/retseptid<\/title>\n<meta name=\"description\" content=\"Kapoor Kahli niisutav toitemask\" \/>\n<meta name=\"robots\" content=\"index, follow, max-snippet:-1, max-image-preview:large, max-video-preview:-1\" \/>\n<link rel=\"canonical\" href=\"https:\/\/bio4you.eu\/retseptid\/toode\/kapoor-kahli-niisutav-toitemask-juuste-laige-ja-voluum\/\" \/>\n<meta property=\"og:locale\" content=\"et_EE\" \/>\n<meta property=\"og:type\" content=\"article\" \/>\n<meta property=\"og:title\" content=\"Kapoor Kahli niisutav toitemask (l\u00e4ige ja voluum) - bio4you.eu\/retseptid\" \/>\n<meta property=\"og:description\" content=\"Kapoor Kahli niisutav toitemask\" \/>\n<meta property=\"og:url\" content=\"https:\/\/bio4you.eu\/retseptid\/toode\/kapoor-kahli-niisutav-toitemask-juuste-laige-ja-voluum\/\" \/>\n<meta property=\"og:site_name\" content=\"bio4you.eu\/retseptid\" \/>\n<meta property=\"article:modified_time\" content=\"2022-05-17T16:47:01+00:00\" \/>\n<meta property=\"og:image\" content=\"https:\/\/bio4you.eu\/retseptid\/wp-content\/uploads\/2014\/07\/heap-macadamia-raw-seed-scaled.jpg\" \/>\n\t<meta property=\"og:image:width\" content=\"2560\" \/>\n\t<meta property=\"og:image:height\" content=\"1707\" \/>\n\t<meta property=\"og:image:type\" content=\"image\/jpeg\" \/>\n<meta name=\"twitter:label1\" content=\"Est. reading time\" \/>\n\t<meta name=\"twitter:data1\" content=\"1 minut\" \/>\n<script type=\"application\/ld+json\" class=\"yoast-schema-graph\">{\"@context\":\"https:\/\/schema.org\",\"@graph\":[{\"@type\":\"WebPage\",\"@id\":\"https:\/\/bio4you.eu\/retseptid\/toode\/kapoor-kahli-niisutav-toitemask-juuste-laige-ja-voluum\/\",\"url\":\"https:\/\/bio4you.eu\/retseptid\/toode\/kapoor-kahli-niisutav-toitemask-juuste-laige-ja-voluum\/\",\"name\":\"Kapoor Kahli niisutav toitemask (l\u00e4ige ja voluum) - bio4you.eu\/retseptid\",\"isPartOf\":{\"@id\":\"https:\/\/bio4you.eu\/retseptid\/#website\"},\"primaryImageOfPage\":{\"@id\":\"https:\/\/bio4you.eu\/retseptid\/toode\/kapoor-kahli-niisutav-toitemask-juuste-laige-ja-voluum\/#primaryimage\"},\"image\":{\"@id\":\"https:\/\/bio4you.eu\/retseptid\/toode\/kapoor-kahli-niisutav-toitemask-juuste-laige-ja-voluum\/#primaryimage\"},\"thumbnailUrl\":\"https:\/\/bio4you.eu\/retseptid\/wp-content\/uploads\/2014\/07\/heap-macadamia-raw-seed-scaled.jpg\",\"datePublished\":\"2014-07-21T16:36:59+00:00\",\"dateModified\":\"2022-05-17T16:47:01+00:00\",\"description\":\"Kapoor Kahli niisutav toitemask\",\"breadcrumb\":{\"@id\":\"https:\/\/bio4you.eu\/retseptid\/toode\/kapoor-kahli-niisutav-toitemask-juuste-laige-ja-voluum\/#breadcrumb\"},\"inLanguage\":\"et\",\"potentialAction\":[{\"@type\":\"ReadAction\",\"target\":[\"https:\/\/bio4you.eu\/retseptid\/toode\/kapoor-kahli-niisutav-toitemask-juuste-laige-ja-voluum\/\"]}]},{\"@type\":\"ImageObject\",\"inLanguage\":\"et\",\"@id\":\"https:\/\/bio4you.eu\/retseptid\/toode\/kapoor-kahli-niisutav-toitemask-juuste-laige-ja-voluum\/#primaryimage\",\"url\":\"https:\/\/bio4you.eu\/retseptid\/wp-content\/uploads\/2014\/07\/heap-macadamia-raw-seed-scaled.jpg\",\"contentUrl\":\"https:\/\/bio4you.eu\/retseptid\/wp-content\/uploads\/2014\/07\/heap-macadamia-raw-seed-scaled.jpg\",\"width\":2560,\"height\":1707,\"caption\":\"heap of macadamia raw seed\"},{\"@type\":\"BreadcrumbList\",\"@id\":\"https:\/\/bio4you.eu\/retseptid\/toode\/kapoor-kahli-niisutav-toitemask-juuste-laige-ja-voluum\/#breadcrumb\",\"itemListElement\":[{\"@type\":\"ListItem\",\"position\":1,\"name\":\"Home\",\"item\":\"https:\/\/bio4you.eu\/retseptid\/\"},{\"@type\":\"ListItem\",\"position\":2,\"name\":\"Kapoor Kahli niisutav toitemask (l\u00e4ige ja voluum)\"}]},{\"@type\":\"WebSite\",\"@id\":\"https:\/\/bio4you.eu\/retseptid\/#website\",\"url\":\"https:\/\/bio4you.eu\/retseptid\/\",\"name\":\"bio4you.eu\/retseptid\",\"description\":\"\u00d6ko retseptid ise tegemiseks, looduslikest koostisainetest. Maitsev toit, iluhooldus, kodupuhastus ja aiandus.\",\"potentialAction\":[{\"@type\":\"SearchAction\",\"target\":{\"@type\":\"EntryPoint\",\"urlTemplate\":\"https:\/\/bio4you.eu\/retseptid\/?s={search_term_string}\"},\"query-input\":\"required name=search_term_string\"}],\"inLanguage\":\"et\"}]}<\/script>\n<!-- \/ Yoast SEO plugin. -->","yoast_head_json":{"title":"Kapoor Kahli niisutav toitemask (l\u00e4ige ja voluum) - bio4you.eu\/retseptid","description":"Kapoor Kahli niisutav toitemask","robots":{"index":"index","follow":"follow","max-snippet":"max-snippet:-1","max-image-preview":"max-image-preview:large","max-video-preview":"max-video-preview:-1"},"canonical":"https:\/\/bio4you.eu\/retseptid\/toode\/kapoor-kahli-niisutav-toitemask-juuste-laige-ja-voluum\/","og_locale":"et_EE","og_type":"article","og_title":"Kapoor Kahli niisutav toitemask (l\u00e4ige ja voluum) - bio4you.eu\/retseptid","og_description":"Kapoor Kahli niisutav toitemask","og_url":"https:\/\/bio4you.eu\/retseptid\/toode\/kapoor-kahli-niisutav-toitemask-juuste-laige-ja-voluum\/","og_site_name":"bio4you.eu\/retseptid","article_modified_time":"2022-05-17T16:47:01+00:00","og_image":[{"width":2560,"height":1707,"url":"https:\/\/bio4you.eu\/retseptid\/wp-content\/uploads\/2014\/07\/heap-macadamia-raw-seed-scaled.jpg","type":"image\/jpeg"}],"twitter_misc":{"Est. reading time":"1 minut"},"schema":{"@context":"https:\/\/schema.org","@graph":[{"@type":"WebPage","@id":"https:\/\/bio4you.eu\/retseptid\/toode\/kapoor-kahli-niisutav-toitemask-juuste-laige-ja-voluum\/","url":"https:\/\/bio4you.eu\/retseptid\/toode\/kapoor-kahli-niisutav-toitemask-juuste-laige-ja-voluum\/","name":"Kapoor Kahli niisutav toitemask (l\u00e4ige ja voluum) - bio4you.eu\/retseptid","isPartOf":{"@id":"https:\/\/bio4you.eu\/retseptid\/#website"},"primaryImageOfPage":{"@id":"https:\/\/bio4you.eu\/retseptid\/toode\/kapoor-kahli-niisutav-toitemask-juuste-laige-ja-voluum\/#primaryimage"},"image":{"@id":"https:\/\/bio4you.eu\/retseptid\/toode\/kapoor-kahli-niisutav-toitemask-juuste-laige-ja-voluum\/#primaryimage"},"thumbnailUrl":"https:\/\/bio4you.eu\/retseptid\/wp-content\/uploads\/2014\/07\/heap-macadamia-raw-seed-scaled.jpg","datePublished":"2014-07-21T16:36:59+00:00","dateModified":"2022-05-17T16:47:01+00:00","description":"Kapoor Kahli niisutav toitemask","breadcrumb":{"@id":"https:\/\/bio4you.eu\/retseptid\/toode\/kapoor-kahli-niisutav-toitemask-juuste-laige-ja-voluum\/#breadcrumb"},"inLanguage":"et","potentialAction":[{"@type":"ReadAction","target":["https:\/\/bio4you.eu\/retseptid\/toode\/kapoor-kahli-niisutav-toitemask-juuste-laige-ja-voluum\/"]}]},{"@type":"ImageObject","inLanguage":"et","@id":"https:\/\/bio4you.eu\/retseptid\/toode\/kapoor-kahli-niisutav-toitemask-juuste-laige-ja-voluum\/#primaryimage","url":"https:\/\/bio4you.eu\/retseptid\/wp-content\/uploads\/2014\/07\/heap-macadamia-raw-seed-scaled.jpg","contentUrl":"https:\/\/bio4you.eu\/retseptid\/wp-content\/uploads\/2014\/07\/heap-macadamia-raw-seed-scaled.jpg","width":2560,"height":1707,"caption":"heap of macadamia raw seed"},{"@type":"BreadcrumbList","@id":"https:\/\/bio4you.eu\/retseptid\/toode\/kapoor-kahli-niisutav-toitemask-juuste-laige-ja-voluum\/#breadcrumb","itemListElement":[{"@type":"ListItem","position":1,"name":"Home","item":"https:\/\/bio4you.eu\/retseptid\/"},{"@type":"ListItem","position":2,"name":"Kapoor Kahli niisutav toitemask (l\u00e4ige ja voluum)"}]},{"@type":"WebSite","@id":"https:\/\/bio4you.eu\/retseptid\/#website","url":"https:\/\/bio4you.eu\/retseptid\/","name":"bio4you.eu\/retseptid","description":"\u00d6ko retseptid ise tegemiseks, looduslikest koostisainetest. Maitsev toit, iluhooldus, kodupuhastus ja aiandus.","potentialAction":[{"@type":"SearchAction","target":{"@type":"EntryPoint","urlTemplate":"https:\/\/bio4you.eu\/retseptid\/?s={search_term_string}"},"query-input":"required name=search_term_string"}],"inLanguage":"et"}]}},"_links":{"self":[{"href":"https:\/\/bio4you.eu\/retseptid\/wp-json\/wp\/v2\/product\/2127"}],"collection":[{"href":"https:\/\/bio4you.eu\/retseptid\/wp-json\/wp\/v2\/product"}],"about":[{"href":"https:\/\/bio4you.eu\/retseptid\/wp-json\/wp\/v2\/types\/product"}],"replies":[{"embeddable":true,"href":"https:\/\/bio4you.eu\/retseptid\/wp-json\/wp\/v2\/comments?post=2127"}],"wp:featuredmedia":[{"embeddable":true,"href":"https:\/\/bio4you.eu\/retseptid\/wp-json\/wp\/v2\/media\/3956"}],"wp:attachment":[{"href":"https:\/\/bio4you.eu\/retseptid\/wp-json\/wp\/v2\/media?parent=2127"}],"wp:term":[{"taxonomy":"product_cat","embeddable":true,"href":"https:\/\/bio4you.eu\/retseptid\/wp-json\/wp\/v2\/product_cat?post=2127"},{"taxonomy":"product_tag","embeddable":true,"href":"https:\/\/bio4you.eu\/retseptid\/wp-json\/wp\/v2\/product_tag?post=2127"}],"curies":[{"name":"wp","href":"https:\/\/api.w.org\/{rel}","templated":true}]}}