{"id":2131,"date":"2014-07-21T20:37:24","date_gmt":"2014-07-21T17:37:24","guid":{"rendered":"https:\/\/bio4you.eu\/retseptid\/product\/kapoor-kahli-ja-brahmi-juuste-tihendamiseks\/"},"modified":"2022-05-17T19:38:50","modified_gmt":"2022-05-17T16:38:50","slug":"kapoor-kahli-ja-brahmi-juuste-tihendamiseks","status":"publish","type":"product","link":"https:\/\/bio4you.eu\/retseptid\/toode\/kapoor-kahli-ja-brahmi-juuste-tihendamiseks\/","title":{"rendered":"Kapoor Kahli ja Brahmi juuste hallinemise vastu, tihendamiseks"},"content":{"rendered":"<p>KAPOOR KAHLI ja BRAHMI JUUKSEMASK: juuksemaski tegemiseks tuleb pulber segada kuuma veega. Kui Sa ei ole taimepulbrite kasutamises kogenud, v\u00f5id kasutada keeva vett, et pulber paremini seguneks. Lisa vett ja pulbrit vaheldumisi v\u00e4hehaaval, et tekiks \u00fchtlane konsistents. KAPOOR KAHLI JA BRAHMI sobivad h\u00e4sti kokku ja aitavad juukseid tihendada. M\u00f5lemad taimed stimuleerivad juuksekasvu, tugevdavad juuksejuuri, m\u00f5juvad peanaha toonikumina. NB ! <strong>BRAHMI pulber v\u00f5ib blonde juukseid kergelt tumedamaks toonida. Kui Sul on heledad juuksed, soovitame uurida lisa v\u00f5i proovida enne juuksemaski \u00fche salgukese peal.<\/strong><\/p>\n<p>BAASRETSEPT:<\/p>\n<ul>\n<li>3 spl Kapoor Kahli taimepulbrit<\/li>\n<li>3 spl Brahmi taimepulbrit<a href=\"http:\/\/www.bio4you.eu\/et\/toiduained\/1730-brahmi-narvisusteemile-125g-nutrisslim.html\" target=\"_blank\" rel=\"noopener\">\u00a0<\/a><\/li>\n<li>umbes 12 spl v\u00e4ga kuuma vett<\/li>\n<\/ul>\n<ul>\n<li>Pane pulber savi v\u00f5i klaasn\u00f5usse. Segamiseks kasuta puu v\u00f5i plastiklusikat.<\/li>\n<li>Lisa v\u00e4ga kuuma v\u00f5i keeva\u00a0 vett , umbes 12 spl. Kuivadele juustele maski tegemiseks peab konsistents olema vedelam. Niiskete juuste jaoks veidi kuivem.<\/li>\n<li>Kata kauss l\u00e4bipaistva paberiga ja lase seista 30 minutit.<\/li>\n<li>KUIVADELE JUUSTELE ENNE SHAMPOONI: kanna pasta peanahale, \u00fclej\u00e4\u00e4k masseeri juustesse kuni otsteni. Masseeri h\u00e4sti juukseotsi ringjate liigutustega. Pane juuksed klambriga \u00fcles ja kata pea vannim\u00fctsiga. Hoia 40 minutit. Loputa p\u00f5hjalikult ja pese v\u00e4hese shampooniga. SOOVITUS: loputada veega, kuhu on lisatud iga 0,5 liitri vee kohta \u00fcks spl sidrunimahla v\u00f5i veini\u00e4\u00e4dikat ( heledatele juustele valget, tumedatele punast).<\/li>\n<li>NIISKETELE JUUSTELE PEALE SHAMPOONI: kanna pasta peanahale, \u00fclej\u00e4\u00e4k masseeri juustesse kuni otsteni. Masseeri h\u00e4sti juukseotsi ringjate liigutustega. Vajadusel lisa veidi vett, et segu paremini jaotuks. Pane juuksed klambriga \u00fcles ja kata pea vannim\u00fctsiga. Hoia 15 minutit. Loputa p\u00f5hjalikult. Soovi korral kanna juukseotstele veidi balsamit ja loputa uuesti.\u00a0 SOOVITUS: loputada veega, kuhu on lisatud iga 0,5 liitri vee kohta \u00fcks spl sidrunimahla v\u00f5i veini\u00e4\u00e4dikat (heledatele juustele valget, tumedatele punast).<\/li>\n<\/ul>\n<p>KAPOOR ja BRAHMI pulbreid v\u00f5ib kasutada segatuna balsamiga, maskiga ja shampooniga, et juukseid tugevdada.<\/p>\n<p>KAPOOR KAHLI on \u00fcks zenzenni liike, p\u00e4rit Himaalajaast. Pulber valmistatakse taime juurtest. Kapoor stimuleerib juuksekasvu ja tugevdab juuksejuuri. Kapoor on \u00fcks v\u00e4heseid pulbreid, mis leitakse sobivat ka <strong>blondidele<\/strong> juustele. Soovitame blondide juuste korral siiski enne katsetada \u00fche salgu peal, et pulber juukseid ei tooniks. Pulbri kasutamisel ei ole ohtusid ega k\u00f5rvalm\u00f5jusid. Allergia zenzenni vastu on v\u00e4ga harv ja m\u00f5nel \u00e4\u00e4rmuslikul juhul v\u00f5ib v\u00e4ljenduda punetusena. Taimepulbrid, mis ei ole otseselt m\u00f5eldud toidulisandiks, sobivad kasutamiseks vaid v\u00e4lispidiselt.<\/p>\n<p>KAPOOR KAHLI M\u00d5JU JUUSTELE: suurendab juuste voluumi. On teaduslikult t\u00f5estatud, et m\u00f5jub t\u00e4ide vastu, muudab juuksed paksemaks ja soodustab nende kasvu. V\u00e4ldib juuste v\u00e4ljalangemist.\u00a0 Pulber tugevdab juukseid kuid v\u00e4ikse negatiivse k\u00fcljena on tal omadus juukseid (eriti juukseotsi) kuivatada. Seet\u00f5ttu soovitame igasse Kapoor Kahli juuksemaski lisada natuke taime\u00f5li v\u00f5i siis kasutada peale maski tegemist t\u00e4iendavalt palsamit. Kui pulbri kasutamisega on juba harjutud, ei teki enam tunnet, et pulber juukseid kuivaks j\u00e4tab. Pulber j\u00e4tab juustesse meeldiva ingveril\u00f5hna, mis p\u00fcsib kaua. Soovitame pulbrit kasutada k\u00f5igil, kes soovivad tugevamaid ja kohevamaid ning tervemaid juukseid.<\/p>\n<p>BRAHMI pulbrit on kasutatud aastatuhandeid juuste ja peanaha probleemide vastu. Leitakse, et ta suudab isegi hallinenud juuste v\u00e4rvi taastada. Kindlasti aitab ta edasi l\u00fckata juuste enneaegset hallinemist. Brahmi pulber muudab juuksed kergelt tumedamaks, tugevamaks, paksemaks ja annab ilusa l\u00e4ike. Aitab suurep\u00e4raselt k\u00f5\u00f5ma vastu. Kiirendab peanaha vereringet, m\u00f5jub kui tugevdav toonikum. Brahmil ei ole t\u00e4heldatud k\u00f5rvalm\u00f5jusid. Teda kasutatakse ka seespidiselt superfoodina, sh. ka lastel ( kuid sel juhul peab toode olema kindlasti valmistatud toiduainete tehases, mitte kosmeetikatehases). Paljude arvates Brahmi pulber \u00fcksi muudab juuksed veidi kangeks. Seet\u00f5ttu kasutame seda kasutada koos teiste pulbritega segatult, mitte \u00fcksi.<\/p>\n<p><strong>MIDA TEHA KUI OLED VALINUD OMA JUUSTELE SOBIMATU TAIMEPULBRI?<\/strong> Blondide juuste puhul proovi iga pulbrisegu enne varjus oleval juuksesalgul. Kui pulber tumendab v\u00f5i kui see sulle mingil muul p\u00f5hjusel ei sobi, \u00e4ra viska pulbrit minema ! Kasuta see \u00e4ra nahahoolduseks (n\u00e4omaskid, dekoltee maskid). M\u00f5ned pulbrid sobivad keha koorimiseks ja pesemiseks. Kindlasti sobivad nad isetehtud seebi v\u00f5i koorimiskreemi sisse. Kasuta pulber \u00e4ra n\u00e4iteks v\u00e4hehaaval segatuna balsami v\u00f5i shampooniga. Pulbriga v\u00f5id teha ka taimset leotist juustele v\u00f5i nahale, toonikut jne.<\/p>\n<p><strong>HOIATUSED:<\/strong> Mistahes pulbrit ei ole m\u00f5istlik sisse hingata. Paljusid pulbreid kasutatakse nii nahahoolduses, juustehoolduses kui ka toidulisandina. Seespidiselt ei tohi kasutada \u00fchtegi kosmeetikalaboris valmistatud pulbrit, kuna ta puutub kokku teiste kosmeetiliste ainetega.<\/p>\n","protected":false},"excerpt":{"rendered":"<p>KAPOOR KAHLI ja BRAHMI JUUKSEMASK: juuksemaski tegemiseks tuleb pulber segada kuuma veega. Kui Sa ei ole taimepulbrite kasutamises kogenud, v\u00f5id kasutada keeva vett, et pulber paremini seguneks. Lisa vett ja pulbrit vaheldumisi v\u00e4hehaaval, et tekiks \u00fchtlane konsistents. KAPOOR KAHLI JA BRAHMI sobivad h\u00e4sti kokku ja aitavad juukseid tihendada. M\u00f5lemad taimed stimuleerivad juuksekasvu, tugevdavad juuksejuuri, m\u00f5juvad peanaha toonikumina. NB ! BRAHMI pulber v\u00f5ib blonde juukseid kergelt tumedamaks toonida. Kui Sul on heledad juuksed, soovitame uurida lisa v\u00f5i proovida enne juuksemaski \u00fche salgukese peal. BAASRETSEPT: 3 spl Kapoor Kahli taimepulbrit 3 spl Brahmi taimepulbrit\u00a0 umbes 12 spl v\u00e4ga kuuma vett Pane pulber savi v\u00f5i klaasn\u00f5usse. Segamiseks kasuta puu v\u00f5i plastiklusikat. Lisa v\u00e4ga kuuma v\u00f5i keeva\u00a0 vett , umbes 12 spl. Kuivadele juustele maski tegemiseks peab konsistents olema vedelam. Niiskete juuste jaoks veidi kuivem. Kata kauss l\u00e4bipaistva paberiga ja lase seista 30 minutit. KUIVADELE JUUSTELE ENNE SHAMPOONI: kanna pasta peanahale, \u00fclej\u00e4\u00e4k masseeri juustesse kuni otsteni. Masseeri h\u00e4sti juukseotsi ringjate liigutustega. Pane juuksed klambriga \u00fcles ja kata pea vannim\u00fctsiga. Hoia 40 minutit. Loputa p\u00f5hjalikult ja pese v\u00e4hese shampooniga. SOOVITUS: loputada veega, kuhu on lisatud iga 0,5 liitri vee kohta \u00fcks spl sidrunimahla v\u00f5i veini\u00e4\u00e4dikat ( heledatele juustele valget, tumedatele punast). NIISKETELE JUUSTELE PEALE SHAMPOONI:&hellip; <a class=\"read-more\" href=\"https:\/\/bio4you.eu\/retseptid\/toode\/kapoor-kahli-ja-brahmi-juuste-tihendamiseks\/\">Vaata<\/a><\/p>\n","protected":false},"featured_media":3259,"comment_status":"closed","ping_status":"closed","template":"","meta":{"_exactmetrics_skip_tracking":false,"_exactmetrics_sitenote_active":false,"_exactmetrics_sitenote_note":"","_exactmetrics_sitenote_category":0},"product_cat":[61,92,97,95,96,78],"product_tag":[289,98,234,286,287,288,285,240],"class_list":{"0":"post-2131","1":"product","2":"type-product","3":"status-publish","4":"has-post-thumbnail","6":"product_cat-ilu-retseptid","7":"product_cat-juuksehooldus","8":"product_cat-juuksekasv-ja-peanaha-probleemid","9":"product_cat-juuksemaskid","10":"product_cat-juuksevedelikud","11":"product_cat-taimepulbrid","12":"product_tag-brahmi","13":"product_tag-juuksed","14":"product_tag-juuksekasv","15":"product_tag-juustekasv","16":"product_tag-kapoor","17":"product_tag-kapoor-kachli","18":"product_tag-kapoor-kahli","19":"product_tag-peanahk","21":"first","22":"instock","23":"shipping-taxable","24":"product-type-simple"},"yoast_head":"<!-- This site is optimized with the Yoast SEO plugin v23.3 - https:\/\/yoast.com\/wordpress\/plugins\/seo\/ -->\n<title>Kapoor Kahli ja Brahmi juuste hallinemise vastu, tihendamiseks - bio4you.eu\/retseptid<\/title>\n<meta name=\"description\" content=\"Kapoor Kahli ja Brahmi juustele\" \/>\n<meta name=\"robots\" content=\"index, follow, max-snippet:-1, max-image-preview:large, max-video-preview:-1\" \/>\n<link rel=\"canonical\" href=\"https:\/\/bio4you.eu\/retseptid\/toode\/kapoor-kahli-ja-brahmi-juuste-tihendamiseks\/\" \/>\n<meta property=\"og:locale\" content=\"et_EE\" \/>\n<meta property=\"og:type\" content=\"article\" \/>\n<meta property=\"og:title\" content=\"Kapoor Kahli ja Brahmi juuste hallinemise vastu, tihendamiseks - bio4you.eu\/retseptid\" \/>\n<meta property=\"og:description\" content=\"Kapoor Kahli ja Brahmi juustele\" \/>\n<meta property=\"og:url\" content=\"https:\/\/bio4you.eu\/retseptid\/toode\/kapoor-kahli-ja-brahmi-juuste-tihendamiseks\/\" \/>\n<meta property=\"og:site_name\" content=\"bio4you.eu\/retseptid\" \/>\n<meta property=\"article:modified_time\" content=\"2022-05-17T16:38:50+00:00\" \/>\n<meta property=\"og:image\" content=\"https:\/\/bio4you.eu\/retseptid\/wp-content\/uploads\/2014\/07\/hedychium_oil_kapur_kachri_.jpg\" \/>\n\t<meta property=\"og:image:width\" content=\"300\" \/>\n\t<meta property=\"og:image:height\" content=\"300\" \/>\n\t<meta property=\"og:image:type\" content=\"image\/jpeg\" \/>\n<meta name=\"twitter:label1\" content=\"Est. reading time\" \/>\n\t<meta name=\"twitter:data1\" content=\"3 minutit\" \/>\n<script type=\"application\/ld+json\" class=\"yoast-schema-graph\">{\"@context\":\"https:\/\/schema.org\",\"@graph\":[{\"@type\":\"WebPage\",\"@id\":\"https:\/\/bio4you.eu\/retseptid\/toode\/kapoor-kahli-ja-brahmi-juuste-tihendamiseks\/\",\"url\":\"https:\/\/bio4you.eu\/retseptid\/toode\/kapoor-kahli-ja-brahmi-juuste-tihendamiseks\/\",\"name\":\"Kapoor Kahli ja Brahmi juuste hallinemise vastu, tihendamiseks - bio4you.eu\/retseptid\",\"isPartOf\":{\"@id\":\"https:\/\/bio4you.eu\/retseptid\/#website\"},\"primaryImageOfPage\":{\"@id\":\"https:\/\/bio4you.eu\/retseptid\/toode\/kapoor-kahli-ja-brahmi-juuste-tihendamiseks\/#primaryimage\"},\"image\":{\"@id\":\"https:\/\/bio4you.eu\/retseptid\/toode\/kapoor-kahli-ja-brahmi-juuste-tihendamiseks\/#primaryimage\"},\"thumbnailUrl\":\"https:\/\/bio4you.eu\/retseptid\/wp-content\/uploads\/2014\/07\/hedychium_oil_kapur_kachri_.jpg\",\"datePublished\":\"2014-07-21T17:37:24+00:00\",\"dateModified\":\"2022-05-17T16:38:50+00:00\",\"description\":\"Kapoor Kahli ja Brahmi juustele\",\"breadcrumb\":{\"@id\":\"https:\/\/bio4you.eu\/retseptid\/toode\/kapoor-kahli-ja-brahmi-juuste-tihendamiseks\/#breadcrumb\"},\"inLanguage\":\"et\",\"potentialAction\":[{\"@type\":\"ReadAction\",\"target\":[\"https:\/\/bio4you.eu\/retseptid\/toode\/kapoor-kahli-ja-brahmi-juuste-tihendamiseks\/\"]}]},{\"@type\":\"ImageObject\",\"inLanguage\":\"et\",\"@id\":\"https:\/\/bio4you.eu\/retseptid\/toode\/kapoor-kahli-ja-brahmi-juuste-tihendamiseks\/#primaryimage\",\"url\":\"https:\/\/bio4you.eu\/retseptid\/wp-content\/uploads\/2014\/07\/hedychium_oil_kapur_kachri_.jpg\",\"contentUrl\":\"https:\/\/bio4you.eu\/retseptid\/wp-content\/uploads\/2014\/07\/hedychium_oil_kapur_kachri_.jpg\",\"width\":300,\"height\":300},{\"@type\":\"BreadcrumbList\",\"@id\":\"https:\/\/bio4you.eu\/retseptid\/toode\/kapoor-kahli-ja-brahmi-juuste-tihendamiseks\/#breadcrumb\",\"itemListElement\":[{\"@type\":\"ListItem\",\"position\":1,\"name\":\"Home\",\"item\":\"https:\/\/bio4you.eu\/retseptid\/\"},{\"@type\":\"ListItem\",\"position\":2,\"name\":\"Kapoor Kahli ja Brahmi juuste hallinemise vastu, tihendamiseks\"}]},{\"@type\":\"WebSite\",\"@id\":\"https:\/\/bio4you.eu\/retseptid\/#website\",\"url\":\"https:\/\/bio4you.eu\/retseptid\/\",\"name\":\"bio4you.eu\/retseptid\",\"description\":\"\u00d6ko retseptid ise tegemiseks, looduslikest koostisainetest. Maitsev toit, iluhooldus, kodupuhastus ja aiandus.\",\"potentialAction\":[{\"@type\":\"SearchAction\",\"target\":{\"@type\":\"EntryPoint\",\"urlTemplate\":\"https:\/\/bio4you.eu\/retseptid\/?s={search_term_string}\"},\"query-input\":\"required name=search_term_string\"}],\"inLanguage\":\"et\"}]}<\/script>\n<!-- \/ Yoast SEO plugin. -->","yoast_head_json":{"title":"Kapoor Kahli ja Brahmi juuste hallinemise vastu, tihendamiseks - bio4you.eu\/retseptid","description":"Kapoor Kahli ja Brahmi juustele","robots":{"index":"index","follow":"follow","max-snippet":"max-snippet:-1","max-image-preview":"max-image-preview:large","max-video-preview":"max-video-preview:-1"},"canonical":"https:\/\/bio4you.eu\/retseptid\/toode\/kapoor-kahli-ja-brahmi-juuste-tihendamiseks\/","og_locale":"et_EE","og_type":"article","og_title":"Kapoor Kahli ja Brahmi juuste hallinemise vastu, tihendamiseks - bio4you.eu\/retseptid","og_description":"Kapoor Kahli ja Brahmi juustele","og_url":"https:\/\/bio4you.eu\/retseptid\/toode\/kapoor-kahli-ja-brahmi-juuste-tihendamiseks\/","og_site_name":"bio4you.eu\/retseptid","article_modified_time":"2022-05-17T16:38:50+00:00","og_image":[{"width":300,"height":300,"url":"https:\/\/bio4you.eu\/retseptid\/wp-content\/uploads\/2014\/07\/hedychium_oil_kapur_kachri_.jpg","type":"image\/jpeg"}],"twitter_misc":{"Est. reading time":"3 minutit"},"schema":{"@context":"https:\/\/schema.org","@graph":[{"@type":"WebPage","@id":"https:\/\/bio4you.eu\/retseptid\/toode\/kapoor-kahli-ja-brahmi-juuste-tihendamiseks\/","url":"https:\/\/bio4you.eu\/retseptid\/toode\/kapoor-kahli-ja-brahmi-juuste-tihendamiseks\/","name":"Kapoor Kahli ja Brahmi juuste hallinemise vastu, tihendamiseks - bio4you.eu\/retseptid","isPartOf":{"@id":"https:\/\/bio4you.eu\/retseptid\/#website"},"primaryImageOfPage":{"@id":"https:\/\/bio4you.eu\/retseptid\/toode\/kapoor-kahli-ja-brahmi-juuste-tihendamiseks\/#primaryimage"},"image":{"@id":"https:\/\/bio4you.eu\/retseptid\/toode\/kapoor-kahli-ja-brahmi-juuste-tihendamiseks\/#primaryimage"},"thumbnailUrl":"https:\/\/bio4you.eu\/retseptid\/wp-content\/uploads\/2014\/07\/hedychium_oil_kapur_kachri_.jpg","datePublished":"2014-07-21T17:37:24+00:00","dateModified":"2022-05-17T16:38:50+00:00","description":"Kapoor Kahli ja Brahmi juustele","breadcrumb":{"@id":"https:\/\/bio4you.eu\/retseptid\/toode\/kapoor-kahli-ja-brahmi-juuste-tihendamiseks\/#breadcrumb"},"inLanguage":"et","potentialAction":[{"@type":"ReadAction","target":["https:\/\/bio4you.eu\/retseptid\/toode\/kapoor-kahli-ja-brahmi-juuste-tihendamiseks\/"]}]},{"@type":"ImageObject","inLanguage":"et","@id":"https:\/\/bio4you.eu\/retseptid\/toode\/kapoor-kahli-ja-brahmi-juuste-tihendamiseks\/#primaryimage","url":"https:\/\/bio4you.eu\/retseptid\/wp-content\/uploads\/2014\/07\/hedychium_oil_kapur_kachri_.jpg","contentUrl":"https:\/\/bio4you.eu\/retseptid\/wp-content\/uploads\/2014\/07\/hedychium_oil_kapur_kachri_.jpg","width":300,"height":300},{"@type":"BreadcrumbList","@id":"https:\/\/bio4you.eu\/retseptid\/toode\/kapoor-kahli-ja-brahmi-juuste-tihendamiseks\/#breadcrumb","itemListElement":[{"@type":"ListItem","position":1,"name":"Home","item":"https:\/\/bio4you.eu\/retseptid\/"},{"@type":"ListItem","position":2,"name":"Kapoor Kahli ja Brahmi juuste hallinemise vastu, tihendamiseks"}]},{"@type":"WebSite","@id":"https:\/\/bio4you.eu\/retseptid\/#website","url":"https:\/\/bio4you.eu\/retseptid\/","name":"bio4you.eu\/retseptid","description":"\u00d6ko retseptid ise tegemiseks, looduslikest koostisainetest. Maitsev toit, iluhooldus, kodupuhastus ja aiandus.","potentialAction":[{"@type":"SearchAction","target":{"@type":"EntryPoint","urlTemplate":"https:\/\/bio4you.eu\/retseptid\/?s={search_term_string}"},"query-input":"required name=search_term_string"}],"inLanguage":"et"}]}},"_links":{"self":[{"href":"https:\/\/bio4you.eu\/retseptid\/wp-json\/wp\/v2\/product\/2131"}],"collection":[{"href":"https:\/\/bio4you.eu\/retseptid\/wp-json\/wp\/v2\/product"}],"about":[{"href":"https:\/\/bio4you.eu\/retseptid\/wp-json\/wp\/v2\/types\/product"}],"replies":[{"embeddable":true,"href":"https:\/\/bio4you.eu\/retseptid\/wp-json\/wp\/v2\/comments?post=2131"}],"wp:featuredmedia":[{"embeddable":true,"href":"https:\/\/bio4you.eu\/retseptid\/wp-json\/wp\/v2\/media\/3259"}],"wp:attachment":[{"href":"https:\/\/bio4you.eu\/retseptid\/wp-json\/wp\/v2\/media?parent=2131"}],"wp:term":[{"taxonomy":"product_cat","embeddable":true,"href":"https:\/\/bio4you.eu\/retseptid\/wp-json\/wp\/v2\/product_cat?post=2131"},{"taxonomy":"product_tag","embeddable":true,"href":"https:\/\/bio4you.eu\/retseptid\/wp-json\/wp\/v2\/product_tag?post=2131"}],"curies":[{"name":"wp","href":"https:\/\/api.w.org\/{rel}","templated":true}]}}