{"id":2134,"date":"2014-07-21T22:55:38","date_gmt":"2014-07-21T19:55:38","guid":{"rendered":"https:\/\/bio4you.eu\/retseptid\/product\/tulsi-ehk-puha-basiilik-nahaprobleemidele\/"},"modified":"2022-05-17T10:50:38","modified_gmt":"2022-05-17T07:50:38","slug":"tulsi-ehk-puha-basiilik-nahaprobleemidele","status":"publish","type":"product","link":"https:\/\/bio4you.eu\/retseptid\/toode\/tulsi-ehk-puha-basiilik-nahaprobleemidele\/","title":{"rendered":"Tulsi e p\u00fcha basiilik: baasretseptid"},"content":{"rendered":"<p style=\"text-align: justify;\"><strong><strong>TULSI ehk P\u00dcHA BASIILIK<\/strong> on suurep\u00e4rane vahend mitmesuguste nahaprobleemidega v\u00f5itlemisel.\u00a0<\/strong><\/p>\n<p style=\"text-align: justify;\"><strong>VITILIIGO:<\/strong>\u00a0 Vitiliigo ehk heledate depigmenteerunud alade korral on paljud inimesed saanud abi tulsi ehk p\u00fcha basiiliku m\u00e4histest. Pulber tuleb segada sooja v\u00f5i kuuma veega ja teha igap\u00e4evaselt m\u00e4hiseid probleemsetele aladele.<\/p>\n<p><strong>TULSI PULBER KOOS SIDRUNIGA<\/strong>: rahvameditsiinis on kasutatud tulsi pulbrit, mis on segatud sidrunimahlaga ja v\u00e4hese veega, naha seenhaiguste kontrolli all hoidmiseks. Tulsi koos sidrunimahlaga on efektiivne ka pigmendilaikude puhul ning akne puhul.<\/p>\n<p><strong>TULSI PULBER KOOS SANDLIPUU PULBRIGA JA SAVIDEGA<\/strong>: samuti peetakse efektiivseks pigmendilaikude ja akne puhul.<\/p>\n<p><strong>TULSI PULBER KOOS NEEMIGA ( sobib nii pulber kui \u00f5li. \u00f5lis on rohkem toimeaineid kuid pulber on neutraalse l\u00f5hnaga, sest neemi\u00f5lil on ebameeldiv l\u00f5hn):<\/strong> efektiivne akne puhul, naha ekseemide ja seenhaiguste puhul, psoriaasi puhul.<\/p>\n<p><strong>TULSI N\u00c4OHOOLDUSES :<\/strong> kasuta tooniku, maski, koorijate jne.\u00a0 tegemiseks.<\/p>\n<p><strong>TULSI NAHAHOOLDUSES:<\/strong> V\u00f5id lisada seda vannivette nahaprobleemide leevendamiseks.<\/p>\n<p><strong>TULSI JUUSTEHOOLDUSES<\/strong>:\u00a0avaldab juustele ergutavat m\u00f5ju. Ta l\u00fckkab edasi juuste hallinemist. Tulsi ei pruugi sobida blondidele juustele, v\u00f5ib kergelt tumendada ( mitte k\u00f5igil). Heledate juuste puhul tuleb juuksemaski enne proovida m\u00f5nel peidus oleval juuksesalgul.<\/p>\n<p>Tulsi leitakse olevat t\u00f5hus selliste nahaprobleemide puhul:<\/p>\n<ul>\n<li>vitiliigo (valged plekid)<\/li>\n<li>pigmendilaigud<\/li>\n<li>tumenenud ja tuhmunud nahk<\/li>\n<li>ekseemid<\/li>\n<li>akne<\/li>\n<li>naha seenhaigused<\/li>\n<li>kasutatakse naha koorimiseks, s\u00fcgavpuhastamiseks, meigiks ettevalmistamiseks.<\/li>\n<\/ul>\n<p><strong>MIDA TEHA KUI OLED VALINUD ENDALE SOBIMATU TAIMEPULBRI ?<\/strong><\/p>\n<ul>\n<li>Blondide juuste puhul proovi iga pulbrisegu enne varjus oleval juuksesalgul.<\/li>\n<li>Kui pulber tumendab v\u00f5i kui see sulle mingil muul p\u00f5hjusel ei sobi, \u00e4ra viska pulbrit minema ! Kasuta see \u00e4ra nahahoolduseks (n\u00e4omaskid, dekoltee maskid).<\/li>\n<li>M\u00f5ned pulbrid sobivad keha koorimiseks ja pesemiseks. Kindlasti sobivad nad isetehtud seebi v\u00f5i koorimiskreemi sisse.<\/li>\n<li>Kasuta pulbrit v\u00e4hehaaval segatuna balsami v\u00f5i shampooniga, lisatuna vannivette.<\/li>\n<li>Pulbriga v\u00f5id teha ka taimset leotist juustele v\u00f5i nahale, toonikut jne.<\/li>\n<li>Kui pulber ei sobinud Sulle aga nahahoolduses, siis v\u00f5id seda proovida juustehoolduses. Kui pulbriga tehtud mask oli \u00e4rritav \u00f5rnale n\u00e4onahale, v\u00f5id teha sellest n\u00e4iteks jalakoorijaid, keham\u00e4hiseid jne.<\/li>\n<\/ul>\n<p><strong>HOIATUSED:<\/strong><\/p>\n<ul>\n<li>Mistahes pulbrit ei ole m\u00f5istlik sisse hingata.<\/li>\n<li>Kuigi paljusid taimepulbreid kasutatakse ka toidulisandina, ei tohi seespidiselt kasutada kosmeetikalaboris valmistatud pulbreid, kuna\u00a0nad puutuvad kokku teiste kosmeetiliste ainetega. Toidulisandina kasutamiseks tuleb valida toidukraadiga taimepulber ( mis on valmistatud toiduainete laboris)<\/li>\n<\/ul>\n","protected":false},"excerpt":{"rendered":"<p>Vaja l\u00e4heb:<\/p>\n<ul>\n<li>tulsi p\u00fcha basiilik<\/li>\n<li>sandlipuu pulber<\/li>\n<li>neemipuu pulber<\/li>\n<li><span style=\"color: #99cc00;\"><a href=\"https:\/\/bio4you.eu\/et\/kehahooldus\/3457-neemioli-kuelmpress-100ml.html?utm_source=bioretsept&amp;utm_medium=retsept&amp;utm_campaign=retsept\" target=\"_blank\" rel=\"noopener\"><span style=\"color: #99cc00;\">neemi\u00f5li<\/span><\/a><\/span><\/li>\n<\/ul>\n","protected":false},"featured_media":3938,"comment_status":"closed","ping_status":"closed","template":"","meta":{"_exactmetrics_skip_tracking":false,"_exactmetrics_sitenote_active":false,"_exactmetrics_sitenote_note":"","_exactmetrics_sitenote_category":0},"product_cat":[61,85,86,79,84,80,82,81,78],"product_tag":[228,295,293,240,292,294,290,291],"class_list":{"0":"post-2134","1":"product","2":"type-product","3":"status-publish","4":"has-post-thumbnail","6":"product_cat-ilu-retseptid","7":"product_cat-kehahooldus","8":"product_cat-koorimine-kehahooldus","9":"product_cat-naohooldus","10":"product_cat-aknehooldus","11":"product_cat-koorimine","12":"product_cat-naomaskid","13":"product_cat-puhastamine-ja-toonikud","14":"product_cat-taimepulbrid","15":"product_tag-akne","16":"product_tag-nahaprobleemid","17":"product_tag-naomaskid","18":"product_tag-peanahk","19":"product_tag-pigmendilaigud","20":"product_tag-puha-basiilik","21":"product_tag-tulsi","22":"product_tag-vitiliigo","24":"first","25":"instock","26":"shipping-taxable","27":"product-type-simple"},"yoast_head":"<!-- This site is optimized with the Yoast SEO plugin v23.3 - https:\/\/yoast.com\/wordpress\/plugins\/seo\/ -->\n<title>Tulsi e p\u00fcha basiilik: baasretseptid - bio4you.eu\/retseptid<\/title>\n<meta name=\"description\" content=\"Tulsi ehk p\u00fcha basiilik, Nahaprobleemidele\" \/>\n<meta name=\"robots\" content=\"index, follow, max-snippet:-1, max-image-preview:large, max-video-preview:-1\" \/>\n<link rel=\"canonical\" href=\"https:\/\/bio4you.eu\/retseptid\/toode\/tulsi-ehk-puha-basiilik-nahaprobleemidele\/\" \/>\n<meta property=\"og:locale\" content=\"et_EE\" \/>\n<meta property=\"og:type\" content=\"article\" \/>\n<meta property=\"og:title\" content=\"Tulsi e p\u00fcha basiilik: baasretseptid - bio4you.eu\/retseptid\" \/>\n<meta property=\"og:description\" content=\"Tulsi ehk p\u00fcha basiilik, Nahaprobleemidele\" \/>\n<meta property=\"og:url\" content=\"https:\/\/bio4you.eu\/retseptid\/toode\/tulsi-ehk-puha-basiilik-nahaprobleemidele\/\" \/>\n<meta property=\"og:site_name\" content=\"bio4you.eu\/retseptid\" \/>\n<meta property=\"article:modified_time\" content=\"2022-05-17T07:50:38+00:00\" \/>\n<meta property=\"og:image\" content=\"https:\/\/bio4you.eu\/retseptid\/wp-content\/uploads\/2014\/07\/nurserylive-seeds-krishna-tulsi-tulsi-black-0-5-kg-seeds.webp\" \/>\n\t<meta property=\"og:image:width\" content=\"600\" \/>\n\t<meta property=\"og:image:height\" content=\"600\" \/>\n\t<meta property=\"og:image:type\" content=\"image\/webp\" \/>\n<meta name=\"twitter:label1\" content=\"Est. reading time\" \/>\n\t<meta name=\"twitter:data1\" content=\"2 minutit\" \/>\n<script type=\"application\/ld+json\" class=\"yoast-schema-graph\">{\"@context\":\"https:\/\/schema.org\",\"@graph\":[{\"@type\":\"WebPage\",\"@id\":\"https:\/\/bio4you.eu\/retseptid\/toode\/tulsi-ehk-puha-basiilik-nahaprobleemidele\/\",\"url\":\"https:\/\/bio4you.eu\/retseptid\/toode\/tulsi-ehk-puha-basiilik-nahaprobleemidele\/\",\"name\":\"Tulsi e p\u00fcha basiilik: baasretseptid - bio4you.eu\/retseptid\",\"isPartOf\":{\"@id\":\"https:\/\/bio4you.eu\/retseptid\/#website\"},\"primaryImageOfPage\":{\"@id\":\"https:\/\/bio4you.eu\/retseptid\/toode\/tulsi-ehk-puha-basiilik-nahaprobleemidele\/#primaryimage\"},\"image\":{\"@id\":\"https:\/\/bio4you.eu\/retseptid\/toode\/tulsi-ehk-puha-basiilik-nahaprobleemidele\/#primaryimage\"},\"thumbnailUrl\":\"https:\/\/bio4you.eu\/retseptid\/wp-content\/uploads\/2014\/07\/nurserylive-seeds-krishna-tulsi-tulsi-black-0-5-kg-seeds.webp\",\"datePublished\":\"2014-07-21T19:55:38+00:00\",\"dateModified\":\"2022-05-17T07:50:38+00:00\",\"description\":\"Tulsi ehk p\u00fcha basiilik, Nahaprobleemidele\",\"breadcrumb\":{\"@id\":\"https:\/\/bio4you.eu\/retseptid\/toode\/tulsi-ehk-puha-basiilik-nahaprobleemidele\/#breadcrumb\"},\"inLanguage\":\"et\",\"potentialAction\":[{\"@type\":\"ReadAction\",\"target\":[\"https:\/\/bio4you.eu\/retseptid\/toode\/tulsi-ehk-puha-basiilik-nahaprobleemidele\/\"]}]},{\"@type\":\"ImageObject\",\"inLanguage\":\"et\",\"@id\":\"https:\/\/bio4you.eu\/retseptid\/toode\/tulsi-ehk-puha-basiilik-nahaprobleemidele\/#primaryimage\",\"url\":\"https:\/\/bio4you.eu\/retseptid\/wp-content\/uploads\/2014\/07\/nurserylive-seeds-krishna-tulsi-tulsi-black-0-5-kg-seeds.webp\",\"contentUrl\":\"https:\/\/bio4you.eu\/retseptid\/wp-content\/uploads\/2014\/07\/nurserylive-seeds-krishna-tulsi-tulsi-black-0-5-kg-seeds.webp\",\"width\":600,\"height\":600},{\"@type\":\"BreadcrumbList\",\"@id\":\"https:\/\/bio4you.eu\/retseptid\/toode\/tulsi-ehk-puha-basiilik-nahaprobleemidele\/#breadcrumb\",\"itemListElement\":[{\"@type\":\"ListItem\",\"position\":1,\"name\":\"Home\",\"item\":\"https:\/\/bio4you.eu\/retseptid\/\"},{\"@type\":\"ListItem\",\"position\":2,\"name\":\"Tulsi e p\u00fcha basiilik: baasretseptid\"}]},{\"@type\":\"WebSite\",\"@id\":\"https:\/\/bio4you.eu\/retseptid\/#website\",\"url\":\"https:\/\/bio4you.eu\/retseptid\/\",\"name\":\"bio4you.eu\/retseptid\",\"description\":\"\u00d6ko retseptid ise tegemiseks, looduslikest koostisainetest. Maitsev toit, iluhooldus, kodupuhastus ja aiandus.\",\"potentialAction\":[{\"@type\":\"SearchAction\",\"target\":{\"@type\":\"EntryPoint\",\"urlTemplate\":\"https:\/\/bio4you.eu\/retseptid\/?s={search_term_string}\"},\"query-input\":\"required name=search_term_string\"}],\"inLanguage\":\"et\"}]}<\/script>\n<!-- \/ Yoast SEO plugin. -->","yoast_head_json":{"title":"Tulsi e p\u00fcha basiilik: baasretseptid - bio4you.eu\/retseptid","description":"Tulsi ehk p\u00fcha basiilik, Nahaprobleemidele","robots":{"index":"index","follow":"follow","max-snippet":"max-snippet:-1","max-image-preview":"max-image-preview:large","max-video-preview":"max-video-preview:-1"},"canonical":"https:\/\/bio4you.eu\/retseptid\/toode\/tulsi-ehk-puha-basiilik-nahaprobleemidele\/","og_locale":"et_EE","og_type":"article","og_title":"Tulsi e p\u00fcha basiilik: baasretseptid - bio4you.eu\/retseptid","og_description":"Tulsi ehk p\u00fcha basiilik, Nahaprobleemidele","og_url":"https:\/\/bio4you.eu\/retseptid\/toode\/tulsi-ehk-puha-basiilik-nahaprobleemidele\/","og_site_name":"bio4you.eu\/retseptid","article_modified_time":"2022-05-17T07:50:38+00:00","og_image":[{"width":600,"height":600,"url":"https:\/\/bio4you.eu\/retseptid\/wp-content\/uploads\/2014\/07\/nurserylive-seeds-krishna-tulsi-tulsi-black-0-5-kg-seeds.webp","type":"image\/webp"}],"twitter_misc":{"Est. reading time":"2 minutit"},"schema":{"@context":"https:\/\/schema.org","@graph":[{"@type":"WebPage","@id":"https:\/\/bio4you.eu\/retseptid\/toode\/tulsi-ehk-puha-basiilik-nahaprobleemidele\/","url":"https:\/\/bio4you.eu\/retseptid\/toode\/tulsi-ehk-puha-basiilik-nahaprobleemidele\/","name":"Tulsi e p\u00fcha basiilik: baasretseptid - bio4you.eu\/retseptid","isPartOf":{"@id":"https:\/\/bio4you.eu\/retseptid\/#website"},"primaryImageOfPage":{"@id":"https:\/\/bio4you.eu\/retseptid\/toode\/tulsi-ehk-puha-basiilik-nahaprobleemidele\/#primaryimage"},"image":{"@id":"https:\/\/bio4you.eu\/retseptid\/toode\/tulsi-ehk-puha-basiilik-nahaprobleemidele\/#primaryimage"},"thumbnailUrl":"https:\/\/bio4you.eu\/retseptid\/wp-content\/uploads\/2014\/07\/nurserylive-seeds-krishna-tulsi-tulsi-black-0-5-kg-seeds.webp","datePublished":"2014-07-21T19:55:38+00:00","dateModified":"2022-05-17T07:50:38+00:00","description":"Tulsi ehk p\u00fcha basiilik, Nahaprobleemidele","breadcrumb":{"@id":"https:\/\/bio4you.eu\/retseptid\/toode\/tulsi-ehk-puha-basiilik-nahaprobleemidele\/#breadcrumb"},"inLanguage":"et","potentialAction":[{"@type":"ReadAction","target":["https:\/\/bio4you.eu\/retseptid\/toode\/tulsi-ehk-puha-basiilik-nahaprobleemidele\/"]}]},{"@type":"ImageObject","inLanguage":"et","@id":"https:\/\/bio4you.eu\/retseptid\/toode\/tulsi-ehk-puha-basiilik-nahaprobleemidele\/#primaryimage","url":"https:\/\/bio4you.eu\/retseptid\/wp-content\/uploads\/2014\/07\/nurserylive-seeds-krishna-tulsi-tulsi-black-0-5-kg-seeds.webp","contentUrl":"https:\/\/bio4you.eu\/retseptid\/wp-content\/uploads\/2014\/07\/nurserylive-seeds-krishna-tulsi-tulsi-black-0-5-kg-seeds.webp","width":600,"height":600},{"@type":"BreadcrumbList","@id":"https:\/\/bio4you.eu\/retseptid\/toode\/tulsi-ehk-puha-basiilik-nahaprobleemidele\/#breadcrumb","itemListElement":[{"@type":"ListItem","position":1,"name":"Home","item":"https:\/\/bio4you.eu\/retseptid\/"},{"@type":"ListItem","position":2,"name":"Tulsi e p\u00fcha basiilik: baasretseptid"}]},{"@type":"WebSite","@id":"https:\/\/bio4you.eu\/retseptid\/#website","url":"https:\/\/bio4you.eu\/retseptid\/","name":"bio4you.eu\/retseptid","description":"\u00d6ko retseptid ise tegemiseks, looduslikest koostisainetest. Maitsev toit, iluhooldus, kodupuhastus ja aiandus.","potentialAction":[{"@type":"SearchAction","target":{"@type":"EntryPoint","urlTemplate":"https:\/\/bio4you.eu\/retseptid\/?s={search_term_string}"},"query-input":"required name=search_term_string"}],"inLanguage":"et"}]}},"_links":{"self":[{"href":"https:\/\/bio4you.eu\/retseptid\/wp-json\/wp\/v2\/product\/2134"}],"collection":[{"href":"https:\/\/bio4you.eu\/retseptid\/wp-json\/wp\/v2\/product"}],"about":[{"href":"https:\/\/bio4you.eu\/retseptid\/wp-json\/wp\/v2\/types\/product"}],"replies":[{"embeddable":true,"href":"https:\/\/bio4you.eu\/retseptid\/wp-json\/wp\/v2\/comments?post=2134"}],"wp:featuredmedia":[{"embeddable":true,"href":"https:\/\/bio4you.eu\/retseptid\/wp-json\/wp\/v2\/media\/3938"}],"wp:attachment":[{"href":"https:\/\/bio4you.eu\/retseptid\/wp-json\/wp\/v2\/media?parent=2134"}],"wp:term":[{"taxonomy":"product_cat","embeddable":true,"href":"https:\/\/bio4you.eu\/retseptid\/wp-json\/wp\/v2\/product_cat?post=2134"},{"taxonomy":"product_tag","embeddable":true,"href":"https:\/\/bio4you.eu\/retseptid\/wp-json\/wp\/v2\/product_tag?post=2134"}],"curies":[{"name":"wp","href":"https:\/\/api.w.org\/{rel}","templated":true}]}}