{"id":2137,"date":"2014-07-21T23:39:44","date_gmt":"2014-07-21T20:39:44","guid":{"rendered":"https:\/\/bio4you.eu\/retseptid\/product\/tulsi-ja-neemi-toonik-akne-nahale\/"},"modified":"2022-05-17T11:03:52","modified_gmt":"2022-05-17T08:03:52","slug":"tulsi-ja-neemi-toonik-akne-nahale","status":"publish","type":"product","link":"https:\/\/bio4you.eu\/retseptid\/toode\/tulsi-ja-neemi-toonik-akne-nahale\/","title":{"rendered":"Tulsi ja neemi toonik akne-nahale"},"content":{"rendered":"<p>TULSI JA NEEMI TOONIK on efektiivne AKNE ja RASUSE NAHA hooldamiseks. Ta v\u00f5ib olla abiks ka PSORIAASI ja EKSEEMIDE puhul.<\/p>\n<p>VALMISTAMINE:<br \/>\nKuumuta klaasit\u00e4is vett keemiseni. Lisa keemise ajal vette 1-2 tl basiiliku ja 1-2 tl neemi pulbrit. Keera tuli kinni ja lase t\u00f5mmata 15-20 minutit. Filtreeri segu ja lisa m\u00f5ned tilgad roosivett. Soovi korral lisa veidi pehmendavat gl\u00fctseriini.<br \/>\nPane segu pihustiga tumedasse pudelisse ja hoia k\u00fclmikus. Kasuta \u00e4ra 2-4 n\u00e4dala jooksul.<\/p>\n<p><strong>OMADUSED JA KASUTAMINE<\/strong><\/p>\n<ul>\n<li style=\"text-align: justify;\"><strong>TULSI ehk P\u00dcHA BASIILIK<\/strong> on suurep\u00e4rane vahend mitmesuguste nahaprobleemidega v\u00f5itlemisel.<\/li>\n<li style=\"text-align: justify;\">Tulsi leitakse olevat t\u00f5hus selliste nahaprobleemide nagu vitiliigo (valged plekid), pigmendilaigud, tumenenud ja tuhmunud nahk, ekseemid, akne, naha seenhaigused jne puhul.<\/li>\n<li style=\"text-align: justify;\">Kasutatakse ka naha koorimiseks, s\u00fcgavpuhastamiseks, meigiks ettevalmistamiseks.<\/li>\n<li style=\"text-align: justify;\">TULSI SOBIB N\u00c4OHOOLDUSES tooniku, maski, koorijate jne.\u00a0 tegemiseks.<\/li>\n<li style=\"text-align: justify;\">V\u00f5id lisada seda vannivette nahaprobleemide leevendamiseks.<\/li>\n<\/ul>\n<p><span style=\"color: #003300;\">Loe baasretsepte Tulsiga<a href=\"https:\/\/bio4you.eu\/retseptid\/product\/tulsi-ehk-puha-basiilik-nahaprobleemidele\/\" target=\"_blank\" rel=\"noopener\"><span style=\"color: #99cc00;\"> SIIT<\/span><\/a>.\u00a0<span style=\"color: #003300;\"><a title=\"Tulsi ehk p\u00fcha basiilik nahaprobleemidele\" href=\"https:\/\/bio4you.eu\/retseptid\/product\/tulsi-ehk-puha-basiilik-nahaprobleemidele\/\" target=\"_blank\" rel=\"noopener\"><br \/>\n<\/a><\/span><\/span><\/p>\n<p><strong>MIDA TEHA KUI OLED VALINUD ENDALE SOBIMATU TAIMEPULBRI?<\/strong> Blondide juuste puhul proovi iga pulbrisegu enne varjus oleval juuksesalgul. Kui pulber tumendab v\u00f5i kui see sulle mingil muul p\u00f5hjusel ei sobi, \u00e4ra viska pulbrit minema ! Kasuta see \u00e4ra nahahoolduseks (n\u00e4omaskid, dekoltee maskid). M\u00f5ned pulbrid sobivad keha koorimiseks ja pesemiseks. Kindlasti sobivad nad isetehtud seebi v\u00f5i koorimiskreemi sisse. Kasuta pulbrit v\u00e4hehaaval segatuna balsami v\u00f5i shampooniga, lisatuna vannivette. Pulbriga v\u00f5id teha ka taimset leotist juustele v\u00f5i nahale, toonikut jne. Kui pulber ei sobinud Sulle aga nahahoolduses, siis v\u00f5id seda proovida juustehoolduses. Kui pulbriga tehtud mask oli \u00e4rritav \u00f5rnale n\u00e4onahale, v\u00f5id teha sellest n\u00e4iteks jalakoorijaid, keham\u00e4hiseid jne.<\/p>\n<p><strong>HOIATUSED:<\/strong> Mistahes pulbrit ei ole m\u00f5istlik sisse hingata. Paljusid pulbreid kasutatakse nii nahahoolduses, juustehoolduses kui ka toidulisandina. Seespidiselt ei tohi kasutada \u00fchtegi kosmeetikalaboris valmistatud pulbrit, kuna ta puutub kokku teiste kosmeetiliste ainetega.<\/p>\n","protected":false},"excerpt":{"rendered":"<p><span style=\"color: #000000;\"><strong>VAJA L\u00c4HEB:<\/strong><\/span><\/p>\n<ul>\n<li>tulsi p\u00fcha basiiliku pulbrit<\/li>\n<li>neemipulbrit<\/li>\n<li><span style=\"color: #99cc00;\">r<a href=\"http:\/\/www.bio4you.eu\/et\/toiduained\/1013-lillevesi-toiduks-ja-kosmeetikaks-aromaatne-roosivesi-275g-cosmoveda.html\" target=\"_blank\" rel=\"noopener\"><span style=\"color: #99cc00;\">oosivett<\/span><\/a><\/span><\/li>\n<li><span style=\"color: #000000;\">keedetud vett<\/span><\/li>\n<li><span style=\"color: #000000;\">soovi korral natuke <a href=\"http:\/\/www.bio4you.eu\/et\/isetehtud-kosmeetika\/1952-taimne-glutseriin-100ml-erbe-di-janas.html\" target=\"_blank\" rel=\"noopener\"><span style=\"color: #99cc00;\">gl\u00fctseriini<\/span><\/a><\/span><\/li>\n<\/ul>\n","protected":false},"featured_media":3940,"comment_status":"closed","ping_status":"closed","template":"","meta":{"_exactmetrics_skip_tracking":false,"_exactmetrics_sitenote_active":false,"_exactmetrics_sitenote_note":"","_exactmetrics_sitenote_category":0},"product_cat":[61,79,84,81,78],"product_tag":[228,295,293,240,292,294,290,291],"class_list":{"0":"post-2137","1":"product","2":"type-product","3":"status-publish","4":"has-post-thumbnail","6":"product_cat-ilu-retseptid","7":"product_cat-naohooldus","8":"product_cat-aknehooldus","9":"product_cat-puhastamine-ja-toonikud","10":"product_cat-taimepulbrid","11":"product_tag-akne","12":"product_tag-nahaprobleemid","13":"product_tag-naomaskid","14":"product_tag-peanahk","15":"product_tag-pigmendilaigud","16":"product_tag-puha-basiilik","17":"product_tag-tulsi","18":"product_tag-vitiliigo","20":"first","21":"instock","22":"shipping-taxable","23":"product-type-simple"},"yoast_head":"<!-- This site is optimized with the Yoast SEO plugin v23.3 - https:\/\/yoast.com\/wordpress\/plugins\/seo\/ -->\n<title>Tulsi ja neemi toonik akne-nahale - bio4you.eu\/retseptid<\/title>\n<meta name=\"description\" content=\"Tulsi ja neemi toonik\" \/>\n<meta name=\"robots\" content=\"index, follow, max-snippet:-1, max-image-preview:large, max-video-preview:-1\" \/>\n<link rel=\"canonical\" href=\"https:\/\/bio4you.eu\/retseptid\/toode\/tulsi-ja-neemi-toonik-akne-nahale\/\" \/>\n<meta property=\"og:locale\" content=\"et_EE\" \/>\n<meta property=\"og:type\" content=\"article\" \/>\n<meta property=\"og:title\" content=\"Tulsi ja neemi toonik akne-nahale - bio4you.eu\/retseptid\" \/>\n<meta property=\"og:description\" content=\"Tulsi ja neemi toonik\" \/>\n<meta property=\"og:url\" content=\"https:\/\/bio4you.eu\/retseptid\/toode\/tulsi-ja-neemi-toonik-akne-nahale\/\" \/>\n<meta property=\"og:site_name\" content=\"bio4you.eu\/retseptid\" \/>\n<meta property=\"article:modified_time\" content=\"2022-05-17T08:03:52+00:00\" \/>\n<meta property=\"og:image\" content=\"https:\/\/bio4you.eu\/retseptid\/wp-content\/uploads\/2014\/07\/michael-dziedzic-SB_IsNeqM58-unsplash-scaled.jpg\" \/>\n\t<meta property=\"og:image:width\" content=\"2560\" \/>\n\t<meta property=\"og:image:height\" content=\"2011\" \/>\n\t<meta property=\"og:image:type\" content=\"image\/jpeg\" \/>\n<meta name=\"twitter:label1\" content=\"Est. reading time\" \/>\n\t<meta name=\"twitter:data1\" content=\"2 minutit\" \/>\n<script type=\"application\/ld+json\" class=\"yoast-schema-graph\">{\"@context\":\"https:\/\/schema.org\",\"@graph\":[{\"@type\":\"WebPage\",\"@id\":\"https:\/\/bio4you.eu\/retseptid\/toode\/tulsi-ja-neemi-toonik-akne-nahale\/\",\"url\":\"https:\/\/bio4you.eu\/retseptid\/toode\/tulsi-ja-neemi-toonik-akne-nahale\/\",\"name\":\"Tulsi ja neemi toonik akne-nahale - bio4you.eu\/retseptid\",\"isPartOf\":{\"@id\":\"https:\/\/bio4you.eu\/retseptid\/#website\"},\"primaryImageOfPage\":{\"@id\":\"https:\/\/bio4you.eu\/retseptid\/toode\/tulsi-ja-neemi-toonik-akne-nahale\/#primaryimage\"},\"image\":{\"@id\":\"https:\/\/bio4you.eu\/retseptid\/toode\/tulsi-ja-neemi-toonik-akne-nahale\/#primaryimage\"},\"thumbnailUrl\":\"https:\/\/bio4you.eu\/retseptid\/wp-content\/uploads\/2014\/07\/michael-dziedzic-SB_IsNeqM58-unsplash-scaled.jpg\",\"datePublished\":\"2014-07-21T20:39:44+00:00\",\"dateModified\":\"2022-05-17T08:03:52+00:00\",\"description\":\"Tulsi ja neemi toonik\",\"breadcrumb\":{\"@id\":\"https:\/\/bio4you.eu\/retseptid\/toode\/tulsi-ja-neemi-toonik-akne-nahale\/#breadcrumb\"},\"inLanguage\":\"et\",\"potentialAction\":[{\"@type\":\"ReadAction\",\"target\":[\"https:\/\/bio4you.eu\/retseptid\/toode\/tulsi-ja-neemi-toonik-akne-nahale\/\"]}]},{\"@type\":\"ImageObject\",\"inLanguage\":\"et\",\"@id\":\"https:\/\/bio4you.eu\/retseptid\/toode\/tulsi-ja-neemi-toonik-akne-nahale\/#primaryimage\",\"url\":\"https:\/\/bio4you.eu\/retseptid\/wp-content\/uploads\/2014\/07\/michael-dziedzic-SB_IsNeqM58-unsplash-scaled.jpg\",\"contentUrl\":\"https:\/\/bio4you.eu\/retseptid\/wp-content\/uploads\/2014\/07\/michael-dziedzic-SB_IsNeqM58-unsplash-scaled.jpg\",\"width\":2560,\"height\":2011},{\"@type\":\"BreadcrumbList\",\"@id\":\"https:\/\/bio4you.eu\/retseptid\/toode\/tulsi-ja-neemi-toonik-akne-nahale\/#breadcrumb\",\"itemListElement\":[{\"@type\":\"ListItem\",\"position\":1,\"name\":\"Home\",\"item\":\"https:\/\/bio4you.eu\/retseptid\/\"},{\"@type\":\"ListItem\",\"position\":2,\"name\":\"Tulsi ja neemi toonik akne-nahale\"}]},{\"@type\":\"WebSite\",\"@id\":\"https:\/\/bio4you.eu\/retseptid\/#website\",\"url\":\"https:\/\/bio4you.eu\/retseptid\/\",\"name\":\"bio4you.eu\/retseptid\",\"description\":\"\u00d6ko retseptid ise tegemiseks, looduslikest koostisainetest. Maitsev toit, iluhooldus, kodupuhastus ja aiandus.\",\"potentialAction\":[{\"@type\":\"SearchAction\",\"target\":{\"@type\":\"EntryPoint\",\"urlTemplate\":\"https:\/\/bio4you.eu\/retseptid\/?s={search_term_string}\"},\"query-input\":\"required name=search_term_string\"}],\"inLanguage\":\"et\"}]}<\/script>\n<!-- \/ Yoast SEO plugin. -->","yoast_head_json":{"title":"Tulsi ja neemi toonik akne-nahale - bio4you.eu\/retseptid","description":"Tulsi ja neemi toonik","robots":{"index":"index","follow":"follow","max-snippet":"max-snippet:-1","max-image-preview":"max-image-preview:large","max-video-preview":"max-video-preview:-1"},"canonical":"https:\/\/bio4you.eu\/retseptid\/toode\/tulsi-ja-neemi-toonik-akne-nahale\/","og_locale":"et_EE","og_type":"article","og_title":"Tulsi ja neemi toonik akne-nahale - bio4you.eu\/retseptid","og_description":"Tulsi ja neemi toonik","og_url":"https:\/\/bio4you.eu\/retseptid\/toode\/tulsi-ja-neemi-toonik-akne-nahale\/","og_site_name":"bio4you.eu\/retseptid","article_modified_time":"2022-05-17T08:03:52+00:00","og_image":[{"width":2560,"height":2011,"url":"https:\/\/bio4you.eu\/retseptid\/wp-content\/uploads\/2014\/07\/michael-dziedzic-SB_IsNeqM58-unsplash-scaled.jpg","type":"image\/jpeg"}],"twitter_misc":{"Est. reading time":"2 minutit"},"schema":{"@context":"https:\/\/schema.org","@graph":[{"@type":"WebPage","@id":"https:\/\/bio4you.eu\/retseptid\/toode\/tulsi-ja-neemi-toonik-akne-nahale\/","url":"https:\/\/bio4you.eu\/retseptid\/toode\/tulsi-ja-neemi-toonik-akne-nahale\/","name":"Tulsi ja neemi toonik akne-nahale - bio4you.eu\/retseptid","isPartOf":{"@id":"https:\/\/bio4you.eu\/retseptid\/#website"},"primaryImageOfPage":{"@id":"https:\/\/bio4you.eu\/retseptid\/toode\/tulsi-ja-neemi-toonik-akne-nahale\/#primaryimage"},"image":{"@id":"https:\/\/bio4you.eu\/retseptid\/toode\/tulsi-ja-neemi-toonik-akne-nahale\/#primaryimage"},"thumbnailUrl":"https:\/\/bio4you.eu\/retseptid\/wp-content\/uploads\/2014\/07\/michael-dziedzic-SB_IsNeqM58-unsplash-scaled.jpg","datePublished":"2014-07-21T20:39:44+00:00","dateModified":"2022-05-17T08:03:52+00:00","description":"Tulsi ja neemi toonik","breadcrumb":{"@id":"https:\/\/bio4you.eu\/retseptid\/toode\/tulsi-ja-neemi-toonik-akne-nahale\/#breadcrumb"},"inLanguage":"et","potentialAction":[{"@type":"ReadAction","target":["https:\/\/bio4you.eu\/retseptid\/toode\/tulsi-ja-neemi-toonik-akne-nahale\/"]}]},{"@type":"ImageObject","inLanguage":"et","@id":"https:\/\/bio4you.eu\/retseptid\/toode\/tulsi-ja-neemi-toonik-akne-nahale\/#primaryimage","url":"https:\/\/bio4you.eu\/retseptid\/wp-content\/uploads\/2014\/07\/michael-dziedzic-SB_IsNeqM58-unsplash-scaled.jpg","contentUrl":"https:\/\/bio4you.eu\/retseptid\/wp-content\/uploads\/2014\/07\/michael-dziedzic-SB_IsNeqM58-unsplash-scaled.jpg","width":2560,"height":2011},{"@type":"BreadcrumbList","@id":"https:\/\/bio4you.eu\/retseptid\/toode\/tulsi-ja-neemi-toonik-akne-nahale\/#breadcrumb","itemListElement":[{"@type":"ListItem","position":1,"name":"Home","item":"https:\/\/bio4you.eu\/retseptid\/"},{"@type":"ListItem","position":2,"name":"Tulsi ja neemi toonik akne-nahale"}]},{"@type":"WebSite","@id":"https:\/\/bio4you.eu\/retseptid\/#website","url":"https:\/\/bio4you.eu\/retseptid\/","name":"bio4you.eu\/retseptid","description":"\u00d6ko retseptid ise tegemiseks, looduslikest koostisainetest. Maitsev toit, iluhooldus, kodupuhastus ja aiandus.","potentialAction":[{"@type":"SearchAction","target":{"@type":"EntryPoint","urlTemplate":"https:\/\/bio4you.eu\/retseptid\/?s={search_term_string}"},"query-input":"required name=search_term_string"}],"inLanguage":"et"}]}},"_links":{"self":[{"href":"https:\/\/bio4you.eu\/retseptid\/wp-json\/wp\/v2\/product\/2137"}],"collection":[{"href":"https:\/\/bio4you.eu\/retseptid\/wp-json\/wp\/v2\/product"}],"about":[{"href":"https:\/\/bio4you.eu\/retseptid\/wp-json\/wp\/v2\/types\/product"}],"replies":[{"embeddable":true,"href":"https:\/\/bio4you.eu\/retseptid\/wp-json\/wp\/v2\/comments?post=2137"}],"wp:featuredmedia":[{"embeddable":true,"href":"https:\/\/bio4you.eu\/retseptid\/wp-json\/wp\/v2\/media\/3940"}],"wp:attachment":[{"href":"https:\/\/bio4you.eu\/retseptid\/wp-json\/wp\/v2\/media?parent=2137"}],"wp:term":[{"taxonomy":"product_cat","embeddable":true,"href":"https:\/\/bio4you.eu\/retseptid\/wp-json\/wp\/v2\/product_cat?post=2137"},{"taxonomy":"product_tag","embeddable":true,"href":"https:\/\/bio4you.eu\/retseptid\/wp-json\/wp\/v2\/product_tag?post=2137"}],"curies":[{"name":"wp","href":"https:\/\/api.w.org\/{rel}","templated":true}]}}