{"id":2142,"date":"2014-07-22T00:29:24","date_gmt":"2014-07-21T21:29:24","guid":{"rendered":"https:\/\/bio4you.eu\/retseptid\/product\/tulsi-ja-apelsini-naokoorija-kohupiimaga\/"},"modified":"2022-05-17T10:54:13","modified_gmt":"2022-05-17T07:54:13","slug":"tulsi-ja-apelsini-naokoorija-kohupiimaga","status":"publish","type":"product","link":"https:\/\/bio4you.eu\/retseptid\/toode\/tulsi-ja-apelsini-naokoorija-kohupiimaga\/","title":{"rendered":"Tulsi ja apelsini n\u00e4okoorija \u00f5rnale nahale"},"content":{"rendered":"<p><strong>TULSI-KOHUPIIMA koorija sobib igale nahat\u00fc\u00fcbile ja on suurep\u00e4rane \u00f5rnale nahale<br \/>\n<\/strong><\/p>\n<p><strong>TULSI JA APELSINIKOORE KOORIJA KOHUPIIMAGA<br \/>\n<\/strong><\/p>\n<ul>\n<li><strong>1-2 tl tulsi taimepulbrit<\/strong><\/li>\n<li><strong>1 tl\u00a0 kuivatatud apelsinikoore pulbrit<br \/>\n<\/strong><\/li>\n<li><strong>kohupiima<\/strong><\/li>\n<li>vajadusel natuke piima v\u00f5i tilgake vett (apelsinivett)<\/li>\n<\/ul>\n<p>Sega ained omavahel, lisa vajadusel vett v\u00f5i lillevett kuni tekib \u00fchtlane, meeldiva konsistentsiga pasta. Kanna n\u00e4ole ja lase m\u00f5juda 3-5 minutit. Koori \u00f5rnade ringjate liigutustega ja loputa.<\/p>\n<p><strong>TULSI ehk P\u00dcHA BASIILIK<\/strong> on suurep\u00e4rane vahend mitmesuguste nahaprobleemidega v\u00f5itlemisel.\u00a0 Tulsi leitakse olevat t\u00f5hus selliste nahaprobleemide nagu vitiliigo ( valged plekid), pigmendilaigud, tumenenud ja tuhmunud nahk, ekseemid, akne, naha seenhaigused jne puhul. Kasutatakse ka naha koorimiseks, s\u00fcgavpuhastamiseks, meigiks ettevalmistamiseks.<strong> TULSI SOBIB N\u00c4OHOOLDUSES<\/strong> tooniku, maski, koorijate jne.\u00a0 tegemiseks. V\u00f5id lisada seda vannivette nahaprobleemide leevendamiseks.<\/p>\n<p>Loe baasretsepte Tulsiga <span style=\"color: #99cc00;\"><a href=\"https:\/\/bio4you.eu\/retseptid\/product\/tulsi-ehk-puha-basiilik-nahaprobleemidele\/\" target=\"_blank\" rel=\"noopener\"><span style=\"color: #99cc00;\">SIIT<\/span><\/a><\/span>.<\/p>\n<p><strong>MIDA TEHA KUI OLED VALINUD ENDALE SOBIMATU TAIMEPULBRI?<\/strong> Blondide juuste puhul proovi iga pulbrisegu enne varjus oleval juuksesalgul. Kui pulber tumendab v\u00f5i kui see sulle mingil muul p\u00f5hjusel ei sobi, \u00e4ra viska pulbrit minema ! Kasuta see \u00e4ra nahahoolduseks (n\u00e4omaskid, dekoltee maskid). M\u00f5ned pulbrid sobivad keha koorimiseks ja pesemiseks. Kindlasti sobivad nad isetehtud seebi v\u00f5i koorimiskreemi sisse. Kasuta pulbrit v\u00e4hehaaval segatuna balsami v\u00f5i shampooniga, lisatuna vannivette. Pulbriga v\u00f5id teha ka taimset leotist juustele v\u00f5i nahale, toonikut jne. Kui pulber ei sobinud Sulle aga nahahoolduses, siis v\u00f5id seda proovida juustehoolduses. Kui pulbriga tehtud mask oli \u00e4rritav \u00f5rnale n\u00e4onahale, v\u00f5id teha sellest n\u00e4iteks jalakoorijaid, keham\u00e4hiseid jne.<\/p>\n<p><strong>HOIATUSED:<\/strong> Mistahes pulbrit ei ole m\u00f5istlik sisse hingata. Paljusid pulbreid kasutatakse nii nahahoolduses, juustehoolduses kui ka toidulisandina. Seespidiselt ei tohi kasutada \u00fchtegi kosmeetikalaboris valmistatud pulbrit, kuna ta puutub kokku teiste kosmeetiliste ainetega.<\/p>\n","protected":false},"excerpt":{"rendered":"<p>Vaja l\u00e4heb:<\/p>\n<ul>\n<li>tulsi p\u00fcha basiiliku pulber<\/li>\n<li>apelsinivesi<\/li>\n<li><span style=\"color: #99cc00;\"><a href=\"https:\/\/bio4you.eu\/et\/maitseained-ja-magustajad\/1014-apelsinioievesi-250ml.html?utm_source=bioretsept&amp;utm_medium=retsept&amp;utm_campaign=retsept\" target=\"_blank\" rel=\"noopener\"><span style=\"color: #99cc00;\">apelsini\u00f5ie h\u00fcdrosool<\/span><\/a><\/span><\/li>\n<li>riivitud ja kuivatatud bio apelsinikoor<\/li>\n<\/ul>\n","protected":false},"featured_media":3939,"comment_status":"closed","ping_status":"closed","template":"","meta":{"_exactmetrics_skip_tracking":false,"_exactmetrics_sitenote_active":false,"_exactmetrics_sitenote_note":"","_exactmetrics_sitenote_category":0},"product_cat":[61,79,80,78],"product_tag":[228,205,295,296,292,294,290],"class_list":{"0":"post-2142","1":"product","2":"type-product","3":"status-publish","4":"has-post-thumbnail","6":"product_cat-ilu-retseptid","7":"product_cat-naohooldus","8":"product_cat-koorimine","9":"product_cat-taimepulbrid","10":"product_tag-akne","11":"product_tag-koorija","12":"product_tag-nahaprobleemid","13":"product_tag-naokoorija","14":"product_tag-pigmendilaigud","15":"product_tag-puha-basiilik","16":"product_tag-tulsi","18":"first","19":"instock","20":"shipping-taxable","21":"product-type-simple"},"yoast_head":"<!-- This site is optimized with the Yoast SEO plugin v23.3 - https:\/\/yoast.com\/wordpress\/plugins\/seo\/ -->\n<title>Tulsi ja apelsini n\u00e4okoorija \u00f5rnale nahale - bio4you.eu\/retseptid<\/title>\n<meta name=\"description\" content=\"Tulsi ja apelsini n\u00e4okoorija kohupiimaga\" \/>\n<meta name=\"robots\" content=\"index, follow, max-snippet:-1, max-image-preview:large, max-video-preview:-1\" \/>\n<link rel=\"canonical\" href=\"https:\/\/bio4you.eu\/retseptid\/toode\/tulsi-ja-apelsini-naokoorija-kohupiimaga\/\" \/>\n<meta property=\"og:locale\" content=\"et_EE\" \/>\n<meta property=\"og:type\" content=\"article\" \/>\n<meta property=\"og:title\" content=\"Tulsi ja apelsini n\u00e4okoorija \u00f5rnale nahale - bio4you.eu\/retseptid\" \/>\n<meta property=\"og:description\" content=\"Tulsi ja apelsini n\u00e4okoorija kohupiimaga\" \/>\n<meta property=\"og:url\" content=\"https:\/\/bio4you.eu\/retseptid\/toode\/tulsi-ja-apelsini-naokoorija-kohupiimaga\/\" \/>\n<meta property=\"og:site_name\" content=\"bio4you.eu\/retseptid\" \/>\n<meta property=\"article:modified_time\" content=\"2022-05-17T07:54:13+00:00\" \/>\n<meta property=\"og:image\" content=\"https:\/\/bio4you.eu\/retseptid\/wp-content\/uploads\/2014\/07\/vino-li-pCjw_ygKCv0-unsplash-scaled.jpg\" \/>\n\t<meta property=\"og:image:width\" content=\"1707\" \/>\n\t<meta property=\"og:image:height\" content=\"2560\" \/>\n\t<meta property=\"og:image:type\" content=\"image\/jpeg\" \/>\n<meta name=\"twitter:label1\" content=\"Est. reading time\" \/>\n\t<meta name=\"twitter:data1\" content=\"2 minutit\" \/>\n<script type=\"application\/ld+json\" class=\"yoast-schema-graph\">{\"@context\":\"https:\/\/schema.org\",\"@graph\":[{\"@type\":\"WebPage\",\"@id\":\"https:\/\/bio4you.eu\/retseptid\/toode\/tulsi-ja-apelsini-naokoorija-kohupiimaga\/\",\"url\":\"https:\/\/bio4you.eu\/retseptid\/toode\/tulsi-ja-apelsini-naokoorija-kohupiimaga\/\",\"name\":\"Tulsi ja apelsini n\u00e4okoorija \u00f5rnale nahale - bio4you.eu\/retseptid\",\"isPartOf\":{\"@id\":\"https:\/\/bio4you.eu\/retseptid\/#website\"},\"primaryImageOfPage\":{\"@id\":\"https:\/\/bio4you.eu\/retseptid\/toode\/tulsi-ja-apelsini-naokoorija-kohupiimaga\/#primaryimage\"},\"image\":{\"@id\":\"https:\/\/bio4you.eu\/retseptid\/toode\/tulsi-ja-apelsini-naokoorija-kohupiimaga\/#primaryimage\"},\"thumbnailUrl\":\"https:\/\/bio4you.eu\/retseptid\/wp-content\/uploads\/2014\/07\/vino-li-pCjw_ygKCv0-unsplash-scaled.jpg\",\"datePublished\":\"2014-07-21T21:29:24+00:00\",\"dateModified\":\"2022-05-17T07:54:13+00:00\",\"description\":\"Tulsi ja apelsini n\u00e4okoorija kohupiimaga\",\"breadcrumb\":{\"@id\":\"https:\/\/bio4you.eu\/retseptid\/toode\/tulsi-ja-apelsini-naokoorija-kohupiimaga\/#breadcrumb\"},\"inLanguage\":\"et\",\"potentialAction\":[{\"@type\":\"ReadAction\",\"target\":[\"https:\/\/bio4you.eu\/retseptid\/toode\/tulsi-ja-apelsini-naokoorija-kohupiimaga\/\"]}]},{\"@type\":\"ImageObject\",\"inLanguage\":\"et\",\"@id\":\"https:\/\/bio4you.eu\/retseptid\/toode\/tulsi-ja-apelsini-naokoorija-kohupiimaga\/#primaryimage\",\"url\":\"https:\/\/bio4you.eu\/retseptid\/wp-content\/uploads\/2014\/07\/vino-li-pCjw_ygKCv0-unsplash-scaled.jpg\",\"contentUrl\":\"https:\/\/bio4you.eu\/retseptid\/wp-content\/uploads\/2014\/07\/vino-li-pCjw_ygKCv0-unsplash-scaled.jpg\",\"width\":1707,\"height\":2560},{\"@type\":\"BreadcrumbList\",\"@id\":\"https:\/\/bio4you.eu\/retseptid\/toode\/tulsi-ja-apelsini-naokoorija-kohupiimaga\/#breadcrumb\",\"itemListElement\":[{\"@type\":\"ListItem\",\"position\":1,\"name\":\"Home\",\"item\":\"https:\/\/bio4you.eu\/retseptid\/\"},{\"@type\":\"ListItem\",\"position\":2,\"name\":\"Tulsi ja apelsini n\u00e4okoorija \u00f5rnale nahale\"}]},{\"@type\":\"WebSite\",\"@id\":\"https:\/\/bio4you.eu\/retseptid\/#website\",\"url\":\"https:\/\/bio4you.eu\/retseptid\/\",\"name\":\"bio4you.eu\/retseptid\",\"description\":\"\u00d6ko retseptid ise tegemiseks, looduslikest koostisainetest. Maitsev toit, iluhooldus, kodupuhastus ja aiandus.\",\"potentialAction\":[{\"@type\":\"SearchAction\",\"target\":{\"@type\":\"EntryPoint\",\"urlTemplate\":\"https:\/\/bio4you.eu\/retseptid\/?s={search_term_string}\"},\"query-input\":\"required name=search_term_string\"}],\"inLanguage\":\"et\"}]}<\/script>\n<!-- \/ Yoast SEO plugin. -->","yoast_head_json":{"title":"Tulsi ja apelsini n\u00e4okoorija \u00f5rnale nahale - bio4you.eu\/retseptid","description":"Tulsi ja apelsini n\u00e4okoorija kohupiimaga","robots":{"index":"index","follow":"follow","max-snippet":"max-snippet:-1","max-image-preview":"max-image-preview:large","max-video-preview":"max-video-preview:-1"},"canonical":"https:\/\/bio4you.eu\/retseptid\/toode\/tulsi-ja-apelsini-naokoorija-kohupiimaga\/","og_locale":"et_EE","og_type":"article","og_title":"Tulsi ja apelsini n\u00e4okoorija \u00f5rnale nahale - bio4you.eu\/retseptid","og_description":"Tulsi ja apelsini n\u00e4okoorija kohupiimaga","og_url":"https:\/\/bio4you.eu\/retseptid\/toode\/tulsi-ja-apelsini-naokoorija-kohupiimaga\/","og_site_name":"bio4you.eu\/retseptid","article_modified_time":"2022-05-17T07:54:13+00:00","og_image":[{"width":1707,"height":2560,"url":"https:\/\/bio4you.eu\/retseptid\/wp-content\/uploads\/2014\/07\/vino-li-pCjw_ygKCv0-unsplash-scaled.jpg","type":"image\/jpeg"}],"twitter_misc":{"Est. reading time":"2 minutit"},"schema":{"@context":"https:\/\/schema.org","@graph":[{"@type":"WebPage","@id":"https:\/\/bio4you.eu\/retseptid\/toode\/tulsi-ja-apelsini-naokoorija-kohupiimaga\/","url":"https:\/\/bio4you.eu\/retseptid\/toode\/tulsi-ja-apelsini-naokoorija-kohupiimaga\/","name":"Tulsi ja apelsini n\u00e4okoorija \u00f5rnale nahale - bio4you.eu\/retseptid","isPartOf":{"@id":"https:\/\/bio4you.eu\/retseptid\/#website"},"primaryImageOfPage":{"@id":"https:\/\/bio4you.eu\/retseptid\/toode\/tulsi-ja-apelsini-naokoorija-kohupiimaga\/#primaryimage"},"image":{"@id":"https:\/\/bio4you.eu\/retseptid\/toode\/tulsi-ja-apelsini-naokoorija-kohupiimaga\/#primaryimage"},"thumbnailUrl":"https:\/\/bio4you.eu\/retseptid\/wp-content\/uploads\/2014\/07\/vino-li-pCjw_ygKCv0-unsplash-scaled.jpg","datePublished":"2014-07-21T21:29:24+00:00","dateModified":"2022-05-17T07:54:13+00:00","description":"Tulsi ja apelsini n\u00e4okoorija kohupiimaga","breadcrumb":{"@id":"https:\/\/bio4you.eu\/retseptid\/toode\/tulsi-ja-apelsini-naokoorija-kohupiimaga\/#breadcrumb"},"inLanguage":"et","potentialAction":[{"@type":"ReadAction","target":["https:\/\/bio4you.eu\/retseptid\/toode\/tulsi-ja-apelsini-naokoorija-kohupiimaga\/"]}]},{"@type":"ImageObject","inLanguage":"et","@id":"https:\/\/bio4you.eu\/retseptid\/toode\/tulsi-ja-apelsini-naokoorija-kohupiimaga\/#primaryimage","url":"https:\/\/bio4you.eu\/retseptid\/wp-content\/uploads\/2014\/07\/vino-li-pCjw_ygKCv0-unsplash-scaled.jpg","contentUrl":"https:\/\/bio4you.eu\/retseptid\/wp-content\/uploads\/2014\/07\/vino-li-pCjw_ygKCv0-unsplash-scaled.jpg","width":1707,"height":2560},{"@type":"BreadcrumbList","@id":"https:\/\/bio4you.eu\/retseptid\/toode\/tulsi-ja-apelsini-naokoorija-kohupiimaga\/#breadcrumb","itemListElement":[{"@type":"ListItem","position":1,"name":"Home","item":"https:\/\/bio4you.eu\/retseptid\/"},{"@type":"ListItem","position":2,"name":"Tulsi ja apelsini n\u00e4okoorija \u00f5rnale nahale"}]},{"@type":"WebSite","@id":"https:\/\/bio4you.eu\/retseptid\/#website","url":"https:\/\/bio4you.eu\/retseptid\/","name":"bio4you.eu\/retseptid","description":"\u00d6ko retseptid ise tegemiseks, looduslikest koostisainetest. Maitsev toit, iluhooldus, kodupuhastus ja aiandus.","potentialAction":[{"@type":"SearchAction","target":{"@type":"EntryPoint","urlTemplate":"https:\/\/bio4you.eu\/retseptid\/?s={search_term_string}"},"query-input":"required name=search_term_string"}],"inLanguage":"et"}]}},"_links":{"self":[{"href":"https:\/\/bio4you.eu\/retseptid\/wp-json\/wp\/v2\/product\/2142"}],"collection":[{"href":"https:\/\/bio4you.eu\/retseptid\/wp-json\/wp\/v2\/product"}],"about":[{"href":"https:\/\/bio4you.eu\/retseptid\/wp-json\/wp\/v2\/types\/product"}],"replies":[{"embeddable":true,"href":"https:\/\/bio4you.eu\/retseptid\/wp-json\/wp\/v2\/comments?post=2142"}],"wp:featuredmedia":[{"embeddable":true,"href":"https:\/\/bio4you.eu\/retseptid\/wp-json\/wp\/v2\/media\/3939"}],"wp:attachment":[{"href":"https:\/\/bio4you.eu\/retseptid\/wp-json\/wp\/v2\/media?parent=2142"}],"wp:term":[{"taxonomy":"product_cat","embeddable":true,"href":"https:\/\/bio4you.eu\/retseptid\/wp-json\/wp\/v2\/product_cat?post=2142"},{"taxonomy":"product_tag","embeddable":true,"href":"https:\/\/bio4you.eu\/retseptid\/wp-json\/wp\/v2\/product_tag?post=2142"}],"curies":[{"name":"wp","href":"https:\/\/api.w.org\/{rel}","templated":true}]}}