{"id":2145,"date":"2014-07-22T00:53:16","date_gmt":"2014-07-21T21:53:16","guid":{"rendered":"https:\/\/bio4you.eu\/retseptid\/product\/tulsi-universaalmask-oliivioliga\/"},"modified":"2022-05-17T11:05:07","modified_gmt":"2022-05-17T08:05:07","slug":"tulsi-universaalmask-oliivioliga","status":"publish","type":"product","link":"https:\/\/bio4you.eu\/retseptid\/toode\/tulsi-universaalmask-oliivioliga\/","title":{"rendered":"Tulsi universaalmask oliivi\u00f5liga"},"content":{"rendered":"<p>TULSI-UNIVERSAALMASK sobib igale nahat\u00fc\u00fcbile ja eriti akne nahale ning rasusele nahale. Kasuta 1-2 korda n\u00e4dalas.<strong><br \/>\n<\/strong><\/p>\n<p><strong>TULSI UNIVERSAALMASK OLIIVI\u00d5LIGA<\/strong><\/p>\n<p>Sega kuivained savin\u00f5us v\u00f5i klaasn\u00f5us. Lisa oliivi\u00f5li, roosivesi ja vajadusel vett konsistentsi parandamiseks. Kanna mask n\u00e4ole ja hoia 20-30 minutit. \u00d5rna naha puhul \u00e4ra lase maskil kuivada. Loputa k\u00fclma veega.<\/p>\n<p><strong>TULSI ehk P\u00dcHA BASIILIK<\/strong> on suurep\u00e4rane vahend mitmesuguste nahaprobleemidega v\u00f5itlemisel.\u00a0 Tulsi leitakse olevat t\u00f5hus selliste nahaprobleemide nagu vitiliigo ( valged plekid), pigmendilaigud, tumenenud ja tuhmunud nahk, ekseemid, akne, naha seenhaigused jne puhul. Kasutatakse ka naha koorimiseks, s\u00fcgavpuhastamiseks, meigiks ettevalmistamiseks.<strong> TULSI SOBIB N\u00c4OHOOLDUSES<\/strong> tooniku, maski, koorijate jne.\u00a0 tegemiseks. V\u00f5id lisada seda vannivette nahaprobleemide leevendamiseks.<\/p>\n<p>Loe baasretsepte Tulsiga <a href=\"https:\/\/bio4you.eu\/retseptid\/product\/tulsi-ehk-puha-basiilik-nahaprobleemidele\/\" target=\"_blank\" rel=\"noopener\"><span style=\"color: #99cc00;\">SIIT<\/span><\/a>.<\/p>\n<p><strong style=\"color: #141412;\">MIDA TEHA KUI OLED VALINUD ENDALE SOBIMATU TAIMEPULBRI?<\/strong><span style=\"color: #141412;\"> Blondide juuste puhul proovi iga pulbrisegu enne varjus oleval juuksesalgul. Kui pulber tumendab v\u00f5i kui see sulle mingil muul p\u00f5hjusel ei sobi, \u00e4ra viska pulbrit minema ! Kasuta see \u00e4ra nahahoolduseks (n\u00e4omaskid, dekoltee maskid). M\u00f5ned pulbrid sobivad keha koorimiseks ja pesemiseks. Kindlasti sobivad nad isetehtud seebi v\u00f5i koorimiskreemi sisse. Kasuta pulbrit v\u00e4hehaaval segatuna balsami v\u00f5i shampooniga, lisatuna vannivette. Pulbriga v\u00f5id teha ka taimset leotist juustele v\u00f5i nahale, toonikut jne. Kui pulber ei sobinud Sulle aga nahahoolduses, siis v\u00f5id seda proovida juustehoolduses. Kui pulbriga tehtud mask oli \u00e4rritav \u00f5rnale n\u00e4onahale, v\u00f5id teha sellest n\u00e4iteks jalakoorijaid, keham\u00e4hiseid jne.<\/span><\/p>\n<p><strong>HOIATUSED:<\/strong> Mistahes pulbrit ei ole m\u00f5istlik sisse hingata. Paljusid pulbreid kasutatakse nii nahahoolduses, juustehoolduses kui ka toidulisandina. Seespidiselt ei tohi kasutada \u00fchtegi kosmeetikalaboris valmistatud pulbrit, kuna ta puutub kokku teiste kosmeetiliste ainetega.<\/p>\n","protected":false},"excerpt":{"rendered":"<p>Vaja l\u00e4heb:<\/p>\n<ul>\n<li>2 tl tulsi pulbrit<\/li>\n<li>2 tl multani mitti savi ja sandlipuu pulbri segu<\/li>\n<li>3-5 tilka <a href=\"https:\/\/bio4you.eu\/et\/otsi?controller=search&amp;order=product.position.desc&amp;s=oliivi%C3%B5li&amp;utm_source=bioretsept&amp;utm_medium=retsept&amp;utm_campaign=retsept\" target=\"_blank\" rel=\"noopener\"><span style=\"color: #99cc00;\">extra virgin oliivi\u00f5li<\/span><\/a><\/li>\n<li>3-5 tilka<a href=\"http:\/\/www.bio4you.eu\/et\/toiduained\/1013-lillevesi-toiduks-ja-kosmeetikaks-aromaatne-roosivesi-275g-cosmoveda.html\" target=\"_blank\" rel=\"noopener\"><span style=\"color: #99cc00;\"> roosivett<\/span> <\/a>ja vajadusel vett lahjendamiseks<\/li>\n<\/ul>\n","protected":false},"featured_media":3364,"comment_status":"closed","ping_status":"closed","template":"","meta":{"_exactmetrics_skip_tracking":false,"_exactmetrics_sitenote_active":false,"_exactmetrics_sitenote_note":"","_exactmetrics_sitenote_category":0},"product_cat":[59,61,79,82,78],"product_tag":[228,205,295,131,292,294,290],"class_list":{"0":"post-2145","1":"product","2":"type-product","3":"status-publish","4":"has-post-thumbnail","6":"product_cat-featured","7":"product_cat-ilu-retseptid","8":"product_cat-naohooldus","9":"product_cat-naomaskid","10":"product_cat-taimepulbrid","11":"product_tag-akne","12":"product_tag-koorija","13":"product_tag-nahaprobleemid","14":"product_tag-naomask","15":"product_tag-pigmendilaigud","16":"product_tag-puha-basiilik","17":"product_tag-tulsi","19":"first","20":"instock","21":"shipping-taxable","22":"product-type-simple"},"yoast_head":"<!-- This site is optimized with the Yoast SEO plugin v23.3 - https:\/\/yoast.com\/wordpress\/plugins\/seo\/ -->\n<title>Tulsi universaalmask oliivi\u00f5liga - bio4you.eu\/retseptid<\/title>\n<meta name=\"description\" content=\"Tulsi universaalmask oliivi\u00f5liga\" \/>\n<meta name=\"robots\" content=\"index, follow, max-snippet:-1, max-image-preview:large, max-video-preview:-1\" \/>\n<link rel=\"canonical\" href=\"https:\/\/bio4you.eu\/retseptid\/toode\/tulsi-universaalmask-oliivioliga\/\" \/>\n<meta property=\"og:locale\" content=\"et_EE\" \/>\n<meta property=\"og:type\" content=\"article\" \/>\n<meta property=\"og:title\" content=\"Tulsi universaalmask oliivi\u00f5liga - bio4you.eu\/retseptid\" \/>\n<meta property=\"og:description\" content=\"Tulsi universaalmask oliivi\u00f5liga\" \/>\n<meta property=\"og:url\" content=\"https:\/\/bio4you.eu\/retseptid\/toode\/tulsi-universaalmask-oliivioliga\/\" \/>\n<meta property=\"og:site_name\" content=\"bio4you.eu\/retseptid\" \/>\n<meta property=\"article:modified_time\" content=\"2022-05-17T08:05:07+00:00\" \/>\n<meta property=\"og:image\" content=\"https:\/\/bio4you.eu\/retseptid\/wp-content\/uploads\/2014\/07\/How-To-Make-Your-Own-Face-Masks.jpg\" \/>\n\t<meta property=\"og:image:width\" content=\"648\" \/>\n\t<meta property=\"og:image:height\" content=\"432\" \/>\n\t<meta property=\"og:image:type\" content=\"image\/jpeg\" \/>\n<meta name=\"twitter:label1\" content=\"Est. reading time\" \/>\n\t<meta name=\"twitter:data1\" content=\"2 minutit\" \/>\n<script type=\"application\/ld+json\" class=\"yoast-schema-graph\">{\"@context\":\"https:\/\/schema.org\",\"@graph\":[{\"@type\":\"WebPage\",\"@id\":\"https:\/\/bio4you.eu\/retseptid\/toode\/tulsi-universaalmask-oliivioliga\/\",\"url\":\"https:\/\/bio4you.eu\/retseptid\/toode\/tulsi-universaalmask-oliivioliga\/\",\"name\":\"Tulsi universaalmask oliivi\u00f5liga - bio4you.eu\/retseptid\",\"isPartOf\":{\"@id\":\"https:\/\/bio4you.eu\/retseptid\/#website\"},\"primaryImageOfPage\":{\"@id\":\"https:\/\/bio4you.eu\/retseptid\/toode\/tulsi-universaalmask-oliivioliga\/#primaryimage\"},\"image\":{\"@id\":\"https:\/\/bio4you.eu\/retseptid\/toode\/tulsi-universaalmask-oliivioliga\/#primaryimage\"},\"thumbnailUrl\":\"https:\/\/bio4you.eu\/retseptid\/wp-content\/uploads\/2014\/07\/How-To-Make-Your-Own-Face-Masks.jpg\",\"datePublished\":\"2014-07-21T21:53:16+00:00\",\"dateModified\":\"2022-05-17T08:05:07+00:00\",\"description\":\"Tulsi universaalmask oliivi\u00f5liga\",\"breadcrumb\":{\"@id\":\"https:\/\/bio4you.eu\/retseptid\/toode\/tulsi-universaalmask-oliivioliga\/#breadcrumb\"},\"inLanguage\":\"et\",\"potentialAction\":[{\"@type\":\"ReadAction\",\"target\":[\"https:\/\/bio4you.eu\/retseptid\/toode\/tulsi-universaalmask-oliivioliga\/\"]}]},{\"@type\":\"ImageObject\",\"inLanguage\":\"et\",\"@id\":\"https:\/\/bio4you.eu\/retseptid\/toode\/tulsi-universaalmask-oliivioliga\/#primaryimage\",\"url\":\"https:\/\/bio4you.eu\/retseptid\/wp-content\/uploads\/2014\/07\/How-To-Make-Your-Own-Face-Masks.jpg\",\"contentUrl\":\"https:\/\/bio4you.eu\/retseptid\/wp-content\/uploads\/2014\/07\/How-To-Make-Your-Own-Face-Masks.jpg\",\"width\":648,\"height\":432},{\"@type\":\"BreadcrumbList\",\"@id\":\"https:\/\/bio4you.eu\/retseptid\/toode\/tulsi-universaalmask-oliivioliga\/#breadcrumb\",\"itemListElement\":[{\"@type\":\"ListItem\",\"position\":1,\"name\":\"Home\",\"item\":\"https:\/\/bio4you.eu\/retseptid\/\"},{\"@type\":\"ListItem\",\"position\":2,\"name\":\"Tulsi universaalmask oliivi\u00f5liga\"}]},{\"@type\":\"WebSite\",\"@id\":\"https:\/\/bio4you.eu\/retseptid\/#website\",\"url\":\"https:\/\/bio4you.eu\/retseptid\/\",\"name\":\"bio4you.eu\/retseptid\",\"description\":\"\u00d6ko retseptid ise tegemiseks, looduslikest koostisainetest. Maitsev toit, iluhooldus, kodupuhastus ja aiandus.\",\"potentialAction\":[{\"@type\":\"SearchAction\",\"target\":{\"@type\":\"EntryPoint\",\"urlTemplate\":\"https:\/\/bio4you.eu\/retseptid\/?s={search_term_string}\"},\"query-input\":\"required name=search_term_string\"}],\"inLanguage\":\"et\"}]}<\/script>\n<!-- \/ Yoast SEO plugin. -->","yoast_head_json":{"title":"Tulsi universaalmask oliivi\u00f5liga - bio4you.eu\/retseptid","description":"Tulsi universaalmask oliivi\u00f5liga","robots":{"index":"index","follow":"follow","max-snippet":"max-snippet:-1","max-image-preview":"max-image-preview:large","max-video-preview":"max-video-preview:-1"},"canonical":"https:\/\/bio4you.eu\/retseptid\/toode\/tulsi-universaalmask-oliivioliga\/","og_locale":"et_EE","og_type":"article","og_title":"Tulsi universaalmask oliivi\u00f5liga - bio4you.eu\/retseptid","og_description":"Tulsi universaalmask oliivi\u00f5liga","og_url":"https:\/\/bio4you.eu\/retseptid\/toode\/tulsi-universaalmask-oliivioliga\/","og_site_name":"bio4you.eu\/retseptid","article_modified_time":"2022-05-17T08:05:07+00:00","og_image":[{"width":648,"height":432,"url":"https:\/\/bio4you.eu\/retseptid\/wp-content\/uploads\/2014\/07\/How-To-Make-Your-Own-Face-Masks.jpg","type":"image\/jpeg"}],"twitter_misc":{"Est. reading time":"2 minutit"},"schema":{"@context":"https:\/\/schema.org","@graph":[{"@type":"WebPage","@id":"https:\/\/bio4you.eu\/retseptid\/toode\/tulsi-universaalmask-oliivioliga\/","url":"https:\/\/bio4you.eu\/retseptid\/toode\/tulsi-universaalmask-oliivioliga\/","name":"Tulsi universaalmask oliivi\u00f5liga - bio4you.eu\/retseptid","isPartOf":{"@id":"https:\/\/bio4you.eu\/retseptid\/#website"},"primaryImageOfPage":{"@id":"https:\/\/bio4you.eu\/retseptid\/toode\/tulsi-universaalmask-oliivioliga\/#primaryimage"},"image":{"@id":"https:\/\/bio4you.eu\/retseptid\/toode\/tulsi-universaalmask-oliivioliga\/#primaryimage"},"thumbnailUrl":"https:\/\/bio4you.eu\/retseptid\/wp-content\/uploads\/2014\/07\/How-To-Make-Your-Own-Face-Masks.jpg","datePublished":"2014-07-21T21:53:16+00:00","dateModified":"2022-05-17T08:05:07+00:00","description":"Tulsi universaalmask oliivi\u00f5liga","breadcrumb":{"@id":"https:\/\/bio4you.eu\/retseptid\/toode\/tulsi-universaalmask-oliivioliga\/#breadcrumb"},"inLanguage":"et","potentialAction":[{"@type":"ReadAction","target":["https:\/\/bio4you.eu\/retseptid\/toode\/tulsi-universaalmask-oliivioliga\/"]}]},{"@type":"ImageObject","inLanguage":"et","@id":"https:\/\/bio4you.eu\/retseptid\/toode\/tulsi-universaalmask-oliivioliga\/#primaryimage","url":"https:\/\/bio4you.eu\/retseptid\/wp-content\/uploads\/2014\/07\/How-To-Make-Your-Own-Face-Masks.jpg","contentUrl":"https:\/\/bio4you.eu\/retseptid\/wp-content\/uploads\/2014\/07\/How-To-Make-Your-Own-Face-Masks.jpg","width":648,"height":432},{"@type":"BreadcrumbList","@id":"https:\/\/bio4you.eu\/retseptid\/toode\/tulsi-universaalmask-oliivioliga\/#breadcrumb","itemListElement":[{"@type":"ListItem","position":1,"name":"Home","item":"https:\/\/bio4you.eu\/retseptid\/"},{"@type":"ListItem","position":2,"name":"Tulsi universaalmask oliivi\u00f5liga"}]},{"@type":"WebSite","@id":"https:\/\/bio4you.eu\/retseptid\/#website","url":"https:\/\/bio4you.eu\/retseptid\/","name":"bio4you.eu\/retseptid","description":"\u00d6ko retseptid ise tegemiseks, looduslikest koostisainetest. Maitsev toit, iluhooldus, kodupuhastus ja aiandus.","potentialAction":[{"@type":"SearchAction","target":{"@type":"EntryPoint","urlTemplate":"https:\/\/bio4you.eu\/retseptid\/?s={search_term_string}"},"query-input":"required name=search_term_string"}],"inLanguage":"et"}]}},"_links":{"self":[{"href":"https:\/\/bio4you.eu\/retseptid\/wp-json\/wp\/v2\/product\/2145"}],"collection":[{"href":"https:\/\/bio4you.eu\/retseptid\/wp-json\/wp\/v2\/product"}],"about":[{"href":"https:\/\/bio4you.eu\/retseptid\/wp-json\/wp\/v2\/types\/product"}],"replies":[{"embeddable":true,"href":"https:\/\/bio4you.eu\/retseptid\/wp-json\/wp\/v2\/comments?post=2145"}],"wp:featuredmedia":[{"embeddable":true,"href":"https:\/\/bio4you.eu\/retseptid\/wp-json\/wp\/v2\/media\/3364"}],"wp:attachment":[{"href":"https:\/\/bio4you.eu\/retseptid\/wp-json\/wp\/v2\/media?parent=2145"}],"wp:term":[{"taxonomy":"product_cat","embeddable":true,"href":"https:\/\/bio4you.eu\/retseptid\/wp-json\/wp\/v2\/product_cat?post=2145"},{"taxonomy":"product_tag","embeddable":true,"href":"https:\/\/bio4you.eu\/retseptid\/wp-json\/wp\/v2\/product_tag?post=2145"}],"curies":[{"name":"wp","href":"https:\/\/api.w.org\/{rel}","templated":true}]}}