{"id":2149,"date":"2014-07-22T01:06:31","date_gmt":"2014-07-21T22:06:31","guid":{"rendered":"https:\/\/bio4you.eu\/retseptid\/product\/tulsi-ja-neemi-mask-akne-ja-plekilisele-nahale\/"},"modified":"2022-05-17T10:59:43","modified_gmt":"2022-05-17T07:59:43","slug":"tulsi-ja-neemi-mask-akne-ja-plekilisele-nahale","status":"publish","type":"product","link":"https:\/\/bio4you.eu\/retseptid\/toode\/tulsi-ja-neemi-mask-akne-ja-plekilisele-nahale\/","title":{"rendered":"Tulsi ja neemi mask akne ja plekilisele nahale"},"content":{"rendered":"<p>TULSI JA NEEMI MASK on efektiivne AKNE ja RASUSE NAHA hooldamiseks. Ta v\u00f5ib olla abiks ka PSORIAASI ja EKSEEMIDE puhul. Peale maski tegemist \u00e4ra mine kohe p\u00e4iksevalguse k\u00e4tte, parim on maski teha \u00f5htuti.<strong><br \/>\n<\/strong><\/p>\n<p style=\"text-align: left;\"><strong><span style=\"color: #000000;\">VALMISTAMINE<\/span><\/strong><\/p>\n<p style=\"text-align: left;\"><span style=\"color: #000000;\">Sega Neemi ja Tulsi pulbrid v\u00f5rdsetes kogustes.\u00a0<span style=\"text-align: justify;\">Lisa vett, et moodustuks kreemjas paks pasta.\u00a0<\/span><span style=\"text-align: justify;\">Purusta kaks nelgitera ja lisa segule.\u00a0<\/span><span style=\"text-align: justify;\">Kanna n\u00e4ole. Silmad v\u00f5iksid kinni katta niiskete vatipadjakestega.\u00a0<\/span><span style=\"text-align: justify;\">Lama selili ja l\u00f5dvestu.<\/span><\/span><\/p>\n<p><span style=\"color: #000000; text-align: justify;\">Hoia rasusel nahal kauem, plekilisel v\u00f5i kuiva aknega nahal v\u00e4hem aga max. kuni 30 minutit. Loputa k\u00fclma veega.<\/span><br \/>\n<span style=\"color: #000000; text-align: justify;\">Maski sobib teha talvel v\u00f5i \u00f5htuti, sest neemitooted on fotosensitiivse m\u00f5juga.<\/span><\/p>\n<p><strong>TULSI ehk P\u00dcHA BASIILIK<\/strong> on suurep\u00e4rane vahend mitmesuguste nahaprobleemidega v\u00f5itlemisel.\u00a0 Tulsi leitakse olevat t\u00f5hus selliste nahaprobleemide nagu vitiliigo ( valged plekid), pigmendilaigud, tumenenud ja tuhmunud nahk, ekseemid, akne, naha seenhaigused jne puhul. Kasutatakse ka naha koorimiseks, s\u00fcgavpuhastamiseks, meigiks ettevalmistamiseks. TULSI SOBIB N\u00c4OHOOLDUSES tooniku, maski, koorijate jne.\u00a0 tegemiseks. V\u00f5id lisada seda vannivette nahaprobleemide leevendamiseks.<\/p>\n<p>Loe baasretsepte Tulsiga <a href=\"https:\/\/bio4you.eu\/retseptid\/product\/tulsi-ehk-puha-basiilik-nahaprobleemidele\/\" target=\"_blank\" rel=\"noopener\"><span style=\"color: #99cc00;\">SIIT<\/span><\/a>.<\/p>\n<p style=\"text-align: left;\"><strong>MIDA TEHA KUI OLED VALINUD ENDALE SOBIMATU TAIMEPULBRI ?<\/strong> Blondide juuste puhul proovi iga pulbrisegu enne varjus oleval juuksesalgul. Kui pulber tumendab v\u00f5i kui see sulle mingil muul p\u00f5hjusel ei sobi, \u00e4ra viska pulbrit minema ! Kasuta see \u00e4ra nahahoolduseks (n\u00e4omaskid, dekoltee maskid). M\u00f5ned pulbrid sobivad keha koorimiseks ja pesemiseks. Kindlasti sobivad nad isetehtud seebi v\u00f5i koorimiskreemi sisse. Kasuta pulbrit v\u00e4hehaaval segatuna balsami v\u00f5i shampooniga, lisatuna vannivette. Pulbriga v\u00f5id teha ka taimset leotist juustele v\u00f5i nahale, toonikut jne. Kui pulber ei sobinud Sulle aga nahahoolduses, siis v\u00f5id seda proovida juustehoolduses. Kui pulbriga tehtud mask oli \u00e4rritav \u00f5rnale n\u00e4onahale, v\u00f5id teha sellest n\u00e4iteks jalakoorijaid, keham\u00e4hiseid jne.<\/p>\n<p><strong>HOIATUSED:<\/strong> Mistahes pulbrit ei ole m\u00f5istlik sisse hingata. Paljusid pulbreid kasutatakse nii nahahoolduses, juustehoolduses kui ka toidulisandina. Seespidiselt ei tohi kasutada \u00fchtegi kosmeetikalaboris valmistatud pulbrit, kuna ta puutub kokku teiste kosmeetiliste ainetega.<\/p>\n","protected":false},"excerpt":{"rendered":"<p><span style=\"color: #000000;\">VAJA L\u00c4HEB:<\/span><\/p>\n<ul>\n<li>tulsi p\u00fcha basiiliku taimepulber<\/li>\n<li>neemipulbrit<\/li>\n<li><span style=\"color: #000000;\">2 nelgitera<\/span><\/li>\n<li><span style=\"color: #000000;\">vett<\/span><\/li>\n<\/ul>\n","protected":false},"featured_media":3353,"comment_status":"closed","ping_status":"closed","template":"","meta":{"_exactmetrics_skip_tracking":false,"_exactmetrics_sitenote_active":false,"_exactmetrics_sitenote_note":"","_exactmetrics_sitenote_category":0},"product_cat":[59,61,79,84,82,78],"product_tag":[228,295,293,240,292,294,290,291],"class_list":{"0":"post-2149","1":"product","2":"type-product","3":"status-publish","4":"has-post-thumbnail","6":"product_cat-featured","7":"product_cat-ilu-retseptid","8":"product_cat-naohooldus","9":"product_cat-aknehooldus","10":"product_cat-naomaskid","11":"product_cat-taimepulbrid","12":"product_tag-akne","13":"product_tag-nahaprobleemid","14":"product_tag-naomaskid","15":"product_tag-peanahk","16":"product_tag-pigmendilaigud","17":"product_tag-puha-basiilik","18":"product_tag-tulsi","19":"product_tag-vitiliigo","21":"first","22":"instock","23":"shipping-taxable","24":"product-type-simple"},"yoast_head":"<!-- This site is optimized with the Yoast SEO plugin v23.3 - https:\/\/yoast.com\/wordpress\/plugins\/seo\/ -->\n<title>Tulsi ja neemi mask akne ja plekilisele nahale - bio4you.eu\/retseptid<\/title>\n<meta name=\"description\" content=\"Tulsi ja neemi mask akne ja plekilisele nahale\" \/>\n<meta name=\"robots\" content=\"index, follow, max-snippet:-1, max-image-preview:large, max-video-preview:-1\" \/>\n<link rel=\"canonical\" href=\"https:\/\/bio4you.eu\/retseptid\/toode\/tulsi-ja-neemi-mask-akne-ja-plekilisele-nahale\/\" \/>\n<meta property=\"og:locale\" content=\"et_EE\" \/>\n<meta property=\"og:type\" content=\"article\" \/>\n<meta property=\"og:title\" content=\"Tulsi ja neemi mask akne ja plekilisele nahale - bio4you.eu\/retseptid\" \/>\n<meta property=\"og:description\" content=\"Tulsi ja neemi mask akne ja plekilisele nahale\" \/>\n<meta property=\"og:url\" content=\"https:\/\/bio4you.eu\/retseptid\/toode\/tulsi-ja-neemi-mask-akne-ja-plekilisele-nahale\/\" \/>\n<meta property=\"og:site_name\" content=\"bio4you.eu\/retseptid\" \/>\n<meta property=\"article:modified_time\" content=\"2022-05-17T07:59:43+00:00\" \/>\n<meta property=\"og:image\" content=\"https:\/\/bio4you.eu\/retseptid\/wp-content\/uploads\/2014\/07\/Cucumber-face-mask-scaled.jpg\" \/>\n\t<meta property=\"og:image:width\" content=\"2560\" \/>\n\t<meta property=\"og:image:height\" content=\"1914\" \/>\n\t<meta property=\"og:image:type\" content=\"image\/jpeg\" \/>\n<meta name=\"twitter:label1\" content=\"Est. reading time\" \/>\n\t<meta name=\"twitter:data1\" content=\"2 minutit\" \/>\n<script type=\"application\/ld+json\" class=\"yoast-schema-graph\">{\"@context\":\"https:\/\/schema.org\",\"@graph\":[{\"@type\":\"WebPage\",\"@id\":\"https:\/\/bio4you.eu\/retseptid\/toode\/tulsi-ja-neemi-mask-akne-ja-plekilisele-nahale\/\",\"url\":\"https:\/\/bio4you.eu\/retseptid\/toode\/tulsi-ja-neemi-mask-akne-ja-plekilisele-nahale\/\",\"name\":\"Tulsi ja neemi mask akne ja plekilisele nahale - bio4you.eu\/retseptid\",\"isPartOf\":{\"@id\":\"https:\/\/bio4you.eu\/retseptid\/#website\"},\"primaryImageOfPage\":{\"@id\":\"https:\/\/bio4you.eu\/retseptid\/toode\/tulsi-ja-neemi-mask-akne-ja-plekilisele-nahale\/#primaryimage\"},\"image\":{\"@id\":\"https:\/\/bio4you.eu\/retseptid\/toode\/tulsi-ja-neemi-mask-akne-ja-plekilisele-nahale\/#primaryimage\"},\"thumbnailUrl\":\"https:\/\/bio4you.eu\/retseptid\/wp-content\/uploads\/2014\/07\/Cucumber-face-mask-scaled.jpg\",\"datePublished\":\"2014-07-21T22:06:31+00:00\",\"dateModified\":\"2022-05-17T07:59:43+00:00\",\"description\":\"Tulsi ja neemi mask akne ja plekilisele nahale\",\"breadcrumb\":{\"@id\":\"https:\/\/bio4you.eu\/retseptid\/toode\/tulsi-ja-neemi-mask-akne-ja-plekilisele-nahale\/#breadcrumb\"},\"inLanguage\":\"et\",\"potentialAction\":[{\"@type\":\"ReadAction\",\"target\":[\"https:\/\/bio4you.eu\/retseptid\/toode\/tulsi-ja-neemi-mask-akne-ja-plekilisele-nahale\/\"]}]},{\"@type\":\"ImageObject\",\"inLanguage\":\"et\",\"@id\":\"https:\/\/bio4you.eu\/retseptid\/toode\/tulsi-ja-neemi-mask-akne-ja-plekilisele-nahale\/#primaryimage\",\"url\":\"https:\/\/bio4you.eu\/retseptid\/wp-content\/uploads\/2014\/07\/Cucumber-face-mask-scaled.jpg\",\"contentUrl\":\"https:\/\/bio4you.eu\/retseptid\/wp-content\/uploads\/2014\/07\/Cucumber-face-mask-scaled.jpg\",\"width\":2560,\"height\":1914},{\"@type\":\"BreadcrumbList\",\"@id\":\"https:\/\/bio4you.eu\/retseptid\/toode\/tulsi-ja-neemi-mask-akne-ja-plekilisele-nahale\/#breadcrumb\",\"itemListElement\":[{\"@type\":\"ListItem\",\"position\":1,\"name\":\"Home\",\"item\":\"https:\/\/bio4you.eu\/retseptid\/\"},{\"@type\":\"ListItem\",\"position\":2,\"name\":\"Tulsi ja neemi mask akne ja plekilisele nahale\"}]},{\"@type\":\"WebSite\",\"@id\":\"https:\/\/bio4you.eu\/retseptid\/#website\",\"url\":\"https:\/\/bio4you.eu\/retseptid\/\",\"name\":\"bio4you.eu\/retseptid\",\"description\":\"\u00d6ko retseptid ise tegemiseks, looduslikest koostisainetest. Maitsev toit, iluhooldus, kodupuhastus ja aiandus.\",\"potentialAction\":[{\"@type\":\"SearchAction\",\"target\":{\"@type\":\"EntryPoint\",\"urlTemplate\":\"https:\/\/bio4you.eu\/retseptid\/?s={search_term_string}\"},\"query-input\":\"required name=search_term_string\"}],\"inLanguage\":\"et\"}]}<\/script>\n<!-- \/ Yoast SEO plugin. -->","yoast_head_json":{"title":"Tulsi ja neemi mask akne ja plekilisele nahale - bio4you.eu\/retseptid","description":"Tulsi ja neemi mask akne ja plekilisele nahale","robots":{"index":"index","follow":"follow","max-snippet":"max-snippet:-1","max-image-preview":"max-image-preview:large","max-video-preview":"max-video-preview:-1"},"canonical":"https:\/\/bio4you.eu\/retseptid\/toode\/tulsi-ja-neemi-mask-akne-ja-plekilisele-nahale\/","og_locale":"et_EE","og_type":"article","og_title":"Tulsi ja neemi mask akne ja plekilisele nahale - bio4you.eu\/retseptid","og_description":"Tulsi ja neemi mask akne ja plekilisele nahale","og_url":"https:\/\/bio4you.eu\/retseptid\/toode\/tulsi-ja-neemi-mask-akne-ja-plekilisele-nahale\/","og_site_name":"bio4you.eu\/retseptid","article_modified_time":"2022-05-17T07:59:43+00:00","og_image":[{"width":2560,"height":1914,"url":"https:\/\/bio4you.eu\/retseptid\/wp-content\/uploads\/2014\/07\/Cucumber-face-mask-scaled.jpg","type":"image\/jpeg"}],"twitter_misc":{"Est. reading time":"2 minutit"},"schema":{"@context":"https:\/\/schema.org","@graph":[{"@type":"WebPage","@id":"https:\/\/bio4you.eu\/retseptid\/toode\/tulsi-ja-neemi-mask-akne-ja-plekilisele-nahale\/","url":"https:\/\/bio4you.eu\/retseptid\/toode\/tulsi-ja-neemi-mask-akne-ja-plekilisele-nahale\/","name":"Tulsi ja neemi mask akne ja plekilisele nahale - bio4you.eu\/retseptid","isPartOf":{"@id":"https:\/\/bio4you.eu\/retseptid\/#website"},"primaryImageOfPage":{"@id":"https:\/\/bio4you.eu\/retseptid\/toode\/tulsi-ja-neemi-mask-akne-ja-plekilisele-nahale\/#primaryimage"},"image":{"@id":"https:\/\/bio4you.eu\/retseptid\/toode\/tulsi-ja-neemi-mask-akne-ja-plekilisele-nahale\/#primaryimage"},"thumbnailUrl":"https:\/\/bio4you.eu\/retseptid\/wp-content\/uploads\/2014\/07\/Cucumber-face-mask-scaled.jpg","datePublished":"2014-07-21T22:06:31+00:00","dateModified":"2022-05-17T07:59:43+00:00","description":"Tulsi ja neemi mask akne ja plekilisele nahale","breadcrumb":{"@id":"https:\/\/bio4you.eu\/retseptid\/toode\/tulsi-ja-neemi-mask-akne-ja-plekilisele-nahale\/#breadcrumb"},"inLanguage":"et","potentialAction":[{"@type":"ReadAction","target":["https:\/\/bio4you.eu\/retseptid\/toode\/tulsi-ja-neemi-mask-akne-ja-plekilisele-nahale\/"]}]},{"@type":"ImageObject","inLanguage":"et","@id":"https:\/\/bio4you.eu\/retseptid\/toode\/tulsi-ja-neemi-mask-akne-ja-plekilisele-nahale\/#primaryimage","url":"https:\/\/bio4you.eu\/retseptid\/wp-content\/uploads\/2014\/07\/Cucumber-face-mask-scaled.jpg","contentUrl":"https:\/\/bio4you.eu\/retseptid\/wp-content\/uploads\/2014\/07\/Cucumber-face-mask-scaled.jpg","width":2560,"height":1914},{"@type":"BreadcrumbList","@id":"https:\/\/bio4you.eu\/retseptid\/toode\/tulsi-ja-neemi-mask-akne-ja-plekilisele-nahale\/#breadcrumb","itemListElement":[{"@type":"ListItem","position":1,"name":"Home","item":"https:\/\/bio4you.eu\/retseptid\/"},{"@type":"ListItem","position":2,"name":"Tulsi ja neemi mask akne ja plekilisele nahale"}]},{"@type":"WebSite","@id":"https:\/\/bio4you.eu\/retseptid\/#website","url":"https:\/\/bio4you.eu\/retseptid\/","name":"bio4you.eu\/retseptid","description":"\u00d6ko retseptid ise tegemiseks, looduslikest koostisainetest. Maitsev toit, iluhooldus, kodupuhastus ja aiandus.","potentialAction":[{"@type":"SearchAction","target":{"@type":"EntryPoint","urlTemplate":"https:\/\/bio4you.eu\/retseptid\/?s={search_term_string}"},"query-input":"required name=search_term_string"}],"inLanguage":"et"}]}},"_links":{"self":[{"href":"https:\/\/bio4you.eu\/retseptid\/wp-json\/wp\/v2\/product\/2149"}],"collection":[{"href":"https:\/\/bio4you.eu\/retseptid\/wp-json\/wp\/v2\/product"}],"about":[{"href":"https:\/\/bio4you.eu\/retseptid\/wp-json\/wp\/v2\/types\/product"}],"replies":[{"embeddable":true,"href":"https:\/\/bio4you.eu\/retseptid\/wp-json\/wp\/v2\/comments?post=2149"}],"wp:featuredmedia":[{"embeddable":true,"href":"https:\/\/bio4you.eu\/retseptid\/wp-json\/wp\/v2\/media\/3353"}],"wp:attachment":[{"href":"https:\/\/bio4you.eu\/retseptid\/wp-json\/wp\/v2\/media?parent=2149"}],"wp:term":[{"taxonomy":"product_cat","embeddable":true,"href":"https:\/\/bio4you.eu\/retseptid\/wp-json\/wp\/v2\/product_cat?post=2149"},{"taxonomy":"product_tag","embeddable":true,"href":"https:\/\/bio4you.eu\/retseptid\/wp-json\/wp\/v2\/product_tag?post=2149"}],"curies":[{"name":"wp","href":"https:\/\/api.w.org\/{rel}","templated":true}]}}