{"id":2157,"date":"2014-07-23T07:59:59","date_gmt":"2014-07-23T04:59:59","guid":{"rendered":"https:\/\/bio4you.eu\/retseptid\/product\/methi-baasretsept-juustele-laige-ja-kasv\/"},"modified":"2022-05-17T20:00:01","modified_gmt":"2022-05-17T17:00:01","slug":"methi-baasretsept-juustekasv-ja-laige","status":"publish","type":"product","link":"https:\/\/bio4you.eu\/retseptid\/toode\/methi-baasretsept-juustekasv-ja-laige\/","title":{"rendered":"Methi baasretsept juustekasvule ja l\u00e4ikele"},"content":{"rendered":"<p><strong>RASKUSED METHI (EHK P\u00d5LD LAMBAL\u00c4\u00c4TSE) KASUTAMISEL:<\/strong> Methi preparaatide valmistamisel juustele tuleb pulber segada v\u00e4ga kuuma veega. Kui oled algaja, kasuta keeva vett. Veel paremini lahustub pulber kui kasutad vee asemel taime\u00f5li. Pulbeer sobib segamiseks teiste pulbritega, eriti <strong>BRAHMI<\/strong> ja <strong>BRINGHRAJ-ga<\/strong>, mis samuti soodustavad juuksekasvu. M\u00e4histe valmistamisel, kus on rohkelt teisi kuivaineid ja v\u00e4he vedelikku, tuleks kasutada saumikserit.\u00a0 Methi maskid juustele on k\u00f5ige t\u00f5husamad, kui teha neid aeg-ajalt, mitte igap\u00e4evaselt. <b><br \/>\n<\/b><\/p>\n<p><b>BAASRETSEPT JUUSTELE- TUGEVDAV JA JUUSTEKASVU STIMULEERIV MASK<\/b><\/p>\n<ul>\n<li><b>V\u00f5ta vajalik kogus pulbrit oma juuste pikkusele ja sega see v\u00e4ga kuuma veega (v\u00f5i roosiveega). Lase seista kaane all terve \u00f6\u00f6 v\u00f5i terve p\u00e4ev. Sega uuesti, vajadusel lisa veel veidi vett v\u00f5i taime\u00f5li.<\/b><\/li>\n<\/ul>\n<ul>\n<li><strong>KUIVADELE JUUSTELE ENNE SHAMPOONI:<\/strong> kanna pasta peanahale, \u00fclej\u00e4\u00e4k masseeri juustesse kuni otsteni. Masseeri h\u00e4sti juukseotsi ringjate liigutustega. Pane juuksed klambriga \u00fcles ja kata pea vannim\u00fctsiga. Hoia 30-45 minutit. Loputa p\u00f5hjalikult ja pese v\u00e4hese shampooniga. SOOVITUS: loputada veega, kuhu on lisatud iga 0,5 liitri vee kohta \u00fcks spl sidrunimahla v\u00f5i veini\u00e4\u00e4dikat ( heledatele juustele valget, tumedatele punast).<\/li>\n<li><strong>NIISKETELE JUUSTELE PEALE SHAMPOONI<\/strong>: kanna pasta peanahale, \u00fclej\u00e4\u00e4k masseeri juustesse kuni otsteni. Masseeri h\u00e4sti juukseotsi ringjate liigutustega. Vajadusel lisa veidi vett, et segu paremini jaotuks. Pane juuksed klambriga \u00fcles ja kata pea vannim\u00fctsiga. Hoia 20-30 minutit. Loputa p\u00f5hjalikult. Soovi korral kanna juukseotstele veidi balsamit ja loputa uuesti.\u00a0 SOOVITUS: loputada veega, kuhu on lisatud iga 0,5 liitri vee kohta \u00fcks spl sidrunimahla v\u00f5i veini\u00e4\u00e4dikat ( heledatele juustele valget, tumedatele punast).<\/li>\n<\/ul>\n<p><b>P\u00d5LD LAMBAL\u00c4\u00c4TS EHK METHI (Trigonella foenum-graecum) <\/b>kuulub samasse sugukonda lagritsa, ubade ja sojaga. Ta kasvab Indias, Pakistanis ja P\u00f5hja-Aafrikas. Kasutatakse k\u00fcpseid seemneid mida korjatakse juulist septembrini. Seemned sisaldavad eeterlikke \u00f5lisid, flavonoide, lipiide, proteiine, B grupi vitamiine, rauda, magneesiumi, kaltsiumi, f\u00fctoestrogeene, fosforit ja saponiine.<b> <\/b><\/p>\n<p><b>P\u00d5LD LAMBAL\u00c4\u00c4TS TOIDULISANDINA: <\/b>P\u00f5ld lambal\u00e4\u00e4tse kasutatakse ka seespidiselt, toidulisandina v\u00f5i maitseainena. Sellisel juhul peab toode olema valmistatud toiduainete tehases, mitte kosmeetikalaboris. Seespidisel kasutamisel ei tohi \u00fcle doseerida, kuna Methi vedeldab verd, alandab veresuhkrut ja stimuleerib s\u00fcdame t\u00f6\u00f6d. Rasedatele on seespidine kasutamine vastun\u00e4idustatud, sest tekitab emaka kokkut\u00f5mbeid.<b> <\/b><\/p>\n<p><b>KOSMEETILISEL KASUTAMISEL <\/b>on m\u00f5nikord harva juhtunud, et inimesel on allergiline reaktsioon Methi aktiivainete vastu. See v\u00f5ib v\u00e4ljenduda punetuses, naha\u00e4rrituses. Enne taimepulbrite kasutamist tuleb alati proovida k\u00e4eseljal v\u00f5i kuklal pulbri sobivust oma nahale.<\/p>\n<p><b>METHI TOIME JUUSTELE: <\/b>Methi on paljude kiilasp\u00e4isust ja juuste v\u00e4ljalangemist ravivate preparaatide koostisosa. Ta muudab juuksed kohevaks ja siidiseks ning stimuleerib juustekasvu t\u00e4nu suurele f\u00fctoestrogeenide sisaldusele. Sobib suurep\u00e4raselt segamiseks <strong>BRHAMI ja BHRINGRAJ<\/strong> pulbritega, mis samuti juuksekasvu stimuleerivad.<\/p>\n<p><b>METHI NAHALE: <\/b>avaldab pinguldavat, silendavat, pehmendavat m\u00f5ju. M\u00e4hised rindadele v\u00f5ivad suurendada rinna tihedust ja isegi \u00fcmberm\u00f5\u00f5tu. Ta kiirendab vistrike k\u00fcpsemist ja naha puhastumist, mist\u00f5ttu sobib v\u00e4ga h\u00e4sti akne nahale.<b> <\/b><a title=\"P\u00f5ld lambal\u00e4\u00e4tse seemned\" href=\"http:\/\/www.bio4you.eu\/et\/toiduained\/1004-pold-lambalaats-10g-cosmoveda.html\" target=\"_blank\" rel=\"noopener\"><br \/>\n<\/a><\/p>\n<p><b>MIDA TEHA KUI OLED VALINUD ENDALE SOBIMATU TAIMEPULBRI? Blondide juuste puhul proovi iga pulbrisegu enne varjus oleval juuksesalgul. Kui pulber tumendab v\u00f5i kui see sulle mingil muul p\u00f5hjusel ei sobi, \u00e4ra viska pulbrit minema ! Kasuta see \u00e4ra nahahoolduseks (n\u00e4omaskid, dekoltee maskid). M\u00f5ned pulbrid sobivad keha koorimiseks ja pesemiseks. Kindlasti sobivad nad isetehtud seebi v\u00f5i koorimiskreemi sisse. Kasuta pulbrit v\u00e4hehaaval segatuna balsami v\u00f5i shampooniga, lisatuna vannivette. Pulbriga v\u00f5id teha ka taimset leotist juustele v\u00f5i nahale, toonikut jne. Kui pulber ei sobinud Sulle aga nahahoolduses, siis v\u00f5id seda proovida juustehoolduses. Kui pulbriga tehtud mask oli \u00e4rritav \u00f5rnale n\u00e4onahale, v\u00f5id teha sellest n\u00e4iteks jalakoorijaid, keham\u00e4hiseid jne.<\/b><\/p>\n<p><b>HOIATUSED: Mistahes pulbrit ei ole m\u00f5istlik sisse hingata. Paljusid pulbreid kasutatakse nii nahahoolduses, juustehoolduses kui ka toidulisandina. Seespidiselt ei tohi kasutada \u00fchtegi kosmeetikalaboris valmistatud pulbrit, kuna ta puutub kokku teiste kosmeetiliste ainetega.<\/b><\/p>\n","protected":false},"excerpt":{"rendered":"<p>RASKUSED METHI (EHK P\u00d5LD LAMBAL\u00c4\u00c4TSE) KASUTAMISEL: Methi preparaatide valmistamisel juustele tuleb pulber segada v\u00e4ga kuuma veega. Kui oled algaja, kasuta keeva vett. Veel paremini lahustub pulber kui kasutad vee asemel taime\u00f5li. Pulbeer sobib segamiseks teiste pulbritega, eriti BRAHMI ja BRINGHRAJ-ga, mis samuti soodustavad juuksekasvu. M\u00e4histe valmistamisel, kus on rohkelt teisi kuivaineid ja v\u00e4he vedelikku, tuleks kasutada saumikserit.\u00a0 Methi maskid juustele on k\u00f5ige t\u00f5husamad, kui teha neid aeg-ajalt, mitte igap\u00e4evaselt. BAASRETSEPT JUUSTELE- TUGEVDAV JA JUUSTEKASVU STIMULEERIV MASK V\u00f5ta vajalik kogus pulbrit oma juuste pikkusele ja sega see v\u00e4ga kuuma veega (v\u00f5i roosiveega). Lase seista kaane all terve \u00f6\u00f6 v\u00f5i terve p\u00e4ev. Sega uuesti, vajadusel lisa veel veidi vett v\u00f5i taime\u00f5li. KUIVADELE JUUSTELE ENNE SHAMPOONI: kanna pasta peanahale, \u00fclej\u00e4\u00e4k masseeri juustesse kuni otsteni. Masseeri h\u00e4sti juukseotsi ringjate liigutustega. Pane juuksed klambriga \u00fcles ja kata pea vannim\u00fctsiga. Hoia 30-45 minutit. Loputa p\u00f5hjalikult ja pese v\u00e4hese shampooniga. SOOVITUS: loputada veega, kuhu on lisatud iga 0,5 liitri vee kohta \u00fcks spl sidrunimahla v\u00f5i veini\u00e4\u00e4dikat ( heledatele juustele valget, tumedatele punast). NIISKETELE JUUSTELE PEALE SHAMPOONI: kanna pasta peanahale, \u00fclej\u00e4\u00e4k masseeri juustesse kuni otsteni. Masseeri h\u00e4sti juukseotsi ringjate liigutustega. Vajadusel lisa veidi vett, et segu paremini jaotuks. Pane juuksed klambriga \u00fcles ja kata pea vannim\u00fctsiga. Hoia 20-30&hellip; <a class=\"read-more\" href=\"https:\/\/bio4you.eu\/retseptid\/toode\/methi-baasretsept-juustekasv-ja-laige\/\">Vaata<\/a><\/p>\n","protected":false},"featured_media":3959,"comment_status":"closed","ping_status":"closed","template":"","meta":{"_exactmetrics_skip_tracking":false,"_exactmetrics_sitenote_active":false,"_exactmetrics_sitenote_note":"","_exactmetrics_sitenote_category":0},"product_cat":[61,92,97,78],"product_tag":[99,235,286,297,299,298],"class_list":{"0":"post-2157","1":"product","2":"type-product","3":"status-publish","4":"has-post-thumbnail","6":"product_cat-ilu-retseptid","7":"product_cat-juuksehooldus","8":"product_cat-juuksekasv-ja-peanaha-probleemid","9":"product_cat-taimepulbrid","10":"product_tag-juuksemask","11":"product_tag-juuste-valjalangemine","12":"product_tag-juustekasv","13":"product_tag-methi","14":"product_tag-pold-lambalaats","15":"product_tag-trigonella","17":"first","18":"instock","19":"shipping-taxable","20":"product-type-simple"},"yoast_head":"<!-- This site is optimized with the Yoast SEO plugin v23.3 - https:\/\/yoast.com\/wordpress\/plugins\/seo\/ -->\n<title>Methi baasretsept juustekasvule ja l\u00e4ikele - bio4you.eu\/retseptid<\/title>\n<meta name=\"description\" content=\"Methi baasretsept juustekasvule\" \/>\n<meta name=\"robots\" content=\"index, follow, max-snippet:-1, max-image-preview:large, max-video-preview:-1\" \/>\n<link rel=\"canonical\" href=\"https:\/\/bio4you.eu\/retseptid\/toode\/methi-baasretsept-juustekasv-ja-laige\/\" \/>\n<meta property=\"og:locale\" content=\"et_EE\" \/>\n<meta property=\"og:type\" content=\"article\" \/>\n<meta property=\"og:title\" content=\"Methi baasretsept juustekasvule ja l\u00e4ikele - bio4you.eu\/retseptid\" \/>\n<meta property=\"og:description\" content=\"Methi baasretsept juustekasvule\" \/>\n<meta property=\"og:url\" content=\"https:\/\/bio4you.eu\/retseptid\/toode\/methi-baasretsept-juustekasv-ja-laige\/\" \/>\n<meta property=\"og:site_name\" content=\"bio4you.eu\/retseptid\" \/>\n<meta property=\"article:modified_time\" content=\"2022-05-17T17:00:01+00:00\" \/>\n<meta property=\"og:image\" content=\"https:\/\/bio4you.eu\/retseptid\/wp-content\/uploads\/2014\/07\/fenugreek-on-a-spoon.webp\" \/>\n\t<meta property=\"og:image:width\" content=\"1100\" \/>\n\t<meta property=\"og:image:height\" content=\"734\" \/>\n\t<meta property=\"og:image:type\" content=\"image\/webp\" \/>\n<meta name=\"twitter:label1\" content=\"Est. reading time\" \/>\n\t<meta name=\"twitter:data1\" content=\"3 minutit\" \/>\n<script type=\"application\/ld+json\" class=\"yoast-schema-graph\">{\"@context\":\"https:\/\/schema.org\",\"@graph\":[{\"@type\":\"WebPage\",\"@id\":\"https:\/\/bio4you.eu\/retseptid\/toode\/methi-baasretsept-juustekasv-ja-laige\/\",\"url\":\"https:\/\/bio4you.eu\/retseptid\/toode\/methi-baasretsept-juustekasv-ja-laige\/\",\"name\":\"Methi baasretsept juustekasvule ja l\u00e4ikele - bio4you.eu\/retseptid\",\"isPartOf\":{\"@id\":\"https:\/\/bio4you.eu\/retseptid\/#website\"},\"primaryImageOfPage\":{\"@id\":\"https:\/\/bio4you.eu\/retseptid\/toode\/methi-baasretsept-juustekasv-ja-laige\/#primaryimage\"},\"image\":{\"@id\":\"https:\/\/bio4you.eu\/retseptid\/toode\/methi-baasretsept-juustekasv-ja-laige\/#primaryimage\"},\"thumbnailUrl\":\"https:\/\/bio4you.eu\/retseptid\/wp-content\/uploads\/2014\/07\/fenugreek-on-a-spoon.webp\",\"datePublished\":\"2014-07-23T04:59:59+00:00\",\"dateModified\":\"2022-05-17T17:00:01+00:00\",\"description\":\"Methi baasretsept juustekasvule\",\"breadcrumb\":{\"@id\":\"https:\/\/bio4you.eu\/retseptid\/toode\/methi-baasretsept-juustekasv-ja-laige\/#breadcrumb\"},\"inLanguage\":\"et\",\"potentialAction\":[{\"@type\":\"ReadAction\",\"target\":[\"https:\/\/bio4you.eu\/retseptid\/toode\/methi-baasretsept-juustekasv-ja-laige\/\"]}]},{\"@type\":\"ImageObject\",\"inLanguage\":\"et\",\"@id\":\"https:\/\/bio4you.eu\/retseptid\/toode\/methi-baasretsept-juustekasv-ja-laige\/#primaryimage\",\"url\":\"https:\/\/bio4you.eu\/retseptid\/wp-content\/uploads\/2014\/07\/fenugreek-on-a-spoon.webp\",\"contentUrl\":\"https:\/\/bio4you.eu\/retseptid\/wp-content\/uploads\/2014\/07\/fenugreek-on-a-spoon.webp\",\"width\":1100,\"height\":734},{\"@type\":\"BreadcrumbList\",\"@id\":\"https:\/\/bio4you.eu\/retseptid\/toode\/methi-baasretsept-juustekasv-ja-laige\/#breadcrumb\",\"itemListElement\":[{\"@type\":\"ListItem\",\"position\":1,\"name\":\"Home\",\"item\":\"https:\/\/bio4you.eu\/retseptid\/\"},{\"@type\":\"ListItem\",\"position\":2,\"name\":\"Methi baasretsept juustekasvule ja l\u00e4ikele\"}]},{\"@type\":\"WebSite\",\"@id\":\"https:\/\/bio4you.eu\/retseptid\/#website\",\"url\":\"https:\/\/bio4you.eu\/retseptid\/\",\"name\":\"bio4you.eu\/retseptid\",\"description\":\"\u00d6ko retseptid ise tegemiseks, looduslikest koostisainetest. Maitsev toit, iluhooldus, kodupuhastus ja aiandus.\",\"potentialAction\":[{\"@type\":\"SearchAction\",\"target\":{\"@type\":\"EntryPoint\",\"urlTemplate\":\"https:\/\/bio4you.eu\/retseptid\/?s={search_term_string}\"},\"query-input\":\"required name=search_term_string\"}],\"inLanguage\":\"et\"}]}<\/script>\n<!-- \/ Yoast SEO plugin. -->","yoast_head_json":{"title":"Methi baasretsept juustekasvule ja l\u00e4ikele - bio4you.eu\/retseptid","description":"Methi baasretsept juustekasvule","robots":{"index":"index","follow":"follow","max-snippet":"max-snippet:-1","max-image-preview":"max-image-preview:large","max-video-preview":"max-video-preview:-1"},"canonical":"https:\/\/bio4you.eu\/retseptid\/toode\/methi-baasretsept-juustekasv-ja-laige\/","og_locale":"et_EE","og_type":"article","og_title":"Methi baasretsept juustekasvule ja l\u00e4ikele - bio4you.eu\/retseptid","og_description":"Methi baasretsept juustekasvule","og_url":"https:\/\/bio4you.eu\/retseptid\/toode\/methi-baasretsept-juustekasv-ja-laige\/","og_site_name":"bio4you.eu\/retseptid","article_modified_time":"2022-05-17T17:00:01+00:00","og_image":[{"width":1100,"height":734,"url":"https:\/\/bio4you.eu\/retseptid\/wp-content\/uploads\/2014\/07\/fenugreek-on-a-spoon.webp","type":"image\/webp"}],"twitter_misc":{"Est. reading time":"3 minutit"},"schema":{"@context":"https:\/\/schema.org","@graph":[{"@type":"WebPage","@id":"https:\/\/bio4you.eu\/retseptid\/toode\/methi-baasretsept-juustekasv-ja-laige\/","url":"https:\/\/bio4you.eu\/retseptid\/toode\/methi-baasretsept-juustekasv-ja-laige\/","name":"Methi baasretsept juustekasvule ja l\u00e4ikele - bio4you.eu\/retseptid","isPartOf":{"@id":"https:\/\/bio4you.eu\/retseptid\/#website"},"primaryImageOfPage":{"@id":"https:\/\/bio4you.eu\/retseptid\/toode\/methi-baasretsept-juustekasv-ja-laige\/#primaryimage"},"image":{"@id":"https:\/\/bio4you.eu\/retseptid\/toode\/methi-baasretsept-juustekasv-ja-laige\/#primaryimage"},"thumbnailUrl":"https:\/\/bio4you.eu\/retseptid\/wp-content\/uploads\/2014\/07\/fenugreek-on-a-spoon.webp","datePublished":"2014-07-23T04:59:59+00:00","dateModified":"2022-05-17T17:00:01+00:00","description":"Methi baasretsept juustekasvule","breadcrumb":{"@id":"https:\/\/bio4you.eu\/retseptid\/toode\/methi-baasretsept-juustekasv-ja-laige\/#breadcrumb"},"inLanguage":"et","potentialAction":[{"@type":"ReadAction","target":["https:\/\/bio4you.eu\/retseptid\/toode\/methi-baasretsept-juustekasv-ja-laige\/"]}]},{"@type":"ImageObject","inLanguage":"et","@id":"https:\/\/bio4you.eu\/retseptid\/toode\/methi-baasretsept-juustekasv-ja-laige\/#primaryimage","url":"https:\/\/bio4you.eu\/retseptid\/wp-content\/uploads\/2014\/07\/fenugreek-on-a-spoon.webp","contentUrl":"https:\/\/bio4you.eu\/retseptid\/wp-content\/uploads\/2014\/07\/fenugreek-on-a-spoon.webp","width":1100,"height":734},{"@type":"BreadcrumbList","@id":"https:\/\/bio4you.eu\/retseptid\/toode\/methi-baasretsept-juustekasv-ja-laige\/#breadcrumb","itemListElement":[{"@type":"ListItem","position":1,"name":"Home","item":"https:\/\/bio4you.eu\/retseptid\/"},{"@type":"ListItem","position":2,"name":"Methi baasretsept juustekasvule ja l\u00e4ikele"}]},{"@type":"WebSite","@id":"https:\/\/bio4you.eu\/retseptid\/#website","url":"https:\/\/bio4you.eu\/retseptid\/","name":"bio4you.eu\/retseptid","description":"\u00d6ko retseptid ise tegemiseks, looduslikest koostisainetest. Maitsev toit, iluhooldus, kodupuhastus ja aiandus.","potentialAction":[{"@type":"SearchAction","target":{"@type":"EntryPoint","urlTemplate":"https:\/\/bio4you.eu\/retseptid\/?s={search_term_string}"},"query-input":"required name=search_term_string"}],"inLanguage":"et"}]}},"_links":{"self":[{"href":"https:\/\/bio4you.eu\/retseptid\/wp-json\/wp\/v2\/product\/2157"}],"collection":[{"href":"https:\/\/bio4you.eu\/retseptid\/wp-json\/wp\/v2\/product"}],"about":[{"href":"https:\/\/bio4you.eu\/retseptid\/wp-json\/wp\/v2\/types\/product"}],"replies":[{"embeddable":true,"href":"https:\/\/bio4you.eu\/retseptid\/wp-json\/wp\/v2\/comments?post=2157"}],"wp:featuredmedia":[{"embeddable":true,"href":"https:\/\/bio4you.eu\/retseptid\/wp-json\/wp\/v2\/media\/3959"}],"wp:attachment":[{"href":"https:\/\/bio4you.eu\/retseptid\/wp-json\/wp\/v2\/media?parent=2157"}],"wp:term":[{"taxonomy":"product_cat","embeddable":true,"href":"https:\/\/bio4you.eu\/retseptid\/wp-json\/wp\/v2\/product_cat?post=2157"},{"taxonomy":"product_tag","embeddable":true,"href":"https:\/\/bio4you.eu\/retseptid\/wp-json\/wp\/v2\/product_tag?post=2157"}],"curies":[{"name":"wp","href":"https:\/\/api.w.org\/{rel}","templated":true}]}}