{"id":2160,"date":"2014-07-23T08:57:18","date_gmt":"2014-07-23T05:57:18","guid":{"rendered":"https:\/\/bio4you.eu\/retseptid\/product\/methi-ja-kookospiima-mask-juustele\/"},"modified":"2022-05-17T20:04:40","modified_gmt":"2022-05-17T17:04:40","slug":"methi-ja-kookospiima-mask-juustele","status":"publish","type":"product","link":"https:\/\/bio4you.eu\/retseptid\/toode\/methi-ja-kookospiima-mask-juustele\/","title":{"rendered":"Methi ja kookospiima mask juustele"},"content":{"rendered":"<p><strong>RASKUSED METHI (EHK P\u00d5LD LAMBAL\u00c4\u00c4TSE) KASUTAMISEL:<\/strong> Methi preparaatide valmistamisel juustele tuleb pulber segada v\u00e4ga kuuma vedelikuga. Veel paremini lahustub pulber kui kasutad vee asemel taime\u00f5li. Pulber sobib segamiseks teiste pulbritega, eriti <strong>BRAHMI<\/strong> ja <strong>BRINGHRAJ-ga<\/strong>, mis samuti soodustavad juuksekasvu. M\u00e4histe valmistamisel, kus on rohkelt teisi kuivaineid ja v\u00e4he vedelikku, tuleks kasutada saumikserit.\u00a0 Methi maskid juustele on k\u00f5ige t\u00f5husamad, kui teha neid aeg-ajalt, mitte igap\u00e4evaselt. <b><br \/>\n<\/b><\/p>\n<p><b>KOOKOSPIIMA- METHI MASK JUUSTELE- TUGEVDAV, L\u00c4IGET ANDEV JA JUUSTEKASVU STIMULEERIV<br \/>\n<\/b><\/p>\n<ul>\n<li>V\u00f5ta vajalik kogus pulbrit oma juuste pikkusele<\/li>\n<li>Sega pulber\u00a0 kuumutatud kookospiimaga<\/li>\n<li>Lase seista kaane all 20 minutit<\/li>\n<li>Kanna segu peanahale, \u00fclej\u00e4\u00e4k masseeri juustesse kuni otsteni. Masseeri h\u00e4sti juukseotsi ringjate liigutustega. Pane juuksed klambriga \u00fcles ja kata pea vannim\u00fctsiga. Hoia 30 minutit. Loputa p\u00f5hjalikult ja pese v\u00e4hese shampooniga. SOOVITUS: loputada veega, kuhu on lisatud iga 0,5 liitri vee kohta \u00fcks spl sidrunimahla v\u00f5i veini\u00e4\u00e4dikat ( heledatele juustele valget, tumedatele punast).<\/li>\n<\/ul>\n<p>LOE BAASRETSEPTI METHIGA ja selle taimepulbri OMADUSI <a href=\"https:\/\/bio4you.eu\/retseptid\/product\/methi-baasretsept-juustekasv-ja-laige\/\" target=\"_blank\" rel=\"noopener noreferrer\"><span style=\"color: #99cc00;\">SIIT<\/span><\/a>.\u00a0<a title=\"Methi baasretsept Bio4you\" href=\"https:\/\/bio4you.eu\/retseptid\/product\/methi-baasretsept-juustekasv-ja-laige\/\" target=\"_blank\" rel=\"noopener noreferrer\"><br \/>\n<\/a><\/p>\n","protected":false},"excerpt":{"rendered":"<p>Vaja l\u00e4heb:<\/p>\n<ul>\n<li>methi pulbrit<\/li>\n<li>kookospiima<\/li>\n<\/ul>\n","protected":false},"featured_media":3961,"comment_status":"closed","ping_status":"closed","template":"","meta":{"_exactmetrics_skip_tracking":false,"_exactmetrics_sitenote_active":false,"_exactmetrics_sitenote_note":"","_exactmetrics_sitenote_category":0},"product_cat":[61,92,97,95,78],"product_tag":[99,235,286,300,297,299,298],"class_list":{"0":"post-2160","1":"product","2":"type-product","3":"status-publish","4":"has-post-thumbnail","6":"product_cat-ilu-retseptid","7":"product_cat-juuksehooldus","8":"product_cat-juuksekasv-ja-peanaha-probleemid","9":"product_cat-juuksemaskid","10":"product_cat-taimepulbrid","11":"product_tag-juuksemask","12":"product_tag-juuste-valjalangemine","13":"product_tag-juustekasv","14":"product_tag-kookospiim","15":"product_tag-methi","16":"product_tag-pold-lambalaats","17":"product_tag-trigonella","19":"first","20":"instock","21":"shipping-taxable","22":"product-type-simple"},"yoast_head":"<!-- This site is optimized with the Yoast SEO plugin v23.3 - https:\/\/yoast.com\/wordpress\/plugins\/seo\/ -->\n<title>Methi ja kookospiima mask juustele - bio4you.eu\/retseptid<\/title>\n<meta name=\"description\" content=\"Methi ja kookospiima mask\" \/>\n<meta name=\"robots\" content=\"index, follow, max-snippet:-1, max-image-preview:large, max-video-preview:-1\" \/>\n<link rel=\"canonical\" href=\"https:\/\/bio4you.eu\/retseptid\/toode\/methi-ja-kookospiima-mask-juustele\/\" \/>\n<meta property=\"og:locale\" content=\"et_EE\" \/>\n<meta property=\"og:type\" content=\"article\" \/>\n<meta property=\"og:title\" content=\"Methi ja kookospiima mask juustele - bio4you.eu\/retseptid\" \/>\n<meta property=\"og:description\" content=\"Methi ja kookospiima mask\" \/>\n<meta property=\"og:url\" content=\"https:\/\/bio4you.eu\/retseptid\/toode\/methi-ja-kookospiima-mask-juustele\/\" \/>\n<meta property=\"og:site_name\" content=\"bio4you.eu\/retseptid\" \/>\n<meta property=\"article:modified_time\" content=\"2022-05-17T17:04:40+00:00\" \/>\n<meta property=\"og:image\" content=\"https:\/\/bio4you.eu\/retseptid\/wp-content\/uploads\/2014\/07\/portrait-cute-happy-girl-smiling-touching-her-curly-red-hair-scaled.jpg\" \/>\n\t<meta property=\"og:image:width\" content=\"2560\" \/>\n\t<meta property=\"og:image:height\" content=\"1707\" \/>\n\t<meta property=\"og:image:type\" content=\"image\/jpeg\" \/>\n<meta name=\"twitter:label1\" content=\"Est. reading time\" \/>\n\t<meta name=\"twitter:data1\" content=\"1 minut\" \/>\n<script type=\"application\/ld+json\" class=\"yoast-schema-graph\">{\"@context\":\"https:\/\/schema.org\",\"@graph\":[{\"@type\":\"WebPage\",\"@id\":\"https:\/\/bio4you.eu\/retseptid\/toode\/methi-ja-kookospiima-mask-juustele\/\",\"url\":\"https:\/\/bio4you.eu\/retseptid\/toode\/methi-ja-kookospiima-mask-juustele\/\",\"name\":\"Methi ja kookospiima mask juustele - bio4you.eu\/retseptid\",\"isPartOf\":{\"@id\":\"https:\/\/bio4you.eu\/retseptid\/#website\"},\"primaryImageOfPage\":{\"@id\":\"https:\/\/bio4you.eu\/retseptid\/toode\/methi-ja-kookospiima-mask-juustele\/#primaryimage\"},\"image\":{\"@id\":\"https:\/\/bio4you.eu\/retseptid\/toode\/methi-ja-kookospiima-mask-juustele\/#primaryimage\"},\"thumbnailUrl\":\"https:\/\/bio4you.eu\/retseptid\/wp-content\/uploads\/2014\/07\/portrait-cute-happy-girl-smiling-touching-her-curly-red-hair-scaled.jpg\",\"datePublished\":\"2014-07-23T05:57:18+00:00\",\"dateModified\":\"2022-05-17T17:04:40+00:00\",\"description\":\"Methi ja kookospiima mask\",\"breadcrumb\":{\"@id\":\"https:\/\/bio4you.eu\/retseptid\/toode\/methi-ja-kookospiima-mask-juustele\/#breadcrumb\"},\"inLanguage\":\"et\",\"potentialAction\":[{\"@type\":\"ReadAction\",\"target\":[\"https:\/\/bio4you.eu\/retseptid\/toode\/methi-ja-kookospiima-mask-juustele\/\"]}]},{\"@type\":\"ImageObject\",\"inLanguage\":\"et\",\"@id\":\"https:\/\/bio4you.eu\/retseptid\/toode\/methi-ja-kookospiima-mask-juustele\/#primaryimage\",\"url\":\"https:\/\/bio4you.eu\/retseptid\/wp-content\/uploads\/2014\/07\/portrait-cute-happy-girl-smiling-touching-her-curly-red-hair-scaled.jpg\",\"contentUrl\":\"https:\/\/bio4you.eu\/retseptid\/wp-content\/uploads\/2014\/07\/portrait-cute-happy-girl-smiling-touching-her-curly-red-hair-scaled.jpg\",\"width\":2560,\"height\":1707,\"caption\":\"Portrait of cute happy girl laughing touching her curly red hair over white background.\"},{\"@type\":\"BreadcrumbList\",\"@id\":\"https:\/\/bio4you.eu\/retseptid\/toode\/methi-ja-kookospiima-mask-juustele\/#breadcrumb\",\"itemListElement\":[{\"@type\":\"ListItem\",\"position\":1,\"name\":\"Home\",\"item\":\"https:\/\/bio4you.eu\/retseptid\/\"},{\"@type\":\"ListItem\",\"position\":2,\"name\":\"Methi ja kookospiima mask juustele\"}]},{\"@type\":\"WebSite\",\"@id\":\"https:\/\/bio4you.eu\/retseptid\/#website\",\"url\":\"https:\/\/bio4you.eu\/retseptid\/\",\"name\":\"bio4you.eu\/retseptid\",\"description\":\"\u00d6ko retseptid ise tegemiseks, looduslikest koostisainetest. Maitsev toit, iluhooldus, kodupuhastus ja aiandus.\",\"potentialAction\":[{\"@type\":\"SearchAction\",\"target\":{\"@type\":\"EntryPoint\",\"urlTemplate\":\"https:\/\/bio4you.eu\/retseptid\/?s={search_term_string}\"},\"query-input\":\"required name=search_term_string\"}],\"inLanguage\":\"et\"}]}<\/script>\n<!-- \/ Yoast SEO plugin. -->","yoast_head_json":{"title":"Methi ja kookospiima mask juustele - bio4you.eu\/retseptid","description":"Methi ja kookospiima mask","robots":{"index":"index","follow":"follow","max-snippet":"max-snippet:-1","max-image-preview":"max-image-preview:large","max-video-preview":"max-video-preview:-1"},"canonical":"https:\/\/bio4you.eu\/retseptid\/toode\/methi-ja-kookospiima-mask-juustele\/","og_locale":"et_EE","og_type":"article","og_title":"Methi ja kookospiima mask juustele - bio4you.eu\/retseptid","og_description":"Methi ja kookospiima mask","og_url":"https:\/\/bio4you.eu\/retseptid\/toode\/methi-ja-kookospiima-mask-juustele\/","og_site_name":"bio4you.eu\/retseptid","article_modified_time":"2022-05-17T17:04:40+00:00","og_image":[{"width":2560,"height":1707,"url":"https:\/\/bio4you.eu\/retseptid\/wp-content\/uploads\/2014\/07\/portrait-cute-happy-girl-smiling-touching-her-curly-red-hair-scaled.jpg","type":"image\/jpeg"}],"twitter_misc":{"Est. reading time":"1 minut"},"schema":{"@context":"https:\/\/schema.org","@graph":[{"@type":"WebPage","@id":"https:\/\/bio4you.eu\/retseptid\/toode\/methi-ja-kookospiima-mask-juustele\/","url":"https:\/\/bio4you.eu\/retseptid\/toode\/methi-ja-kookospiima-mask-juustele\/","name":"Methi ja kookospiima mask juustele - bio4you.eu\/retseptid","isPartOf":{"@id":"https:\/\/bio4you.eu\/retseptid\/#website"},"primaryImageOfPage":{"@id":"https:\/\/bio4you.eu\/retseptid\/toode\/methi-ja-kookospiima-mask-juustele\/#primaryimage"},"image":{"@id":"https:\/\/bio4you.eu\/retseptid\/toode\/methi-ja-kookospiima-mask-juustele\/#primaryimage"},"thumbnailUrl":"https:\/\/bio4you.eu\/retseptid\/wp-content\/uploads\/2014\/07\/portrait-cute-happy-girl-smiling-touching-her-curly-red-hair-scaled.jpg","datePublished":"2014-07-23T05:57:18+00:00","dateModified":"2022-05-17T17:04:40+00:00","description":"Methi ja kookospiima mask","breadcrumb":{"@id":"https:\/\/bio4you.eu\/retseptid\/toode\/methi-ja-kookospiima-mask-juustele\/#breadcrumb"},"inLanguage":"et","potentialAction":[{"@type":"ReadAction","target":["https:\/\/bio4you.eu\/retseptid\/toode\/methi-ja-kookospiima-mask-juustele\/"]}]},{"@type":"ImageObject","inLanguage":"et","@id":"https:\/\/bio4you.eu\/retseptid\/toode\/methi-ja-kookospiima-mask-juustele\/#primaryimage","url":"https:\/\/bio4you.eu\/retseptid\/wp-content\/uploads\/2014\/07\/portrait-cute-happy-girl-smiling-touching-her-curly-red-hair-scaled.jpg","contentUrl":"https:\/\/bio4you.eu\/retseptid\/wp-content\/uploads\/2014\/07\/portrait-cute-happy-girl-smiling-touching-her-curly-red-hair-scaled.jpg","width":2560,"height":1707,"caption":"Portrait of cute happy girl laughing touching her curly red hair over white background."},{"@type":"BreadcrumbList","@id":"https:\/\/bio4you.eu\/retseptid\/toode\/methi-ja-kookospiima-mask-juustele\/#breadcrumb","itemListElement":[{"@type":"ListItem","position":1,"name":"Home","item":"https:\/\/bio4you.eu\/retseptid\/"},{"@type":"ListItem","position":2,"name":"Methi ja kookospiima mask juustele"}]},{"@type":"WebSite","@id":"https:\/\/bio4you.eu\/retseptid\/#website","url":"https:\/\/bio4you.eu\/retseptid\/","name":"bio4you.eu\/retseptid","description":"\u00d6ko retseptid ise tegemiseks, looduslikest koostisainetest. Maitsev toit, iluhooldus, kodupuhastus ja aiandus.","potentialAction":[{"@type":"SearchAction","target":{"@type":"EntryPoint","urlTemplate":"https:\/\/bio4you.eu\/retseptid\/?s={search_term_string}"},"query-input":"required name=search_term_string"}],"inLanguage":"et"}]}},"_links":{"self":[{"href":"https:\/\/bio4you.eu\/retseptid\/wp-json\/wp\/v2\/product\/2160"}],"collection":[{"href":"https:\/\/bio4you.eu\/retseptid\/wp-json\/wp\/v2\/product"}],"about":[{"href":"https:\/\/bio4you.eu\/retseptid\/wp-json\/wp\/v2\/types\/product"}],"replies":[{"embeddable":true,"href":"https:\/\/bio4you.eu\/retseptid\/wp-json\/wp\/v2\/comments?post=2160"}],"wp:featuredmedia":[{"embeddable":true,"href":"https:\/\/bio4you.eu\/retseptid\/wp-json\/wp\/v2\/media\/3961"}],"wp:attachment":[{"href":"https:\/\/bio4you.eu\/retseptid\/wp-json\/wp\/v2\/media?parent=2160"}],"wp:term":[{"taxonomy":"product_cat","embeddable":true,"href":"https:\/\/bio4you.eu\/retseptid\/wp-json\/wp\/v2\/product_cat?post=2160"},{"taxonomy":"product_tag","embeddable":true,"href":"https:\/\/bio4you.eu\/retseptid\/wp-json\/wp\/v2\/product_tag?post=2160"}],"curies":[{"name":"wp","href":"https:\/\/api.w.org\/{rel}","templated":true}]}}