{"id":2167,"date":"2014-07-23T09:39:11","date_gmt":"2014-07-23T06:39:11","guid":{"rendered":"https:\/\/bio4you.eu\/retseptid\/product\/methi-naotoonik\/"},"modified":"2022-05-17T10:43:01","modified_gmt":"2022-05-17T07:43:01","slug":"methi-naotoonik","status":"publish","type":"product","link":"https:\/\/bio4you.eu\/retseptid\/toode\/methi-naotoonik\/","title":{"rendered":"Methi n\u00e4otoonik"},"content":{"rendered":"<p><strong>RASKUSED METHI (EHK P\u00d5LD LAMBAL\u00c4\u00c4TSE) KASUTAMISEL:<\/strong> Methi preparaatide valmistamisel tuleb pulber segada v\u00e4ga kuuma vedelikuga. Veel paremini lahustub pulber kui kasutad vee asemel taime\u00f5li\u00a0v\u00f5i kui segad seda teiste pulbrite v\u00f5i saviga.\u00a0\u00a0M\u00e4histe valmistamisel, kus on rohkelt teisi kuivaineid ja v\u00e4he vedelikku, tuleks kasutada saumikserit.\u00a0\u00a0<b><br \/>\n<\/b><\/p>\n<p>METHI TOONIK N\u00c4OLE (puhastav, akne vastane, ergutav)<\/p>\n<ul>\n<li>V\u00f5ta 2 spl p\u00f5ld-lambal\u00e4\u00e4tse seemneid ja keeda neid 10 minutit 3 klaasi veega.<\/li>\n<li>Jahuta vesi ja kasuta toonikuna<\/li>\n<li>Hoia valmistatud\u00a0vett k\u00fclmikus<\/li>\n<\/ul>\n<p><b>KOSMEETILISEL KASUTAMISEL <\/b>on m\u00f5nikord harva juhtunud, et inimesel on allergiline reaktsioon Methi aktiivainete vastu. See v\u00f5ib v\u00e4ljenduda punetuses, naha\u00e4rrituses. Enne taimepulbrite kasutamist tuleb alati proovida k\u00e4eseljal v\u00f5i kuklal pulbri sobivust oma nahale.<\/p>\n<p><b>METHI NAHALE: <\/b>avaldab pinguldavat, silendavat, pehmendavat m\u00f5ju. Teeb vistrikud k\u00fcpseks ja v\u00e4ljutab neist m\u00e4dakolded, puhastab poore. M\u00e4hised rindadele v\u00f5ivad suurendada rinna tihedust ja isegi \u00fcmberm\u00f5\u00f5tu.<\/p>\n<p>MIDA TEHA KUI OLED VALINUD ENDALE SOBIMATU TAIMEPULBRI ? Blondide juuste puhul proovi iga pulbrisegu enne varjus oleval juuksesalgul. Kui pulber tumendab v\u00f5i kui see sulle mingil muul p\u00f5hjusel ei sobi, \u00e4ra viska pulbrit minema ! Kasuta see \u00e4ra nahahoolduseks (n\u00e4omaskid, dekoltee maskid). M\u00f5ned pulbrid sobivad keha koorimiseks ja pesemiseks. Kindlasti sobivad nad isetehtud seebi v\u00f5i koorimiskreemi sisse. Kasuta pulbrit v\u00e4hehaaval segatuna balsami v\u00f5i shampooniga, lisatuna vannivette. Pulbriga v\u00f5id teha ka taimset leotist juustele v\u00f5i nahale, toonikut jne. Kui pulber ei sobinud Sulle aga nahahoolduses, siis v\u00f5id seda proovida juustehoolduses. Kui pulbriga tehtud mask oli \u00e4rritav \u00f5rnale n\u00e4onahale, v\u00f5id teha sellest n\u00e4iteks jalakoorijaid, keham\u00e4hiseid jne.<\/p>\n<p>HOIATUSED: Mistahes pulbrit ei ole m\u00f5istlik sisse hingata. Paljusid pulbreid kasutatakse nii nahahoolduses, juustehoolduses kui ka toidulisandina. Seespidiselt ei tohi kasutada \u00fchtegi kosmeetikalaboris valmistatud pulbrit, kuna ta puutub kokku teiste kosmeetiliste ainetega.<\/p>\n","protected":false},"excerpt":{"rendered":"<p>Vaja l\u00e4heb:<\/p>\n<ul>\n<li><span style=\"color: #99cc00;\"><a href=\"https:\/\/bio4you.eu\/et\/outlet\/1346-taimepulber-methi-100g.html?utm_source=bioretsept&amp;utm_medium=retsept&amp;utm_campaign=retsept\" target=\"_blank\" rel=\"noopener\"><span style=\"color: #99cc00;\">Methi taimepulbrit<\/span><\/a><\/span><span style=\"color: #99cc00;\">\u00a0<span style=\"color: #000000;\">v\u00f5i p\u00f5ld-lambal\u00e4\u00e4tseseemneid<\/span><\/span><\/li>\n<\/ul>\n","protected":false},"featured_media":3338,"comment_status":"closed","ping_status":"closed","template":"","meta":{"_exactmetrics_skip_tracking":false,"_exactmetrics_sitenote_active":false,"_exactmetrics_sitenote_note":"","_exactmetrics_sitenote_category":0},"product_cat":[61,79,84,81,78],"product_tag":[228,229,297,299,302,303,298],"class_list":{"0":"post-2167","1":"product","2":"type-product","3":"status-publish","4":"has-post-thumbnail","6":"product_cat-ilu-retseptid","7":"product_cat-naohooldus","8":"product_cat-aknehooldus","9":"product_cat-puhastamine-ja-toonikud","10":"product_cat-taimepulbrid","11":"product_tag-akne","12":"product_tag-aknehooldus-2","13":"product_tag-methi","14":"product_tag-pold-lambalaats","15":"product_tag-savimask","16":"product_tag-toonik","17":"product_tag-trigonella","19":"first","20":"instock","21":"shipping-taxable","22":"product-type-simple"},"yoast_head":"<!-- This site is optimized with the Yoast SEO plugin v23.3 - https:\/\/yoast.com\/wordpress\/plugins\/seo\/ -->\n<title>Methi n\u00e4otoonik - bio4you.eu\/retseptid<\/title>\n<meta name=\"description\" content=\"Methi toonik n\u00e4ole\" \/>\n<meta name=\"robots\" content=\"index, follow, max-snippet:-1, max-image-preview:large, max-video-preview:-1\" \/>\n<link rel=\"canonical\" href=\"https:\/\/bio4you.eu\/retseptid\/toode\/methi-naotoonik\/\" \/>\n<meta property=\"og:locale\" content=\"et_EE\" \/>\n<meta property=\"og:type\" content=\"article\" \/>\n<meta property=\"og:title\" content=\"Methi n\u00e4otoonik - bio4you.eu\/retseptid\" \/>\n<meta property=\"og:description\" content=\"Methi toonik n\u00e4ole\" \/>\n<meta property=\"og:url\" content=\"https:\/\/bio4you.eu\/retseptid\/toode\/methi-naotoonik\/\" \/>\n<meta property=\"og:site_name\" content=\"bio4you.eu\/retseptid\" \/>\n<meta property=\"article:modified_time\" content=\"2022-05-17T07:43:01+00:00\" \/>\n<meta property=\"og:image\" content=\"https:\/\/bio4you.eu\/retseptid\/wp-content\/uploads\/2014\/07\/Natural-home-remedies-for-vaginal-odor.jpg\" \/>\n\t<meta property=\"og:image:width\" content=\"400\" \/>\n\t<meta property=\"og:image:height\" content=\"303\" \/>\n\t<meta property=\"og:image:type\" content=\"image\/jpeg\" \/>\n<meta name=\"twitter:label1\" content=\"Est. reading time\" \/>\n\t<meta name=\"twitter:data1\" content=\"2 minutit\" \/>\n<script type=\"application\/ld+json\" class=\"yoast-schema-graph\">{\"@context\":\"https:\/\/schema.org\",\"@graph\":[{\"@type\":\"WebPage\",\"@id\":\"https:\/\/bio4you.eu\/retseptid\/toode\/methi-naotoonik\/\",\"url\":\"https:\/\/bio4you.eu\/retseptid\/toode\/methi-naotoonik\/\",\"name\":\"Methi n\u00e4otoonik - bio4you.eu\/retseptid\",\"isPartOf\":{\"@id\":\"https:\/\/bio4you.eu\/retseptid\/#website\"},\"primaryImageOfPage\":{\"@id\":\"https:\/\/bio4you.eu\/retseptid\/toode\/methi-naotoonik\/#primaryimage\"},\"image\":{\"@id\":\"https:\/\/bio4you.eu\/retseptid\/toode\/methi-naotoonik\/#primaryimage\"},\"thumbnailUrl\":\"https:\/\/bio4you.eu\/retseptid\/wp-content\/uploads\/2014\/07\/Natural-home-remedies-for-vaginal-odor.jpg\",\"datePublished\":\"2014-07-23T06:39:11+00:00\",\"dateModified\":\"2022-05-17T07:43:01+00:00\",\"description\":\"Methi toonik n\u00e4ole\",\"breadcrumb\":{\"@id\":\"https:\/\/bio4you.eu\/retseptid\/toode\/methi-naotoonik\/#breadcrumb\"},\"inLanguage\":\"et\",\"potentialAction\":[{\"@type\":\"ReadAction\",\"target\":[\"https:\/\/bio4you.eu\/retseptid\/toode\/methi-naotoonik\/\"]}]},{\"@type\":\"ImageObject\",\"inLanguage\":\"et\",\"@id\":\"https:\/\/bio4you.eu\/retseptid\/toode\/methi-naotoonik\/#primaryimage\",\"url\":\"https:\/\/bio4you.eu\/retseptid\/wp-content\/uploads\/2014\/07\/Natural-home-remedies-for-vaginal-odor.jpg\",\"contentUrl\":\"https:\/\/bio4you.eu\/retseptid\/wp-content\/uploads\/2014\/07\/Natural-home-remedies-for-vaginal-odor.jpg\",\"width\":400,\"height\":303},{\"@type\":\"BreadcrumbList\",\"@id\":\"https:\/\/bio4you.eu\/retseptid\/toode\/methi-naotoonik\/#breadcrumb\",\"itemListElement\":[{\"@type\":\"ListItem\",\"position\":1,\"name\":\"Home\",\"item\":\"https:\/\/bio4you.eu\/retseptid\/\"},{\"@type\":\"ListItem\",\"position\":2,\"name\":\"Methi n\u00e4otoonik\"}]},{\"@type\":\"WebSite\",\"@id\":\"https:\/\/bio4you.eu\/retseptid\/#website\",\"url\":\"https:\/\/bio4you.eu\/retseptid\/\",\"name\":\"bio4you.eu\/retseptid\",\"description\":\"\u00d6ko retseptid ise tegemiseks, looduslikest koostisainetest. Maitsev toit, iluhooldus, kodupuhastus ja aiandus.\",\"potentialAction\":[{\"@type\":\"SearchAction\",\"target\":{\"@type\":\"EntryPoint\",\"urlTemplate\":\"https:\/\/bio4you.eu\/retseptid\/?s={search_term_string}\"},\"query-input\":\"required name=search_term_string\"}],\"inLanguage\":\"et\"}]}<\/script>\n<!-- \/ Yoast SEO plugin. -->","yoast_head_json":{"title":"Methi n\u00e4otoonik - bio4you.eu\/retseptid","description":"Methi toonik n\u00e4ole","robots":{"index":"index","follow":"follow","max-snippet":"max-snippet:-1","max-image-preview":"max-image-preview:large","max-video-preview":"max-video-preview:-1"},"canonical":"https:\/\/bio4you.eu\/retseptid\/toode\/methi-naotoonik\/","og_locale":"et_EE","og_type":"article","og_title":"Methi n\u00e4otoonik - bio4you.eu\/retseptid","og_description":"Methi toonik n\u00e4ole","og_url":"https:\/\/bio4you.eu\/retseptid\/toode\/methi-naotoonik\/","og_site_name":"bio4you.eu\/retseptid","article_modified_time":"2022-05-17T07:43:01+00:00","og_image":[{"width":400,"height":303,"url":"https:\/\/bio4you.eu\/retseptid\/wp-content\/uploads\/2014\/07\/Natural-home-remedies-for-vaginal-odor.jpg","type":"image\/jpeg"}],"twitter_misc":{"Est. reading time":"2 minutit"},"schema":{"@context":"https:\/\/schema.org","@graph":[{"@type":"WebPage","@id":"https:\/\/bio4you.eu\/retseptid\/toode\/methi-naotoonik\/","url":"https:\/\/bio4you.eu\/retseptid\/toode\/methi-naotoonik\/","name":"Methi n\u00e4otoonik - bio4you.eu\/retseptid","isPartOf":{"@id":"https:\/\/bio4you.eu\/retseptid\/#website"},"primaryImageOfPage":{"@id":"https:\/\/bio4you.eu\/retseptid\/toode\/methi-naotoonik\/#primaryimage"},"image":{"@id":"https:\/\/bio4you.eu\/retseptid\/toode\/methi-naotoonik\/#primaryimage"},"thumbnailUrl":"https:\/\/bio4you.eu\/retseptid\/wp-content\/uploads\/2014\/07\/Natural-home-remedies-for-vaginal-odor.jpg","datePublished":"2014-07-23T06:39:11+00:00","dateModified":"2022-05-17T07:43:01+00:00","description":"Methi toonik n\u00e4ole","breadcrumb":{"@id":"https:\/\/bio4you.eu\/retseptid\/toode\/methi-naotoonik\/#breadcrumb"},"inLanguage":"et","potentialAction":[{"@type":"ReadAction","target":["https:\/\/bio4you.eu\/retseptid\/toode\/methi-naotoonik\/"]}]},{"@type":"ImageObject","inLanguage":"et","@id":"https:\/\/bio4you.eu\/retseptid\/toode\/methi-naotoonik\/#primaryimage","url":"https:\/\/bio4you.eu\/retseptid\/wp-content\/uploads\/2014\/07\/Natural-home-remedies-for-vaginal-odor.jpg","contentUrl":"https:\/\/bio4you.eu\/retseptid\/wp-content\/uploads\/2014\/07\/Natural-home-remedies-for-vaginal-odor.jpg","width":400,"height":303},{"@type":"BreadcrumbList","@id":"https:\/\/bio4you.eu\/retseptid\/toode\/methi-naotoonik\/#breadcrumb","itemListElement":[{"@type":"ListItem","position":1,"name":"Home","item":"https:\/\/bio4you.eu\/retseptid\/"},{"@type":"ListItem","position":2,"name":"Methi n\u00e4otoonik"}]},{"@type":"WebSite","@id":"https:\/\/bio4you.eu\/retseptid\/#website","url":"https:\/\/bio4you.eu\/retseptid\/","name":"bio4you.eu\/retseptid","description":"\u00d6ko retseptid ise tegemiseks, looduslikest koostisainetest. Maitsev toit, iluhooldus, kodupuhastus ja aiandus.","potentialAction":[{"@type":"SearchAction","target":{"@type":"EntryPoint","urlTemplate":"https:\/\/bio4you.eu\/retseptid\/?s={search_term_string}"},"query-input":"required name=search_term_string"}],"inLanguage":"et"}]}},"_links":{"self":[{"href":"https:\/\/bio4you.eu\/retseptid\/wp-json\/wp\/v2\/product\/2167"}],"collection":[{"href":"https:\/\/bio4you.eu\/retseptid\/wp-json\/wp\/v2\/product"}],"about":[{"href":"https:\/\/bio4you.eu\/retseptid\/wp-json\/wp\/v2\/types\/product"}],"replies":[{"embeddable":true,"href":"https:\/\/bio4you.eu\/retseptid\/wp-json\/wp\/v2\/comments?post=2167"}],"wp:featuredmedia":[{"embeddable":true,"href":"https:\/\/bio4you.eu\/retseptid\/wp-json\/wp\/v2\/media\/3338"}],"wp:attachment":[{"href":"https:\/\/bio4you.eu\/retseptid\/wp-json\/wp\/v2\/media?parent=2167"}],"wp:term":[{"taxonomy":"product_cat","embeddable":true,"href":"https:\/\/bio4you.eu\/retseptid\/wp-json\/wp\/v2\/product_cat?post=2167"},{"taxonomy":"product_tag","embeddable":true,"href":"https:\/\/bio4you.eu\/retseptid\/wp-json\/wp\/v2\/product_tag?post=2167"}],"curies":[{"name":"wp","href":"https:\/\/api.w.org\/{rel}","templated":true}]}}