{"id":2175,"date":"2014-11-04T10:15:47","date_gmt":"2014-11-04T08:15:47","guid":{"rendered":"https:\/\/bio4you.eu\/retseptid\/?post_type=product&#038;p=2175"},"modified":"2018-08-10T11:27:11","modified_gmt":"2018-08-10T08:27:11","slug":"kulmetuse-tee-ingveriga","status":"publish","type":"product","link":"https:\/\/bio4you.eu\/retseptid\/toode\/kulmetuse-tee-ingveriga\/","title":{"rendered":"K\u00fclmetuse tee ingveriga"},"content":{"rendered":"<p><strong>Supertee, mis aitab\u00a0<\/strong><strong>v\u00f5idelda algava k\u00fclmetusega!<\/strong><\/p>\n<p>VALMISTAMISVIIS:<\/p>\n<p><span style=\"line-height: 1.5;\">Pane tassi sisse ingver ja soovi korral camu camu. T\u00e4ida tass kuuma veega. Sega maitse j\u00e4rgi mett. K\u00f5ige l\u00f5puks lisa maitse j\u00e4rgi sidrunimahla. Joo kuumalt.<\/span><\/p>\n<p><strong>Ingveri<\/strong> a<span style=\"line-height: 1.5;\">ntibakteriaalsed omadused v\u00f5ivad aidata madala palaviku korral, nohu puhul ja katarri v\u00e4ljutamisel hingamisteedest. \u00a0Ingver\u00a0<\/span><span style=\"line-height: 1.5;\">sisaldab ingveroole, mis rahustavad k\u00f5hukrampe, neutraliseerivad happeid ja avaldavad p\u00f5letikuvastast toimet. Rasedatel soovitatakse juua ingveriteed hommikuti iivelduse vastu. Ingveris sisalduvad ens\u00fc\u00fcmid lagundavad valke , seega sobib ka lihatoitude pehmendamiseks, aidates toitu kergemini seedida. Ingveri pulbrit saad osta <a href=\"http:\/\/www.bio4you.eu\/et\/toiduained\/1420-ingveri-pulber-100g-toidulisand-voi-jook-kulmetus-seedimine-iiveldus-vereringe-fior-di-loto.html\" target=\"_blank\" rel=\"noopener\"><span style=\"color: #99cc00;\">SIIT<\/span><\/a>.<a title=\"Ingveri pulber\" href=\"http:\/\/www.bio4you.eu\/et\/toiduained\/1420-ingveri-pulber-100g-toidulisand-voi-jook-kulmetus-seedimine-iiveldus-vereringe-fior-di-loto.html\" target=\"_blank\" rel=\"noopener\"><br \/>\n<\/a><\/span><\/p>\n<p><strong>Camu camu<\/strong> ( v\u00f5ib ka ilma teha aga annab superefekti, sest 1-2g camu camu pulbrit katab p\u00e4evase C-vitamiini vajaduse) .\u00a0Camu camu on maailma k\u00f5ige C vitamiini rikkam mari! 100g sisaldab\u00a02400-3000mg C vitamiini (100g apelsine vaid 53mg).Umbes 3 marja (3g) katab p\u00e4evase C vitamiini vajaduse (annab ca 75mg C vitamiini). Kuivatatud pulbris on C vitamiin veelgi kontsentreeritumal kujul.\u00a0Lisaks sisaldab camu camu rohkesti kaltsiumit, fosforit, rauda, setiini, valiini, leusiini ja veidi B grupi vitamiine.\u00a0<span style=\"line-height: 1.5;\">K\u00f5ige parem on camu camu marja kasutada talvisel gripihooajal ja k\u00fclmetuse n\u00e4htude saabudes organismi tugevdamiseks. Marjapulbrist saadav C vitamiin on kergesti omastatav.\u00a0<\/span><span style=\"line-height: 1.5;\">M\u00f5rkja maitsega mari m\u00f5jub h\u00e4sti nahale ja juustele. tugevdam immuuns\u00fcsteemi ja v\u00f5ib isegi parandada meeleolu, kuna suurendab kergelt serotoniini taset. Camu camu pulbrit saad osta <span style=\"color: #99cc00;\"><a href=\"http:\/\/www.bio4you.eu\/et\/toiduained\/1807-camu-camu-pulber-immuunsus-125g-nutrisslim.html\" target=\"_blank\" rel=\"noopener\"><span style=\"color: #99cc00;\">SIIT<\/span><\/a><span style=\"color: #000000;\">.\u00a0<\/span><\/span><a title=\"camu camu bio pulber\" href=\"http:\/\/www.bio4you.eu\/et\/toiduained\/1807-camu-camu-pulber-immuunsus-125g-nutrisslim.html\" target=\"_blank\" rel=\"noopener\"><br \/>\n<\/a><\/span><\/p>\n<p><strong>Sidrunimahl\u00a0<\/strong><\/p>\n<ul>\n<li>segatult veega leevendab kurguvalu ja kurgu k\u00e4hedust. Mandlip\u00f5letiku leevendamiseks lisa soola ja kurista<\/li>\n<li>segatuna kuuma vee ja meega alandab palavikku, tugevdab immuuns\u00fcsteemi, m\u00f5jub iivelduse vastu, soojendab<\/li>\n<li>sidrunivesi taastab ja tugevdab organismi peale pingutust, \u00fclekuumenemist<\/li>\n<li>ninaverejooksu korral kanna sidrunimahla vati peale ja pane ninas\u00f5\u00f5rmesse<\/li>\n<li>sidrunimahla regulaarne tarvitamine v\u00f5ib uuringute alusel kiirendada seedimist, alandada kolesterooli, v\u00e4hendada verer\u00f5hku, tugevdada s\u00fcdant, alandada kehatemperatuuri<\/li>\n<li>tugevdab hambaid ja igemeid<\/li>\n<\/ul>\n<p>Bio sidrunimahla saad osta <a href=\"http:\/\/www.bio4you.eu\/et\/toiduained\/1219-sidrunimahl-100-itaalia-250g-biologicoils.html\" target=\"_blank\" rel=\"noopener\"><span style=\"color: #99cc00;\">SIIT<\/span><\/a>.\u00a0<a title=\"bio sidrunimahl\" href=\"http:\/\/www.bio4you.eu\/et\/toiduained\/1219-sidrunimahl-100-itaalia-250g-biologicoils.html\" target=\"_blank\" rel=\"noopener\"><br \/>\n<\/a><\/p>\n<p>&nbsp;<\/p>\n","protected":false},"excerpt":{"rendered":"<p><strong>VAJA L\u00c4HEB:<\/strong><\/p>\n<ul>\n<li>0,5 tl ( ca 2g) <a href=\"http:\/\/bio4you.eu\/et\/maitseained\/996-ingver-jahvatatud-25g-cosmoveda.html?search_query=ingver&amp;results=67\" target=\"_blank\" rel=\"noopener\"><span style=\"color: #99cc00;\">ingveripulbrit<\/span><\/a><\/li>\n<li>0,5tl ( ca 2g) <a href=\"http:\/\/bio4you.eu\/et\/marja-ja-viljapulbrid\/1807-camu-camu-marja-pulber-125g-nutrisslim.html?search_query=camu&amp;results=3\" target=\"_blank\" rel=\"noopener\"><span style=\"color: #99cc00;\">camu camu pulbrit<\/span> <\/a>\u00a0( soovi korral)<\/li>\n<li>maitse j\u00e4rgi mett<\/li>\n<li>maitse j\u00e4rgi ( ca 2 spl)<a href=\"http:\/\/bio4you.eu\/et\/mahlad\/1219-sidrunimahl-250ml-biologicoils.html?search_query=sidrunimahl&amp;results=13\" target=\"_blank\" rel=\"noopener\"><span style=\"color: #99cc00;\"> sidrunimahla<\/span><\/a><\/li>\n<\/ul>\n","protected":false},"featured_media":3390,"comment_status":"open","ping_status":"closed","template":"","meta":{"_exactmetrics_skip_tracking":false,"_exactmetrics_sitenote_active":false,"_exactmetrics_sitenote_note":"","_exactmetrics_sitenote_category":0},"product_cat":[324,326],"product_tag":[308,306,307,309],"class_list":{"0":"post-2175","1":"product","2":"type-product","3":"status-publish","4":"has-post-thumbnail","6":"product_cat-tervise-retseptid","7":"product_cat-kulmetuse-vastu","8":"product_tag-camu-camu","9":"product_tag-ingver","10":"product_tag-ingveri-tee","11":"product_tag-kulmetuse-tee","13":"first","14":"instock","15":"shipping-taxable","16":"product-type-simple"},"yoast_head":"<!-- This site is optimized with the Yoast SEO plugin v23.3 - https:\/\/yoast.com\/wordpress\/plugins\/seo\/ -->\n<title>K\u00fclmetuse tee ingveriga - bio4you.eu\/retseptid<\/title>\n<meta name=\"description\" content=\"K\u00fclmetuse tee ingveriga\" \/>\n<meta name=\"robots\" content=\"index, follow, max-snippet:-1, max-image-preview:large, max-video-preview:-1\" \/>\n<link rel=\"canonical\" href=\"https:\/\/bio4you.eu\/retseptid\/toode\/kulmetuse-tee-ingveriga\/\" \/>\n<meta property=\"og:locale\" content=\"et_EE\" \/>\n<meta property=\"og:type\" content=\"article\" \/>\n<meta property=\"og:title\" content=\"K\u00fclmetuse tee ingveriga - bio4you.eu\/retseptid\" \/>\n<meta property=\"og:description\" content=\"K\u00fclmetuse tee ingveriga\" \/>\n<meta property=\"og:url\" content=\"https:\/\/bio4you.eu\/retseptid\/toode\/kulmetuse-tee-ingveriga\/\" \/>\n<meta property=\"og:site_name\" content=\"bio4you.eu\/retseptid\" \/>\n<meta property=\"article:modified_time\" content=\"2018-08-10T08:27:11+00:00\" \/>\n<meta property=\"og:image\" content=\"https:\/\/bio4you.eu\/retseptid\/wp-content\/uploads\/2014\/11\/Untitled-design-e1476697130651.jpg\" \/>\n\t<meta property=\"og:image:width\" content=\"654\" \/>\n\t<meta property=\"og:image:height\" content=\"596\" \/>\n\t<meta property=\"og:image:type\" content=\"image\/jpeg\" \/>\n<meta name=\"twitter:label1\" content=\"Est. reading time\" \/>\n\t<meta name=\"twitter:data1\" content=\"2 minutit\" \/>\n<script type=\"application\/ld+json\" class=\"yoast-schema-graph\">{\"@context\":\"https:\/\/schema.org\",\"@graph\":[{\"@type\":\"WebPage\",\"@id\":\"https:\/\/bio4you.eu\/retseptid\/toode\/kulmetuse-tee-ingveriga\/\",\"url\":\"https:\/\/bio4you.eu\/retseptid\/toode\/kulmetuse-tee-ingveriga\/\",\"name\":\"K\u00fclmetuse tee ingveriga - bio4you.eu\/retseptid\",\"isPartOf\":{\"@id\":\"https:\/\/bio4you.eu\/retseptid\/#website\"},\"primaryImageOfPage\":{\"@id\":\"https:\/\/bio4you.eu\/retseptid\/toode\/kulmetuse-tee-ingveriga\/#primaryimage\"},\"image\":{\"@id\":\"https:\/\/bio4you.eu\/retseptid\/toode\/kulmetuse-tee-ingveriga\/#primaryimage\"},\"thumbnailUrl\":\"https:\/\/bio4you.eu\/retseptid\/wp-content\/uploads\/2014\/11\/Untitled-design-e1476697130651.jpg\",\"datePublished\":\"2014-11-04T08:15:47+00:00\",\"dateModified\":\"2018-08-10T08:27:11+00:00\",\"description\":\"K\u00fclmetuse tee ingveriga\",\"breadcrumb\":{\"@id\":\"https:\/\/bio4you.eu\/retseptid\/toode\/kulmetuse-tee-ingveriga\/#breadcrumb\"},\"inLanguage\":\"et\",\"potentialAction\":[{\"@type\":\"ReadAction\",\"target\":[\"https:\/\/bio4you.eu\/retseptid\/toode\/kulmetuse-tee-ingveriga\/\"]}]},{\"@type\":\"ImageObject\",\"inLanguage\":\"et\",\"@id\":\"https:\/\/bio4you.eu\/retseptid\/toode\/kulmetuse-tee-ingveriga\/#primaryimage\",\"url\":\"https:\/\/bio4you.eu\/retseptid\/wp-content\/uploads\/2014\/11\/Untitled-design-e1476697130651.jpg\",\"contentUrl\":\"https:\/\/bio4you.eu\/retseptid\/wp-content\/uploads\/2014\/11\/Untitled-design-e1476697130651.jpg\",\"width\":654,\"height\":596},{\"@type\":\"BreadcrumbList\",\"@id\":\"https:\/\/bio4you.eu\/retseptid\/toode\/kulmetuse-tee-ingveriga\/#breadcrumb\",\"itemListElement\":[{\"@type\":\"ListItem\",\"position\":1,\"name\":\"Home\",\"item\":\"https:\/\/bio4you.eu\/retseptid\/\"},{\"@type\":\"ListItem\",\"position\":2,\"name\":\"K\u00fclmetuse tee ingveriga\"}]},{\"@type\":\"WebSite\",\"@id\":\"https:\/\/bio4you.eu\/retseptid\/#website\",\"url\":\"https:\/\/bio4you.eu\/retseptid\/\",\"name\":\"bio4you.eu\/retseptid\",\"description\":\"\u00d6ko retseptid ise tegemiseks, looduslikest koostisainetest. Maitsev toit, iluhooldus, kodupuhastus ja aiandus.\",\"potentialAction\":[{\"@type\":\"SearchAction\",\"target\":{\"@type\":\"EntryPoint\",\"urlTemplate\":\"https:\/\/bio4you.eu\/retseptid\/?s={search_term_string}\"},\"query-input\":\"required name=search_term_string\"}],\"inLanguage\":\"et\"}]}<\/script>\n<!-- \/ Yoast SEO plugin. -->","yoast_head_json":{"title":"K\u00fclmetuse tee ingveriga - bio4you.eu\/retseptid","description":"K\u00fclmetuse tee ingveriga","robots":{"index":"index","follow":"follow","max-snippet":"max-snippet:-1","max-image-preview":"max-image-preview:large","max-video-preview":"max-video-preview:-1"},"canonical":"https:\/\/bio4you.eu\/retseptid\/toode\/kulmetuse-tee-ingveriga\/","og_locale":"et_EE","og_type":"article","og_title":"K\u00fclmetuse tee ingveriga - bio4you.eu\/retseptid","og_description":"K\u00fclmetuse tee ingveriga","og_url":"https:\/\/bio4you.eu\/retseptid\/toode\/kulmetuse-tee-ingveriga\/","og_site_name":"bio4you.eu\/retseptid","article_modified_time":"2018-08-10T08:27:11+00:00","og_image":[{"width":654,"height":596,"url":"https:\/\/bio4you.eu\/retseptid\/wp-content\/uploads\/2014\/11\/Untitled-design-e1476697130651.jpg","type":"image\/jpeg"}],"twitter_misc":{"Est. reading time":"2 minutit"},"schema":{"@context":"https:\/\/schema.org","@graph":[{"@type":"WebPage","@id":"https:\/\/bio4you.eu\/retseptid\/toode\/kulmetuse-tee-ingveriga\/","url":"https:\/\/bio4you.eu\/retseptid\/toode\/kulmetuse-tee-ingveriga\/","name":"K\u00fclmetuse tee ingveriga - bio4you.eu\/retseptid","isPartOf":{"@id":"https:\/\/bio4you.eu\/retseptid\/#website"},"primaryImageOfPage":{"@id":"https:\/\/bio4you.eu\/retseptid\/toode\/kulmetuse-tee-ingveriga\/#primaryimage"},"image":{"@id":"https:\/\/bio4you.eu\/retseptid\/toode\/kulmetuse-tee-ingveriga\/#primaryimage"},"thumbnailUrl":"https:\/\/bio4you.eu\/retseptid\/wp-content\/uploads\/2014\/11\/Untitled-design-e1476697130651.jpg","datePublished":"2014-11-04T08:15:47+00:00","dateModified":"2018-08-10T08:27:11+00:00","description":"K\u00fclmetuse tee ingveriga","breadcrumb":{"@id":"https:\/\/bio4you.eu\/retseptid\/toode\/kulmetuse-tee-ingveriga\/#breadcrumb"},"inLanguage":"et","potentialAction":[{"@type":"ReadAction","target":["https:\/\/bio4you.eu\/retseptid\/toode\/kulmetuse-tee-ingveriga\/"]}]},{"@type":"ImageObject","inLanguage":"et","@id":"https:\/\/bio4you.eu\/retseptid\/toode\/kulmetuse-tee-ingveriga\/#primaryimage","url":"https:\/\/bio4you.eu\/retseptid\/wp-content\/uploads\/2014\/11\/Untitled-design-e1476697130651.jpg","contentUrl":"https:\/\/bio4you.eu\/retseptid\/wp-content\/uploads\/2014\/11\/Untitled-design-e1476697130651.jpg","width":654,"height":596},{"@type":"BreadcrumbList","@id":"https:\/\/bio4you.eu\/retseptid\/toode\/kulmetuse-tee-ingveriga\/#breadcrumb","itemListElement":[{"@type":"ListItem","position":1,"name":"Home","item":"https:\/\/bio4you.eu\/retseptid\/"},{"@type":"ListItem","position":2,"name":"K\u00fclmetuse tee ingveriga"}]},{"@type":"WebSite","@id":"https:\/\/bio4you.eu\/retseptid\/#website","url":"https:\/\/bio4you.eu\/retseptid\/","name":"bio4you.eu\/retseptid","description":"\u00d6ko retseptid ise tegemiseks, looduslikest koostisainetest. Maitsev toit, iluhooldus, kodupuhastus ja aiandus.","potentialAction":[{"@type":"SearchAction","target":{"@type":"EntryPoint","urlTemplate":"https:\/\/bio4you.eu\/retseptid\/?s={search_term_string}"},"query-input":"required name=search_term_string"}],"inLanguage":"et"}]}},"_links":{"self":[{"href":"https:\/\/bio4you.eu\/retseptid\/wp-json\/wp\/v2\/product\/2175"}],"collection":[{"href":"https:\/\/bio4you.eu\/retseptid\/wp-json\/wp\/v2\/product"}],"about":[{"href":"https:\/\/bio4you.eu\/retseptid\/wp-json\/wp\/v2\/types\/product"}],"replies":[{"embeddable":true,"href":"https:\/\/bio4you.eu\/retseptid\/wp-json\/wp\/v2\/comments?post=2175"}],"wp:featuredmedia":[{"embeddable":true,"href":"https:\/\/bio4you.eu\/retseptid\/wp-json\/wp\/v2\/media\/3390"}],"wp:attachment":[{"href":"https:\/\/bio4you.eu\/retseptid\/wp-json\/wp\/v2\/media?parent=2175"}],"wp:term":[{"taxonomy":"product_cat","embeddable":true,"href":"https:\/\/bio4you.eu\/retseptid\/wp-json\/wp\/v2\/product_cat?post=2175"},{"taxonomy":"product_tag","embeddable":true,"href":"https:\/\/bio4you.eu\/retseptid\/wp-json\/wp\/v2\/product_tag?post=2175"}],"curies":[{"name":"wp","href":"https:\/\/api.w.org\/{rel}","templated":true}]}}