{"id":2191,"date":"2014-12-10T13:19:42","date_gmt":"2014-12-10T11:19:42","guid":{"rendered":"https:\/\/bio4you.eu\/retseptid\/product\/gluteenivabad-piparkoogid-jakoon-siirupiga\/"},"modified":"2022-05-17T09:53:50","modified_gmt":"2022-05-17T06:53:50","slug":"gluteenivabad-piparkoogid-jakoon-siirupiga","status":"publish","type":"product","link":"https:\/\/bio4you.eu\/retseptid\/toode\/gluteenivabad-piparkoogid-jakoon-siirupiga\/","title":{"rendered":"Piparkoogid yacon siirupiga"},"content":{"rendered":"<p><span style=\"line-height: 1.5;\">VALMISTAMINE:<br \/>\n<\/span>Sega kausis kokku kuivained (va suhkur). Vahusta mikseriga keskmisel kiirusel \u00a0omavahel kookos\u00f5li, \u00a0jakoon siirup v\u00f5i melass, vanilje ekstrakt ja suhkur (umbes 5 minutit). Lisa munavalged ja vahusta keskmisel kiirusel veel minut aega.<br \/>\nLisa v\u00e4hehaaval omavahel segatud kuivained. S\u00f5tku k\u00e4sitsi v\u00f5i taignasegajaga kuni tekib \u00fchtlane tainas. L<span style=\"line-height: 1.5;\">ase k\u00fclmikus jahtuda umbes 60 minutit.<br \/>\n<\/span>Aseta jahtunud tainas kahe k\u00fcpsetuspaberi vahele. \u00a0Rullige parajalt paksuks ja eemaldae \u00fclemine leht k\u00fcpsetuspaberit. L\u00f5ika k\u00fcpsised v\u00e4lja ja aseta k\u00fcpsetuspaberiga kaetud ahjuplaadile.\u00a0<span style=\"line-height: 1.5;\">Kuumuta ahi 180 kraadini. \u00a0<\/span><span style=\"line-height: 1.5;\">K\u00fcpseta mitte kauem kui 9 minutit. Enne serveerimist lase natuke jahtuda.<\/span><\/p>\n<p>&nbsp;<\/p>\n","protected":false},"excerpt":{"rendered":"<p>VAJA L\u00c4HEB:<\/p>\n<ul>\n<li>1\/2 klaasi \u00a0orgaanilist k\u00fclmpressitud <a href=\"https:\/\/bio4you.eu\/et\/otsi?controller=search&amp;order=product.position.desc&amp;s=kookos%C3%B5li&amp;utm_source=bioretsept&amp;utm_medium=retsept&amp;utm_campaign=retsept\" target=\"_blank\" rel=\"noopener noreferrer\"><span style=\"color: #99cc00;\">kookos\u00f5li<\/span><\/a><\/li>\n<li>3\/4 tassi yacon siirupit<a href=\"http:\/\/www.bio4you.eu\/et\/toiduained\/1830-jakoon-juure-siirup-330g-nutrisslim.html\" target=\"_blank\" rel=\"noopener noreferrer\">\u00a0<\/a>v\u00f5i melassi<\/li>\n<li>1\/4 tl orgaanilist vaniljeekstrakti<\/li>\n<li>1\/2 klaasi orgaanilist <a href=\"https:\/\/bio4you.eu\/et\/otsi?controller=search&amp;order=product.position.desc&amp;s=suhkur&amp;utm_source=bioretsept&amp;utm_medium=retsept&amp;utm_campaign=retsept\" target=\"_blank\" rel=\"noopener noreferrer\"><span style=\"color: #99cc00;\">toor-roosuhkrut<\/span><\/a><\/li>\n<li>2 + 3\/4 klaasi t\u00e4istera nisujahu<\/li>\n<li>2 munavalget<\/li>\n<li>1\/2 tl meresoola<\/li>\n<li>1\/2 tl <a href=\"https:\/\/bio4you.eu\/et\/maitseained-ja-magustajad\/2564-sooda-500g.html?utm_source=bioretsept&amp;utm_medium=retsept&amp;utm_campaign=retsept\" target=\"_blank\" rel=\"noopener\">s\u00f6\u00f6gisoodat<\/a><\/li>\n<li>1\/2 tl orgaanilist <a href=\"https:\/\/bio4you.eu\/et\/maitseained-ja-magustajad\/4038-ingveripulber-100g.html?utm_source=bioretsept&amp;utm_medium=retsept&amp;utm_campaign=retsept\" target=\"_blank\" rel=\"noopener noreferrer\"><span style=\"color: #99cc00;\">ingveripulbrit<\/span><\/a><\/li>\n<li>1\/2 tl orgaanilist jahvatatud nelki<\/li>\n<li>1\/2 tl orgaanilist jahvatatud musta pipart<\/li>\n<\/ul>\n<p>Kaunistuseks:<\/p>\n<ul>\n<li>1 munavalge<\/li>\n<li>1 klaas tuhksuhkrut<\/li>\n<li>5-6 spl <a href=\"http:\/\/bio4you.eu\/et\/mahlad\/1219-sidrunimahl-250ml-biologicoils.html?search_query=sidrunimahl&amp;results=13\" target=\"_blank\" rel=\"noopener noreferrer\"><span style=\"color: #99cc00;\">sidrunimahla<\/span><\/a><\/li>\n<li>v\u00e4rviliste glasuuride tegemiseks v\u00f5id kasutada mustikamahla, peedimahla v\u00f5i porgandimahla<\/li>\n<\/ul>\n","protected":false},"featured_media":3931,"comment_status":"open","ping_status":"closed","template":"","meta":{"_exactmetrics_skip_tracking":false,"_exactmetrics_sitenote_active":false,"_exactmetrics_sitenote_note":"","_exactmetrics_sitenote_category":0},"product_cat":[59,60,383,280],"product_tag":[],"class_list":{"0":"post-2191","1":"product","2":"type-product","3":"status-publish","4":"has-post-thumbnail","6":"product_cat-featured","7":"product_cat-toiduretseptid","8":"product_cat-taimetoit","9":"product_cat-koogid-ja-kupsised","11":"first","12":"instock","13":"shipping-taxable","14":"product-type-simple"},"yoast_head":"<!-- This site is optimized with the Yoast SEO plugin v23.3 - https:\/\/yoast.com\/wordpress\/plugins\/seo\/ -->\n<title>Piparkoogid yacon siirupiga - bio4you.eu\/retseptid<\/title>\n<meta name=\"description\" content=\"Piparkoogid yacon siirupiga\" \/>\n<meta name=\"robots\" content=\"index, follow, max-snippet:-1, max-image-preview:large, max-video-preview:-1\" \/>\n<link rel=\"canonical\" href=\"https:\/\/bio4you.eu\/retseptid\/toode\/gluteenivabad-piparkoogid-jakoon-siirupiga\/\" \/>\n<meta property=\"og:locale\" content=\"et_EE\" \/>\n<meta property=\"og:type\" content=\"article\" \/>\n<meta property=\"og:title\" content=\"Piparkoogid yacon siirupiga - bio4you.eu\/retseptid\" \/>\n<meta property=\"og:description\" content=\"Piparkoogid yacon siirupiga\" \/>\n<meta property=\"og:url\" content=\"https:\/\/bio4you.eu\/retseptid\/toode\/gluteenivabad-piparkoogid-jakoon-siirupiga\/\" \/>\n<meta property=\"og:site_name\" content=\"bio4you.eu\/retseptid\" \/>\n<meta property=\"article:modified_time\" content=\"2022-05-17T06:53:50+00:00\" \/>\n<meta property=\"og:image\" content=\"https:\/\/bio4you.eu\/retseptid\/wp-content\/uploads\/2014\/12\/lydia-matzal-sn1n0LS5FvY-unsplash-scaled.jpg\" \/>\n\t<meta property=\"og:image:width\" content=\"1748\" \/>\n\t<meta property=\"og:image:height\" content=\"2560\" \/>\n\t<meta property=\"og:image:type\" content=\"image\/jpeg\" \/>\n<meta name=\"twitter:label1\" content=\"Est. reading time\" \/>\n\t<meta name=\"twitter:data1\" content=\"1 minut\" \/>\n<script type=\"application\/ld+json\" class=\"yoast-schema-graph\">{\"@context\":\"https:\/\/schema.org\",\"@graph\":[{\"@type\":\"WebPage\",\"@id\":\"https:\/\/bio4you.eu\/retseptid\/toode\/gluteenivabad-piparkoogid-jakoon-siirupiga\/\",\"url\":\"https:\/\/bio4you.eu\/retseptid\/toode\/gluteenivabad-piparkoogid-jakoon-siirupiga\/\",\"name\":\"Piparkoogid yacon siirupiga - bio4you.eu\/retseptid\",\"isPartOf\":{\"@id\":\"https:\/\/bio4you.eu\/retseptid\/#website\"},\"primaryImageOfPage\":{\"@id\":\"https:\/\/bio4you.eu\/retseptid\/toode\/gluteenivabad-piparkoogid-jakoon-siirupiga\/#primaryimage\"},\"image\":{\"@id\":\"https:\/\/bio4you.eu\/retseptid\/toode\/gluteenivabad-piparkoogid-jakoon-siirupiga\/#primaryimage\"},\"thumbnailUrl\":\"https:\/\/bio4you.eu\/retseptid\/wp-content\/uploads\/2014\/12\/lydia-matzal-sn1n0LS5FvY-unsplash-scaled.jpg\",\"datePublished\":\"2014-12-10T11:19:42+00:00\",\"dateModified\":\"2022-05-17T06:53:50+00:00\",\"description\":\"Piparkoogid yacon siirupiga\",\"breadcrumb\":{\"@id\":\"https:\/\/bio4you.eu\/retseptid\/toode\/gluteenivabad-piparkoogid-jakoon-siirupiga\/#breadcrumb\"},\"inLanguage\":\"et\",\"potentialAction\":[{\"@type\":\"ReadAction\",\"target\":[\"https:\/\/bio4you.eu\/retseptid\/toode\/gluteenivabad-piparkoogid-jakoon-siirupiga\/\"]}]},{\"@type\":\"ImageObject\",\"inLanguage\":\"et\",\"@id\":\"https:\/\/bio4you.eu\/retseptid\/toode\/gluteenivabad-piparkoogid-jakoon-siirupiga\/#primaryimage\",\"url\":\"https:\/\/bio4you.eu\/retseptid\/wp-content\/uploads\/2014\/12\/lydia-matzal-sn1n0LS5FvY-unsplash-scaled.jpg\",\"contentUrl\":\"https:\/\/bio4you.eu\/retseptid\/wp-content\/uploads\/2014\/12\/lydia-matzal-sn1n0LS5FvY-unsplash-scaled.jpg\",\"width\":1748,\"height\":2560},{\"@type\":\"BreadcrumbList\",\"@id\":\"https:\/\/bio4you.eu\/retseptid\/toode\/gluteenivabad-piparkoogid-jakoon-siirupiga\/#breadcrumb\",\"itemListElement\":[{\"@type\":\"ListItem\",\"position\":1,\"name\":\"Home\",\"item\":\"https:\/\/bio4you.eu\/retseptid\/\"},{\"@type\":\"ListItem\",\"position\":2,\"name\":\"Piparkoogid yacon siirupiga\"}]},{\"@type\":\"WebSite\",\"@id\":\"https:\/\/bio4you.eu\/retseptid\/#website\",\"url\":\"https:\/\/bio4you.eu\/retseptid\/\",\"name\":\"bio4you.eu\/retseptid\",\"description\":\"\u00d6ko retseptid ise tegemiseks, looduslikest koostisainetest. Maitsev toit, iluhooldus, kodupuhastus ja aiandus.\",\"potentialAction\":[{\"@type\":\"SearchAction\",\"target\":{\"@type\":\"EntryPoint\",\"urlTemplate\":\"https:\/\/bio4you.eu\/retseptid\/?s={search_term_string}\"},\"query-input\":\"required name=search_term_string\"}],\"inLanguage\":\"et\"}]}<\/script>\n<!-- \/ Yoast SEO plugin. -->","yoast_head_json":{"title":"Piparkoogid yacon siirupiga - bio4you.eu\/retseptid","description":"Piparkoogid yacon siirupiga","robots":{"index":"index","follow":"follow","max-snippet":"max-snippet:-1","max-image-preview":"max-image-preview:large","max-video-preview":"max-video-preview:-1"},"canonical":"https:\/\/bio4you.eu\/retseptid\/toode\/gluteenivabad-piparkoogid-jakoon-siirupiga\/","og_locale":"et_EE","og_type":"article","og_title":"Piparkoogid yacon siirupiga - bio4you.eu\/retseptid","og_description":"Piparkoogid yacon siirupiga","og_url":"https:\/\/bio4you.eu\/retseptid\/toode\/gluteenivabad-piparkoogid-jakoon-siirupiga\/","og_site_name":"bio4you.eu\/retseptid","article_modified_time":"2022-05-17T06:53:50+00:00","og_image":[{"width":1748,"height":2560,"url":"https:\/\/bio4you.eu\/retseptid\/wp-content\/uploads\/2014\/12\/lydia-matzal-sn1n0LS5FvY-unsplash-scaled.jpg","type":"image\/jpeg"}],"twitter_misc":{"Est. reading time":"1 minut"},"schema":{"@context":"https:\/\/schema.org","@graph":[{"@type":"WebPage","@id":"https:\/\/bio4you.eu\/retseptid\/toode\/gluteenivabad-piparkoogid-jakoon-siirupiga\/","url":"https:\/\/bio4you.eu\/retseptid\/toode\/gluteenivabad-piparkoogid-jakoon-siirupiga\/","name":"Piparkoogid yacon siirupiga - bio4you.eu\/retseptid","isPartOf":{"@id":"https:\/\/bio4you.eu\/retseptid\/#website"},"primaryImageOfPage":{"@id":"https:\/\/bio4you.eu\/retseptid\/toode\/gluteenivabad-piparkoogid-jakoon-siirupiga\/#primaryimage"},"image":{"@id":"https:\/\/bio4you.eu\/retseptid\/toode\/gluteenivabad-piparkoogid-jakoon-siirupiga\/#primaryimage"},"thumbnailUrl":"https:\/\/bio4you.eu\/retseptid\/wp-content\/uploads\/2014\/12\/lydia-matzal-sn1n0LS5FvY-unsplash-scaled.jpg","datePublished":"2014-12-10T11:19:42+00:00","dateModified":"2022-05-17T06:53:50+00:00","description":"Piparkoogid yacon siirupiga","breadcrumb":{"@id":"https:\/\/bio4you.eu\/retseptid\/toode\/gluteenivabad-piparkoogid-jakoon-siirupiga\/#breadcrumb"},"inLanguage":"et","potentialAction":[{"@type":"ReadAction","target":["https:\/\/bio4you.eu\/retseptid\/toode\/gluteenivabad-piparkoogid-jakoon-siirupiga\/"]}]},{"@type":"ImageObject","inLanguage":"et","@id":"https:\/\/bio4you.eu\/retseptid\/toode\/gluteenivabad-piparkoogid-jakoon-siirupiga\/#primaryimage","url":"https:\/\/bio4you.eu\/retseptid\/wp-content\/uploads\/2014\/12\/lydia-matzal-sn1n0LS5FvY-unsplash-scaled.jpg","contentUrl":"https:\/\/bio4you.eu\/retseptid\/wp-content\/uploads\/2014\/12\/lydia-matzal-sn1n0LS5FvY-unsplash-scaled.jpg","width":1748,"height":2560},{"@type":"BreadcrumbList","@id":"https:\/\/bio4you.eu\/retseptid\/toode\/gluteenivabad-piparkoogid-jakoon-siirupiga\/#breadcrumb","itemListElement":[{"@type":"ListItem","position":1,"name":"Home","item":"https:\/\/bio4you.eu\/retseptid\/"},{"@type":"ListItem","position":2,"name":"Piparkoogid yacon siirupiga"}]},{"@type":"WebSite","@id":"https:\/\/bio4you.eu\/retseptid\/#website","url":"https:\/\/bio4you.eu\/retseptid\/","name":"bio4you.eu\/retseptid","description":"\u00d6ko retseptid ise tegemiseks, looduslikest koostisainetest. Maitsev toit, iluhooldus, kodupuhastus ja aiandus.","potentialAction":[{"@type":"SearchAction","target":{"@type":"EntryPoint","urlTemplate":"https:\/\/bio4you.eu\/retseptid\/?s={search_term_string}"},"query-input":"required name=search_term_string"}],"inLanguage":"et"}]}},"_links":{"self":[{"href":"https:\/\/bio4you.eu\/retseptid\/wp-json\/wp\/v2\/product\/2191"}],"collection":[{"href":"https:\/\/bio4you.eu\/retseptid\/wp-json\/wp\/v2\/product"}],"about":[{"href":"https:\/\/bio4you.eu\/retseptid\/wp-json\/wp\/v2\/types\/product"}],"replies":[{"embeddable":true,"href":"https:\/\/bio4you.eu\/retseptid\/wp-json\/wp\/v2\/comments?post=2191"}],"wp:featuredmedia":[{"embeddable":true,"href":"https:\/\/bio4you.eu\/retseptid\/wp-json\/wp\/v2\/media\/3931"}],"wp:attachment":[{"href":"https:\/\/bio4you.eu\/retseptid\/wp-json\/wp\/v2\/media?parent=2191"}],"wp:term":[{"taxonomy":"product_cat","embeddable":true,"href":"https:\/\/bio4you.eu\/retseptid\/wp-json\/wp\/v2\/product_cat?post=2191"},{"taxonomy":"product_tag","embeddable":true,"href":"https:\/\/bio4you.eu\/retseptid\/wp-json\/wp\/v2\/product_tag?post=2191"}],"curies":[{"name":"wp","href":"https:\/\/api.w.org\/{rel}","templated":true}]}}