{"id":2193,"date":"2014-12-10T13:33:48","date_gmt":"2014-12-10T11:33:48","guid":{"rendered":"https:\/\/bio4you.eu\/retseptid\/product\/piparkoogid-kookosjahuga\/"},"modified":"2022-05-12T14:51:21","modified_gmt":"2022-05-12T11:51:21","slug":"gluteenivabad-piparkoogid-meega","status":"publish","type":"product","link":"https:\/\/bio4you.eu\/retseptid\/toode\/gluteenivabad-piparkoogid-meega\/","title":{"rendered":"Gluteenivabad piparkoogid meega"},"content":{"rendered":"<p><span style=\"line-height: 1.5;\">VALMISTAMINE:<br \/>\n<\/span><span style=\"line-height: 1.5;\">Sega omavahel sulatatud v\u00f5i ja mesi. Lisa kuivained ja s\u00f5tku \u00fchtlaseks taignaks.\u00a0Lase k\u00fclmikus jahtuda v\u00e4hemalt tund aega.<br \/>\n<\/span>Soojenda ahi 180 kraadini.\u00a0Aseta jahtunud tainas kahe k\u00fcpsetuspaberi vahele. \u00a0Rulli parajalt paksuks ja eemalda \u00fclemine leht k\u00fcpsetuspaberit. L\u00f5ika k\u00fcpsised v\u00e4lja ja aseta k\u00fcpsetuspaberiga kaetud ahjuplaadile. K\u00fcpseta \u00a08-10 minutit. Enne kaunistamist lase natuke jahtuda.<\/p>\n<p>&nbsp;<\/p>\n","protected":false},"excerpt":{"rendered":"<p>VAJA L\u00c4HEB:<\/p>\n<ul>\n<li>1\/2 klaasi sulatatud v\u00f5id<\/li>\n<li>1\/2 klaasi\u00a0mett<\/li>\n<li>3\/4 klaasi\u00a0<a href=\"https:\/\/bio4you.eu\/et\/otsi?controller=search&amp;order=product.position.desc&amp;s=mandlijahu&amp;utm_source=blogi&amp;utm_medium=bioretsept&amp;utm_campaign=retsept\">mandlijahu<\/a><\/li>\n<li>1\/3\u00a0klaasi <a href=\"https:\/\/bio4you.eu\/et\/otsi?controller=search&amp;order=product.position.desc&amp;s=kookosjahu&amp;utm_source=blogi&amp;utm_medium=bioretsept&amp;utm_campaign=retsept\" target=\"_blank\" rel=\"noopener noreferrer\"><span style=\"color: #99cc00;\">kookosjahu<\/span><\/a><\/li>\n<li>1\/2 tl <a href=\"https:\/\/bio4you.eu\/et\/maitseained-ja-magustajad\/2564-sooda-500g.html?utm_source=blogi&amp;utm_medium=bioretsept&amp;utm_campaign=retsept\">s\u00f6\u00f6gisoodat<\/a><\/li>\n<li>1\/4 tl meresoola<\/li>\n<li>1\/2 spl <a href=\"http:\/\/www.bio4you.eu\/et\/toiduained\/996-ingver-jahvatatud-25g-cosmoveda.html\"><span style=\"color: #99cc00;\"><span style=\"color: #000000;\">ingveripulbrit<\/span><\/span><\/a><\/li>\n<li>1 tl <a href=\"http:\/\/www.bio4you.eu\/et\/toiduained\/995-kaneel-jahvatatud-10g-cosmoveda.html\" target=\"_blank\" rel=\"noopener noreferrer\"><span style=\"color: #99cc00;\">kaneeli<\/span><\/a><\/li>\n<li>1\/4 tl muskaatp\u00e4hklit<\/li>\n<li>soovi korral 1\/2 tl vaniljekaunapulbrit<\/li>\n<\/ul>\n<p>Kaunistuseks:<\/p>\n<ul>\n<li>1 munavalge<\/li>\n<li>1 klaas tuhksuhkrut<\/li>\n<li>5-6 spl <a href=\"https:\/\/bio4you.eu\/et\/kuelmad-joogid\/1219-sidrunimahl-250ml.html?utm_source=blogi&amp;utm_medium=bioretsept&amp;utm_campaign=retsept\">sidrunimahla<\/a><\/li>\n<li>v\u00e4rviliste glasuuride tegemiseks v\u00f5id kasutada mustikamahla, peedimahla v\u00f5i porgandimahla.<\/li>\n<\/ul>\n","protected":false},"featured_media":3927,"comment_status":"open","ping_status":"closed","template":"","meta":{"_exactmetrics_skip_tracking":false,"_exactmetrics_sitenote_active":false,"_exactmetrics_sitenote_note":"","_exactmetrics_sitenote_category":0},"product_cat":[59,60,63,383,280],"product_tag":[150,312,313],"class_list":{"0":"post-2193","1":"product","2":"type-product","3":"status-publish","4":"has-post-thumbnail","6":"product_cat-featured","7":"product_cat-toiduretseptid","8":"product_cat-gluteenivabad-retseptid","9":"product_cat-taimetoit","10":"product_cat-koogid-ja-kupsised","11":"product_tag-gluteenivaba-2","12":"product_tag-gluteenivabad-piparkoogid","13":"product_tag-kookosjahuga-piparkoogid","15":"first","16":"instock","17":"shipping-taxable","18":"product-type-simple"},"yoast_head":"<!-- This site is optimized with the Yoast SEO plugin v23.3 - https:\/\/yoast.com\/wordpress\/plugins\/seo\/ -->\n<title>Gluteenivabad piparkoogid meega - bio4you.eu\/retseptid<\/title>\n<meta name=\"description\" content=\"Gluteenivabad piparkoogid meega\" \/>\n<meta name=\"robots\" content=\"index, follow, max-snippet:-1, max-image-preview:large, max-video-preview:-1\" \/>\n<link rel=\"canonical\" href=\"https:\/\/bio4you.eu\/retseptid\/toode\/gluteenivabad-piparkoogid-meega\/\" \/>\n<meta property=\"og:locale\" content=\"et_EE\" \/>\n<meta property=\"og:type\" content=\"article\" \/>\n<meta property=\"og:title\" content=\"Gluteenivabad piparkoogid meega - bio4you.eu\/retseptid\" \/>\n<meta property=\"og:description\" content=\"Gluteenivabad piparkoogid meega\" \/>\n<meta property=\"og:url\" content=\"https:\/\/bio4you.eu\/retseptid\/toode\/gluteenivabad-piparkoogid-meega\/\" \/>\n<meta property=\"og:site_name\" content=\"bio4you.eu\/retseptid\" \/>\n<meta property=\"article:modified_time\" content=\"2022-05-12T11:51:21+00:00\" \/>\n<meta property=\"og:image\" content=\"https:\/\/bio4you.eu\/retseptid\/wp-content\/uploads\/2014\/12\/casey-chae-3DrCZblTGoQ-unsplash-scaled.jpg\" \/>\n\t<meta property=\"og:image:width\" content=\"2054\" \/>\n\t<meta property=\"og:image:height\" content=\"2560\" \/>\n\t<meta property=\"og:image:type\" content=\"image\/jpeg\" \/>\n<script type=\"application\/ld+json\" class=\"yoast-schema-graph\">{\"@context\":\"https:\/\/schema.org\",\"@graph\":[{\"@type\":\"WebPage\",\"@id\":\"https:\/\/bio4you.eu\/retseptid\/toode\/gluteenivabad-piparkoogid-meega\/\",\"url\":\"https:\/\/bio4you.eu\/retseptid\/toode\/gluteenivabad-piparkoogid-meega\/\",\"name\":\"Gluteenivabad piparkoogid meega - bio4you.eu\/retseptid\",\"isPartOf\":{\"@id\":\"https:\/\/bio4you.eu\/retseptid\/#website\"},\"primaryImageOfPage\":{\"@id\":\"https:\/\/bio4you.eu\/retseptid\/toode\/gluteenivabad-piparkoogid-meega\/#primaryimage\"},\"image\":{\"@id\":\"https:\/\/bio4you.eu\/retseptid\/toode\/gluteenivabad-piparkoogid-meega\/#primaryimage\"},\"thumbnailUrl\":\"https:\/\/bio4you.eu\/retseptid\/wp-content\/uploads\/2014\/12\/casey-chae-3DrCZblTGoQ-unsplash-scaled.jpg\",\"datePublished\":\"2014-12-10T11:33:48+00:00\",\"dateModified\":\"2022-05-12T11:51:21+00:00\",\"description\":\"Gluteenivabad piparkoogid meega\",\"breadcrumb\":{\"@id\":\"https:\/\/bio4you.eu\/retseptid\/toode\/gluteenivabad-piparkoogid-meega\/#breadcrumb\"},\"inLanguage\":\"et\",\"potentialAction\":[{\"@type\":\"ReadAction\",\"target\":[\"https:\/\/bio4you.eu\/retseptid\/toode\/gluteenivabad-piparkoogid-meega\/\"]}]},{\"@type\":\"ImageObject\",\"inLanguage\":\"et\",\"@id\":\"https:\/\/bio4you.eu\/retseptid\/toode\/gluteenivabad-piparkoogid-meega\/#primaryimage\",\"url\":\"https:\/\/bio4you.eu\/retseptid\/wp-content\/uploads\/2014\/12\/casey-chae-3DrCZblTGoQ-unsplash-scaled.jpg\",\"contentUrl\":\"https:\/\/bio4you.eu\/retseptid\/wp-content\/uploads\/2014\/12\/casey-chae-3DrCZblTGoQ-unsplash-scaled.jpg\",\"width\":2054,\"height\":2560},{\"@type\":\"BreadcrumbList\",\"@id\":\"https:\/\/bio4you.eu\/retseptid\/toode\/gluteenivabad-piparkoogid-meega\/#breadcrumb\",\"itemListElement\":[{\"@type\":\"ListItem\",\"position\":1,\"name\":\"Home\",\"item\":\"https:\/\/bio4you.eu\/retseptid\/\"},{\"@type\":\"ListItem\",\"position\":2,\"name\":\"Gluteenivabad piparkoogid meega\"}]},{\"@type\":\"WebSite\",\"@id\":\"https:\/\/bio4you.eu\/retseptid\/#website\",\"url\":\"https:\/\/bio4you.eu\/retseptid\/\",\"name\":\"bio4you.eu\/retseptid\",\"description\":\"\u00d6ko retseptid ise tegemiseks, looduslikest koostisainetest. Maitsev toit, iluhooldus, kodupuhastus ja aiandus.\",\"potentialAction\":[{\"@type\":\"SearchAction\",\"target\":{\"@type\":\"EntryPoint\",\"urlTemplate\":\"https:\/\/bio4you.eu\/retseptid\/?s={search_term_string}\"},\"query-input\":\"required name=search_term_string\"}],\"inLanguage\":\"et\"}]}<\/script>\n<!-- \/ Yoast SEO plugin. -->","yoast_head_json":{"title":"Gluteenivabad piparkoogid meega - bio4you.eu\/retseptid","description":"Gluteenivabad piparkoogid meega","robots":{"index":"index","follow":"follow","max-snippet":"max-snippet:-1","max-image-preview":"max-image-preview:large","max-video-preview":"max-video-preview:-1"},"canonical":"https:\/\/bio4you.eu\/retseptid\/toode\/gluteenivabad-piparkoogid-meega\/","og_locale":"et_EE","og_type":"article","og_title":"Gluteenivabad piparkoogid meega - bio4you.eu\/retseptid","og_description":"Gluteenivabad piparkoogid meega","og_url":"https:\/\/bio4you.eu\/retseptid\/toode\/gluteenivabad-piparkoogid-meega\/","og_site_name":"bio4you.eu\/retseptid","article_modified_time":"2022-05-12T11:51:21+00:00","og_image":[{"width":2054,"height":2560,"url":"https:\/\/bio4you.eu\/retseptid\/wp-content\/uploads\/2014\/12\/casey-chae-3DrCZblTGoQ-unsplash-scaled.jpg","type":"image\/jpeg"}],"schema":{"@context":"https:\/\/schema.org","@graph":[{"@type":"WebPage","@id":"https:\/\/bio4you.eu\/retseptid\/toode\/gluteenivabad-piparkoogid-meega\/","url":"https:\/\/bio4you.eu\/retseptid\/toode\/gluteenivabad-piparkoogid-meega\/","name":"Gluteenivabad piparkoogid meega - bio4you.eu\/retseptid","isPartOf":{"@id":"https:\/\/bio4you.eu\/retseptid\/#website"},"primaryImageOfPage":{"@id":"https:\/\/bio4you.eu\/retseptid\/toode\/gluteenivabad-piparkoogid-meega\/#primaryimage"},"image":{"@id":"https:\/\/bio4you.eu\/retseptid\/toode\/gluteenivabad-piparkoogid-meega\/#primaryimage"},"thumbnailUrl":"https:\/\/bio4you.eu\/retseptid\/wp-content\/uploads\/2014\/12\/casey-chae-3DrCZblTGoQ-unsplash-scaled.jpg","datePublished":"2014-12-10T11:33:48+00:00","dateModified":"2022-05-12T11:51:21+00:00","description":"Gluteenivabad piparkoogid meega","breadcrumb":{"@id":"https:\/\/bio4you.eu\/retseptid\/toode\/gluteenivabad-piparkoogid-meega\/#breadcrumb"},"inLanguage":"et","potentialAction":[{"@type":"ReadAction","target":["https:\/\/bio4you.eu\/retseptid\/toode\/gluteenivabad-piparkoogid-meega\/"]}]},{"@type":"ImageObject","inLanguage":"et","@id":"https:\/\/bio4you.eu\/retseptid\/toode\/gluteenivabad-piparkoogid-meega\/#primaryimage","url":"https:\/\/bio4you.eu\/retseptid\/wp-content\/uploads\/2014\/12\/casey-chae-3DrCZblTGoQ-unsplash-scaled.jpg","contentUrl":"https:\/\/bio4you.eu\/retseptid\/wp-content\/uploads\/2014\/12\/casey-chae-3DrCZblTGoQ-unsplash-scaled.jpg","width":2054,"height":2560},{"@type":"BreadcrumbList","@id":"https:\/\/bio4you.eu\/retseptid\/toode\/gluteenivabad-piparkoogid-meega\/#breadcrumb","itemListElement":[{"@type":"ListItem","position":1,"name":"Home","item":"https:\/\/bio4you.eu\/retseptid\/"},{"@type":"ListItem","position":2,"name":"Gluteenivabad piparkoogid meega"}]},{"@type":"WebSite","@id":"https:\/\/bio4you.eu\/retseptid\/#website","url":"https:\/\/bio4you.eu\/retseptid\/","name":"bio4you.eu\/retseptid","description":"\u00d6ko retseptid ise tegemiseks, looduslikest koostisainetest. Maitsev toit, iluhooldus, kodupuhastus ja aiandus.","potentialAction":[{"@type":"SearchAction","target":{"@type":"EntryPoint","urlTemplate":"https:\/\/bio4you.eu\/retseptid\/?s={search_term_string}"},"query-input":"required name=search_term_string"}],"inLanguage":"et"}]}},"_links":{"self":[{"href":"https:\/\/bio4you.eu\/retseptid\/wp-json\/wp\/v2\/product\/2193"}],"collection":[{"href":"https:\/\/bio4you.eu\/retseptid\/wp-json\/wp\/v2\/product"}],"about":[{"href":"https:\/\/bio4you.eu\/retseptid\/wp-json\/wp\/v2\/types\/product"}],"replies":[{"embeddable":true,"href":"https:\/\/bio4you.eu\/retseptid\/wp-json\/wp\/v2\/comments?post=2193"}],"wp:featuredmedia":[{"embeddable":true,"href":"https:\/\/bio4you.eu\/retseptid\/wp-json\/wp\/v2\/media\/3927"}],"wp:attachment":[{"href":"https:\/\/bio4you.eu\/retseptid\/wp-json\/wp\/v2\/media?parent=2193"}],"wp:term":[{"taxonomy":"product_cat","embeddable":true,"href":"https:\/\/bio4you.eu\/retseptid\/wp-json\/wp\/v2\/product_cat?post=2193"},{"taxonomy":"product_tag","embeddable":true,"href":"https:\/\/bio4you.eu\/retseptid\/wp-json\/wp\/v2\/product_tag?post=2193"}],"curies":[{"name":"wp","href":"https:\/\/api.w.org\/{rel}","templated":true}]}}